{"id":7677,"date":"2025-11-05T10:00:43","date_gmt":"2025-11-05T16:00:43","guid":{"rendered":"https:\/\/marfund.org\/es\/?page_id=7677"},"modified":"2026-02-27T16:27:08","modified_gmt":"2026-02-27T22:27:08","slug":"procaribe","status":"publish","type":"page","link":"https:\/\/marfund.org\/es\/pesca-para-el-futuro\/procaribe\/","title":{"rendered":"PROCARIBE+"},"content":{"rendered":"<div class=\"wpb-content-wrapper\"><p>[vc_row][vc_column][vc_single_image image=\u00bb7053&#8243; img_size=\u00bbfull\u00bb alignment=\u00bbcenter\u00bb][vc_column_text]<\/p>\n<h2 class=\"entry-title\" style=\"text-align: center;\">Apoyando la creaci\u00f3n de Zonas de Recuperaci\u00f3n Pesquera<br \/>\nen el Sistema Arrecifal Mesoamericano\u200b<\/h2>\n<p>[\/vc_column_text][vc_single_image image=\u00bb10203&#8243; img_size=\u00bb800&#215;102&#8243; alignment=\u00bbcenter\u00bb][vc_column_text]MAR Fund, con el apoyo del programa <strong>\u201cProteger y restaurar el capital natural de los oc\u00e9anos, aumentar la resiliencia y apoyar las inversiones en toda la regi\u00f3n para un desarrollo socioecon\u00f3mico azul sostenible\u201d (PROCARIBE+)<\/strong> \u2013 implementado por<strong> UNDP, GEF <\/strong>y <strong>UNOPS<\/strong> \u2013, apoya la creaci\u00f3n y fortalecimiento de Zonas de Recuperaci\u00f3n Pesquera (ZRP) en Belice, Guatemala y Honduras.<\/p>\n<p>El proyecto busca conservar la biodiversidad marina y promover la sostenibilidad de las pesquer\u00edas en el Sistema Arrecifal Mesoamericano (SAM), uno de los ecosistemas m\u00e1s importantes del Caribe.[\/vc_column_text][vc_separator color=\u00bbblue\u00bb][\/vc_column][vc_column][\/vc_column][\/vc_row][vc_row pattern=\u00bb\u00bb bg_position=\u00bbcenter_center\u00bb img_opacity=\u00bb0.5&#8243;][vc_column width=\u00bb1\/2&#8243;][vc_column_text]<\/p>\n<h2><span style=\"color: #000080;\"><strong>Objetivo General<\/strong><\/span><\/h2>\n<p>[\/vc_column_text][vc_empty_space][vc_column_text]<\/p>\n<h2><span style=\"color: #000080;\"><strong>Objetivos Espec\u00edficos<\/strong><\/span><\/h2>\n<p>[\/vc_column_text][\/vc_column][vc_column width=\u00bb1\/2&#8243;][vc_column_text css_animation=\u00bbfadeIn\u00bb]<strong><span style=\"color: #000080;\">Fortalecer la conservaci\u00f3n del SAM y sus recursos asociados mediante el establecimiento y la mejora de ZRP, promoviendo la protecci\u00f3n de \u00e1reas estrat\u00e9gicas para la biodiversidad y la sostenibilidad de las pesquer\u00edas.<\/span><\/strong>[\/vc_column_text][vc_column_text css_animation=\u00bbfadeIn\u00bb]<\/p>\n<ul>\n<li style=\"font-weight: 400;\" aria-level=\"1\"><span style=\"font-weight: 400; color: #000080;\">Establecer nuevas ZRP en \u00e1reas con condiciones habilitantes.<\/span><\/li>\n<li style=\"font-weight: 400;\" aria-level=\"1\"><span style=\"font-weight: 400; color: #000080;\">Ampliar y mejorar la gesti\u00f3n y manejo de las ZRP existentes.<\/span><\/li>\n<li style=\"font-weight: 400;\" aria-level=\"1\"><span style=\"font-weight: 400; color: #000080;\">Fortalecer las capacidades locales a trav\u00e9s del monitoreo participativo y estrategias de manejo adaptativo.<\/span><\/li>\n<li style=\"font-weight: 400;\" aria-level=\"1\"><span style=\"font-weight: 400; color: #000080;\">Proteger \u00e1reas clave para la biodiversidad, como las zonas de agregaci\u00f3n de desove de peces.<\/span><\/li>\n<\/ul>\n<p>[\/vc_column_text][\/vc_column][\/vc_row][vc_row][vc_column][vc_separator color=\u00bbblue\u00bb][vc_row_inner][vc_column_inner width=\u00bb1\/3&#8243;][vc_column_text]<\/p>\n<h2><strong>Resultados Esperados<\/strong><\/h2>\n<p>[\/vc_column_text][vc_column_text]<!-- Cuadro individual con estilo sobrio y moderno --><\/p>\n<div style=\"display: flex; justify-content: center; width: 95%; margin: 40px auto; font-family: Arial, sans-serif;\">\n<div style=\"flex: 1 1 300px; max-width: 500px; padding: 25px 20px; background: #f8f9fa; border-radius: 12px; box-shadow: 0 2px 6px rgba(0,0,0,0.1); text-align: center;\">\n<div style=\"font-size: 17px; color: #333; line-height: 1.5;\">Establecer y manejar aproximadamente 35 km\u00b2 de Zonas de Recuperaci\u00f3n Pesquera (ZRP) en Belice, Guatemala y Honduras, fortaleciendo la sostenibilidad de los recursos marinos en el SAM.<\/div>\n<\/div>\n<\/div>\n<p>[\/vc_column_text][\/vc_column_inner][vc_column_inner width=\u00bb1\/3&#8243;][vc_empty_space][vc_column_text]<!-- Cuadro individual con estilo sobrio y moderno --><\/p>\n<div style=\"display: flex; justify-content: center; width: 95%; margin: 40px auto; font-family: Arial, sans-serif;\">\n<div style=\"flex: 1 1 300px; max-width: 500px; padding: 25px 20px; background: #f8f9fa; border-radius: 12px; box-shadow: 0 2px 6px rgba(0,0,0,0.1); text-align: center;\">\n<div style=\"font-size: 17px; color: #333; line-height: 1.5;\">Intercambiar buenas pr\u00e1cticas y lecciones aprendidas sobre las ZRP del SAM con la Rep\u00fablica Dominicana, fortaleciendo el conocimiento t\u00e9cnico en materia de manejo pesquero a nivel regional.<\/div>\n<\/div>\n<\/div>\n<p>[\/vc_column_text][\/vc_column_inner][vc_column_inner width=\u00bb1\/3&#8243;][vc_empty_space][vc_column_text]<!-- Cuadro individual con estilo sobrio y moderno --><\/p>\n<div style=\"display: flex; justify-content: center; width: 95%; margin: 40px auto; font-family: Arial, sans-serif;\">\n<div style=\"flex: 1 1 300px; max-width: 500px; padding: 25px 20px; background: #f8f9fa; border-radius: 12px; box-shadow: 0 2px 6px rgba(0,0,0,0.1); text-align: center;\">\n<div style=\"font-size: 17px; color: #333; line-height: 1.5;\">Comunicar y difundir la importancia de las ZRP para la restauraci\u00f3n de las pesquer\u00edas en la regi\u00f3n del SAM.<\/div>\n<\/div>\n<\/div>\n<p>[\/vc_column_text][\/vc_column_inner][\/vc_row_inner][vc_column_text]<\/p>\n<h2><strong>Actividades del Proyecto<\/strong><\/h2>\n<p>[\/vc_column_text][vc_row_inner][vc_column_inner width=\u00bb1\/2&#8243;][vc_column_text]<\/p>\n<ul>\n<li>Proporcionar financiamiento a organizaciones de Belice, Guatemala y Honduras para implementar proyectos enfocados en promover el establecimiento, la ampliaci\u00f3n y el manejo de ZRP.<\/li>\n<\/ul>\n<p>[\/vc_column_text][vc_column_text]<\/p>\n<ul>\n<li>Coordinar e implementar un intercambio de experiencias con la Rep\u00fablica Dominicana sobre ZRP.<\/li>\n<\/ul>\n<p>[\/vc_column_text][\/vc_column_inner][vc_column_inner width=\u00bb1\/2&#8243;][vc_column_text]<\/p>\n<ul>\n<li>Organizar e implementar cinco seminarios web en coordinaci\u00f3n con organizaciones locales.<\/li>\n<\/ul>\n<p>[\/vc_column_text][vc_empty_space][vc_column_text]<\/p>\n<ul>\n<li>Elaborar materiales de comunicaci\u00f3n para difundir los avances del proyecto.<\/li>\n<\/ul>\n<p>[\/vc_column_text][\/vc_column_inner][\/vc_row_inner][\/vc_column][\/vc_row][vc_row][vc_column][vc_column_text]<\/p>\n<h2><strong>Proyectos Activos<\/strong><\/h2>\n<p>[\/vc_column_text][vc_raw_html]JTNDJTIxZG9jdHlwZSUyMGh0bWwlM0UlMEElM0NodG1sJTIwbGFuZyUzRCUyMmVzJTIyJTNFJTBBJTNDaGVhZCUzRSUwQSUyMCUyMCUzQ21ldGElMjBjaGFyc2V0JTNEJTIydXRmLTglMjIlMjAlMkYlM0UlMEElMjAlMjAlM0N0aXRsZSUzRU1hcGElMjBkZSUyMHByb3llY3RvcyUyMC0lMjBNQVIlMjBGdW5kJTNDJTJGdGl0bGUlM0UlMEElMjAlMjAlM0NtZXRhJTIwbmFtZSUzRCUyMnZpZXdwb3J0JTIyJTIwY29udGVudCUzRCUyMndpZHRoJTNEZGV2aWNlLXdpZHRoJTJDJTIwaW5pdGlhbC1zY2FsZSUzRDEuMCUyMiUyMCUyRiUzRSUwQSUwQSUyMCUyMCUzQyUyMS0tJTIwTGVhZmxldCUyMC0tJTNFJTBBJTIwJTIwJTNDbGluayUyMHJlbCUzRCUyMnN0eWxlc2hlZXQlMjIlMjBocmVmJTNEJTIyaHR0cHMlM0ElMkYlMkZ1bnBrZy5jb20lMkZsZWFmbGV0JTQwMS45LjQlMkZkaXN0JTJGbGVhZmxldC5jc3MlMjIlMjAlMkYlM0UlMEElMjAlMjAlM0NzdHlsZSUzRSUwQSUyMCUyMCUyMCUyMGJvZHklMjAlN0IlMjBtYXJnaW4lM0EwJTNCJTIwcGFkZGluZyUzQTAlM0IlMjBmb250LWZhbWlseSUzQSUyMEFyaWFsJTJDJTIwc2Fucy1zZXJpZiUzQiUyMCU3RCUwQSUyMCUyMCUyMCUyMCUyM21hcCUyMCU3QiUyMGhlaWdodCUzQSUyMDUwMHB4JTNCJTIwd2lkdGglM0ElMjAxMDAlMjUlM0IlMjAlN0QlMEElMjAlMjAlMjAlMjAucG9wdXAtdGl0bGUlMjAlN0IlMjBmb250LXdlaWdodCUzQTcwMCUzQiUyMGRpc3BsYXklM0FibG9jayUzQiUyMG1hcmdpbi1ib3R0b20lM0E2cHglM0IlMjAlN0QlMEElMjAlMjAlMjAlMjAucG9wdXAtZmllbGQlMjAlN0IlMjBkaXNwbGF5JTNBYmxvY2slM0IlMjBtYXJnaW4lM0EycHglMjAwJTNCJTIwJTdEJTBBJTIwJTIwJTNDJTJGc3R5bGUlM0UlMEElM0MlMkZoZWFkJTNFJTBBJTNDYm9keSUzRSUwQSUwQSUzQ2RpdiUyMGlkJTNEJTIybWFwJTIyJTNFJTNDJTJGZGl2JTNFJTBBJTBBJTNDc2NyaXB0JTIwc3JjJTNEJTIyaHR0cHMlM0ElMkYlMkZ1bnBrZy5jb20lMkZsZWFmbGV0JTQwMS45LjQlMkZkaXN0JTJGbGVhZmxldC5qcyUyMiUzRSUzQyUyRnNjcmlwdCUzRSUwQSUzQ3NjcmlwdCUzRSUwQWRvY3VtZW50LmFkZEV2ZW50TGlzdGVuZXIlMjglMjJET01Db250ZW50TG9hZGVkJTIyJTJDJTIwZnVuY3Rpb24lMjAlMjglMjklMjAlN0IlMEElMjAlMjB2YXIlMjBtYXAlMjAlM0QlMjBMLm1hcCUyOCUyN21hcCUyNyUyQyUyMCU3QiUwQSUyMCUyMCUyMCUyMGNlbnRlciUzQSUyMCU1QjE2LjMlMkMlMjAtODcuMiU1RCUyQyUwQSUyMCUyMCUyMCUyMHpvb20lM0ElMjA3JTJDJTBBJTIwJTIwJTIwJTIwc2Nyb2xsV2hlZWxab29tJTNBJTIwZmFsc2UlMkMlMEElMjAlMjAlMjAlMjBkcmFnZ2luZyUzQSUyMHRydWUlMkMlMEElMjAlMjAlMjAlMjBkb3VibGVDbGlja1pvb20lM0ElMjB0cnVlJTJDJTBBJTIwJTIwJTIwJTIwYm94Wm9vbSUzQSUyMHRydWUlMkMlMEElMjAlMjAlMjAlMjBrZXlib2FyZCUzQSUyMGZhbHNlJTBBJTIwJTIwJTdEJTI5JTNCJTBBJTBBJTIwJTIwTC50aWxlTGF5ZXIlMjglMjdodHRwcyUzQSUyRiUyRiU3QnMlN0QudGlsZS5vcGVuc3RyZWV0bWFwLm9yZyUyRiU3QnolN0QlMkYlN0J4JTdEJTJGJTdCeSU3RC5wbmclMjclMkMlMjAlN0IlMEElMjAlMjAlMjAlMjBhdHRyaWJ1dGlvbiUzQSUyMCUyNyUyNmNvcHklM0IlMjBPcGVuU3RyZWV0TWFwJTIwY29udHJpYnV0b3JzJTI3JTBBJTIwJTIwJTdEJTI5LmFkZFRvJTI4bWFwJTI5JTNCJTBBJTBBJTIwJTIwdmFyJTIwSUNPTlMlMjAlM0QlMjAlN0IlMEElMjAlMjAlMjAlMjBiZWxpemUlM0ElMjAlMjAlMjdodHRwcyUzQSUyRiUyRnJhdy5naXRodWJ1c2VyY29udGVudC5jb20lMkZwb2ludGhpJTJGbGVhZmxldC1jb2xvci1tYXJrZXJzJTJGbWFzdGVyJTJGaW1nJTJGbWFya2VyLWljb24tYmx1ZS5wbmclMjclMkMlMEElMjAlMjAlMjAlMjBndWF0ZW1hbGElM0ElMjdodHRwcyUzQSUyRiUyRnJhdy5naXRodWJ1c2VyY29udGVudC5jb20lMkZwb2ludGhpJTJGbGVhZmxldC1jb2xvci1tYXJrZXJzJTJGbWFzdGVyJTJGaW1nJTJGbWFya2VyLWljb24tZ3JlZW4ucG5nJTI3JTJDJTBBJTIwJTIwJTIwJTIwaG9uZHVyYXMlM0ElMjdodHRwcyUzQSUyRiUyRnJhdy5naXRodWJ1c2VyY29udGVudC5jb20lMkZwb2ludGhpJTJGbGVhZmxldC1jb2xvci1tYXJrZXJzJTJGbWFzdGVyJTJGaW1nJTJGbWFya2VyLWljb24tb3JhbmdlLnBuZyUyNyUyQyUwQSUyMCUyMCUyMCUyMHNoYWRvdyUzQSUyN2h0dHBzJTNBJTJGJTJGcmF3LmdpdGh1YnVzZXJjb250ZW50LmNvbSUyRnBvaW50aGklMkZsZWFmbGV0LWNvbG9yLW1hcmtlcnMlMkZtYXN0ZXIlMkZpbWclMkZtYXJrZXItc2hhZG93LnBuZyUyNyUwQSUyMCUyMCU3RCUzQiUwQSUwQSUyMCUyMGZ1bmN0aW9uJTIwZ2V0SWNvbiUyOHBhaXMlMjklMjAlN0IlMEElMjAlMjAlMjAlMjByZXR1cm4lMjBMLmljb24lMjglN0IlMEElMjAlMjAlMjAlMjAlMjAlMjBpY29uVXJsJTNBJTIwSUNPTlMlNUJwYWlzJTVEJTJDJTBBJTIwJTIwJTIwJTIwJTIwJTIwc2hhZG93VXJsJTNBJTIwSUNPTlMuc2hhZG93JTJDJTBBJTIwJTIwJTIwJTIwJTIwJTIwaWNvblNpemUlM0ElMjAlNUIzMCUyQyUyMDQ5JTVEJTJDJTBBJTIwJTIwJTIwJTIwJTIwJTIwaWNvbkFuY2hvciUzQSUyMCU1QjE1JTJDJTIwNDklNUQlMkMlMEElMjAlMjAlMjAlMjAlMjAlMjBwb3B1cEFuY2hvciUzQSUyMCU1QjAlMkMlMjAtNTUlNUQlMkMlMEElMjAlMjAlMjAlMjAlMjAlMjBzaGFkb3dTaXplJTNBJTIwJTVCNDElMkMlMjA0MSU1RCUwQSUyMCUyMCUyMCUyMCU3RCUyOSUzQiUwQSUyMCUyMCU3RCUwQSUwQSUyMCUyMHZhciUyMHByb3llY3RvcyUyMCUzRCUyMCU1QiUwQSUyMCUyMCUyMCUyMCU3QiUwQSUyMCUyMCUyMCUyMCUyMCUyMHBhaXMlM0ElMjAlMjJCZWxpemUlMjIlMkMlMEElMjAlMjAlMjAlMjAlMjAlMjBpbXBsZW1lbnRhZG8lM0ElMjAlMjJUb2xlZG8lMjBJbnN0aXR1dGUlMjBmb3IlMjBEZXZlbG9wbWVudCUyMGFuZCUyMEVudmlyb25tZW50JTIwLSUyMFRJREUlMjIlMkMlMEElMjAlMjAlMjAlMjAlMjAlMjBub21icmUlM0ElMjAlMjJGb3J0YWxlY2ltaWVudG8lMjBkZSUyMGxhJTIwdmlzaWJpbGlkYWQlMjB5JTIwY3VtcGxpbWllbnRvJTIwZGUlMjByZWd1bGFjaW9uZXMlMjBlbiUyMFpSUHMlMjBkZSUyMGxhJTIwUmVzZXJ2YSUyME1hcmluYSUyMFNhcG9kaWxsYSUyMENheWUlMjIlMkMlMEElMjAlMjAlMjAlMjAlMjAlMjBsYXQlM0ElMjAxNi4xMiUyQyUyMGxuZyUzQSUyMC04OC4yOCUyQyUwQSUyMCUyMCUyMCUyMCUyMCUyMGNvbG9yJTNBJTIwJTIyYmVsaXplJTIyJTJDJTBBJTIwJTIwJTIwJTIwJTIwJTIwYW5jaG9yJTNBJTIwJTIyJTIzVGlkZSUyMiUwQSUyMCUyMCUyMCUyMCU3RCUyQyUwQSUyMCUyMCUyMCUyMCU3QiUwQSUyMCUyMCUyMCUyMCUyMCUyMHBhaXMlM0ElMjAlMjJHdWF0ZW1hbGElMjIlMkMlMEElMjAlMjAlMjAlMjAlMjAlMjBpbXBsZW1lbnRhZG8lM0ElMjAlMjJGdW5kYWNpJUMzJUIzbiUyMHBhcmElMjBlbCUyMEVjb2Rlc2Fycm9sbG8lMjB5JTIwbGElMjBDb25zZXJ2YWNpJUMzJUIzbiUyMCVFMiU4MCU5MyUyMEZVTkRBRUNPJTIyJTJDJTBBJTIwJTIwJTIwJTIwJTIwJTIwbm9tYnJlJTNBJTIwJTIyUmVkJTIwZGUlMjB6b25hcyUyMGRlJTIwcmVjdXBlcmFjaSVDMyVCM24lMjBwZXNxdWVyYSUyMGNvbW8lMjB1bmElMjBoZXJyYW1pZW50YSUyMGRlJTIwbWFuZWpvJTIweSUyMGNvbnNlcnZhY2klQzMlQjNuJTIwZW4lMjBlbCUyMCVDMyVBMXJlYSUyMHByb3RlZ2lkYSUyMFJlc2VydmElMjBQcm90ZWN0b3JhJTIwZGUlMjBNYW5hbnRpYWxlcyUyMENlcnJvJTIwU2FuJTIwR2lsJTIyJTJDJTBBJTIwJTIwJTIwJTIwJTIwJTIwbGF0JTNBJTIwMTUuOCUyQyUyMGxuZyUzQSUyMC04OC43JTJDJTBBJTIwJTIwJTIwJTIwJTIwJTIwY29sb3IlM0ElMjAlMjJndWF0ZW1hbGElMjIlMkMlMEElMjAlMjAlMjAlMjAlMjAlMjBhbmNob3IlM0ElMjAlMjIlMjNmdW5kYWVjbyUyMiUwQSUyMCUyMCUyMCUyMCU3RCUyQyUwQSUyMCUyMCUyMCUyMCU3QiUwQSUyMCUyMCUyMCUyMCUyMCUyMHBhaXMlM0ElMjAlMjJIb25kdXJhcyUyMiUyQyUwQSUyMCUyMCUyMCUyMCUyMCUyMGltcGxlbWVudGFkbyUzQSUyMCUyMkJheSUyMElzbGFuZHMlMjBDb25zZXJ2YXRpb24lMjBBc3NvY2lhdGlvbiUyMCVFMiU4MCU5MyUyMEJJQ0ElMjIlMkMlMEElMjAlMjAlMjAlMjAlMjAlMjBub21icmUlM0ElMjAlMjJHb2Jlcm5hbnphJTIweSUyMGN1bXBsaW1pZW50byUyMGVuJTIwbGFzJTIwem9uYXMlMjBkZSUyMHJlY3VwZXJhY2klQzMlQjNuJTIwcGVzcXVlcmElMjBkZSUyMEd1YW5hamElMjIlMkMlMEElMjAlMjAlMjAlMjAlMjAlMjBsYXQlM0ElMjAxNi40NSUyQyUyMGxuZyUzQSUyMC04NS44NSUyQyUwQSUyMCUyMCUyMCUyMCUyMCUyMGNvbG9yJTNBJTIwJTIyaG9uZHVyYXMlMjIlMkMlMEElMjAlMjAlMjAlMjAlMjAlMjBhbmNob3IlM0ElMjAlMjIlMjNiaWNhJTIyJTBBJTIwJTIwJTIwJTIwJTdEJTJDJTBBJTIwJTIwJTIwJTIwJTdCJTBBJTIwJTIwJTIwJTIwJTIwJTIwcGFpcyUzQSUyMCUyMkhvbmR1cmFzJTIyJTJDJTBBJTIwJTIwJTIwJTIwJTIwJTIwaW1wbGVtZW50YWRvJTNBJTIwJTIyRnVuZGFjaSVDMyVCM24lMjBDdWVybyUyMHklMjBTYWxhZG8lMjAlRTIlODAlOTMlMjBGVUNTQSUyMiUyQyUwQSUyMCUyMCUyMCUyMCUyMCUyMG5vbWJyZSUzQSUyMCUyMkJhc2VzJTIwdCVDMyVBOWNuaWNhcyUyMHklMjBjb211bml0YXJpYXMlMjBwYXJhJTIwZWwlMjBlc3RhYmxlY2ltaWVudG8lMjBkZSUyMHpvbmFzJTIwZGUlMjByZWN1cGVyYWNpJUMzJUIzbiUyMHBlc3F1ZXJhJTIwZW4lMjBlbCUyMFJlZnVnaW8lMjBkZSUyMFZpZGElMjBTaWx2ZXN0cmUlMjBCYXJyYXMlMjBkZSUyMEN1ZXJvJTIweSUyMFNhbGFkbyUyMiUyQyUwQSUyMCUyMCUyMCUyMCUyMCUyMGxhdCUzQSUyMDE1Ljg1JTJDJTIwbG5nJTNBJTIwLTg3LjA1JTJDJTBBJTIwJTIwJTIwJTIwJTIwJTIwY29sb3IlM0ElMjAlMjJob25kdXJhcyUyMiUyQyUwQSUyMCUyMCUyMCUyMCUyMCUyMGFuY2hvciUzQSUyMCUyMiUyM2Z1Y3NhJTIyJTBBJTIwJTIwJTIwJTIwJTdEJTJDJTBBJTIwJTIwJTVEJTNCJTBBJTBBJTIwJTIwcHJveWVjdG9zLmZvckVhY2glMjhwJTIwJTNEJTNFJTIwJTdCJTBBJTIwJTIwJTIwJTIwY29uc3QlMjBwb3B1cEhUTUwlMjAlM0QlMjAlNjAlMEElMjAlMjAlMjAlMjAlMjAlMjAlM0NzcGFuJTIwY2xhc3MlM0QlMjJwb3B1cC10aXRsZSUyMiUzRSUyNCU3QnAubm9tYnJlJTdEJTNDJTJGc3BhbiUzRSUwQSUyMCUyMCUyMCUyMCUyMCUyMCUzQ3NwYW4lMjBjbGFzcyUzRCUyMnBvcHVwLWZpZWxkJTIyJTNFJTNDc3Ryb25nJTNFUGElQzMlQURzJTNBJTNDJTJGc3Ryb25nJTNFJTIwJTI0JTdCcC5wYWlzJTdEJTNDJTJGc3BhbiUzRSUwQSUyMCUyMCUyMCUyMCUyMCUyMCUzQ3NwYW4lMjBjbGFzcyUzRCUyMnBvcHVwLWZpZWxkJTIyJTNFJTNDc3Ryb25nJTNFSW1wbGVtZW50YWRvJTIwcG9yJTNBJTNDJTJGc3Ryb25nJTNFJTIwJTI0JTdCcC5pbXBsZW1lbnRhZG8lN0QlM0MlMkZzcGFuJTNFJTBBJTIwJTIwJTIwJTIwJTIwJTIwJTNDZGl2JTIwc3R5bGUlM0QlMjJtYXJnaW4tdG9wJTNBOHB4JTNCJTIyJTNFJTBBJTIwJTIwJTIwJTIwJTIwJTIwJTIwJTIwJTNDYSUyMGhyZWYlM0QlMjIlMjQlN0JwLmFuY2hvciU3RCUyMiUyMHN0eWxlJTNEJTIyY29sb3IlM0ElMjMwMDc3YjYlM0J0ZXh0LWRlY29yYXRpb24lM0Fub25lJTNCJTIyJTNFJUYwJTlGJTkzJThCJTIwRGV0YWxsZXMlMjB5JTIwQXZhbmNlcyUzQyUyRmElM0UlMjAlN0MlMjAlMEElMjAlMjAlMjAlMjAlMjAlMjAlMjAlMjAlRjAlOUYlOTMlOEQlMjBNYXBhJTNDJTJGYSUzRSUwQSUyMCUyMCUyMCUyMCUyMCUyMCUzQyUyRmRpdiUzRSUwQSUyMCUyMCUyMCUyMCU2MCUzQiUwQSUyMCUyMCUyMCUyMEwubWFya2VyJTI4JTVCcC5sYXQlMkMlMjBwLmxuZyU1RCUyQyUyMCU3QiUyMGljb24lM0ElMjBnZXRJY29uJTI4cC5jb2xvciUyOSUyMCU3RCUyOSUwQSUyMCUyMCUyMCUyMCUyMCUyMC5iaW5kUG9wdXAlMjhwb3B1cEhUTUwlMjklMEElMjAlMjAlMjAlMjAlMjAlMjAuYWRkVG8lMjhtYXAlMjklM0IlMEElMjAlMjAlN0QlMjklM0IlMEElN0QlMjklM0IlMEElM0MlMkZzY3JpcHQlM0UlMEElMEElM0MlMkZib2R5JTNFJTBBJTNDJTJGaHRtbCUzRQ==[\/vc_raw_html][vc_row_inner][vc_column_inner][vc_column_text]<\/p>\n<h2><span style=\"color: #000080;\"><strong>Detalles y avances de los proyectos:<\/strong><\/span><\/h2>\n<p>[\/vc_column_text][\/vc_column_inner][\/vc_row_inner][\/vc_column][\/vc_row][vc_row][vc_column width=\u00bb1\/2&#8243;][vc_tta_accordion color=\u00bbgreen\u00bb active_section=\u00bb0&#8243; collapsible_all=\u00bbtrue\u00bb][vc_tta_section title=\u00bbFundaci\u00f3n para el Ecodesarrollo y la Conservaci\u00f3n \u2013 FUNDAECO\u00bb tab_id=\u00bbfundaeco\u00bb][vc_column_text]<strong>Proyecto:<br \/>\nRed de zonas de recuperaci\u00f3n pesquera como una herramienta de manejo y conservaci\u00f3n en el \u00e1rea protegida Reserva Protectora de Manantiales Cerro San Gil<br \/>\n<\/strong><br \/>\n<strong>Objetivo:<\/strong><br \/>\nPara el a\u00f1o 2026 las zonas de recuperaci\u00f3n pesquera establecidas en la zona costero marina del \u00e1rea protegida de Cerro San Gil contribuyen al ordenamiento pesquero del Caribe de Guatemala.[\/vc_column_text][vc_separator][vc_column_text]<strong>AVANCES:\u00a0<\/strong><\/p>\n<p><span style=\"font-size: 8pt;\"><em>(Pr\u00f3ximamente)<\/em><\/span>[\/vc_column_text][\/vc_tta_section][\/vc_tta_accordion][\/vc_column][vc_column width=\u00bb1\/2&#8243;][vc_tta_accordion color=\u00bbblue\u00bb active_section=\u00bb0&#8243; collapsible_all=\u00bbtrue\u00bb][vc_tta_section title=\u00bbToledo Institute for Development and Environment &#8211; TIDE\u00bb tab_id=\u00bbTide\u00bb][vc_column_text]<strong>Proyecto:<br \/>\nInstalar se\u00f1alizaci\u00f3n en la Reserva Marina Sapodilla Caye (SCMR), fortaleciendo la visibilidad de las regulaciones que reforzar\u00e1n la efectividad de las zonas de recuperaci\u00f3n pesquera dentro de la reserva.<\/strong><\/p>\n<p><strong>Objetivo:<\/strong><br \/>\nIncrementar la concienciaci\u00f3n de la poblaci\u00f3n local y de los turistas sobre la importancia de cumplir con las regulaciones de la Reserva Marina Sapodilla Caye (SCMR) mediante la instalaci\u00f3n de se\u00f1alizaci\u00f3n.[\/vc_column_text][vc_separator][vc_column_text]<strong>AVANCES:\u00a0<\/strong><\/p>\n<p><span style=\"font-size: 8pt;\"><em>(Pr\u00f3ximamente)<\/em><\/span>[\/vc_column_text][\/vc_tta_section][\/vc_tta_accordion][\/vc_column][\/vc_row][vc_row][vc_column width=\u00bb1\/2&#8243;][vc_tta_accordion color=\u00bborange\u00bb active_section=\u00bb0&#8243; collapsible_all=\u00bbtrue\u00bb][vc_tta_section title=\u00bbFundaci\u00f3n Cuero y Salado \u2013 FUCSA\u00bb tab_id=\u00bbfucsa\u00bb][vc_column_text]<strong>Proyecto:<br \/>\nBases T\u00e9cnicas y Comunitarias para el Establecimiento de Zonas de Recuperaci\u00f3n Pesquera en el Refugio de Vida Silvestre Barras de Cuero y Salado<br \/>\n<\/strong><br \/>\n<strong>Objetivo:<\/strong><br \/>\nReforzar las capacidades de los pescadores organizados de Cuero y Salado y lograr la definici\u00f3n de un marco normativo para la implementaci\u00f3n de una zona de recuperaci\u00f3n pesquera dentro del RVSBCS.[\/vc_column_text][vc_separator][vc_column_text]<strong>AVANCES:\u00a0<\/strong><\/p>\n<p><span style=\"font-size: 8pt;\"><em>(Pr\u00f3ximamente)<\/em><\/span>[\/vc_column_text][\/vc_tta_section][\/vc_tta_accordion][\/vc_column][vc_column width=\u00bb1\/2&#8243;][vc_tta_accordion color=\u00bborange\u00bb active_section=\u00bb0&#8243; collapsible_all=\u00bbtrue\u00bb][vc_tta_section title=\u00bbBay Islands Conservation Association \u2013 BICA\u00bb tab_id=\u00bbbica\u00bb][vc_column_text]<strong>Proyecto:<br \/>\nGobernanza y Cumplimiento en las Zonas de Recuperaci\u00f3n Pesquera (ZRP) de Guanaja<br \/>\n<\/strong><br \/>\n<strong>Objetivo:<\/strong><br \/>\nFortalecer la gobernanza y el cumplimiento en las Zonas de Recuperaci\u00f3n Pesquera (ZRP) de Guanaja a trav\u00e9s de talleres de capacitaci\u00f3n y la implementaci\u00f3n de patrullajes.[\/vc_column_text][vc_separator][vc_column_text]<strong>AVANCES:\u00a0<\/strong><\/p>\n<p><span style=\"font-size: 8pt;\"><em>(Pr\u00f3ximamente)<\/em><\/span>[\/vc_column_text][\/vc_tta_section][\/vc_tta_accordion][\/vc_column][\/vc_row][vc_row][vc_column width=\u00bb2\/3&#8243;][\/vc_column][vc_column width=\u00bb1\/3&#8243;][vc_btn title=\u00bbVISITA EL SITIO OFICIAL DE PROCARIBE+\u00bb color=\u00bbpurple\u00bb link=\u00bburl:https%3A%2F%2Fprocaribeplus.org%2F|target:_blank\u00bb][\/vc_column][\/vc_row]<\/p>\n<\/div>","protected":false},"excerpt":{"rendered":"<p>[vc_row][vc_column][vc_single_image image=\u00bb7053&#8243; img_size=\u00bbfull\u00bb alignment=\u00bbcenter\u00bb][vc_column_text] Apoyando la creaci\u00f3n de Zonas de Recuperaci\u00f3n Pesquera en el Sistema Arrecifal Mesoamericano\u200b [\/vc_column_text][vc_single_image image=\u00bb10203&#8243; img_size=\u00bb800&#215;102&#8243; alignment=\u00bbcenter\u00bb][vc_column_text]MAR Fund, con el apoyo del programa \u201cProteger y restaurar el capital natural de los oc\u00e9anos, aumentar la resiliencia y apoyar las inversiones en toda la regi\u00f3n para un desarrollo socioecon\u00f3mico azul sostenible\u201d (PROCARIBE+) \u2013 [&hellip;]<\/p>\n","protected":false},"author":1,"featured_media":0,"parent":3766,"menu_order":1,"comment_status":"closed","ping_status":"closed","template":"template_events_fullwidth.php","meta":[],"_links":{"self":[{"href":"https:\/\/marfund.org\/es\/wp-json\/wp\/v2\/pages\/7677"}],"collection":[{"href":"https:\/\/marfund.org\/es\/wp-json\/wp\/v2\/pages"}],"about":[{"href":"https:\/\/marfund.org\/es\/wp-json\/wp\/v2\/types\/page"}],"author":[{"embeddable":true,"href":"https:\/\/marfund.org\/es\/wp-json\/wp\/v2\/users\/1"}],"replies":[{"embeddable":true,"href":"https:\/\/marfund.org\/es\/wp-json\/wp\/v2\/comments?post=7677"}],"version-history":[{"count":36,"href":"https:\/\/marfund.org\/es\/wp-json\/wp\/v2\/pages\/7677\/revisions"}],"predecessor-version":[{"id":10204,"href":"https:\/\/marfund.org\/es\/wp-json\/wp\/v2\/pages\/7677\/revisions\/10204"}],"up":[{"embeddable":true,"href":"https:\/\/marfund.org\/es\/wp-json\/wp\/v2\/pages\/3766"}],"wp:attachment":[{"href":"https:\/\/marfund.org\/es\/wp-json\/wp\/v2\/media?parent=7677"}],"curies":[{"name":"wp","href":"https:\/\/api.w.org\/{rel}","templated":true}]}}