{"id":6652,"date":"2025-01-13T13:37:08","date_gmt":"2025-01-13T19:37:08","guid":{"rendered":"https:\/\/marfund.org\/es\/?page_id=6652"},"modified":"2025-03-06T16:19:40","modified_gmt":"2025-03-06T22:19:40","slug":"eventos-mar-fund-2022","status":"publish","type":"page","link":"https:\/\/marfund.org\/es\/eventos-mar-fund-2022\/","title":{"rendered":"Webinars 2022"},"content":{"rendered":"<div class=\"wpb-content-wrapper\"><p>[vc_row][vc_column][vc_single_image image=\u00bb4998&#8243; img_size=\u00bbfull\u00bb alignment=\u00bbcenter\u00bb][vc_empty_space][vc_separator][vc_empty_space height=\u00bb12px\u00bb][\/vc_column][\/vc_row][vc_row][vc_column][vc_column_text]<span style=\"font-size: 16pt; color: #666699;\">Las opiniones expresadas en los seminarios web son responsabilidad exclusiva del(los) ponente(s) y no representan necesariamente la opini\u00f3n o posici\u00f3n de MAR Fund.<\/span>[\/vc_column_text][vc_empty_space][vc_separator border_width=\u00bb5&#8243;][vc_empty_space][\/vc_column][\/vc_row][vc_row][vc_column][vc_empty_space][vc_empty_space][vc_custom_heading text=\u00bbDiciembre 2022&#8243; font_container=\u00bbtag:h1|font_size:35|text_align:left|color:%2346c4dd\u00bb google_fonts=\u00bbfont_family:Roboto%20Slab%3A100%2C300%2Cregular%2C700|font_style:400%20regular%3A400%3Anormal\u00bb css_animation=\u00bbbounceIn\u00bb][vc_separator][\/vc_column][\/vc_row][vc_row][vc_column][vc_empty_space][vc_column_text]<\/p>\n<h2 style=\"text-align: left;\">Salvaguardando la poblaci\u00f3n de manat\u00edes de Belice mediante la investigaci\u00f3n y la educaci\u00f3n<\/h2>\n<p>[\/vc_column_text][vc_empty_space][\/vc_column][\/vc_row][vc_row][vc_column width=\u00bb1\/3&#8243;][vc_column_text][\/vc_column_text][vc_single_image image=\u00bb4987&#8243; img_size=\u00bbfull\u00bb alignment=\u00bbcenter\u00bb][\/vc_column][vc_column width=\u00bb2\/3&#8243;][vc_empty_space][vc_column_text]<\/p>\n<h2><strong>Materiales<\/strong><\/h2>\n<p>[\/vc_column_text][vc_tta_accordion color=\u00bbjuicy-pink\u00bb active_section=\u00bb99&#8243; collapsible_all=\u00bbtrue\u00bb][vc_tta_section i_type=\u00bbentypo\u00bb i_icon_entypo=\u00bbentypo-icon entypo-icon-video\u00bb add_icon=\u00bbtrue\u00bb title=\u00bbGrabaci\u00f3n\u00bb tab_id=\u00bbGrabacionEspanol\u00bb][vc_video link=\u00bbhttps:\/\/youtu.be\/x4I1jZkyRKY\u00bb align=\u00bbright\u00bb][\/vc_tta_section][vc_tta_section i_icon_fontawesome=\u00bbfar fa-file-pdf\u00bb add_icon=\u00bbtrue\u00bb title=\u00bbPresentaci\u00f3n\u00bb tab_id=\u00bbAcu\u00edfero\u00bb][vc_column_text]<\/p>\n<p style=\"padding-left: 40px;\"><a href=\"https:\/\/marfund.org\/en\/wp-content\/uploads\/2022\/12\/Belize-Manatee-Research-Comprehensive-Analysis-Final-Presentation.pdf\" target=\"_blank\" rel=\"noopener noreferrer\"><img loading=\"lazy\" class=\"alignright wp-image-429 size-full\" src=\"https:\/\/marfund.org\/es\/wp-content\/uploads\/2021\/03\/pdf-download-file.png\" alt=\"\" width=\"24\" height=\"24\" \/><\/a>Efforts to Safeguard the Antillean Manatee<\/p>\n<p>[\/vc_column_text][\/vc_tta_section][\/vc_tta_accordion][\/vc_column][\/vc_row][vc_row][vc_column][vc_empty_space][vc_empty_space][vc_custom_heading text=\u00bbNoviembre 2022&#8243; font_container=\u00bbtag:h1|font_size:35|text_align:left|color:%2346c4dd\u00bb google_fonts=\u00bbfont_family:Roboto%20Slab%3A100%2C300%2Cregular%2C700|font_style:400%20regular%3A400%3Anormal\u00bb css_animation=\u00bbbounceIn\u00bb][vc_separator][\/vc_column][\/vc_row][vc_row][vc_column][vc_empty_space][vc_column_text]<\/p>\n<h2 style=\"text-align: left;\">Evaluaci\u00f3n de la bioacumulaci\u00f3n de agroplaguicidas en las especies marinas de Belice: Implicaci\u00f3n para el SAM<\/h2>\n<p>[\/vc_column_text][vc_empty_space][\/vc_column][\/vc_row][vc_row][vc_column width=\u00bb1\/3&#8243;][vc_column_text][\/vc_column_text][vc_single_image image=\u00bb4934&#8243; img_size=\u00bbfull\u00bb alignment=\u00bbcenter\u00bb][\/vc_column][vc_column width=\u00bb2\/3&#8243;][vc_empty_space][vc_column_text]<\/p>\n<h2><strong>Materiales<\/strong><\/h2>\n<p>[\/vc_column_text][vc_tta_accordion color=\u00bbjuicy-pink\u00bb active_section=\u00bb99&#8243; collapsible_all=\u00bbtrue\u00bb][vc_tta_section i_type=\u00bbentypo\u00bb i_icon_entypo=\u00bbentypo-icon entypo-icon-video\u00bb add_icon=\u00bbtrue\u00bb title=\u00bbGrabaci\u00f3n\u00bb tab_id=\u00bb1670881544094-a211b6e7-2338&#8243;][vc_video link=\u00bbhttps:\/\/youtu.be\/NQ1bH0nIMw8&#8243; align=\u00bbright\u00bb][\/vc_tta_section][vc_tta_section i_icon_fontawesome=\u00bbfar fa-file-pdf\u00bb add_icon=\u00bbtrue\u00bb title=\u00bbPresentaci\u00f3n\u00bb tab_id=\u00bb1670881544336-0789d8d4-781a\u00bb][vc_column_text]<\/p>\n<p style=\"padding-left: 40px;\"><a href=\"https:\/\/marfund.org\/es\/wp-content\/uploads\/2022\/11\/PPT_WWF-Bioaccumulation-Study-in-marine-ecosystems-and-Nutrient-loads-in-surface-river-waters.pdf\" target=\"_blank\" rel=\"noopener noreferrer\"><img loading=\"lazy\" class=\"alignright wp-image-429 size-full\" src=\"https:\/\/marfund.org\/es\/wp-content\/uploads\/2021\/03\/pdf-download-file.png\" alt=\"\" width=\"24\" height=\"24\" \/><\/a>Monitoring of Agrochemicals within the Mesoamerican Reef (MAR)<\/p>\n<p>[\/vc_column_text][\/vc_tta_section][\/vc_tta_accordion][\/vc_column][\/vc_row][vc_row][vc_column][vc_empty_space][vc_empty_space][vc_custom_heading text=\u00bbOctubre 2022&#8243; font_container=\u00bbtag:h1|font_size:35|text_align:left|color:%2346c4dd\u00bb google_fonts=\u00bbfont_family:Roboto%20Slab%3A100%2C300%2Cregular%2C700|font_style:400%20regular%3A400%3Anormal\u00bb css_animation=\u00bbbounceIn\u00bb][vc_separator][\/vc_column][\/vc_row][vc_row][vc_column][vc_empty_space][vc_column_text]<\/p>\n<h2 style=\"text-align: left;\">Campa\u00f1a de educaci\u00f3n ambiental: \u00abEl acu\u00edfero que nos une, de la cuenca al arrecife, una visi\u00f3n ecosist\u00e9mica\u00bb<\/h2>\n<p>[\/vc_column_text][vc_empty_space][\/vc_column][\/vc_row][vc_row][vc_column width=\u00bb1\/3&#8243;][vc_column_text][\/vc_column_text][vc_single_image image=\u00bb4932&#8243; img_size=\u00bbfull\u00bb alignment=\u00bbcenter\u00bb][\/vc_column][vc_column width=\u00bb2\/3&#8243;][vc_empty_space][vc_column_text]<\/p>\n<h2><strong>Materiales<\/strong><\/h2>\n<p>[\/vc_column_text][vc_tta_accordion color=\u00bbjuicy-pink\u00bb active_section=\u00bb99&#8243; collapsible_all=\u00bbtrue\u00bb][vc_tta_section i_type=\u00bbentypo\u00bb i_icon_entypo=\u00bbentypo-icon entypo-icon-video\u00bb add_icon=\u00bbtrue\u00bb title=\u00bbGrabaci\u00f3n\u00bb tab_id=\u00bb1668267387814-957cf306-e2a3&#8243;][vc_video link=\u00bbhttps:\/\/youtu.be\/VDXHGRq9nBw\u00bb align=\u00bbright\u00bb][\/vc_tta_section][vc_tta_section i_icon_fontawesome=\u00bbfar fa-file-pdf\u00bb add_icon=\u00bbtrue\u00bb title=\u00bbPresentaci\u00f3n\u00bb tab_id=\u00bb1668267388049-c09a4b72-a06d\u00bb][vc_column_text]<\/p>\n<p style=\"padding-left: 40px;\"><a href=\"https:\/\/marfund.org\/es\/wp-content\/uploads\/2022\/11\/Presentacion_Campana-de-educacion-ambiental_-_El-acuifero-que-nos-une-de-la-cuenca-al-arrecife-una-vision-ecosistemica_.pdf\" target=\"_blank\" rel=\"noopener noreferrer\"><img loading=\"lazy\" class=\"alignright wp-image-429 size-full\" src=\"https:\/\/marfund.org\/es\/wp-content\/uploads\/2021\/03\/pdf-download-file.png\" alt=\"\" width=\"24\" height=\"24\" \/><\/a>El acu\u00edfero que nos une &#8211; De la cuenca al arrecife, una visi\u00f3n ecosist\u00e9mica<\/p>\n<p>[\/vc_column_text][\/vc_tta_section][vc_tta_section i_icon_fontawesome=\u00bbfas fa-podcast\u00bb add_icon=\u00bbtrue\u00bb title=\u00bbAudio Spot\u00bb tab_id=\u00bb1668267388280-66097d75-9acd\u00bb][vc_column_text]Spot &#8211; El acu\u00edfero K\u00e1rstico<\/p>\n<!--[if lt IE 9]><script>document.createElement('audio');<\/script><![endif]-->\n<audio class=\"wp-audio-shortcode\" id=\"audio-6652-1\" preload=\"none\" style=\"width: 100%;\" controls=\"controls\"><source type=\"audio\/mpeg\" src=\"https:\/\/marfund.org\/es\/wp-content\/uploads\/2022\/11\/Spot_El-acuifero-karstico.mp3?_=1\" \/><a href=\"https:\/\/marfund.org\/es\/wp-content\/uploads\/2022\/11\/Spot_El-acuifero-karstico.mp3\">https:\/\/marfund.org\/es\/wp-content\/uploads\/2022\/11\/Spot_El-acuifero-karstico.mp3<\/a><\/audio>\n<p>[\/vc_column_text][\/vc_tta_section][\/vc_tta_accordion][\/vc_column][\/vc_row][vc_row][vc_column][vc_empty_space][vc_separator][vc_empty_space][vc_column_text]<\/p>\n<h2 style=\"text-align: left;\">Im\u00e1genes y poes\u00eda como herramientas para acercar el p\u00fablico al disfrute, conocimiento y cuidado de su entorno<\/h2>\n<p>[\/vc_column_text][vc_empty_space][\/vc_column][\/vc_row][vc_row][vc_column width=\u00bb1\/3&#8243;][vc_column_text][\/vc_column_text][vc_single_image image=\u00bb4855&#8243; img_size=\u00bbfull\u00bb alignment=\u00bbcenter\u00bb][\/vc_column][vc_column width=\u00bb2\/3&#8243;][vc_empty_space][vc_column_text]<\/p>\n<h2><strong>Materiales<\/strong><\/h2>\n<p>[\/vc_column_text][vc_tta_accordion color=\u00bbjuicy-pink\u00bb active_section=\u00bb99&#8243; collapsible_all=\u00bbtrue\u00bb][vc_tta_section i_type=\u00bbentypo\u00bb i_icon_entypo=\u00bbentypo-icon entypo-icon-video\u00bb add_icon=\u00bbtrue\u00bb title=\u00bbGrabaci\u00f3n\u00bb tab_id=\u00bb1668266438691-eabee100-5419&#8243;][vc_video link=\u00bbhttps:\/\/youtu.be\/jvgT7W1dgbo\u00bb align=\u00bbright\u00bb][\/vc_tta_section][vc_tta_section i_type=\u00bbentypo\u00bb i_icon_entypo=\u00bbentypo-icon entypo-icon-video\u00bb add_icon=\u00bbtrue\u00bb title=\u00bbLa Ballena cantante de \u00f3pera por Denisse Pohls\u00bb tab_id=\u00bb1668266438732-2656b998-0481&#8243;][vc_video link=\u00bbhttps:\/\/www.youtube.com\/watch?v=Ye_tr5g0N18&#8243; align=\u00bbright\u00bb][\/vc_tta_section][vc_tta_section i_icon_fontawesome=\u00bbfas fa-highlighter\u00bb add_icon=\u00bbtrue\u00bb title=\u00bbJuegos, adivinanzas y hojas para colorear\u00bb tab_id=\u00bb1668266438762-e007c61f-067f\u00bb][vc_column_text]<\/p>\n<p style=\"padding-left: 40px;\"><a href=\"https:\/\/marfund.org\/es\/wp-content\/uploads\/2022\/10\/Hojas-para-Colorear-DenissePohls.pdf\" target=\"_blank\" rel=\"noopener noreferrer\"><img loading=\"lazy\" class=\"alignright wp-image-429 size-full\" src=\"https:\/\/marfund.org\/es\/wp-content\/uploads\/2021\/03\/pdf-download-file.png\" alt=\"\" width=\"24\" height=\"24\" \/><\/a>Hojas para colorear por Denisse Pohls<\/p>\n<p>[\/vc_column_text][\/vc_tta_section][vc_tta_section i_icon_fontawesome=\u00bbfas fa-book-reader\u00bb add_icon=\u00bbtrue\u00bb title=\u00bbGu\u00edas y Manuales\u00bb tab_id=\u00bb1668266438799-c10053c9-b93a\u00bb][vc_column_text]<\/p>\n<p style=\"padding-left: 40px;\"><a href=\"https:\/\/marfund.org\/es\/wp-content\/uploads\/2022\/10\/Catalogo-de-Identificacion-de-Tiburones-Toro-del-Caribe.pdf\" target=\"_blank\" rel=\"noopener noreferrer\"><img loading=\"lazy\" class=\"alignright wp-image-429 size-full\" src=\"https:\/\/marfund.org\/es\/wp-content\/uploads\/2021\/03\/pdf-download-file.png\" alt=\"\" width=\"24\" height=\"24\" \/><\/a>Gu\u00eda de Tiburones Toro del Caribe Mexicano<\/p>\n<p>[\/vc_column_text][vc_column_text]<\/p>\n<p style=\"padding-left: 40px;\"><a href=\"https:\/\/marfund.org\/es\/wp-content\/uploads\/2022\/10\/Guia-de-Especies-Amenazas_Buenas-Practicas-Arrecife-Mesoamericano_ASK.pdf\" target=\"_blank\" rel=\"noopener noreferrer\"><img loading=\"lazy\" class=\"alignright wp-image-429 size-full\" src=\"https:\/\/marfund.org\/es\/wp-content\/uploads\/2021\/03\/pdf-download-file.png\" alt=\"\" width=\"24\" height=\"24\" \/><\/a>Gu\u00eda de Especies Amenazas &#8211; Buenas Pr\u00e1cticas Arrecife Mesoamericano<\/p>\n<p>[\/vc_column_text][vc_column_text]<\/p>\n<p style=\"padding-left: 40px;\"><a href=\"https:\/\/marfund.org\/es\/wp-content\/uploads\/2022\/10\/Manual-de-Buenas-Practicas-Para-el-Buceo-con-Tiburon-Toro.pdf\" target=\"_blank\" rel=\"noopener noreferrer\"><img loading=\"lazy\" class=\"alignright wp-image-429 size-full\" src=\"https:\/\/marfund.org\/es\/wp-content\/uploads\/2021\/03\/pdf-download-file.png\" alt=\"\" width=\"24\" height=\"24\" \/><\/a>Manual de Buenas Pr\u00e1cticas para el buceo con Tibur\u00f3n Toro<\/p>\n<p>[\/vc_column_text][\/vc_tta_section][\/vc_tta_accordion][\/vc_column][\/vc_row][vc_row][vc_column][vc_empty_space][vc_custom_heading text=\u00bbAgosto 2022&#8243; font_container=\u00bbtag:h1|font_size:35|text_align:left|color:%2346c4dd\u00bb google_fonts=\u00bbfont_family:Roboto%20Slab%3A100%2C300%2Cregular%2C700|font_style:400%20regular%3A400%3Anormal\u00bb css_animation=\u00bbbounceIn\u00bb][vc_separator][\/vc_column][\/vc_row][vc_row][vc_column][vc_empty_space][vc_column_text]<\/p>\n<h2 style=\"text-align: left;\">Lionfish Control in Belize: The Potential for Regional Replication<\/h2>\n<p>[\/vc_column_text][vc_empty_space][\/vc_column][\/vc_row][vc_row][vc_column width=\u00bb1\/3&#8243;][vc_column_text][\/vc_column_text][vc_single_image image=\u00bb4845&#8243; img_size=\u00bbfull\u00bb alignment=\u00bbcenter\u00bb][\/vc_column][vc_column width=\u00bb2\/3&#8243;][vc_empty_space][vc_column_text]<\/p>\n<h2><strong>Materiales<\/strong><\/h2>\n<p>[\/vc_column_text][vc_tta_accordion color=\u00bbjuicy-pink\u00bb active_section=\u00bb99&#8243; collapsible_all=\u00bbtrue\u00bb][vc_tta_section i_type=\u00bbentypo\u00bb i_icon_entypo=\u00bbentypo-icon entypo-icon-vcard\u00bb add_icon=\u00bbtrue\u00bb title=\u00bbPresentaci\u00f3n\u00bb tab_id=\u00bb1665096479164-762f625e-2482&#8243;][vc_column_text]<\/p>\n<p style=\"padding-left: 40px;\"><a href=\"https:\/\/marfund.org\/en\/wp-content\/uploads\/2022\/09\/Presentantion-MAR-webinar-BV-Lionfish-Control-in-Belize-The-Potential-for-Regional-Replication.pdf\" target=\"_blank\" rel=\"noopener noreferrer\"><img loading=\"lazy\" class=\"alignright wp-image-429 size-full\" src=\"https:\/\/marfund.org\/es\/wp-content\/uploads\/2021\/03\/pdf-download-file.png\" alt=\"\" width=\"24\" height=\"24\" \/><\/a>Lionfish Control in Belize: The Potential for Regional Replication<\/p>\n<p>[\/vc_column_text][\/vc_tta_section][vc_tta_section i_type=\u00bbentypo\u00bb i_icon_entypo=\u00bbentypo-icon entypo-icon-video\u00bb add_icon=\u00bbtrue\u00bb title=\u00bbGrabaci\u00f3n\u00bb tab_id=\u00bb1665096479192-c976fba8-651c\u00bb][vc_video link=\u00bbhttps:\/\/youtu.be\/-LiUYq7SLfM\u00bb align=\u00bbright\u00bb][\/vc_tta_section][vc_tta_section i_icon_fontawesome=\u00bbfar fa-file-audio\u00bb add_icon=\u00bbtrue\u00bb title=\u00bbAudio MP3 de la conferencia\u00bb tab_id=\u00bb1668266923386-c230b32e-3458&#8243;][vc_column_text]Audio MP3 de la conferencia<\/p>\n<audio class=\"wp-audio-shortcode\" id=\"audio-6652-2\" preload=\"none\" style=\"width: 100%;\" controls=\"controls\"><source type=\"audio\/mpeg\" src=\"https:\/\/marfund.org\/en\/wp-content\/uploads\/2022\/09\/lion-fish-control-18082022-spanish-mp3.mp3?_=2\" \/><a href=\"https:\/\/marfund.org\/en\/wp-content\/uploads\/2022\/09\/lion-fish-control-18082022-spanish-mp3.mp3\">https:\/\/marfund.org\/en\/wp-content\/uploads\/2022\/09\/lion-fish-control-18082022-spanish-mp3.mp3<\/a><\/audio>\n<p>[\/vc_column_text][\/vc_tta_section][\/vc_tta_accordion][\/vc_column][\/vc_row][vc_row][vc_column][\/vc_column][\/vc_row][vc_row][vc_column][vc_empty_space][vc_separator border_width=\u00bb5&#8243;][vc_row_inner][vc_column_inner width=\u00bb1\/3&#8243;][vc_btn title=\u00bbWebinars 2025&#8243; style=\u00bbclassic\u00bb color=\u00bbviolet\u00bb align=\u00bbcenter\u00bb i_icon_fontawesome=\u00bbfab fa-youtube\u00bb add_icon=\u00bbtrue\u00bb link=\u00bburl:https%3A%2F%2Fmarfund.org%2Fes%2Feventos-mar-fund\u00bb][\/vc_column_inner][vc_column_inner width=\u00bb1\/3&#8243;][vc_btn title=\u00bbWebinars 2024&#8243; style=\u00bbclassic\u00bb color=\u00bbviolet\u00bb align=\u00bbcenter\u00bb i_icon_fontawesome=\u00bbfab fa-youtube\u00bb add_icon=\u00bbtrue\u00bb link=\u00bburl:https%3A%2F%2Fmarfund.org%2Fes%2Feventos-mar-fund-2024%2F\u00bb][\/vc_column_inner][vc_column_inner width=\u00bb1\/3&#8243;][vc_btn title=\u00bbWebinars 2023&#8243; style=\u00bbclassic\u00bb color=\u00bbviolet\u00bb align=\u00bbcenter\u00bb i_icon_fontawesome=\u00bbfab fa-youtube\u00bb add_icon=\u00bbtrue\u00bb link=\u00bburl:https%3A%2F%2Fmarfund.org%2Fes%2Feventos-mar-fund-2023%2F\u00bb][\/vc_column_inner][\/vc_row_inner][vc_empty_space][\/vc_column][\/vc_row]<\/p>\n<\/div>","protected":false},"excerpt":{"rendered":"<p>[vc_row][vc_column][vc_single_image image=\u00bb4998&#8243; img_size=\u00bbfull\u00bb alignment=\u00bbcenter\u00bb][vc_empty_space][vc_separator][vc_empty_space height=\u00bb12px\u00bb][\/vc_column][\/vc_row][vc_row][vc_column][vc_column_text]Las opiniones expresadas en los seminarios web son responsabilidad exclusiva del(los) ponente(s) y no representan necesariamente la opini\u00f3n o posici\u00f3n de MAR Fund.[\/vc_column_text][vc_empty_space][vc_separator border_width=\u00bb5&#8243;][vc_empty_space][\/vc_column][\/vc_row][vc_row][vc_column][vc_empty_space][vc_empty_space][vc_custom_heading text=\u00bbDiciembre 2022&#8243; font_container=\u00bbtag:h1|font_size:35|text_align:left|color:%2346c4dd\u00bb google_fonts=\u00bbfont_family:Roboto%20Slab%3A100%2C300%2Cregular%2C700|font_style:400%20regular%3A400%3Anormal\u00bb css_animation=\u00bbbounceIn\u00bb][vc_separator][\/vc_column][\/vc_row][vc_row][vc_column][vc_empty_space][vc_column_text] Salvaguardando la poblaci\u00f3n de manat\u00edes de Belice mediante la investigaci\u00f3n y la educaci\u00f3n [\/vc_column_text][vc_empty_space][\/vc_column][\/vc_row][vc_row][vc_column width=\u00bb1\/3&#8243;][vc_column_text][\/vc_column_text][vc_single_image image=\u00bb4987&#8243; img_size=\u00bbfull\u00bb alignment=\u00bbcenter\u00bb][\/vc_column][vc_column width=\u00bb2\/3&#8243;][vc_empty_space][vc_column_text] Materiales [\/vc_column_text][vc_tta_accordion color=\u00bbjuicy-pink\u00bb [&hellip;]<\/p>\n","protected":false},"author":1,"featured_media":0,"parent":0,"menu_order":0,"comment_status":"closed","ping_status":"closed","template":"template_events_fullwidth.php","meta":[],"_links":{"self":[{"href":"https:\/\/marfund.org\/es\/wp-json\/wp\/v2\/pages\/6652"}],"collection":[{"href":"https:\/\/marfund.org\/es\/wp-json\/wp\/v2\/pages"}],"about":[{"href":"https:\/\/marfund.org\/es\/wp-json\/wp\/v2\/types\/page"}],"author":[{"embeddable":true,"href":"https:\/\/marfund.org\/es\/wp-json\/wp\/v2\/users\/1"}],"replies":[{"embeddable":true,"href":"https:\/\/marfund.org\/es\/wp-json\/wp\/v2\/comments?post=6652"}],"version-history":[{"count":3,"href":"https:\/\/marfund.org\/es\/wp-json\/wp\/v2\/pages\/6652\/revisions"}],"predecessor-version":[{"id":6658,"href":"https:\/\/marfund.org\/es\/wp-json\/wp\/v2\/pages\/6652\/revisions\/6658"}],"wp:attachment":[{"href":"https:\/\/marfund.org\/es\/wp-json\/wp\/v2\/media?parent=6652"}],"curies":[{"name":"wp","href":"https:\/\/api.w.org\/{rel}","templated":true}]}}