{"id":651,"date":"2017-07-17T16:45:51","date_gmt":"2017-07-17T22:45:51","guid":{"rendered":"https:\/\/marfund.org\/es\/?page_id=651"},"modified":"2026-01-20T10:10:40","modified_gmt":"2026-01-20T16:10:40","slug":"junta-directiva","status":"publish","type":"page","link":"https:\/\/marfund.org\/es\/junta-directiva\/","title":{"rendered":"Miembros Junta Directiva MAR Fund"},"content":{"rendered":"<div class=\"wpb-content-wrapper\"><p>[vc_row][vc_column][vc_single_image image=\u00bb410&#8243; img_size=\u00bbfull\u00bb alignment=\u00bbcenter\u00bb][vc_custom_heading text=\u00bbAcerca de la Junta Directiva de MAR Fund\u00bb font_container=\u00bbtag:h2|text_align:center\u00bb google_fonts=\u00bbfont_family:Roboto%20Slab%3A100%2C300%2Cregular%2C700|font_style:400%20regular%3A400%3Anormal\u00bb css_animation=\u00bbfadeIn\u00bb][vc_column_text]La Junta Directiva de MAR Fund est\u00e1 integrada por donantes, expertos y por los representantes de los fondos ambientales fundadores de cada uno de los pa\u00edses del Sistema Arrecifal Mesoamericano. La Junta Directiva trabaja conjuntamente con los Comit\u00e9s de Gobernanza, Inversiones, Revisi\u00f3n de Propuestas y Evaluaci\u00f3n, Desarrollo, Comunicaciones y Auditoria, con la Directora Ejecutiva para establecer las prioridades estrat\u00e9gicas y program\u00e1ticas de MAR Fund, identificar las oportunidades de financiamiento y evaluar el desempe\u00f1o financiero y program\u00e1tico del Fondo.[\/vc_column_text][\/vc_column][\/vc_row][vc_row][vc_column width=\u00bb1\/12&#8243;][vc_column_text][\/vc_column_text][\/vc_column][vc_column width=\u00bb1\/12&#8243;][\/vc_column][vc_column width=\u00bb5\/12&#8243;][vc_empty_space][vc_column_text]<strong>Yvonne Ram\u00edrez<\/strong><br \/>\nPresidenta<br \/>\nFundaci\u00f3n para la Conservaci\u00f3n de la<br \/>\nNaturaleza en\u00a0Guatemala &#8211; FCG[\/vc_column_text][\/vc_column][vc_column width=\u00bb4\/12&#8243;][vc_single_image image=\u00bb539&#8243; img_size=\u00bbfull\u00bb style=\u00bbvc_box_border\u00bb border_color=\u00bbsandy_brown\u00bb css_animation=\u00bbfadeIn\u00bb][\/vc_column][vc_column width=\u00bb1\/12&#8243;][\/vc_column][\/vc_row][vc_row][vc_column width=\u00bb1\/12&#8243;][vc_column_text][\/vc_column_text][\/vc_column][vc_column width=\u00bb1\/12&#8243;][\/vc_column][vc_column width=\u00bb5\/12&#8243;][vc_empty_space][vc_column_text]<strong>Carlos Vigil<\/strong><br \/>\nVice Presidente y Tesorero<br \/>\nFundaci\u00f3n Biosfera[\/vc_column_text][\/vc_column][vc_column width=\u00bb4\/12&#8243;][vc_single_image image=\u00bb535&#8243; img_size=\u00bbfull\u00bb style=\u00bbvc_box_border\u00bb border_color=\u00bbsandy_brown\u00bb css_animation=\u00bbbounceIn\u00bb][\/vc_column][vc_column width=\u00bb1\/12&#8243;][\/vc_column][\/vc_row][vc_row][vc_column width=\u00bb1\/12&#8243;][vc_column_text][\/vc_column_text][\/vc_column][vc_column width=\u00bb1\/12&#8243;][\/vc_column][vc_column width=\u00bb5\/12&#8243;][vc_empty_space][vc_column_text]<strong>Ren\u00e9e Gonz\u00e1lez Montagut<\/strong><br \/>\nSecretaria<br \/>\nFondo Mexicano para la Conservaci\u00f3n de la Naturaleza A.C.[\/vc_column_text][\/vc_column][vc_column width=\u00bb4\/12&#8243;][vc_single_image image=\u00bb3672&#8243; img_size=\u00bb160&#215;160&#8243; style=\u00bbvc_box_border\u00bb border_color=\u00bbsandy_brown\u00bb css_animation=\u00bbfadeIn\u00bb][\/vc_column][vc_column width=\u00bb1\/12&#8243;][\/vc_column][\/vc_row][vc_row][vc_column width=\u00bb1\/12&#8243;][vc_column_text][\/vc_column_text][\/vc_column][vc_column width=\u00bb1\/12&#8243;][\/vc_column][vc_column width=\u00bb5\/12&#8243;][vc_empty_space][vc_column_text]<strong>Heidy Garc\u00eda<\/strong><br \/>\nDirectora Nacional Guatemala<br \/>\nFundaci\u00f3n Defensores de la Naturaleza[\/vc_column_text][\/vc_column][vc_column width=\u00bb4\/12&#8243;][vc_single_image image=\u00bb537&#8243; img_size=\u00bbfull\u00bb style=\u00bbvc_box_border\u00bb border_color=\u00bbsandy_brown\u00bb css_animation=\u00bbfadeIn\u00bb][\/vc_column][vc_column width=\u00bb1\/12&#8243;][\/vc_column][\/vc_row][vc_row][vc_column width=\u00bb1\/12&#8243;][vc_column_text][\/vc_column_text][\/vc_column][vc_column width=\u00bb1\/12&#8243;][\/vc_column][vc_column width=\u00bb5\/12&#8243;][vc_empty_space][vc_column_text]<strong>Juan Bezaury<\/strong><br \/>\nDirector Nacional M\u00e9xico<br \/>\nConsultor independiente[\/vc_column_text][\/vc_column][vc_column width=\u00bb4\/12&#8243;][vc_single_image image=\u00bb538&#8243; img_size=\u00bbfull\u00bb style=\u00bbvc_box_border\u00bb border_color=\u00bbsandy_brown\u00bb css_animation=\u00bbfadeIn\u00bb][\/vc_column][vc_column width=\u00bb1\/12&#8243;][\/vc_column][\/vc_row][vc_row][vc_column width=\u00bb1\/12&#8243;][vc_column_text][\/vc_column_text][\/vc_column][vc_column width=\u00bb1\/12&#8243;][\/vc_column][vc_column width=\u00bb5\/12&#8243;][vc_empty_space][vc_column_text]<strong>Adriel Casta\u00f1eda<\/strong><br \/>\nDirector Nacional Suplente &#8211; Belice<br \/>\nBelize Fisheries Department[\/vc_column_text][\/vc_column][vc_column width=\u00bb4\/12&#8243;][vc_single_image image=\u00bb641&#8243; img_size=\u00bbfull\u00bb style=\u00bbvc_box_border\u00bb border_color=\u00bbsandy_brown\u00bb css_animation=\u00bbfadeIn\u00bb][\/vc_column][vc_column width=\u00bb1\/12&#8243;][\/vc_column][\/vc_row][vc_row][vc_column width=\u00bb1\/12&#8243;][vc_column_text][\/vc_column_text][\/vc_column][vc_column width=\u00bb1\/12&#8243;][\/vc_column][vc_column width=\u00bb5\/12&#8243;][vc_empty_space][vc_column_text]Representante<br \/>\nComisi\u00f3n Centroam\u00e9ricana de<br \/>\nAmbiente y Desarrollo &#8211; CCAD[\/vc_column_text][\/vc_column][vc_column width=\u00bb4\/12&#8243;][vc_single_image image=\u00bb641&#8243; img_size=\u00bbfull\u00bb style=\u00bbvc_box_border\u00bb border_color=\u00bbsandy_brown\u00bb css_animation=\u00bbfadeIn\u00bb][\/vc_column][vc_column width=\u00bb1\/12&#8243;][\/vc_column][\/vc_row][vc_row][\/vc_row][vc_row][vc_column width=\u00bb1\/12&#8243;][vc_column_text][\/vc_column_text][\/vc_column][vc_column width=\u00bb1\/12&#8243;][\/vc_column][vc_column width=\u00bb5\/12&#8243;][vc_empty_space][vc_column_text]<strong>Gina de Ferrari<\/strong><br \/>\nDirector Adicional<br \/>\nWorld Wildlife Fund &#8211; WWF[\/vc_column_text][\/vc_column][vc_column width=\u00bb4\/12&#8243;][vc_single_image image=\u00bb536&#8243; img_size=\u00bbfull\u00bb style=\u00bbvc_box_border\u00bb border_color=\u00bbsandy_brown\u00bb css_animation=\u00bbfadeIn\u00bb][\/vc_column][vc_column width=\u00bb1\/12&#8243;][\/vc_column][\/vc_row][vc_row][vc_column width=\u00bb1\/12&#8243;][vc_column_text][\/vc_column_text][\/vc_column][vc_column width=\u00bb1\/12&#8243;][\/vc_column][vc_column width=\u00bb5\/12&#8243;][vc_empty_space][vc_column_text]<strong> Ramiro Batz\u00edn<\/strong><br \/>\nDirector Adicional[\/vc_column_text][\/vc_column][vc_column width=\u00bb4\/12&#8243;][vc_single_image image=\u00bb641&#8243; img_size=\u00bbfull\u00bb style=\u00bbvc_box_border\u00bb border_color=\u00bbsandy_brown\u00bb css_animation=\u00bbfadeIn\u00bb][\/vc_column][vc_column width=\u00bb1\/12&#8243;][\/vc_column][\/vc_row][vc_row][vc_column width=\u00bb1\/12&#8243;][vc_column_text][\/vc_column_text][\/vc_column][vc_column width=\u00bb1\/12&#8243;][\/vc_column][vc_column width=\u00bb5\/12&#8243;][vc_empty_space][vc_column_text]<strong>Marco Vinicio Cerezo<\/strong><br \/>\nDirector Adicional<br \/>\nFUNDAECO[\/vc_column_text][\/vc_column][vc_column width=\u00bb4\/12&#8243;][vc_single_image image=\u00bb701&#8243; img_size=\u00bbfull\u00bb style=\u00bbvc_box_border\u00bb border_color=\u00bbsandy_brown\u00bb css_animation=\u00bbfadeIn\u00bb][\/vc_column][vc_column width=\u00bb1\/12&#8243;][\/vc_column][\/vc_row][vc_row][vc_column width=\u00bb1\/12&#8243;][vc_column_text][\/vc_column_text][\/vc_column][vc_column width=\u00bb1\/12&#8243;][\/vc_column][vc_column width=\u00bb5\/12&#8243;][vc_empty_space][vc_column_text]<strong>Lorenzo de Rosenzweig<\/strong><br \/>\nDirector Adicional[\/vc_column_text][\/vc_column][vc_column width=\u00bb4\/12&#8243;][vc_single_image image=\u00bb530&#8243; img_size=\u00bb160&#215;160&#8243; style=\u00bbvc_box_border\u00bb border_color=\u00bbsandy_brown\u00bb css_animation=\u00bbfadeIn\u00bb][\/vc_column][vc_column width=\u00bb1\/12&#8243;][\/vc_column][\/vc_row][vc_row][vc_column width=\u00bb1\/12&#8243;][vc_column_text][\/vc_column_text][\/vc_column][vc_column width=\u00bb1\/12&#8243;][\/vc_column][vc_column width=\u00bb5\/12&#8243;][vc_empty_space][vc_column_text]<strong>Celia Mahung<\/strong><br \/>\nDirector Adicional[\/vc_column_text][\/vc_column][vc_column width=\u00bb4\/12&#8243;][vc_single_image image=\u00bb6048&#8243; img_size=\u00bbfull\u00bb style=\u00bbvc_box_border\u00bb border_color=\u00bbsandy_brown\u00bb css_animation=\u00bbfadeIn\u00bb][\/vc_column][vc_column width=\u00bb1\/12&#8243;][\/vc_column][\/vc_row][vc_row][\/vc_row]<\/p>\n<\/div>","protected":false},"excerpt":{"rendered":"<p>[vc_row][vc_column][vc_single_image image=\u00bb410&#8243; img_size=\u00bbfull\u00bb alignment=\u00bbcenter\u00bb][vc_custom_heading text=\u00bbAcerca de la Junta Directiva de MAR Fund\u00bb font_container=\u00bbtag:h2|text_align:center\u00bb google_fonts=\u00bbfont_family:Roboto%20Slab%3A100%2C300%2Cregular%2C700|font_style:400%20regular%3A400%3Anormal\u00bb css_animation=\u00bbfadeIn\u00bb][vc_column_text]La Junta Directiva de MAR Fund est\u00e1 integrada por donantes, expertos y por los representantes de los fondos ambientales fundadores de cada uno de los pa\u00edses del Sistema Arrecifal Mesoamericano. La Junta Directiva trabaja conjuntamente con los Comit\u00e9s de Gobernanza, Inversiones, [&hellip;]<\/p>\n","protected":false},"author":1,"featured_media":0,"parent":0,"menu_order":0,"comment_status":"closed","ping_status":"closed","template":"template_events_fullwidth.php","meta":[],"_links":{"self":[{"href":"https:\/\/marfund.org\/es\/wp-json\/wp\/v2\/pages\/651"}],"collection":[{"href":"https:\/\/marfund.org\/es\/wp-json\/wp\/v2\/pages"}],"about":[{"href":"https:\/\/marfund.org\/es\/wp-json\/wp\/v2\/types\/page"}],"author":[{"embeddable":true,"href":"https:\/\/marfund.org\/es\/wp-json\/wp\/v2\/users\/1"}],"replies":[{"embeddable":true,"href":"https:\/\/marfund.org\/es\/wp-json\/wp\/v2\/comments?post=651"}],"version-history":[{"count":40,"href":"https:\/\/marfund.org\/es\/wp-json\/wp\/v2\/pages\/651\/revisions"}],"predecessor-version":[{"id":10166,"href":"https:\/\/marfund.org\/es\/wp-json\/wp\/v2\/pages\/651\/revisions\/10166"}],"wp:attachment":[{"href":"https:\/\/marfund.org\/es\/wp-json\/wp\/v2\/media?parent=651"}],"curies":[{"name":"wp","href":"https:\/\/api.w.org\/{rel}","templated":true}]}}