{"id":578,"date":"2017-07-10T13:25:01","date_gmt":"2017-07-10T19:25:01","guid":{"rendered":"https:\/\/marfund.org\/es\/?page_id=578"},"modified":"2024-10-30T10:17:40","modified_gmt":"2024-10-30T16:17:40","slug":"fondo-marino-belice","status":"publish","type":"page","link":"https:\/\/marfund.org\/es\/fondo-marino-belice\/","title":{"rendered":"Fondo Marino de Belice"},"content":{"rendered":"<div class=\"wpb-content-wrapper\"><p>[vc_row][vc_column][vc_single_image image=\u00bb599&#8243; img_size=\u00bbfull\u00bb alignment=\u00bbcenter\u00bb][\/vc_column][\/vc_row][vc_row][vc_column][vc_single_image image=\u00bb410&#8243; img_size=\u00bbfull\u00bb][vc_custom_heading text=\u00bbMejorando la conservaci\u00f3n marina en Belice con la participaci\u00f3n de actores clave locales, para un beneficio regional m\u00e1s amplio\u00bb font_container=\u00bbtag:h2|text_align:center\u00bb google_fonts=\u00bbfont_family:Roboto%3A100%2C100italic%2C300%2C300italic%2Cregular%2Citalic%2C500%2C500italic%2C700%2C700italic%2C900%2C900italic|font_style:400%20regular%3A400%3Anormal\u00bb][\/vc_column][\/vc_row][vc_row][vc_column width=\u00bb1\/12&#8243;][vc_column_text][\/vc_column_text][\/vc_column][vc_column width=\u00bb5\/6&#8243;][vc_tta_accordion color=\u00bbpurple\u00bb active_section=\u00bb21&#8243; collapsible_all=\u00bbtrue\u00bb][vc_tta_section title=\u00bb\u00bfQu\u00e9 es el Fondo Marino de Belice?\u00bb tab_id=\u00bbWhatItIs\u00bb][vc_column_text]El Fondo Marino de Belice (BMF, en ingl\u00e9s) es una iniciativa y un mecanismo financiero establecido dentro del Fondo para el Sistema Arrecifal Mesoamericano (Fondo SAM). El BMF, lanzado en noviembre de 2016 en la 18a Asamblea Anual de RedLAC en Brasilia, Brasil, fue creado a trav\u00e9s de una subvenci\u00f3n de desaf\u00edo de dotaci\u00f3n de US$10 millones de la Fundaci\u00f3n Oak, debido a la transici\u00f3n del Programa del Arrecife Mesoamericano, propio de la Fundaci\u00f3n, de la regi\u00f3n. El Fondo SAM debe recaudar US$15 millones como contrapartida para movilizar el compromiso de la Fundaci\u00f3n Oak. La visi\u00f3n del BMF es proporcionar sostenibilidad financiera a largo plazo para abordar los problemas de conservaci\u00f3n y manejo de recursos marinos de alta prioridad en Belice para lograr un mayor impacto en toda la Ecorregi\u00f3n del Arrecife Mesoamericano.[\/vc_column_text][\/vc_tta_section][vc_tta_section title=\u00bb\u00bfQu\u00e9 hace el Fondo Marino de Belice?\u00bb tab_id=\u00bbWhatItDoes\u00bb][vc_column_text]El BMF promueve el uso sostenible y el manejo eficaz de los ecosistemas marinos prioritarios en Belice, en particular los activos naturales que forman (e interact\u00faan con) el complejo de la barrera de arrecifes de Belice. Apoya a las organizaciones conservacionistas de la sociedad civil en actividades encaminadas a mejorar el manejo de recursos, adquirir financiamiento adicional para el manejo de recursos y fortalecer las reformas legislativas, a trav\u00e9s de intervenciones y acciones estrat\u00e9gicas.<\/p>\n<p>Si bien la donaci\u00f3n de $10 millones depende de que el Fondo SAM recaude $15 millones adicionales, Oak pondr\u00e1 a disposici\u00f3n $500 mil anuales para la conservaci\u00f3n marina durante cinco a\u00f1os a medida que el Fondo SAM recaude los fondos de contrapartida.<\/p>\n<p>Un elemento central de los esfuerzos program\u00e1ticos de BMF son sus Programas de <strong>Peque\u00f1as Donaciones<\/strong> y <strong>Donaciones Dirigidas.<\/strong> Estos programas de donaciones proporcionan los canales a trav\u00e9s de los cuales el Fondo dispensa el apoyo que necesitan sus socios locales para abordar algunos de los desaf\u00edos ambientales m\u00e1s urgentes de Belice y de la regi\u00f3n.<\/p>\n<p>El <strong>Programa de Peque\u00f1as Donaciones<\/strong> mantiene una solicitud anual de propuestas (RfP, en ingl\u00e9s), que se lanza en el sitio web del Fondo SAM. El RfP se comparte a trav\u00e9s de correo electr\u00f3nico y medios impresos (a nivel nacional), con informaci\u00f3n espec\u00edfica, que incluye el umbral de apoyo y la fecha l\u00edmite para la presentaci\u00f3n de propuestas.<\/p>\n<p>El <strong>Programa de Donaciones Dirigidas<\/strong> no tiene una RfP estructurado. En cambio, permite a las organizaciones, en funci\u00f3n de sus \u00e1reas de especializaci\u00f3n y las necesidades particulares del BMF, presentar notas conceptuales para posibles proyectos \/ iniciativas. Los proyectos \/ iniciativas presentadas se consideran de forma continua. Tambi\u00e9n existe una disposici\u00f3n para que el BMF determine el panorama para las iniciativas de inter\u00e9s, que son de pensamiento estrat\u00e9gico, para lograr acciones ambientales de base m\u00e1s amplia a nivel nacional que requerir\u00edan inversiones mayores que las peque\u00f1as donaciones.[\/vc_column_text][\/vc_tta_section][vc_tta_section title=\u00bb\u00bfQu\u00e9 apoya y qui\u00e9n es elegible?\u00bb tab_id=\u00bbWhatItSupports\u00bb][vc_column_text]Al ejecutar sus funciones de concesi\u00f3n de donaciones, el BMF busca organizaciones no gubernamentales, comunitarias y educativas \/ acad\u00e9micas o cient\u00edficas elegibles con intereses de proyectos que cumplan con los siguientes criterios:<\/p>\n<ul>\n<li>trabaja para abordar (las causas fundamentales de) algunos de los desaf\u00edos ambientales y de manejo de recursos marinos m\u00e1s urgentes de Belice y de la regi\u00f3n;<\/li>\n<li>se pueda replicar a nivel local, nacional y en amplias ubicaciones geogr\u00e1ficas;<\/li>\n<li>incorpora planes (consideraciones) para la sostenibilidad a largo plazo del trabajo;<\/li>\n<li>son de naturaleza colaborativa;<\/li>\n<li>construye sobre proyectos e iniciativas nacionales \/ regionales m\u00e1s amplios para el manejo y conservaci\u00f3n del Arrecife Mesoamericano;<\/li>\n<li>tienen fuentes aseguradas de fondos de contrapartida de entidades no afiliadas al BMF; y<\/li>\n<li>responde a planes \/ metas de conservaci\u00f3n nacional, regional o global.<\/li>\n<\/ul>\n<p>Anualmente, el BMF establecer\u00e1 \u00e1reas prioritarias de enfoque para sus Programas de Donaciones Peque\u00f1as y Especificas para informar sus inversiones. Estas \u00e1reas prioritarias de enfoque ser\u00e1n informadas por el plan estrat\u00e9gico del Fondo, un an\u00e1lisis del panorama ambiental de Belice y la regi\u00f3n, y las ideas del Comit\u00e9 Directivo del BMF, que es el \u00f3rgano rector encargado de brindar orientaci\u00f3n para el trabajo del Fondo.<\/p>\n<p>Si bien las \u00e1reas prioritarias pueden evolucionar, las \u00e1reas tem\u00e1ticas amplias para el financiamiento incluir\u00e1n:<\/p>\n<ol>\n<li>Manejo y conservaci\u00f3n de \u00e1reas protegidas;<\/li>\n<li>Uso sostenible de los recursos naturales;<\/li>\n<li>Adaptaci\u00f3n al cambio clim\u00e1tico; y<\/li>\n<li>Financiamiento sostenible para el manejo de recursos marinos.<\/li>\n<\/ol>\n<p>Bajo estos temas, las categor\u00edas espec\u00edficas de proyectos tambi\u00e9n pueden incluir esfuerzos relacionados con el manejo de pesquer\u00edas, pol\u00edtica de conservaci\u00f3n marina, creaci\u00f3n de capacidad institucional para las organizaciones de la sociedad civil de conservaci\u00f3n marina, resiliencia clim\u00e1tica y econom\u00eda azul, creaci\u00f3n \/ expansi\u00f3n de \u00e1reas protegidas, protecci\u00f3n y restauraci\u00f3n de ecosistemas fr\u00e1giles o degradados, actividades de generaci\u00f3n de ingresos sostenibles para las comunidades costeras locales y organizaciones comunitarias, y el manejo de desechos s\u00f3lidos y efluentes para la sostenibilidad de los recursos.[\/vc_column_text][\/vc_tta_section][vc_tta_section title=\u00bb\u00bfPor qu\u00e9 este trabajo es importante?\u00bb tab_id=\u00bbWhyThisWork\u00bb][vc_column_text]El Arrecife Mesoamericano sigue siendo el ecosistema de arrecifes transfronterizos m\u00e1s grande. Es reconocido por su biodiversidad y fuente de sustento para 1,5 millones de personas que viven a lo largo de las costas caribe\u00f1as de M\u00e9xico, Belice, Guatemala y Honduras. La regi\u00f3n del Arrecife Mesoamericano es conocida internacionalmente por estar a la vanguardia de esfuerzos innovadores en manejo de arrecifes. La regi\u00f3n ha logrado avances significativos en el manejo y conservaci\u00f3n de los recursos marinos a lo largo de los a\u00f1os. Sin embargo, a\u00fan queda mucho por hacer. Es de vital importancia el hecho de que el sitio del Patrimonio Mundial de la Barrera de Coral de Belice permanece en la lista de Sitios del Patrimonio Mundial en peligro, y existe la necesidad de una mayor protecci\u00f3n de las zonas de recuperaci\u00f3n pesquera y los sitios de agregaci\u00f3n de desove en toda la regi\u00f3n, entre otras necesidades estrat\u00e9gicas de conservaci\u00f3n. Por lo tanto, debemos mantener nuestra b\u00fasqueda colectiva regional y mundial para los recursos marinos y oc\u00e9anos sostenibles y vibrantes. El esfuerzo de BMF en trabajar para mantener algunos de los recursos marinos m\u00e1s importantes a nivel mundial es un paso vital hacia la realizaci\u00f3n de nuestro objetivo colectivo.[\/vc_column_text][\/vc_tta_section][vc_tta_section title=\u00bbPeque\u00f1as Donaciones\u00bb tab_id=\u00bbpequenasdonaciones\u00bb][vc_column_text][\/vc_column_text][\/vc_tta_section][vc_tta_section title=\u00bb\u00a1Done Ahora!\u00bb tab_id=\u00bbdone-ahora\u00bb][vc_column_text]<\/p>\n<p style=\"text-align: left;\"><a href=\"https:\/\/www.paypal.com\/cgi-bin\/webscr?cmd=_donations&amp;business=mjgonzalez%40marfund%2eorg&amp;item_name=Marfund_donation&amp;no_note=1&amp;currency_code=USD&amp;lc=US&amp;bn=PP%2dBuyNowBF&amp;charset=UTF%2d8\" target=\"_blank\" rel=\"noopener noreferrer\"><img loading=\"lazy\" class=\"wp-image-1010 size-full alignright\" src=\"https:\/\/marfund.org\/en\/wp-content\/uploads\/2017\/07\/paypal-payments-300.png\" alt=\"\" width=\"300\" height=\"102\" \/><\/a>El <a href=\"https:\/\/marfund.org\/en\/belize-marine-fund\/\" target=\"_blank\" rel=\"noopener noreferrer\">Fondo Marino de Belice (BMF, en ingl\u00e9s) <\/a> presenta una oportunidad fant\u00e1stica para mejorar la conservaci\u00f3n marina en Belice al abordar los problemas de manejo de los recursos marinos y costeros de alta prioridad. Los interesados en apoyar al BMF pueden contactar a Mar\u00eda Jos\u00e9 Gonz\u00e1lez en mjgonzalez@marfund.org o Angeline Valentine en avalentine@marfund.org<\/p>\n<p style=\"text-align: justify;\">Con una donaci\u00f3n \u00fanica o mensual, juntos podemos continuar conservando, restaurando y sustentando el Arrecife Mesoamericano. \u00a1\u00danase a nosotros!<\/p>\n<p style=\"text-align: justify;\">Para hacer su contribuci\u00f3n, le rogamos que se registre en PayPal. <a href=\"https:\/\/www.paypal.com\/cgi-bin\/webscr?cmd=_donations&amp;business=mjgonzalez%40marfund%2eorg&amp;item_name=Marfund_donation&amp;no_note=1&amp;currency_code=USD&amp;lc=US&amp;bn=PP%2dBuyNowBF&amp;charset=UTF%2d8\" target=\"_blank\" rel=\"noopener noreferrer\"><strong>Haga clic aqu\u00ed <\/strong><\/a><\/p>\n<p>[\/vc_column_text][vc_btn title=\u00bb\u00a1Done Ahora!\u00bb color=\u00bbdanger\u00bb align=\u00bbcenter\u00bb i_icon_fontawesome=\u00bbfab fa-cc-paypal\u00bb add_icon=\u00bbtrue\u00bb link=\u00bburl:https%3A%2F%2Fmarfund.org%2Fes%2Fdone-ahora%2F\u00bb][\/vc_tta_section][vc_tta_section title=\u00bbRecursos\u00bb tab_id=\u00bbrecursos_mbr\u00bb][vc_column_text][\/vc_column_text][\/vc_tta_section][\/vc_tta_accordion][\/vc_column][vc_column width=\u00bb1\/12&#8243;][\/vc_column][\/vc_row]<\/p>\n<\/div>","protected":false},"excerpt":{"rendered":"<p>[vc_row][vc_column][vc_single_image image=\u00bb599&#8243; img_size=\u00bbfull\u00bb alignment=\u00bbcenter\u00bb][\/vc_column][\/vc_row][vc_row][vc_column][vc_single_image image=\u00bb410&#8243; img_size=\u00bbfull\u00bb][vc_custom_heading text=\u00bbMejorando la conservaci\u00f3n marina en Belice con la participaci\u00f3n de actores clave locales, para un beneficio regional m\u00e1s amplio\u00bb font_container=\u00bbtag:h2|text_align:center\u00bb google_fonts=\u00bbfont_family:Roboto%3A100%2C100italic%2C300%2C300italic%2Cregular%2Citalic%2C500%2C500italic%2C700%2C700italic%2C900%2C900italic|font_style:400%20regular%3A400%3Anormal\u00bb][\/vc_column][\/vc_row][vc_row][vc_column width=\u00bb1\/12&#8243;][vc_column_text][\/vc_column_text][\/vc_column][vc_column width=\u00bb5\/6&#8243;][vc_tta_accordion color=\u00bbpurple\u00bb active_section=\u00bb21&#8243; collapsible_all=\u00bbtrue\u00bb][vc_tta_section title=\u00bb\u00bfQu\u00e9 es el Fondo Marino de Belice?\u00bb tab_id=\u00bbWhatItIs\u00bb][vc_column_text]El Fondo Marino de Belice (BMF, en ingl\u00e9s) es una iniciativa y un mecanismo financiero establecido [&hellip;]<\/p>\n","protected":false},"author":1,"featured_media":0,"parent":0,"menu_order":0,"comment_status":"closed","ping_status":"closed","template":"template_events_fullwidth.php","meta":[],"_links":{"self":[{"href":"https:\/\/marfund.org\/es\/wp-json\/wp\/v2\/pages\/578"}],"collection":[{"href":"https:\/\/marfund.org\/es\/wp-json\/wp\/v2\/pages"}],"about":[{"href":"https:\/\/marfund.org\/es\/wp-json\/wp\/v2\/types\/page"}],"author":[{"embeddable":true,"href":"https:\/\/marfund.org\/es\/wp-json\/wp\/v2\/users\/1"}],"replies":[{"embeddable":true,"href":"https:\/\/marfund.org\/es\/wp-json\/wp\/v2\/comments?post=578"}],"version-history":[{"count":23,"href":"https:\/\/marfund.org\/es\/wp-json\/wp\/v2\/pages\/578\/revisions"}],"predecessor-version":[{"id":6532,"href":"https:\/\/marfund.org\/es\/wp-json\/wp\/v2\/pages\/578\/revisions\/6532"}],"wp:attachment":[{"href":"https:\/\/marfund.org\/es\/wp-json\/wp\/v2\/media?parent=578"}],"curies":[{"name":"wp","href":"https:\/\/api.w.org\/{rel}","templated":true}]}}