{"id":5179,"date":"2023-02-06T20:35:18","date_gmt":"2023-02-07T02:35:18","guid":{"rendered":"https:\/\/marfund.org\/es\/?page_id=5179"},"modified":"2026-02-25T07:12:44","modified_gmt":"2026-02-25T13:12:44","slug":"sgas","status":"publish","type":"page","link":"https:\/\/marfund.org\/es\/sgas\/","title":{"rendered":"Sistema de Gesti\u00f3n Ambiental y Social"},"content":{"rendered":"<div class=\"wpb-content-wrapper\"><p>[vc_row][vc_column][vc_single_image image=\u00bb5183&#8243; img_size=\u00bbfull\u00bb alignment=\u00bbcenter\u00bb][vc_single_image image=\u00bb410&#8243; img_size=\u00bbfull\u00bb][\/vc_column][\/vc_row][vc_row][vc_column width=\u00bb1\/12&#8243;][\/vc_column][vc_column width=\u00bb10\/12&#8243;][vc_empty_space][vc_custom_heading text=\u00bbIntroducci\u00f3n\u00bb font_container=\u00bbtag:h1|font_size:34|text_align:center\u00bb google_fonts=\u00bbfont_family:Roboto%3A100%2C100italic%2C300%2C300italic%2Cregular%2Citalic%2C500%2C500italic%2C700%2C700italic%2C900%2C900italic|font_style:900%20bold%20regular%3A900%3Anormal\u00bb][vc_column_text]El Sistema de Gesti\u00f3n Ambiental y Social (SGAS) de MAR Fund busca garantizar que todas las subvenciones tengan un beneficio neto sustancial para el medio ambiente y las comunidades de la regi\u00f3n del Sistema Arrecifal Mesoamericano (SAM), para de esta forma evitar, minimizar y mitigar sus riesgos e impactos ambientales y sociales.<\/p>\n<p>Los donantes internacionales solicitan que los proyectos que apoyan minimicen activamente sus riesgos y mitiguen sus posibles impactos negativos, adem\u00e1s de maximizar sus beneficios. MAR Fund est\u00e1 cumpliendo con esta solicitud a trav\u00e9s de su Sistema de Gesti\u00f3n Ambiental y Social (SGAS) y estamos listos para implementarlo con nuestros socios en la regi\u00f3n.<\/p>\n<p>En esta p\u00e1gina encontrar\u00e1 los siguientes elementos del SGAS:[\/vc_column_text][\/vc_column][vc_column width=\u00bb1\/12&#8243;][\/vc_column][\/vc_row][vc_row][vc_column][vc_separator][vc_empty_space][\/vc_column][\/vc_row][vc_row][vc_column width=\u00bb1\/12&#8243;][vc_column_text][\/vc_column_text][\/vc_column][vc_column width=\u00bb5\/6&#8243;][vc_tta_accordion color=\u00bbpurple\u00bb active_section=\u00bb21&#8243; collapsible_all=\u00bbtrue\u00bb][vc_tta_section title=\u00bbSistema de Gesti\u00f3n Ambiental y Social (SGAS)\u00bb tab_id=\u00bbSistemaSGAS\u00bb][vc_separator][vc_column_text]Este es el marco integrado del SGAS que incluye, la pol\u00edtica de gesti\u00f3n ambiental y social, la lista de exclusi\u00f3n y las 10 salvaguardas ambientales y sociales. Cada uno de estos elementos tambi\u00e9n est\u00e1 disponible como documento independiente.[\/vc_column_text][vc_column_text]<\/p>\n<p style=\"padding-left: 40px;\"><a href=\"https:\/\/marfund.org\/en\/wp-content\/uploads\/2026\/02\/MAR-Fund-SGAS-2022-06-14_MOD022026.docx.pdf\" target=\"_blank\" rel=\"noopener noreferrer\"><img loading=\"lazy\" class=\"alignright wp-image-429 size-full\" src=\"https:\/\/marfund.org\/en\/wp-content\/uploads\/2020\/12\/pdf.png\" alt=\"\" width=\"24\" height=\"24\" \/><\/a>SGAS<\/p>\n<p>[\/vc_column_text][\/vc_tta_section][vc_tta_section title=\u00bbPol\u00edtica de Protecci\u00f3n contra la Explotaci\u00f3n, el Abuso y el Acoso Sexual\u00bb tab_id=\u00bbPoliticaProteccionExplotacion\u00bb][vc_separator][vc_column_text]<\/p>\n<p style=\"padding-left: 40px;\"><a href=\"https:\/\/marfund.org\/es\/wp-content\/uploads\/2025\/06\/Politica-Organizacional-de-Proteccion-contra-Explotacion-Abuso-y-Acoso-Sexuales.docx.pdf\" target=\"_blank\" rel=\"noopener noreferrer\"><img loading=\"lazy\" class=\"alignright wp-image-429 size-full\" src=\"https:\/\/marfund.org\/en\/wp-content\/uploads\/2020\/12\/pdf.png\" alt=\"\" width=\"24\" height=\"24\" \/><\/a>Pol\u00edtica de Protecci\u00f3n contra la Explotaci\u00f3n, el Abuso y el Acoso Sexual<\/p>\n<p>[\/vc_column_text][\/vc_tta_section][vc_tta_section title=\u00bbLista de exclusi\u00f3n\u00bb tab_id=\u00bbListaExclusion\u00bb][vc_column_text]<\/p>\n<p style=\"padding-left: 40px;\"><a href=\"https:\/\/marfund.org\/es\/wp-content\/uploads\/2023\/02\/Lista-de-exclusion.pdf\" target=\"_blank\" rel=\"noopener noreferrer\"><img loading=\"lazy\" class=\"alignright wp-image-429 size-full\" src=\"https:\/\/marfund.org\/en\/wp-content\/uploads\/2020\/12\/pdf.png\" alt=\"\" width=\"24\" height=\"24\" \/><\/a>Lista de exclusi\u00f3n<\/p>\n<p>[\/vc_column_text][\/vc_tta_section][vc_tta_section title=\u00bbPol\u00edtica Ambiental y Social\u00bb tab_id=\u00bbPoliticaAmbiental\u00bb][vc_column_text]<\/p>\n<p style=\"padding-left: 40px;\"><a href=\"https:\/\/marfund.org\/es\/wp-content\/uploads\/2024\/08\/2.-Politica-Ambiental-y-Social-vf2024.pdf\" target=\"_blank\" rel=\"noopener noreferrer\"><img loading=\"lazy\" class=\"alignright wp-image-429 size-full\" src=\"https:\/\/marfund.org\/en\/wp-content\/uploads\/2020\/12\/pdf.png\" alt=\"\" width=\"24\" height=\"24\" \/><\/a>Pol\u00edtica Ambiental y Social<\/p>\n<p>[\/vc_column_text][\/vc_tta_section][vc_tta_section title=\u00bbResumen Legislaciones Nacionales\u00bb tab_id=\u00bbLegislacionesNacionales\u00bb][vc_column_text]<\/p>\n<p style=\"padding-left: 40px;\"><a href=\"https:\/\/marfund.org\/es\/wp-content\/uploads\/2023\/03\/1.-MARFund-Resumen-Legislaciones-Nacionales-2021-09-27.pdf\" target=\"_blank\" rel=\"noopener noreferrer\"><img loading=\"lazy\" class=\"alignright wp-image-429 size-full\" src=\"https:\/\/marfund.org\/en\/wp-content\/uploads\/2020\/12\/pdf.png\" alt=\"\" width=\"24\" height=\"24\" \/><\/a>Resumen Legislaciones Nacionales<\/p>\n<p>[\/vc_column_text][\/vc_tta_section][vc_tta_section title=\u00bbAutoridades Mar\u00edtimas en los pa\u00edses del SAM\u00bb tab_id=\u00bbAutoridadesMaritimas\u00bb][vc_column_text]<\/p>\n<p style=\"padding-left: 40px;\"><a href=\"https:\/\/marfund.org\/es\/wp-content\/uploads\/2023\/02\/AUTORIDADES-MARITIMAS-EN-LOS-PAISES-DEL-SAM.pdf\" target=\"_blank\" rel=\"noopener noreferrer\"><img loading=\"lazy\" class=\"alignright wp-image-429 size-full\" src=\"https:\/\/marfund.org\/en\/wp-content\/uploads\/2020\/12\/pdf.png\" alt=\"\" width=\"24\" height=\"24\" \/><\/a>Autoridades Mar\u00edtimas en los pa\u00edses del SAM<\/p>\n<p>[\/vc_column_text][\/vc_tta_section][vc_tta_section title=\u00bbSalvaguardas\u00bb tab_id=\u00bbSalvaguardas\u00bb][vc_row_inner][vc_column_inner width=\u00bb1\/3&#8243;][vc_single_image image=\u00bb5208&#8243; img_size=\u00bbfull\u00bb alignment=\u00bbcenter\u00bb onclick=\u00bbcustom_link\u00bb img_link_target=\u00bb_blank\u00bb link=\u00bbhttps:\/\/marfund.org\/es\/wp-content\/uploads\/2024\/08\/MF-SAS1-abril2024.pdf\u00bb][\/vc_column_inner][vc_column_inner width=\u00bb1\/3&#8243;][vc_single_image image=\u00bb5209&#8243; img_size=\u00bbfull\u00bb alignment=\u00bbcenter\u00bb onclick=\u00bbcustom_link\u00bb img_link_target=\u00bb_blank\u00bb link=\u00bbhttps:\/\/marfund.org\/en\/wp-content\/uploads\/2026\/02\/MF-SAS2_2026.docx.pdf\u00bb][\/vc_column_inner][vc_column_inner width=\u00bb1\/3&#8243;][vc_single_image image=\u00bb5210&#8243; img_size=\u00bbfull\u00bb alignment=\u00bbcenter\u00bb onclick=\u00bbcustom_link\u00bb link=\u00bbhttps:\/\/marfund.org\/es\/wp-content\/uploads\/2024\/08\/MF-SAS3-abril2024.pdf\u00bb][\/vc_column_inner][\/vc_row_inner][vc_row_inner][vc_column_inner width=\u00bb1\/3&#8243;][vc_single_image image=\u00bb5211&#8243; img_size=\u00bbfull\u00bb alignment=\u00bbcenter\u00bb onclick=\u00bbcustom_link\u00bb img_link_target=\u00bb_blank\u00bb link=\u00bbhttps:\/\/marfund.org\/es\/wp-content\/uploads\/2023\/03\/MF-SAS4.pdf\u00bb][\/vc_column_inner][vc_column_inner width=\u00bb1\/3&#8243;][vc_single_image image=\u00bb5212&#8243; img_size=\u00bbfull\u00bb alignment=\u00bbcenter\u00bb onclick=\u00bbcustom_link\u00bb img_link_target=\u00bb_blank\u00bb link=\u00bbhttps:\/\/marfund.org\/es\/wp-content\/uploads\/2023\/02\/MF-SAS5.pdf\u00bb][\/vc_column_inner][vc_column_inner width=\u00bb1\/3&#8243;][vc_single_image image=\u00bb5213&#8243; img_size=\u00bbfull\u00bb alignment=\u00bbcenter\u00bb onclick=\u00bbcustom_link\u00bb link=\u00bbhttps:\/\/marfund.org\/es\/wp-content\/uploads\/2024\/08\/MF-SAS6-abril2024.pdf\u00bb][\/vc_column_inner][\/vc_row_inner][vc_row_inner][vc_column_inner width=\u00bb1\/3&#8243;][vc_single_image image=\u00bb5214&#8243; img_size=\u00bbfull\u00bb alignment=\u00bbcenter\u00bb onclick=\u00bbcustom_link\u00bb img_link_target=\u00bb_blank\u00bb link=\u00bbhttps:\/\/marfund.org\/es\/wp-content\/uploads\/2023\/02\/MF-SAS7.pdf\u00bb][\/vc_column_inner][vc_column_inner width=\u00bb1\/3&#8243;][vc_single_image image=\u00bb5215&#8243; img_size=\u00bbfull\u00bb alignment=\u00bbcenter\u00bb onclick=\u00bbcustom_link\u00bb img_link_target=\u00bb_blank\u00bb link=\u00bbhttps:\/\/marfund.org\/es\/wp-content\/uploads\/2024\/08\/MF-SAS8-abril2024.pdf\u00bb][\/vc_column_inner][vc_column_inner width=\u00bb1\/3&#8243;][vc_single_image image=\u00bb5216&#8243; img_size=\u00bbfull\u00bb alignment=\u00bbcenter\u00bb onclick=\u00bbcustom_link\u00bb link=\u00bbhttps:\/\/marfund.org\/es\/wp-content\/uploads\/2023\/02\/MF-SAS9.pdf\u00bb][\/vc_column_inner][\/vc_row_inner][vc_row_inner][vc_column_inner width=\u00bb1\/3&#8243;][\/vc_column_inner][vc_column_inner width=\u00bb1\/3&#8243;][vc_single_image image=\u00bb5217&#8243; img_size=\u00bbfull\u00bb alignment=\u00bbcenter\u00bb onclick=\u00bbcustom_link\u00bb img_link_target=\u00bb_blank\u00bb link=\u00bbhttps:\/\/marfund.org\/es\/wp-content\/uploads\/2023\/03\/MF-SAS10.pdf\u00bb][\/vc_column_inner][vc_column_inner width=\u00bb1\/3&#8243;][\/vc_column_inner][\/vc_row_inner][\/vc_tta_section][vc_tta_section title=\u00bbVentana de procedimientos de gesti\u00f3n y evaluaci\u00f3n\u00bb tab_id=\u00bbProcedimientosEvaluacion\u00bb][vc_separator][vc_column_text]Esta secci\u00f3n describe los procedimientos de evaluaci\u00f3n y gesti\u00f3n de los riesgos e impactos ambientales y sociales que deben seguir los proyectos apoyados por MAR Fund<\/p>\n<p>El SGAS requiere que todas las propuestas presentadas a MAR Fund lleven a cabo un proceso de evaluaci\u00f3n ambiental y social para determinar sus riesgos e impactos potenciales, su categor\u00eda de riesgo (una de cuatro categor\u00edas posibles), la evaluaci\u00f3n ambiental y social requerida, y los probables instrumentos de salvaguardas que deber\u00e1n desarrollar. Este es un proceso colaborativo llevado a cabo a lo largo del ciclo de proyectos entre los proponentes\/beneficiarios y MAR Fund. Ambos tienen la responsabilidad compartida de evaluar y gestionar sistem\u00e1ticamente los aspectos ambientales y sociales de los proyectos para mejorar su sostenibilidad y evitar, reducir y mitigar sus riesgos e impactos ambientales y sociales adversos.<\/p>\n<p>La \u201cSAS 1: Evaluaci\u00f3n y Gesti\u00f3n de Riesgos e Impactos Ambientales y Sociales\u201d describe los requisitos y procedimientos de evaluaci\u00f3n y gesti\u00f3n ambiental y social de MAR Fund. Todas las propuestas de proyectos seguir\u00e1n el proceso ilustrado en la Figura 1: Evaluaci\u00f3n y gesti\u00f3n de riesgos e impactos a lo largo del ciclo de proyectos.<\/p>\n<p>Figura 1. Evaluaci\u00f3n y gesti\u00f3n de riesgos e impactos a lo largo del ciclo de proyectos[\/vc_column_text][vc_column_text]<img loading=\"lazy\" class=\"aligncenter wp-image-5271 size-full\" src=\"https:\/\/marfund.org\/es\/wp-content\/uploads\/2023\/02\/Figura-1-Evaluacion-y-gestion-de-riesgos-e-impactos-a-lo-largo-del-ciclo-de-proyectos.jpg\" alt=\"\" width=\"1280\" height=\"720\" srcset=\"https:\/\/marfund.org\/es\/wp-content\/uploads\/2023\/02\/Figura-1-Evaluacion-y-gestion-de-riesgos-e-impactos-a-lo-largo-del-ciclo-de-proyectos.jpg 1280w, https:\/\/marfund.org\/es\/wp-content\/uploads\/2023\/02\/Figura-1-Evaluacion-y-gestion-de-riesgos-e-impactos-a-lo-largo-del-ciclo-de-proyectos-300x169.jpg 300w, https:\/\/marfund.org\/es\/wp-content\/uploads\/2023\/02\/Figura-1-Evaluacion-y-gestion-de-riesgos-e-impactos-a-lo-largo-del-ciclo-de-proyectos-768x432.jpg 768w, https:\/\/marfund.org\/es\/wp-content\/uploads\/2023\/02\/Figura-1-Evaluacion-y-gestion-de-riesgos-e-impactos-a-lo-largo-del-ciclo-de-proyectos-1024x576.jpg 1024w\" sizes=\"(max-width: 1280px) 100vw, 1280px\" \/>[\/vc_column_text][\/vc_tta_section][vc_tta_section title=\u00bbHerramientas\u00bb tab_id=\u00bbherramientas\u00bb][vc_column_text]<\/p>\n<p style=\"padding-left: 40px;\"><a href=\"https:\/\/marfund.org\/es\/wp-content\/uploads\/2024\/08\/MARFUND-ES-CuestionarioAmbientalSocial-2022-02-02_Rev2024_VF.xlsx\" target=\"_blank\" rel=\"noopener noreferrer\"><img loading=\"lazy\" class=\"alignright wp-image-429 size-full\" src=\"https:\/\/marfund.org\/en\/wp-content\/uploads\/2022\/08\/excel-new.png\" alt=\"\" width=\"24\" height=\"24\" \/><\/a>Cuestionario Ambiental y Social<\/p>\n<p style=\"padding-left: 40px;\"><a href=\"https:\/\/marfund.org\/es\/wp-content\/uploads\/2023\/03\/3.-MF-PHF_Procedimientos-para-Hallazgos-Fortuitos.docx\" target=\"_blank\" rel=\"noopener noreferrer\"><img loading=\"lazy\" class=\"alignright wp-image-429 size-full\" src=\"https:\/\/marfund.org\/en\/wp-content\/uploads\/2020\/12\/word.png\" alt=\"\" width=\"24\" height=\"24\" \/><\/a>Procedimiento para Hallazgos Fortuitos<\/p>\n<p style=\"padding-left: 40px;\"><a href=\"https:\/\/fondosam.org\/nopublic\/\/CRMAC-Fase-III\/Espanol\/2da-Convocatoria\/8.-Anexo-4.-Plan-de-accion-ambiental-y-social_ed0.docx\" target=\"_blank\" rel=\"noopener noreferrer\"><img loading=\"lazy\" class=\"alignright wp-image-429 size-full\" src=\"https:\/\/marfund.org\/en\/wp-content\/uploads\/2020\/12\/word.png\" alt=\"\" width=\"24\" height=\"24\" \/><\/a>Plan de Acci\u00f3n Ambiental y Social (PAAS)<\/p>\n<p style=\"padding-left: 40px;\"><a href=\"https:\/\/marfund.org\/es\/wp-content\/uploads\/2023\/03\/5.-MF-CPAS-F_infraestructura-menor.docx\" target=\"_blank\" rel=\"noopener noreferrer\"><img loading=\"lazy\" class=\"alignright wp-image-429 size-full\" src=\"https:\/\/marfund.org\/en\/wp-content\/uploads\/2020\/12\/word.png\" alt=\"\" width=\"24\" height=\"24\" \/><\/a>C\u00f3digo de Pr\u00e1cticas Ambientales y Sociales (CPAS)<\/p>\n<p style=\"padding-left: 40px;\"><a href=\"https:\/\/marfund.org\/es\/wp-content\/uploads\/2023\/03\/4.-MF-EIAS_Evaluacion-de-Impacto-Ambiental-y-Social.docx\" target=\"_blank\" rel=\"noopener noreferrer\"><img loading=\"lazy\" class=\"alignright wp-image-429 size-full\" src=\"https:\/\/marfund.org\/en\/wp-content\/uploads\/2020\/12\/word.png\" alt=\"\" width=\"24\" height=\"24\" \/><\/a>Estudio de Impacto Ambiental y Social (EIAS)<\/p>\n<p style=\"padding-left: 40px;\"><a href=\"https:\/\/marfund.org\/es\/wp-content\/uploads\/2023\/03\/2.MF-DG_PAG-F.docx\" target=\"_blank\" rel=\"noopener noreferrer\"><img loading=\"lazy\" class=\"alignright wp-image-429 size-full\" src=\"https:\/\/marfund.org\/en\/wp-content\/uploads\/2020\/12\/word.png\" alt=\"\" width=\"24\" height=\"24\" \/><\/a>Plan de Acci\u00f3n de G\u00e9nero (PAG)<\/p>\n<p style=\"padding-left: 40px;\"><a href=\"https:\/\/marfund.org\/es\/wp-content\/uploads\/2023\/03\/7.-MF-MPF-F_Restriccion-de-acceso-\u2013-Restablecimiento-de-medios-de-vida-\u2013-Reasentamiento-limitado.docx\" target=\"_blank\" rel=\"noopener noreferrer\"><img loading=\"lazy\" class=\"alignright wp-image-429 size-full\" src=\"https:\/\/marfund.org\/en\/wp-content\/uploads\/2020\/12\/word.png\" alt=\"\" width=\"24\" height=\"24\" \/><\/a>Marco del Proceso (MP)<\/p>\n<p style=\"padding-left: 40px;\"><a href=\"https:\/\/marfund.org\/es\/wp-content\/uploads\/2023\/03\/1.MF-PPCAC-F_Plan-de-Participacion-y-Comunicacion-de-Actores-Claves.docx\" target=\"_blank\" rel=\"noopener noreferrer\"><img loading=\"lazy\" class=\"alignright wp-image-429 size-full\" src=\"https:\/\/marfund.org\/en\/wp-content\/uploads\/2020\/12\/word.png\" alt=\"\" width=\"24\" height=\"24\" \/><\/a>Plan de Participaci\u00f3n y Comunicaci\u00f3n con los Actores Claves (PPCAC)<\/p>\n<p>[\/vc_column_text][\/vc_tta_section][vc_tta_section title=\u00bbRecursos de apoyo\u00bb tab_id=\u00bbRecursosApoyo\u00bb][vc_column_text]<\/p>\n<p style=\"padding-left: 40px;\"><a href=\"https:\/\/youtu.be\/n75nRxE5e00\" target=\"_blank\" rel=\"noopener noreferrer\"><img loading=\"lazy\" class=\"alignright wp-image-429 size-full\" src=\"https:\/\/marfund.org\/en\/wp-content\/uploads\/2022\/01\/youtube-icon.png\" alt=\"\" width=\"24\" height=\"24\" \/><\/a><b>Instrucciones para el Cuestionario Ambiental y Social<\/b><\/p>\n<p>[\/vc_column_text][\/vc_tta_section][\/vc_tta_accordion][\/vc_column][vc_column width=\u00bb1\/12&#8243;][\/vc_column][\/vc_row][vc_section el_id=\u00bbquejas\u00bb][vc_row][vc_column][vc_separator][vc_empty_space][vc_custom_heading text=\u00bbMecanismo de Quejas de MAR Fund\u00bb font_container=\u00bbtag:h1|font_size:34|text_align:center\u00bb google_fonts=\u00bbfont_family:Roboto%3A100%2C100italic%2C300%2C300italic%2Cregular%2Citalic%2C500%2C500italic%2C700%2C700italic%2C900%2C900italic|font_style:900%20bold%20regular%3A900%3Anormal\u00bb el_id=\u00bbgrievance\u00bb][vc_column_text]El mecanismo de quejas de MAR Fund ofrece a cualquier persona que se sienta afectada negativamente por un proyecto o actividad apoyada por MAR Fund la oportunidad de presentar una queja y obtener una respuesta. MAR Fund se compromete a brindarle una respuesta dentro de los 25 d\u00edas h\u00e1biles siguientes a la recepci\u00f3n de su queja.<\/p>\n<p>Puede presentar una queja o reclamo a trav\u00e9s de cualquiera de los siguientes canales:[\/vc_column_text][vc_column_text]<\/p>\n<ul>\n<li>Llenar el formulario en l\u00ednea (<a href=\"https:\/\/forms.gle\/h4426SBJqrCk1hNfA\" target=\"_blank\" rel=\"noopener\">haga clic aqu\u00ed<\/a>).<\/li>\n<li>Enviar un correo electr\u00f3nico a la direcci\u00f3n <a href=\"mailto:quejas@marfund.org\" target=\"_blank\" rel=\"noopener\">quejas@marfund.org<\/a><\/li>\n<li>Llamar a este n\u00famero de tel\u00e9fono y\/o dejar un mensaje: +502 3047-1169<\/li>\n<li>Enviar un mensaje de WhatsApp a este n\u00famero: +502 3047-1169<\/li>\n<li>Descargar este <a href=\"https:\/\/marfund.org\/es\/wp-content\/uploads\/2023\/02\/Formulario_MecanismodeQuejas.docx\" target=\"_blank\" rel=\"noopener\">formulario<\/a>, completarlo y: 1) entregarlo al oficial de proyecto o al t\u00e9cnico responsable en campo, 2) enviarlo por correo postal a 22 avenida 0-59, Zona 15 Vista Hermosa II, Guatemala, Guatemala 01015, o 3) escanear o fotografiar el formulario completo y enviarlo por correo electr\u00f3nico a quejas@marfund.org o por WhatsApp: +502 3047-1169.<\/li>\n<\/ul>\n<p>Puede realizar denuncias an\u00f3nimas. En ese caso, MAR Fund tramitar\u00e1 la denuncia, e incluir\u00e1 los resultados de este proceso en la base de datos de informaci\u00f3n consolidada de denuncias tramitadas.[\/vc_column_text][\/vc_column][\/vc_row][\/vc_section]<\/p>\n<\/div>","protected":false},"excerpt":{"rendered":"<p>[vc_row][vc_column][vc_single_image image=\u00bb5183&#8243; img_size=\u00bbfull\u00bb alignment=\u00bbcenter\u00bb][vc_single_image image=\u00bb410&#8243; img_size=\u00bbfull\u00bb][\/vc_column][\/vc_row][vc_row][vc_column width=\u00bb1\/12&#8243;][\/vc_column][vc_column width=\u00bb10\/12&#8243;][vc_empty_space][vc_custom_heading text=\u00bbIntroducci\u00f3n\u00bb font_container=\u00bbtag:h1|font_size:34|text_align:center\u00bb google_fonts=\u00bbfont_family:Roboto%3A100%2C100italic%2C300%2C300italic%2Cregular%2Citalic%2C500%2C500italic%2C700%2C700italic%2C900%2C900italic|font_style:900%20bold%20regular%3A900%3Anormal\u00bb][vc_column_text]El Sistema de Gesti\u00f3n Ambiental y Social (SGAS) de MAR Fund busca garantizar que todas las subvenciones tengan un beneficio neto sustancial para el medio ambiente y las comunidades de la regi\u00f3n del Sistema Arrecifal Mesoamericano (SAM), para de esta forma evitar, minimizar y mitigar [&hellip;]<\/p>\n","protected":false},"author":1,"featured_media":0,"parent":0,"menu_order":0,"comment_status":"closed","ping_status":"closed","template":"template_events_fullwidth.php","meta":[],"_links":{"self":[{"href":"https:\/\/marfund.org\/es\/wp-json\/wp\/v2\/pages\/5179"}],"collection":[{"href":"https:\/\/marfund.org\/es\/wp-json\/wp\/v2\/pages"}],"about":[{"href":"https:\/\/marfund.org\/es\/wp-json\/wp\/v2\/types\/page"}],"author":[{"embeddable":true,"href":"https:\/\/marfund.org\/es\/wp-json\/wp\/v2\/users\/1"}],"replies":[{"embeddable":true,"href":"https:\/\/marfund.org\/es\/wp-json\/wp\/v2\/comments?post=5179"}],"version-history":[{"count":46,"href":"https:\/\/marfund.org\/es\/wp-json\/wp\/v2\/pages\/5179\/revisions"}],"predecessor-version":[{"id":10190,"href":"https:\/\/marfund.org\/es\/wp-json\/wp\/v2\/pages\/5179\/revisions\/10190"}],"wp:attachment":[{"href":"https:\/\/marfund.org\/es\/wp-json\/wp\/v2\/media?parent=5179"}],"curies":[{"name":"wp","href":"https:\/\/api.w.org\/{rel}","templated":true}]}}