{"id":4951,"date":"2022-11-21T17:18:30","date_gmt":"2022-11-21T23:18:30","guid":{"rendered":"https:\/\/marfund.org\/es\/?page_id=4951"},"modified":"2022-11-25T11:58:59","modified_gmt":"2022-11-25T17:58:59","slug":"fact-sheets-tecnicos","status":"publish","type":"page","link":"https:\/\/marfund.org\/es\/fact-sheets-tecnicos\/","title":{"rendered":"FACT SHEETS T\u00c9CNICOS"},"content":{"rendered":"<div class=\"wpb-content-wrapper\"><p>[vc_row][vc_column][vc_single_image image=\u00bb4970&#8243; img_size=\u00bbfull\u00bb alignment=\u00bbcenter\u00bb][\/vc_column][\/vc_row][vc_row][vc_column][vc_single_image image=\u00bb410&#8243; img_size=\u00bbfull\u00bb][vc_custom_heading text=\u00bbFact Sheet T\u00e9cnicos\u00bb font_container=\u00bbtag:h2|font_size:30|text_align:center\u00bb google_fonts=\u00bbfont_family:Roboto%3A100%2C100italic%2C300%2C300italic%2Cregular%2Citalic%2C500%2C500italic%2C700%2C700italic%2C900%2C900italic|font_style:700%20bold%20regular%3A700%3Anormal\u00bb][vc_empty_space][vc_separator][vc_empty_space][\/vc_column][\/vc_row][vc_row][vc_column width=\u00bb1\/12&#8243;][vc_column_text][\/vc_column_text][\/vc_column][vc_column width=\u00bb5\/6&#8243;][vc_column_text]<strong>Proyecto Regional Demostrativo para la Planeaci\u00f3n de Acciones contra la Enfermedad de P\u00e9rdida de Tejido en Corales Duros (EPTCD) <\/strong><\/p>\n<p style=\"text-align: justify;\"><a style=\"color: #ff0000;\" href=\"https:\/\/marfund.org\/es\/wp-content\/uploads\/2022\/11\/FactSheet-EPTCD-Esp_final.pdf\" target=\"_blank\" rel=\"noopener noreferrer\"><i  style=\"color:#dd3333; font-size:28px;\" class=\"fa fa-file-pdf-o \"><\/i><\/a><\/p>\n<hr \/>\n<p>[\/vc_column_text][vc_column_text]<strong>Ecosistema de manglar en la Ecorregi\u00f3n del Arrecife Mesoamericano (EAM): su conservaci\u00f3n, restauraci\u00f3n y monitoreo<\/strong><\/p>\n<p style=\"text-align: justify;\"><a style=\"color: #ff0000;\" href=\"https:\/\/marfund.org\/es\/wp-content\/uploads\/2022\/11\/FactSheet-MANGLARES-Esp_final.pdf\" target=\"_blank\" rel=\"noopener noreferrer\"><i  style=\"color:#dd3333; font-size:28px;\" class=\"fa fa-file-pdf-o \"><\/i><\/a><\/p>\n<hr \/>\n<p>[\/vc_column_text][vc_column_text]<strong>Red de Restauraci\u00f3n de Arrecifes del Sistema Arrecifal Mesoamericano (RRA-SAM)<\/strong><\/p>\n<p style=\"text-align: justify;\"><a style=\"color: #ff0000;\" href=\"https:\/\/marfund.org\/es\/wp-content\/uploads\/2022\/11\/FactSheet-RRA-SAM-Esp_final.pdf\" target=\"_blank\" rel=\"noopener noreferrer\"><i  style=\"color:#dd3333; font-size:28px;\" class=\"fa fa-file-pdf-o \"><\/i><\/a><\/p>\n<hr \/>\n<p>[\/vc_column_text][\/vc_column][vc_column width=\u00bb1\/12&#8243;][\/vc_column][\/vc_row]<\/p>\n<\/div>","protected":false},"excerpt":{"rendered":"<p>[vc_row][vc_column][vc_single_image image=\u00bb4970&#8243; img_size=\u00bbfull\u00bb alignment=\u00bbcenter\u00bb][\/vc_column][\/vc_row][vc_row][vc_column][vc_single_image image=\u00bb410&#8243; img_size=\u00bbfull\u00bb][vc_custom_heading text=\u00bbFact Sheet T\u00e9cnicos\u00bb font_container=\u00bbtag:h2|font_size:30|text_align:center\u00bb google_fonts=\u00bbfont_family:Roboto%3A100%2C100italic%2C300%2C300italic%2Cregular%2Citalic%2C500%2C500italic%2C700%2C700italic%2C900%2C900italic|font_style:700%20bold%20regular%3A700%3Anormal\u00bb][vc_empty_space][vc_separator][vc_empty_space][\/vc_column][\/vc_row][vc_row][vc_column width=\u00bb1\/12&#8243;][vc_column_text][\/vc_column_text][\/vc_column][vc_column width=\u00bb5\/6&#8243;][vc_column_text]Proyecto Regional Demostrativo para la Planeaci\u00f3n de Acciones contra la Enfermedad de P\u00e9rdida de Tejido en Corales Duros (EPTCD) [\/vc_column_text][vc_column_text]Ecosistema de manglar en la Ecorregi\u00f3n del Arrecife Mesoamericano (EAM): su conservaci\u00f3n, restauraci\u00f3n y monitoreo [\/vc_column_text][vc_column_text]Red de Restauraci\u00f3n de Arrecifes del Sistema Arrecifal Mesoamericano [&hellip;]<\/p>\n","protected":false},"author":1,"featured_media":0,"parent":0,"menu_order":0,"comment_status":"closed","ping_status":"closed","template":"template_events_fullwidth.php","meta":[],"_links":{"self":[{"href":"https:\/\/marfund.org\/es\/wp-json\/wp\/v2\/pages\/4951"}],"collection":[{"href":"https:\/\/marfund.org\/es\/wp-json\/wp\/v2\/pages"}],"about":[{"href":"https:\/\/marfund.org\/es\/wp-json\/wp\/v2\/types\/page"}],"author":[{"embeddable":true,"href":"https:\/\/marfund.org\/es\/wp-json\/wp\/v2\/users\/1"}],"replies":[{"embeddable":true,"href":"https:\/\/marfund.org\/es\/wp-json\/wp\/v2\/comments?post=4951"}],"version-history":[{"count":6,"href":"https:\/\/marfund.org\/es\/wp-json\/wp\/v2\/pages\/4951\/revisions"}],"predecessor-version":[{"id":4973,"href":"https:\/\/marfund.org\/es\/wp-json\/wp\/v2\/pages\/4951\/revisions\/4973"}],"wp:attachment":[{"href":"https:\/\/marfund.org\/es\/wp-json\/wp\/v2\/media?parent=4951"}],"curies":[{"name":"wp","href":"https:\/\/api.w.org\/{rel}","templated":true}]}}