{"id":491,"date":"2017-07-05T11:13:27","date_gmt":"2017-07-05T17:13:27","guid":{"rendered":"https:\/\/marfund.org\/es\/?page_id=491"},"modified":"2024-06-24T16:14:36","modified_gmt":"2024-06-24T22:14:36","slug":"gagga-programa-final","status":"publish","type":"page","link":"https:\/\/marfund.org\/es\/gagga-programa-final\/","title":{"rendered":"Global Alliance for Green and Gender Action (GAGGA)"},"content":{"rendered":"<div class=\"wpb-content-wrapper\"><p>[vc_row][vc_column][vc_single_image image=\u00bb969&#8243; img_size=\u00bbfull\u00bb alignment=\u00bbcenter\u00bb][vc_column_text]<strong>Global Alliance for Green and Gender Action (GAGGA)<\/strong><\/p>\n<p><strong>Peque\u00f1as donaciones para Centroam\u00e9rica<\/strong><\/p>\n<p><strong>Resumen<\/strong><\/p>\n<p>La Alianza Global para la Acci\u00f3n Verde y de G\u00e9nero (GAGGA por su nombre en ingl\u00e9s) es una iniciativa dirigida por el Fondo Centroamericano de Mujeres (FCAM) con la participaci\u00f3n de Both ENDS y Mama Cash como socios. El prop\u00f3sito de GAGGA es fortalecer y unificar las capacidades de los grupos de base para abogar por los derechos de las mujeres al agua, la seguridad alimentaria y un ambiente limpio, saludable y seguro.<\/p>\n<p>La iniciativa GAGGA se centra en prestar apoyo financiero flexible para que los grupos de base y movimientos sociales que abogan por los derechos de las mujeres y la justicia ambiental en todo el mundo puedan atender las necesidades espec\u00edficas de las mujeres y sus comunidades.<\/p>\n<p>El Fondo para el Sistema Arrecifal Mesoamericano (MAR Fund, por sus siglas en ingl\u00e9s) present\u00f3 una propuesta de proyecto a Both ENDS en el marco de la iniciativa GAGGA, para ser desarrollado en Guatemala y Honduras. Adem\u00e1s, el Fondo Tierra Viva (FTV), una ONG hondure\u00f1a con amplia experiencia en el desarrollo de capacidades de incidencia de grupos de base en Honduras, present\u00f3 un proyecto a Both ENDS. Las propuestas se aprobaron y MAR Fund firm\u00f3 un acuerdo de subvenci\u00f3n con Both ENDS para ambas iniciativas, con la responsabilidad de administrar los fondos para el FTV.<\/p>\n<p>En noviembre de 2016, el Fondo para el Sistema Arrecifal Mesoamericano lanz\u00f3 una convocatoria a propuestas de proyectos en el marco de la iniciativa GAGGA y la denomin\u00f3 \u201cApoyo y fortalecimiento de grupos de mujeres en la adaptaci\u00f3n al cambio clim\u00e1tico y la justicia ambiental en el Arrecife Mesoamericano (Honduras y Guatemala)\u201d. El objetivo de la convocatoria fue apoyar proyectos de grupos de base y organizaciones no gubernamentales en las \u00e1reas protegidas costeras y marinas prioritarias de estos dos pa\u00edses. Se aprobaron siete proyectos, cuatro de Guatemala y tres de Honduras. Todos ellos se implementaron desde marzo 2017 hasta febrero 2018.<\/p>\n<p>Los proyectos se centran en el desarrollo de acciones locales para la adaptaci\u00f3n al cambio clim\u00e1tico, as\u00ed como en la creaci\u00f3n de capacidad para fortalecer los derechos de las mujeres al acceso a bienes y servicios ambientales, sociales, culturales y econ\u00f3micos.<\/p>\n<p>El prop\u00f3sito de MAR Fund es contribuir, a trav\u00e9s de la iniciativa GAGGA, al desarrollo y aplicaci\u00f3n de herramientas para fortalecer las estrategias de resiliencia al cambio clim\u00e1tico y participar e influir en la toma de decisiones a nivel comunitario, municipal y nacional, a fin de dirigir acciones orientadas a la mejora de la calidad de vida.[\/vc_column_text][\/vc_column][\/vc_row][vc_row][vc_column][vc_column_text]<\/p>\n<h3><strong>Beneficiarios: <\/strong><\/h3>\n<p>[\/vc_column_text][vc_tta_accordion color=\u00bbgreen\u00bb active_section=\u00bb99&#8243; css_animation=\u00bbbounceIn\u00bb collapsible_all=\u00bbtrue\u00bb][vc_tta_section title=\u00bb1. Asociaci\u00f3n para la agricultura y pesca artesanal (AGRIPESCA)\u00bb tab_id=\u00bbAsociacionAGRIPESCA\u00bb][vc_column_text]<\/p>\n<p style=\"padding-left: 40px;\"><a href=\"#\" target=\"_blank\" rel=\"noopener noreferrer\"><img loading=\"lazy\" class=\"alignright wp-image-429 size-full\" src=\"https:\/\/marfund.org\/en\/wp-content\/uploads\/2020\/12\/image.png\" alt=\"\" width=\"24\" height=\"24\" \/><\/a><b>Mapa<\/b><\/p>\n<p style=\"padding-left: 40px;\"><b>T\u00edtulo del proyecto: <\/b>Mujeres dedicadas a la pesca artesanal, mejoran y diversifican su econom\u00eda.<\/p>\n<p style=\"padding-left: 40px;\"><b>Duraci\u00f3n del proyecto: <\/b>10 meses<\/p>\n<p style=\"padding-left: 40px;\"><b>Documentos<\/b><\/p>\n<p style=\"padding-left: 65px;\"><a href=\"https:\/\/marfund.org\/en\/wp-content\/uploads\/2020\/12\/Propuesta-Quetzalito_AGRIPESCA.pdf\" target=\"_blank\" rel=\"noopener noreferrer\"><img loading=\"lazy\" class=\"alignright wp-image-429 size-full\" src=\"https:\/\/marfund.org\/en\/wp-content\/uploads\/2020\/12\/pdf.png\" alt=\"\" width=\"24\" height=\"24\" \/><\/a>\u2022 Propuesta<\/p>\n<p style=\"padding-left: 65px;\">\u2022 Reportes<\/p>\n<p style=\"padding-left: 85px;\"><a href=\"https:\/\/marfund.org\/en\/wp-content\/uploads\/2020\/12\/Informe-T\u00e9cnico-Final-AGRIPESCA.pdf\" target=\"_blank\" rel=\"noopener noreferrer\"><img loading=\"lazy\" class=\"alignright wp-image-429 size-full\" src=\"https:\/\/marfund.org\/en\/wp-content\/uploads\/2020\/12\/pdf.png\" alt=\"\" width=\"24\" height=\"24\" \/><\/a>o Reporte final<\/p>\n<p>[\/vc_column_text][\/vc_tta_section][vc_tta_section title=\u00bb2. Alianza de Derecho Ambiental y Agua (ADA2)\u00bb tab_id=\u00bbAlianzaADA2&#8243;][vc_column_text]<\/p>\n<p style=\"padding-left: 40px;\"><a href=\"#\" target=\"_blank\" rel=\"noopener noreferrer\"><img loading=\"lazy\" class=\"alignright wp-image-429 size-full\" src=\"https:\/\/marfund.org\/en\/wp-content\/uploads\/2020\/12\/image.png\" alt=\"\" width=\"24\" height=\"24\" \/><\/a><b>Mapa<\/b><\/p>\n<p style=\"padding-left: 40px;\"><b>T\u00edtulo del proyecto: <\/b>Creaci\u00f3n del Foro Permanente de Justicia Ambiental para la Costa Caribe de Guatemala.<\/p>\n<p style=\"padding-left: 40px;\"><b>Duraci\u00f3n del Proyecto: <\/b>ocho meses<\/p>\n<p style=\"padding-left: 40px;\"><b>Documentos<\/b><\/p>\n<p style=\"padding-left: 65px;\"><a href=\"https:\/\/marfund.org\/en\/wp-content\/uploads\/2020\/12\/Propuesta-de-Proyecto-FORO-DE-JUSTICIA-AMBIENTAL-ADA-GUATEMALA.pdf\" target=\"_blank\" rel=\"noopener noreferrer\"><img loading=\"lazy\" class=\"alignright wp-image-429 size-full\" src=\"https:\/\/marfund.org\/en\/wp-content\/uploads\/2020\/12\/pdf.png\" alt=\"\" width=\"24\" height=\"24\" \/><\/a>\u2022 Propuesta<\/p>\n<p style=\"padding-left: 65px;\">\u2022 Reportes<\/p>\n<p style=\"padding-left: 85px;\"><a href=\"https:\/\/marfund.org\/en\/wp-content\/uploads\/2020\/12\/INFORME-TECNICO-FINAL-ADA2-.pdf\" target=\"_blank\" rel=\"noopener noreferrer\"><img loading=\"lazy\" class=\"alignright wp-image-429 size-full\" src=\"https:\/\/marfund.org\/en\/wp-content\/uploads\/2020\/12\/pdf.png\" alt=\"\" width=\"24\" height=\"24\" \/><\/a>o Reporte final<\/p>\n<p>[\/vc_column_text][\/vc_tta_section][vc_tta_section title=\u00bb3. Asociaci\u00f3n Ak\u2019Tenamit\u00bb tab_id=\u00bbAsociacionAkTenamit\u00bb][vc_column_text]<\/p>\n<p style=\"padding-left: 40px;\"><a href=\"#\" target=\"_blank\" rel=\"noopener noreferrer\"><img loading=\"lazy\" class=\"alignright wp-image-429 size-full\" src=\"https:\/\/marfund.org\/en\/wp-content\/uploads\/2020\/12\/image.png\" alt=\"\" width=\"24\" height=\"24\" \/><\/a><b>Mapa<\/b><\/p>\n<p style=\"padding-left: 40px;\"><b>T\u00edtulo del proyecto:\u00a0<\/b>Fortalecimiento de capacidades a mujeres Q\u2019eqchi\u2019 y grupo de mujeres Gar\u00edfunas lideresas como estrategia para fomentar la gesti\u00f3n sostenible de los recursos naturales en la Zona de Usos M\u00faltiples R\u00edo Sarst\u00fan.<\/p>\n<p style=\"padding-left: 40px;\"><b>Duraci\u00f3n del Proyecto: <\/b>10 meses<\/p>\n<p style=\"padding-left: 40px;\"><b>Documentos<\/b><\/p>\n<p style=\"padding-left: 65px;\"><a href=\"https:\/\/marfund.org\/en\/wp-content\/uploads\/2020\/12\/Propuesta-Asociaci\u00f3n-Ak-Tenami-Version-Final.pdf\" target=\"_blank\" rel=\"noopener noreferrer\"><img loading=\"lazy\" class=\"alignright wp-image-429 size-full\" src=\"https:\/\/marfund.org\/en\/wp-content\/uploads\/2020\/12\/pdf.png\" alt=\"\" width=\"24\" height=\"24\" \/><\/a>\u2022 Propuesta<\/p>\n<p style=\"padding-left: 65px;\">\u2022 Reportes<\/p>\n<p style=\"padding-left: 85px;\"><a href=\"https:\/\/marfund.org\/en\/wp-content\/uploads\/2020\/12\/Informe-T\u00e9cnico-final-Ak-Tenamit.pdf\" target=\"_blank\" rel=\"noopener noreferrer\"><img loading=\"lazy\" class=\"alignright wp-image-429 size-full\" src=\"https:\/\/marfund.org\/en\/wp-content\/uploads\/2020\/12\/pdf.png\" alt=\"\" width=\"24\" height=\"24\" \/><\/a>o Reporte final<\/p>\n<p style=\"padding-left: 85px;\"><a href=\"https:\/\/marfund.org\/en\/wp-content\/uploads\/2020\/12\/GUIA-METODOLOGICO-DIPLOMADO-AK-TENAMIT.pdf\" target=\"_blank\" rel=\"noopener noreferrer\"><img loading=\"lazy\" class=\"alignright wp-image-429 size-full\" src=\"https:\/\/marfund.org\/en\/wp-content\/uploads\/2020\/12\/pdf.png\" alt=\"\" width=\"24\" height=\"24\" \/><\/a>o Gu\u00eda metodol\u00f3gica de aprendizaje para fortalecer el eco desarrollo de las comunidades locales dentro de las \u00e1reas protegidas<\/p>\n<p>[\/vc_column_text][\/vc_tta_section][vc_tta_section title=\u00bb4. Asociaci\u00f3n Multicultural de Mujeres para el Desarrollo Integral y Sostenible (AMMUDIS)\u00bb tab_id=\u00bbAsociacionAMMUDIS\u00bb][vc_column_text]<\/p>\n<p style=\"padding-left: 40px;\"><a href=\"#\" target=\"_blank\" rel=\"noopener noreferrer\"><img loading=\"lazy\" class=\"alignright wp-image-429 size-full\" src=\"https:\/\/marfund.org\/en\/wp-content\/uploads\/2020\/12\/image.png\" alt=\"\" width=\"24\" height=\"24\" \/><\/a><b>Mapa<\/b><\/p>\n<p style=\"padding-left: 40px;\"><b>T\u00edtulo del Proyecto:\u00a0<\/b>Construyendo comunidades costeras resilientes al cambio clim\u00e1tico con participaci\u00f3n de mujeres de la Regi\u00f3n Sarst\u00fan.<\/p>\n<p style=\"padding-left: 40px;\"><b>Duraci\u00f3n del Proyecto: <\/b>nueve meses<\/p>\n<p style=\"padding-left: 40px;\"><b>Documentos<\/b><\/p>\n<p style=\"padding-left: 65px;\"><a href=\"https:\/\/marfund.org\/en\/wp-content\/uploads\/2020\/12\/Propuesta-AMMUDIS.pdf\" target=\"_blank\" rel=\"noopener noreferrer\"><img loading=\"lazy\" class=\"alignright wp-image-429 size-full\" src=\"https:\/\/marfund.org\/en\/wp-content\/uploads\/2020\/12\/pdf.png\" alt=\"\" width=\"24\" height=\"24\" \/><\/a>\u2022 Propuesta<\/p>\n<p style=\"padding-left: 65px;\">\u2022 Reportes<\/p>\n<p style=\"padding-left: 85px;\"><a href=\"https:\/\/marfund.org\/en\/wp-content\/uploads\/2020\/12\/INFORME-TECNICO-FINAL_AMMUDIS.pdf\" target=\"_blank\" rel=\"noopener noreferrer\"><img loading=\"lazy\" class=\"alignright wp-image-429 size-full\" src=\"https:\/\/marfund.org\/en\/wp-content\/uploads\/2020\/12\/pdf.png\" alt=\"\" width=\"24\" height=\"24\" \/><\/a>o Reporte final<\/p>\n<p style=\"padding-left: 85px;\"><a href=\"https:\/\/marfund.org\/en\/wp-content\/uploads\/2020\/12\/04-PLAN-DE-CAPACITACION-PROMOTORAS.pdf\" target=\"_blank\" rel=\"noopener noreferrer\"><img loading=\"lazy\" class=\"alignright wp-image-429 size-full\" src=\"https:\/\/marfund.org\/en\/wp-content\/uploads\/2020\/12\/pdf.png\" alt=\"\" width=\"24\" height=\"24\" \/><\/a>o Plan de Capacitaci\u00f3n Promotoras<\/p>\n<p>[\/vc_column_text][\/vc_tta_section][vc_tta_section title=\u00bb5. Cuerpos de Conservaci\u00f3n Omoa (CCO)\u00bb tab_id=\u00bbCuerposConservacionOmoa\u00bb][vc_column_text]<\/p>\n<p style=\"padding-left: 40px;\"><a href=\"#\" target=\"_blank\" rel=\"noopener noreferrer\"><img loading=\"lazy\" class=\"alignright wp-image-429 size-full\" src=\"https:\/\/marfund.org\/en\/wp-content\/uploads\/2020\/12\/image.png\" alt=\"\" width=\"24\" height=\"24\" \/><\/a><b>Mapa<\/b><\/p>\n<p style=\"padding-left: 40px;\"><b>T\u00edtulo del Proyecto:\u00a0<\/b>Visibilizando el rol de las mujeres en procesos de incidencia, en la gesti\u00f3n y auto sostenibilidad de grupos comunitarios en defensa de los recursos naturales y del derecho al agua.<\/p>\n<p style=\"padding-left: 40px;\"><b>Duraci\u00f3n del Proyectot: <\/b>10 meses<\/p>\n<p style=\"padding-left: 40px;\"><b>Documentos<\/b><\/p>\n<p style=\"padding-left: 65px;\"><a href=\"https:\/\/marfund.org\/en\/wp-content\/uploads\/2020\/12\/Propuesta-CCO-Version-Final.pdf\" target=\"_blank\" rel=\"noopener noreferrer\"><img loading=\"lazy\" class=\"alignright wp-image-429 size-full\" src=\"https:\/\/marfund.org\/en\/wp-content\/uploads\/2020\/12\/pdf.png\" alt=\"\" width=\"24\" height=\"24\" \/><\/a>\u2022 Propuesta<\/p>\n<p style=\"padding-left: 65px;\">\u2022 Reportes<\/p>\n<p style=\"padding-left: 85px;\"><a href=\"https:\/\/marfund.org\/en\/wp-content\/uploads\/2020\/12\/Informe-T\u00e9cnico-Final_CCO.pdf\" target=\"_blank\" rel=\"noopener noreferrer\"><img loading=\"lazy\" class=\"alignright wp-image-429 size-full\" src=\"https:\/\/marfund.org\/en\/wp-content\/uploads\/2020\/12\/pdf.png\" alt=\"\" width=\"24\" height=\"24\" \/><\/a>o Reporte Final<\/p>\n<p>[\/vc_column_text][\/vc_tta_section][vc_tta_section title=\u00bb6. Organizaci\u00f3n de Desarrollo \u00c9tnico Comunitario (ODECO)\u00bb tab_id=\u00bbOrganizacionODECO\u00bb][vc_column_text]<\/p>\n<p style=\"padding-left: 40px;\"><a href=\"#\" target=\"_blank\" rel=\"noopener noreferrer\"><img loading=\"lazy\" class=\"alignright wp-image-429 size-full\" src=\"https:\/\/marfund.org\/en\/wp-content\/uploads\/2020\/12\/image.png\" alt=\"\" width=\"24\" height=\"24\" \/><\/a><b>Mapa<\/b><\/p>\n<p style=\"padding-left: 40px;\"><b>T\u00edtulo del Proyecto: <\/b>Diplomado sobre Liderazgo de Mujeres Afro hondure\u00f1as por la defensa del Territorio frente al cambio clim\u00e1tico.<\/p>\n<p style=\"padding-left: 40px;\"><b>Duraci\u00f3n del Proyecto: <\/b>nueve meses<\/p>\n<p style=\"padding-left: 40px;\"><b>Documentos<\/b><\/p>\n<p style=\"padding-left: 65px;\"><a href=\"https:\/\/marfund.org\/en\/wp-content\/uploads\/2020\/12\/Propuesta-ODECO-Versi\u00f3n-Final.pdf\" target=\"_blank\" rel=\"noopener noreferrer\"><img loading=\"lazy\" class=\"alignright wp-image-429 size-full\" src=\"https:\/\/marfund.org\/en\/wp-content\/uploads\/2020\/12\/pdf.png\" alt=\"\" width=\"24\" height=\"24\" \/><\/a>\u2022 Propuesta<\/p>\n<p style=\"padding-left: 65px;\">\u2022 Reportes<\/p>\n<p style=\"padding-left: 85px;\"><a href=\"https:\/\/marfund.org\/en\/wp-content\/uploads\/2020\/12\/Informe-Final_ODECO.pdf\" target=\"_blank\" rel=\"noopener noreferrer\"><img loading=\"lazy\" class=\"alignright wp-image-429 size-full\" src=\"https:\/\/marfund.org\/en\/wp-content\/uploads\/2020\/12\/pdf.png\" alt=\"\" width=\"24\" height=\"24\" \/><\/a>o Reporte Final<\/p>\n<p>[\/vc_column_text][\/vc_tta_section][vc_tta_section title=\u00bb7. Medicusmundi\u00bb tab_id=\u00bbMedicusmundi\u00bb][vc_column_text]<\/p>\n<p style=\"padding-left: 40px;\"><a href=\"#\" target=\"_blank\" rel=\"noopener noreferrer\"><img loading=\"lazy\" class=\"alignright wp-image-429 size-full\" src=\"https:\/\/marfund.org\/en\/wp-content\/uploads\/2020\/12\/image.png\" alt=\"\" width=\"24\" height=\"24\" \/><\/a><b>Mapa<\/b><\/p>\n<p style=\"padding-left: 40px;\"><b>T\u00edtulo del Proyecto:\u00a0<\/b>Fortalecimiento del liderazgo de las mujeres, con \u00e9nfasis en incidencia pol\u00edtica, justicia ambiental y sus derechos.<\/p>\n<p style=\"padding-left: 40px;\"><b>Duraci\u00f3n del Proyecto: <\/b>nueve meses<\/p>\n<p style=\"padding-left: 40px;\"><b>Documentos<\/b><\/p>\n<p style=\"padding-left: 65px;\"><a href=\"https:\/\/marfund.org\/en\/wp-content\/uploads\/2020\/12\/Proyecto-Medicus-Mundi-Version-Final.pdf\" target=\"_blank\" rel=\"noopener noreferrer\"><img loading=\"lazy\" class=\"alignright wp-image-429 size-full\" src=\"https:\/\/marfund.org\/en\/wp-content\/uploads\/2020\/12\/pdf.png\" alt=\"\" width=\"24\" height=\"24\" \/><\/a>\u2022 Propuesta<\/p>\n<p style=\"padding-left: 65px;\">\u2022 Reportes<\/p>\n<p style=\"padding-left: 85px;\"><a href=\"https:\/\/marfund.org\/en\/wp-content\/uploads\/2020\/12\/Informe-final-Medicusmundi.pdf\" target=\"_blank\" rel=\"noopener noreferrer\"><img loading=\"lazy\" class=\"alignright wp-image-429 size-full\" src=\"https:\/\/marfund.org\/en\/wp-content\/uploads\/2020\/12\/pdf.png\" alt=\"\" width=\"24\" height=\"24\" \/><\/a>o Reporte final<\/p>\n<p>[\/vc_column_text][\/vc_tta_section][\/vc_tta_accordion][\/vc_column][\/vc_row]<\/p>\n<\/div>","protected":false},"excerpt":{"rendered":"<p>[vc_row][vc_column][vc_single_image image=\u00bb969&#8243; img_size=\u00bbfull\u00bb alignment=\u00bbcenter\u00bb][vc_column_text]Global Alliance for Green and Gender Action (GAGGA) Peque\u00f1as donaciones para Centroam\u00e9rica Resumen La Alianza Global para la Acci\u00f3n Verde y de G\u00e9nero (GAGGA por su nombre en ingl\u00e9s) es una iniciativa dirigida por el Fondo Centroamericano de Mujeres (FCAM) con la participaci\u00f3n de Both ENDS y Mama Cash como socios. El [&hellip;]<\/p>\n","protected":false},"author":1,"featured_media":0,"parent":0,"menu_order":0,"comment_status":"closed","ping_status":"closed","template":"template_events_fullwidth.php","meta":[],"_links":{"self":[{"href":"https:\/\/marfund.org\/es\/wp-json\/wp\/v2\/pages\/491"}],"collection":[{"href":"https:\/\/marfund.org\/es\/wp-json\/wp\/v2\/pages"}],"about":[{"href":"https:\/\/marfund.org\/es\/wp-json\/wp\/v2\/types\/page"}],"author":[{"embeddable":true,"href":"https:\/\/marfund.org\/es\/wp-json\/wp\/v2\/users\/1"}],"replies":[{"embeddable":true,"href":"https:\/\/marfund.org\/es\/wp-json\/wp\/v2\/comments?post=491"}],"version-history":[{"count":17,"href":"https:\/\/marfund.org\/es\/wp-json\/wp\/v2\/pages\/491\/revisions"}],"predecessor-version":[{"id":6131,"href":"https:\/\/marfund.org\/es\/wp-json\/wp\/v2\/pages\/491\/revisions\/6131"}],"wp:attachment":[{"href":"https:\/\/marfund.org\/es\/wp-json\/wp\/v2\/media?parent=491"}],"curies":[{"name":"wp","href":"https:\/\/api.w.org\/{rel}","templated":true}]}}