{"id":386,"date":"2017-06-28T10:48:13","date_gmt":"2017-06-28T16:48:13","guid":{"rendered":"https:\/\/marfund.org\/es\/?page_id=386"},"modified":"2026-04-27T12:05:14","modified_gmt":"2026-04-27T18:05:14","slug":"oportunidades-trabajo","status":"publish","type":"page","link":"https:\/\/marfund.org\/es\/oportunidades-trabajo\/","title":{"rendered":"Oportunidades de trabajo"},"content":{"rendered":"<div class=\"wpb-content-wrapper\"><p>[vc_row][vc_column][vc_single_image image=\u00bb385&#8243; img_size=\u00bbfull\u00bb alignment=\u00bbcenter\u00bb][\/vc_column][\/vc_row][vc_row][vc_column][vc_empty_space][vc_separator][vc_empty_space][vc_column_text]<\/p>\n<h3><strong>CONSIDERACIONES:\u00a0 <\/strong><\/h3>\n<ul>\n<li>MAR Fund es una organizaci\u00f3n comprometida con la equidad y la diversidad en el lugar de trabajo. Nuestra pol\u00edtica de empleo garantiza que todas las decisiones \u2014desde la contrataci\u00f3n hasta el desarrollo profesional\u2014 se basan en el m\u00e9rito y las calificaciones individuales. Tenemos una pol\u00edtica de cero tolerancia a cualquier forma de discriminaci\u00f3n o acoso. Como organizaci\u00f3n dedicada a la conservaci\u00f3n, restauraci\u00f3n y uso sostenible de los ecosistemas marinos y costeros del Arrecife Mesoamericano, buscamos integrar perspectivas diversas y fomentamos la participaci\u00f3n de candidatos de todos los sectores y trasfondos sociales para fortalecer nuestra misi\u00f3n.<\/li>\n<li>Los proponentes deber\u00e1n asumir todos los costos asociados con la elaboraci\u00f3n y la presentaci\u00f3n de las propuestas que someter\u00e1n a evaluaci\u00f3n de MAR Fund en el marco de la\/las presente(s) convocatoria(s), por lo que reconocen que no existe obligaci\u00f3n alguna por parte de MAR Fund de cubrir dichos costos &#8211; ya sea total o parcialmente &#8211; ni de proporcionar ning\u00fan anticipo o compensaci\u00f3n en caso de que su(s) propuesta(s) no resulte elegida(s).<\/li>\n<li>Los proponentes reconocen y aceptan que la elaboraci\u00f3n de la\/las propuesta(s) no constituye una obligaci\u00f3n financiera por parte de MAR Fund, por lo que la responsabilidad econ\u00f3mica y financiera de la elaboraci\u00f3n de la(s) propuesta(s) es exclusivamente del\/los proponente(s), independientemente del resultado del proceso de selecci\u00f3n.<\/li>\n<li>El proceso de selecci\u00f3n se desarrollar\u00e1 de acuerdo a los lineamientos internos de evaluaci\u00f3n de MAR Fund y el resultado que emane del mismo ser\u00e1 inapelable.<\/li>\n<li>Solo los proponentes que pasen a la siguiente etapa del proceso de selecci\u00f3n ser\u00e1n contactados y debido al n\u00famero de solicitudes MAR Fund no dar\u00e1 retroalimentaci\u00f3n a los postulantes.<\/li>\n<\/ul>\n<p>[\/vc_column_text][\/vc_column][\/vc_row][vc_row][vc_column][vc_column_text]<\/p>\n<p>[\/vc_column_text][\/vc_column][\/vc_row][vc_row][vc_column][vc_tta_accordion section_title_tag=\u00bbh3&#8243; style=\u00bbmodern\u00bb color=\u00bbturquoise\u00bb spacing=\u00bb5&#8243; gap=\u00bb5&#8243; active_section=\u00bb99&#8243; collapsible_all=\u00bbtrue\u00bb][vc_tta_section title=\u00bbAnuncio de adjudicaci\u00f3n del contrato &#8211; Proyecto: Protecci\u00f3n de los recursos mar\u00edtimos en Am\u00e9rica Central III (Fase III) BMZ-No. 2017.6892.8&#8243; tab_id=\u00bbAnunciodeadjudicaciondelcontrato\u00bb][vc_row_inner][vc_column_inner width=\u00bb2\/12&#8243;][vc_single_image image=\u00bb391&#8243; img_size=\u00bbfull\u00bb][\/vc_column_inner][vc_column_inner width=\u00bb9\/12&#8243;][vc_empty_space][vc_column_text]<span style=\"font-size: 18pt;\"><strong>Anuncio de adjudicaci\u00f3n del contrato<br \/>\nProyecto: Protecci\u00f3n de los recursos mar\u00edtimos en Am\u00e9rica Central III (Fase III)<br \/>\nBMZ-No. 2017.6892.8<br \/>\n<\/strong><\/span><br \/>\n[\/vc_column_text][vc_column_text]En atenci\u00f3n a lo indicado en el numeral 43.2 de la SDO-001-MARFund-FIII-2025, se procede a notificar y publicar la adjudicaci\u00f3n del contrato resultante, detallando la siguiente informaci\u00f3n:<\/p>\n<p><strong>a) Nombre y direcci\u00f3n del Contratante: Mesoamerican Reef Fund Inc. (MAR Fund)<\/strong><\/p>\n<p style=\"padding-left: 40px;\">22 Avenida 0-59 zona 15 Vista Hermosa II, Guatemala Ciudad 01015<\/p>\n<p style=\"padding-left: 40px;\">(502) 2369-3188<\/p>\n<p><strong>b) Nombre, n\u00famero de referencia del Contrato que se est\u00e1 adjudicando y el m\u00e9todo de selecci\u00f3n utilizado:<\/strong><\/p>\n<ul>\n<li><strong>T\u00edtulo del contrato: <\/strong>Contrato de servicios de Auditor\u00eda Externa para el Proyecto \u201cProtecci\u00f3n de los recursos mar\u00edtimos en Am\u00e9rica Central III\u201d para los per\u00edodos de enero a diciembre de los a\u00f1os 2025-2026\u201d.<\/li>\n<li><strong>C<\/strong><strong>ontrato No.<\/strong>: SMF-006-2026<\/li>\n<li><strong>M\u00e9todo de selecci\u00f3n utilizado: <\/strong>Servicios de No-Consultor\u00eda \/ Convocatoria Regional (CR) \/ Licitaci\u00f3n p\u00fablica nacional (LPN)<\/li>\n<\/ul>\n<p>c) Nombres de todos los licitantes que presentaron ofertas, con sus respectivos precios tal y como se leyeron en voz alta en el acto de apertura de ofertas y como se evaluaron:[\/vc_column_text][vc_column_text]<img loading=\"lazy\" width=\"589\" height=\"162\" class=\"alignnone size-medium wp-image-10310 aligncenter\" src=\"https:\/\/marfund.org\/es\/wp-content\/uploads\/2026\/04\/postulantes-2026.png\" alt=\"\" srcset=\"https:\/\/marfund.org\/es\/wp-content\/uploads\/2026\/04\/postulantes-2026.png 589w, https:\/\/marfund.org\/es\/wp-content\/uploads\/2026\/04\/postulantes-2026-300x83.png 300w\" sizes=\"(max-width: 589px) 100vw, 589px\" \/>[\/vc_column_text][vc_column_text]d) Nombres de los licitantes cuyas ofertas fueron rechazadas, con los motivos correspondientes:[\/vc_column_text][vc_column_text]<img loading=\"lazy\" width=\"589\" height=\"127\" class=\"wp-image-10309 size-medium aligncenter\" src=\"https:\/\/marfund.org\/es\/wp-content\/uploads\/2026\/04\/postulante-rechazado-2026.png\" alt=\"\" srcset=\"https:\/\/marfund.org\/es\/wp-content\/uploads\/2026\/04\/postulante-rechazado-2026.png 589w, https:\/\/marfund.org\/es\/wp-content\/uploads\/2026\/04\/postulante-rechazado-2026-300x65.png 300w\" sizes=\"(max-width: 589px) 100vw, 589px\" \/>[\/vc_column_text][vc_column_text]Nombre y pa\u00eds del licitante seleccionado, el precio final total del Contrato, su duraci\u00f3n y un resumen de su alcance:<\/p>\n<ul>\n<li><strong>Nombre de licitante: <\/strong>Manuel Cervantes y Asociados, S. C.<\/li>\n<li><strong>Pa<\/strong><strong>\u00ed<\/strong><strong>s<\/strong><strong>: <\/strong>Guatemala<\/li>\n<li><strong>V<\/strong><strong>a<\/strong><strong>lor del Contrato: <\/strong>ochenta y ocho mil quinientos d\u00f3lares (US$88,500.00)<\/li>\n<li><strong>Fechas de entrada en vigor y de expiraci\u00f3n del Contrato: <\/strong>del 15 de abril 2026 al 14 de junio 2027.<\/li>\n<li><strong>Resumen de su alcance: <\/strong>La firma seleccionada realizar\u00e1 la auditor\u00eda financiera externa de los fondos del proyecto financiado por el KfW, asegurando el cumplimiento de las normas internacionales de auditor\u00eda (ISAE 3000) y verificando la elegibilidad de los gastos en los cuatro pa\u00edses de ejecuci\u00f3n (M\u00e9xico, Belice, Guatemala y Honduras).<\/li>\n<\/ul>\n<p>f) Link de publicaci\u00f3n SDO: <a href=\"https:\/\/drive.google.com\/file\/d\/1iJC25PdmJsCqbu5ygv1D30DAW5Odse6C\/view?usp=drive_link\">1_SDO-NC-Documento-de-Adquisiciones_auditorias 2025-2026_(MAR Fund) <\/a><\/p>\n<p><strong>Fecha de publicaci\u00f3n: <\/strong>27 de abril 2026[\/vc_column_text][vc_empty_space height=\u00bb5px\u00bb][vc_btn title=\u00bbAviso de adjudicaci\u00f3n de contrato, clic aqu\u00ed.\u00bb color=\u00bbviolet\u00bb i_icon_fontawesome=\u00bbfar fa-file-pdf\u00bb add_icon=\u00bbtrue\u00bb link=\u00bburl:https%3A%2F%2Fmarfund.org%2Fes%2Fwp-content%2Fuploads%2F2026%2F04%2FAnuncio-Notificacion-de-la-adjudicacion-del-contrato_vf-1.pdf|target:_blank\u00bb el_id=\u00bbAsistentePPD\u00bb][\/vc_column_inner][vc_column_inner width=\u00bb1\/12&#8243;][\/vc_column_inner][\/vc_row_inner][\/vc_tta_section][\/vc_tta_accordion][\/vc_column][\/vc_row]<\/p>\n<\/div>","protected":false},"excerpt":{"rendered":"<p>[vc_row][vc_column][vc_single_image image=\u00bb385&#8243; img_size=\u00bbfull\u00bb alignment=\u00bbcenter\u00bb][\/vc_column][\/vc_row][vc_row][vc_column][vc_empty_space][vc_separator][vc_empty_space][vc_column_text] CONSIDERACIONES:\u00a0 MAR Fund es una organizaci\u00f3n comprometida con la equidad y la diversidad en el lugar de trabajo. Nuestra pol\u00edtica de empleo garantiza que todas las decisiones \u2014desde la contrataci\u00f3n hasta el desarrollo profesional\u2014 se basan en el m\u00e9rito y las calificaciones individuales. Tenemos una pol\u00edtica de cero tolerancia a cualquier [&hellip;]<\/p>\n","protected":false},"author":1,"featured_media":0,"parent":0,"menu_order":0,"comment_status":"closed","ping_status":"closed","template":"template_events_fullwidth.php","meta":[],"_links":{"self":[{"href":"https:\/\/marfund.org\/es\/wp-json\/wp\/v2\/pages\/386"}],"collection":[{"href":"https:\/\/marfund.org\/es\/wp-json\/wp\/v2\/pages"}],"about":[{"href":"https:\/\/marfund.org\/es\/wp-json\/wp\/v2\/types\/page"}],"author":[{"embeddable":true,"href":"https:\/\/marfund.org\/es\/wp-json\/wp\/v2\/users\/1"}],"replies":[{"embeddable":true,"href":"https:\/\/marfund.org\/es\/wp-json\/wp\/v2\/comments?post=386"}],"version-history":[{"count":270,"href":"https:\/\/marfund.org\/es\/wp-json\/wp\/v2\/pages\/386\/revisions"}],"predecessor-version":[{"id":10319,"href":"https:\/\/marfund.org\/es\/wp-json\/wp\/v2\/pages\/386\/revisions\/10319"}],"wp:attachment":[{"href":"https:\/\/marfund.org\/es\/wp-json\/wp\/v2\/media?parent=386"}],"curies":[{"name":"wp","href":"https:\/\/api.w.org\/{rel}","templated":true}]}}