{"id":3778,"date":"2021-04-16T09:01:22","date_gmt":"2021-04-16T15:01:22","guid":{"rendered":"https:\/\/marfund.org\/es\/?page_id=3778"},"modified":"2021-11-23T12:14:35","modified_gmt":"2021-11-23T18:14:35","slug":"agua-limpia-para-el-arrecife","status":"publish","type":"page","link":"https:\/\/marfund.org\/es\/agua-limpia-para-el-arrecife\/","title":{"rendered":"Agua limpia para el arrecife"},"content":{"rendered":"<div class=\"wpb-content-wrapper\"><p>[vc_row][vc_column][vc_single_image image=\u00bb3772&#8243; img_size=\u00bbfull\u00bb alignment=\u00bbcenter\u00bb][\/vc_column][\/vc_row][vc_row][vc_column][vc_single_image image=\u00bb410&#8243; img_size=\u00bbfull\u00bb][vc_column_text]<\/p>\n<h3 style=\"text-align: center;\">Mejorando el tratamiento de aguas servidas y el manejo de desechos s\u00f3lidos para una ecorregi\u00f3n y su poblaci\u00f3n m\u00e1s saludables.<\/h3>\n<p>[\/vc_column_text][\/vc_column][\/vc_row][vc_row][vc_column width=\u00bb1\/12&#8243;][vc_column_text][\/vc_column_text][\/vc_column][vc_column width=\u00bb5\/6&#8243;][vc_custom_heading text=\u00bbProyectos\u00bb font_container=\u00bbtag:h2|font_size:34|text_align:center\u00bb google_fonts=\u00bbfont_family:Roboto%20Slab%3A100%2C300%2Cregular%2C700|font_style:700%20bold%20regular%3A700%3Anormal\u00bb css_animation=\u00bbbounceIn\u00bb][vc_empty_space][vc_tta_accordion color=\u00bbviolet\u00bb active_section=\u00bb99&#8243;][vc_tta_section title=\u00bbPeque\u00f1as Donaciones\u00bb tab_id=\u00bbPequenasDonaciones\u00bb][vc_column_text]<strong>En construcci\u00f3n<\/strong><\/p>\n<hr \/>\n<p>[\/vc_column_text][\/vc_tta_section][vc_tta_section title=\u00bbPlanta de tratamiento de agua de Polo\u00bb tab_id=\u00bbPlantaTratamiento\u00bb][vc_column_text]<strong>En construcci\u00f3n<\/strong><\/p>\n<hr \/>\n<p>[\/vc_column_text][\/vc_tta_section][\/vc_tta_accordion][\/vc_column][vc_column width=\u00bb1\/12&#8243;][\/vc_column][\/vc_row]<\/p>\n<\/div>","protected":false},"excerpt":{"rendered":"<p>[vc_row][vc_column][vc_single_image image=\u00bb3772&#8243; img_size=\u00bbfull\u00bb alignment=\u00bbcenter\u00bb][\/vc_column][\/vc_row][vc_row][vc_column][vc_single_image image=\u00bb410&#8243; img_size=\u00bbfull\u00bb][vc_column_text] Mejorando el tratamiento de aguas servidas y el manejo de desechos s\u00f3lidos para una ecorregi\u00f3n y su poblaci\u00f3n m\u00e1s saludables. [\/vc_column_text][\/vc_column][\/vc_row][vc_row][vc_column width=\u00bb1\/12&#8243;][vc_column_text][\/vc_column_text][\/vc_column][vc_column width=\u00bb5\/6&#8243;][vc_custom_heading text=\u00bbProyectos\u00bb font_container=\u00bbtag:h2|font_size:34|text_align:center\u00bb google_fonts=\u00bbfont_family:Roboto%20Slab%3A100%2C300%2Cregular%2C700|font_style:700%20bold%20regular%3A700%3Anormal\u00bb css_animation=\u00bbbounceIn\u00bb][vc_empty_space][vc_tta_accordion color=\u00bbviolet\u00bb active_section=\u00bb99&#8243;][vc_tta_section title=\u00bbPeque\u00f1as Donaciones\u00bb tab_id=\u00bbPequenasDonaciones\u00bb][vc_column_text]En construcci\u00f3n [\/vc_column_text][\/vc_tta_section][vc_tta_section title=\u00bbPlanta de tratamiento de agua de Polo\u00bb tab_id=\u00bbPlantaTratamiento\u00bb][vc_column_text]En construcci\u00f3n [\/vc_column_text][\/vc_tta_section][\/vc_tta_accordion][\/vc_column][vc_column width=\u00bb1\/12&#8243;][\/vc_column][\/vc_row]<\/p>\n","protected":false},"author":1,"featured_media":0,"parent":0,"menu_order":0,"comment_status":"closed","ping_status":"closed","template":"template_events_fullwidth.php","meta":[],"_links":{"self":[{"href":"https:\/\/marfund.org\/es\/wp-json\/wp\/v2\/pages\/3778"}],"collection":[{"href":"https:\/\/marfund.org\/es\/wp-json\/wp\/v2\/pages"}],"about":[{"href":"https:\/\/marfund.org\/es\/wp-json\/wp\/v2\/types\/page"}],"author":[{"embeddable":true,"href":"https:\/\/marfund.org\/es\/wp-json\/wp\/v2\/users\/1"}],"replies":[{"embeddable":true,"href":"https:\/\/marfund.org\/es\/wp-json\/wp\/v2\/comments?post=3778"}],"version-history":[{"count":6,"href":"https:\/\/marfund.org\/es\/wp-json\/wp\/v2\/pages\/3778\/revisions"}],"predecessor-version":[{"id":4270,"href":"https:\/\/marfund.org\/es\/wp-json\/wp\/v2\/pages\/3778\/revisions\/4270"}],"wp:attachment":[{"href":"https:\/\/marfund.org\/es\/wp-json\/wp\/v2\/media?parent=3778"}],"curies":[{"name":"wp","href":"https:\/\/api.w.org\/{rel}","templated":true}]}}