{"id":3766,"date":"2021-04-16T08:39:57","date_gmt":"2021-04-16T14:39:57","guid":{"rendered":"https:\/\/marfund.org\/es\/?page_id=3766"},"modified":"2023-03-29T09:21:06","modified_gmt":"2023-03-29T15:21:06","slug":"pesca-para-el-futuro","status":"publish","type":"page","link":"https:\/\/marfund.org\/es\/pesca-para-el-futuro\/","title":{"rendered":"Pesca para el futuro"},"content":{"rendered":"<div class=\"wpb-content-wrapper\"><p>[vc_row][vc_column][vc_single_image image=\u00bb3767&#8243; img_size=\u00bbfull\u00bb alignment=\u00bbcenter\u00bb][\/vc_column][\/vc_row][vc_row][vc_column][vc_single_image image=\u00bb410&#8243; img_size=\u00bbfull\u00bb][vc_column_text]<\/p>\n<h3 style=\"text-align: center;\"><span lang=\"EN-US\">Pesquer\u00edas sostenibles para un arrecife pr\u00f3spero. Participaci\u00f3n comunitaria en el co-manejo de sus pesquer\u00edas, establecimiento de zonas de restauraci\u00f3n pesquera y monitoreo y protecci\u00f3n de zonas de agregaci\u00f3n de desove de peces.<\/span><\/h3>\n<p>[\/vc_column_text][\/vc_column][\/vc_row][vc_row][vc_column width=\u00bb1\/12&#8243;][vc_column_text][\/vc_column_text][\/vc_column][vc_column width=\u00bb5\/6&#8243;][vc_custom_heading text=\u00bbProyectos\u00bb font_container=\u00bbtag:h2|font_size:34|text_align:center\u00bb google_fonts=\u00bbfont_family:Roboto%20Slab%3A100%2C300%2Cregular%2C700|font_style:700%20bold%20regular%3A700%3Anormal\u00bb css_animation=\u00bbbounceIn\u00bb][vc_empty_space][vc_column_text]<strong>MAR Fish<\/strong><\/p>\n<p style=\"text-align: justify;\"><a style=\"color: #ff0000;\" href=\"https:\/\/marfund.org\/es\/marfish\/\" rel=\"noopener noreferrer\"><i  style=\"color:#dd3333; font-size:28px;\" class=\"fa fa-external-link-square \"><\/i><\/a><\/p>\n<hr \/>\n<p>[\/vc_column_text][vc_column_text]<strong>Zonas de Recuperaci\u00f3n Pesquera (ZRP) <\/strong><\/p>\n<p style=\"text-align: justify;\"><a style=\"color: #ff0000;\" href=\"https:\/\/marfund.org\/es\/zonas-recuperacion-pesquera\" rel=\"noopener noreferrer\"><i  style=\"color:#dd3333; font-size:28px;\" class=\"fa fa-external-link-square \"><\/i><\/a><\/p>\n<hr \/>\n<p>[\/vc_column_text][vc_column_text]<strong>Pez Le\u00f3n<\/strong><\/p>\n<p style=\"text-align: justify;\"><a style=\"color: #ff0000;\" href=\"#\" rel=\"noopener noreferrer\"><i  style=\"color:#dd3333; font-size:28px;\" class=\"fa fa-external-link-square \"><\/i><\/a><\/p>\n<hr \/>\n<p>[\/vc_column_text][\/vc_column][vc_column width=\u00bb1\/12&#8243;][\/vc_column][\/vc_row]<\/p>\n<\/div>","protected":false},"excerpt":{"rendered":"<p>[vc_row][vc_column][vc_single_image image=\u00bb3767&#8243; img_size=\u00bbfull\u00bb alignment=\u00bbcenter\u00bb][\/vc_column][\/vc_row][vc_row][vc_column][vc_single_image image=\u00bb410&#8243; img_size=\u00bbfull\u00bb][vc_column_text] Pesquer\u00edas sostenibles para un arrecife pr\u00f3spero. Participaci\u00f3n comunitaria en el co-manejo de sus pesquer\u00edas, establecimiento de zonas de restauraci\u00f3n pesquera y monitoreo y protecci\u00f3n de zonas de agregaci\u00f3n de desove de peces. [\/vc_column_text][\/vc_column][\/vc_row][vc_row][vc_column width=\u00bb1\/12&#8243;][vc_column_text][\/vc_column_text][\/vc_column][vc_column width=\u00bb5\/6&#8243;][vc_custom_heading text=\u00bbProyectos\u00bb font_container=\u00bbtag:h2|font_size:34|text_align:center\u00bb google_fonts=\u00bbfont_family:Roboto%20Slab%3A100%2C300%2Cregular%2C700|font_style:700%20bold%20regular%3A700%3Anormal\u00bb css_animation=\u00bbbounceIn\u00bb][vc_empty_space][vc_column_text]MAR Fish [\/vc_column_text][vc_column_text]Zonas de Recuperaci\u00f3n Pesquera (ZRP) [\/vc_column_text][vc_column_text]Pez Le\u00f3n [\/vc_column_text][\/vc_column][vc_column width=\u00bb1\/12&#8243;][\/vc_column][\/vc_row]<\/p>\n","protected":false},"author":1,"featured_media":0,"parent":0,"menu_order":0,"comment_status":"closed","ping_status":"closed","template":"template_events_fullwidth.php","meta":[],"_links":{"self":[{"href":"https:\/\/marfund.org\/es\/wp-json\/wp\/v2\/pages\/3766"}],"collection":[{"href":"https:\/\/marfund.org\/es\/wp-json\/wp\/v2\/pages"}],"about":[{"href":"https:\/\/marfund.org\/es\/wp-json\/wp\/v2\/types\/page"}],"author":[{"embeddable":true,"href":"https:\/\/marfund.org\/es\/wp-json\/wp\/v2\/users\/1"}],"replies":[{"embeddable":true,"href":"https:\/\/marfund.org\/es\/wp-json\/wp\/v2\/comments?post=3766"}],"version-history":[{"count":7,"href":"https:\/\/marfund.org\/es\/wp-json\/wp\/v2\/pages\/3766\/revisions"}],"predecessor-version":[{"id":5456,"href":"https:\/\/marfund.org\/es\/wp-json\/wp\/v2\/pages\/3766\/revisions\/5456"}],"wp:attachment":[{"href":"https:\/\/marfund.org\/es\/wp-json\/wp\/v2\/media?parent=3766"}],"curies":[{"name":"wp","href":"https:\/\/api.w.org\/{rel}","templated":true}]}}