{"id":3760,"date":"2021-04-16T08:29:54","date_gmt":"2021-04-16T14:29:54","guid":{"rendered":"https:\/\/marfund.org\/es\/?page_id=3760"},"modified":"2024-02-29T09:32:04","modified_gmt":"2024-02-29T15:32:04","slug":"salvando-nuestras-areas-protegidas","status":"publish","type":"page","link":"https:\/\/marfund.org\/es\/salvando-nuestras-areas-protegidas\/","title":{"rendered":"SALVANDO NUESTRAS \u00c1REAS PROTEGIDAS"},"content":{"rendered":"<div class=\"wpb-content-wrapper\"><p>[vc_row][vc_column][vc_single_image image=\u00bb3761&#8243; img_size=\u00bbfull\u00bb alignment=\u00bbcenter\u00bb][\/vc_column][\/vc_row][vc_row][vc_column][vc_single_image image=\u00bb410&#8243; img_size=\u00bbfull\u00bb][vc_column_text]<\/p>\n<h3 style=\"text-align: center;\"><span lang=\"EN-US\">Un legado de cuidados. <\/span>Establecimiento y protecci\u00f3n de una red interconectada de \u00e1reas protegidas marinas y costeras prioritarias en la regi\u00f3n.<\/h3>\n<p>[\/vc_column_text][\/vc_column][\/vc_row][vc_row][vc_column width=\u00bb1\/12&#8243;][vc_column_text][\/vc_column_text][\/vc_column][vc_column width=\u00bb5\/6&#8243;][vc_custom_heading text=\u00bbProyectos\u00bb font_container=\u00bbtag:h2|font_size:34|text_align:center\u00bb google_fonts=\u00bbfont_family:Roboto%20Slab%3A100%2C300%2Cregular%2C700|font_style:700%20bold%20regular%3A700%3Anormal\u00bb css_animation=\u00bbbounceIn\u00bb][vc_empty_space][vc_column_text]<strong>Programa de Peque\u00f1as Donaciones (Ventana Tradicional) (en actualizaci\u00f3n)<\/strong><\/p>\n<p style=\"text-align: justify;\"><a style=\"color: #ff0000;\" href=\"https:\/\/marfund.org\/es\/programa-pequenas-donaciones\/\" rel=\"noopener noreferrer\"><i  style=\"color:#dd3333; font-size:28px;\" class=\"fa fa-external-link-square \"><\/i><\/a><\/p>\n<hr \/>\n<p>[\/vc_column_text][vc_column_text]<strong>Proyecto Conservaci\u00f3n Recursos Marinos en C. A.<\/strong><\/p>\n<p style=\"text-align: justify;\"><a style=\"color: #ff0000;\" href=\"https:\/\/marfund.org\/es\/conservacion-recursos-marinos\/\" rel=\"noopener noreferrer\"><i  style=\"color:#dd3333; font-size:28px;\" class=\"fa fa-external-link-square \"><\/i><\/a><\/p>\n<hr \/>\n<p>[\/vc_column_text][vc_column_text]<strong>Proyecto Protecci\u00f3n de los Recursos Mar\u00edtimos en Am\u00e9rica Central III<\/strong><\/p>\n<p style=\"text-align: justify;\"><a style=\"color: #ff0000;\" href=\"https:\/\/marfund.org\/es\/proteccion-de-los-recursos-maritimos-en-america-central-iii\" rel=\"noopener noreferrer\"><i  style=\"color:#dd3333; font-size:28px;\" class=\"fa fa-external-link-square \"><\/i><\/a><\/p>\n<hr \/>\n<p>[\/vc_column_text][vc_column_text]<strong>Re-financiamiento de Oak Foundation<\/strong><\/p>\n<p style=\"text-align: justify;\"><a style=\"color: #ff0000;\" href=\"https:\/\/marfund.org\/es\/re-financiamiento-oak-foundation\/\" rel=\"noopener noreferrer\"><i  style=\"color:#dd3333; font-size:28px;\" class=\"fa fa-external-link-square \"><\/i><\/a><\/p>\n<hr \/>\n<p>[\/vc_column_text][\/vc_column][vc_column width=\u00bb1\/12&#8243;][\/vc_column][\/vc_row]<\/p>\n<\/div>","protected":false},"excerpt":{"rendered":"<p>[vc_row][vc_column][vc_single_image image=\u00bb3761&#8243; img_size=\u00bbfull\u00bb alignment=\u00bbcenter\u00bb][\/vc_column][\/vc_row][vc_row][vc_column][vc_single_image image=\u00bb410&#8243; img_size=\u00bbfull\u00bb][vc_column_text] Un legado de cuidados. Establecimiento y protecci\u00f3n de una red interconectada de \u00e1reas protegidas marinas y costeras prioritarias en la regi\u00f3n. [\/vc_column_text][\/vc_column][\/vc_row][vc_row][vc_column width=\u00bb1\/12&#8243;][vc_column_text][\/vc_column_text][\/vc_column][vc_column width=\u00bb5\/6&#8243;][vc_custom_heading text=\u00bbProyectos\u00bb font_container=\u00bbtag:h2|font_size:34|text_align:center\u00bb google_fonts=\u00bbfont_family:Roboto%20Slab%3A100%2C300%2Cregular%2C700|font_style:700%20bold%20regular%3A700%3Anormal\u00bb css_animation=\u00bbbounceIn\u00bb][vc_empty_space][vc_column_text]Programa de Peque\u00f1as Donaciones (Ventana Tradicional) (en actualizaci\u00f3n) [\/vc_column_text][vc_column_text]Proyecto Conservaci\u00f3n Recursos Marinos en C. A. [\/vc_column_text][vc_column_text]Proyecto Protecci\u00f3n de los Recursos Mar\u00edtimos en [&hellip;]<\/p>\n","protected":false},"author":1,"featured_media":0,"parent":0,"menu_order":0,"comment_status":"closed","ping_status":"closed","template":"template_events_fullwidth.php","meta":[],"_links":{"self":[{"href":"https:\/\/marfund.org\/es\/wp-json\/wp\/v2\/pages\/3760"}],"collection":[{"href":"https:\/\/marfund.org\/es\/wp-json\/wp\/v2\/pages"}],"about":[{"href":"https:\/\/marfund.org\/es\/wp-json\/wp\/v2\/types\/page"}],"author":[{"embeddable":true,"href":"https:\/\/marfund.org\/es\/wp-json\/wp\/v2\/users\/1"}],"replies":[{"embeddable":true,"href":"https:\/\/marfund.org\/es\/wp-json\/wp\/v2\/comments?post=3760"}],"version-history":[{"count":9,"href":"https:\/\/marfund.org\/es\/wp-json\/wp\/v2\/pages\/3760\/revisions"}],"predecessor-version":[{"id":5980,"href":"https:\/\/marfund.org\/es\/wp-json\/wp\/v2\/pages\/3760\/revisions\/5980"}],"wp:attachment":[{"href":"https:\/\/marfund.org\/es\/wp-json\/wp\/v2\/media?parent=3760"}],"curies":[{"name":"wp","href":"https:\/\/api.w.org\/{rel}","templated":true}]}}