{"id":356,"date":"2017-06-28T09:30:58","date_gmt":"2017-06-28T15:30:58","guid":{"rendered":"https:\/\/marfund.org\/es\/?page_id=356"},"modified":"2024-06-24T16:12:16","modified_gmt":"2024-06-24T22:12:16","slug":"estructura-organizacional","status":"publish","type":"page","link":"https:\/\/marfund.org\/es\/estructura-organizacional\/","title":{"rendered":"Estructura Organizacional"},"content":{"rendered":"<div class=\"wpb-content-wrapper\"><p>[vc_row][vc_column][vc_column_text]<\/p>\n<p style=\"text-align: justify;\">Por ser MAR Fund un fondo privado y participativo su Junta Directiva est\u00e1 integrada por donantes, expertos y por los fondos nacionales de cada uno de los pa\u00edses del Sistema Arrecifal Mesoamericano. Los cuatro fondos tienen un representante permanente en la Junta Directiva. Adem\u00e1s, cuenta con un representante de la Comisi\u00f3n Centroamericana de Ambiente y Desarrollo, con expertos reconocidos de cada pa\u00eds participante y con un m\u00e1ximo de siete representantes de la comunidad de donantes internacionales. Para garantizar el mejor desempe\u00f1o y la toma de decisiones sensata, el personal y la Junta est\u00e1n asesorados por cinco comit\u00e9s: Gobernanza, Inversiones, Auditor\u00eda, Revisi\u00f3n de Propuestas y Evaluaci\u00f3n, y Desarrollo.<\/p>\n<p style=\"text-align: justify;\">MAR Fund obtiene su capacidad de manejo de las capacidades t\u00e9cnicas, administrativas y financieras en los cuatro fondos fundadores. Por ello, aprovecha las estructuras regionales existentes, buscando la implementaci\u00f3n m\u00e1s eficiente y efectiva de los programas y fondos. Como una organizaci\u00f3n de estructura liviana desde su creaci\u00f3n, el MAR Fund est\u00e1 dirigido por una Directora Ejecutiva apoyada por un Asesor Estrat\u00e9gico, un \u00e1rea T\u00e9cnica y una Administrativa. La Contabilidad es Out-sourcing.<\/p>\n<p>[\/vc_column_text][vc_empty_space][\/vc_column][\/vc_row][vc_row][vc_column width=\u00bb1\/12&#8243;][\/vc_column][vc_column width=\u00bb10\/12&#8243;][vc_single_image image=\u00bb6045&#8243; img_size=\u00bbfull\u00bb alignment=\u00bbcenter\u00bb][\/vc_column][vc_column width=\u00bb1\/12&#8243;][\/vc_column][\/vc_row]<\/p>\n<\/div>","protected":false},"excerpt":{"rendered":"<p>[vc_row][vc_column][vc_column_text] Por ser MAR Fund un fondo privado y participativo su Junta Directiva est\u00e1 integrada por donantes, expertos y por los fondos nacionales de cada uno de los pa\u00edses del Sistema Arrecifal Mesoamericano. Los cuatro fondos tienen un representante permanente en la Junta Directiva. Adem\u00e1s, cuenta con un representante de la Comisi\u00f3n Centroamericana de Ambiente [&hellip;]<\/p>\n","protected":false},"author":1,"featured_media":0,"parent":0,"menu_order":0,"comment_status":"closed","ping_status":"closed","template":"template_events_fullwidth.php","meta":[],"_links":{"self":[{"href":"https:\/\/marfund.org\/es\/wp-json\/wp\/v2\/pages\/356"}],"collection":[{"href":"https:\/\/marfund.org\/es\/wp-json\/wp\/v2\/pages"}],"about":[{"href":"https:\/\/marfund.org\/es\/wp-json\/wp\/v2\/types\/page"}],"author":[{"embeddable":true,"href":"https:\/\/marfund.org\/es\/wp-json\/wp\/v2\/users\/1"}],"replies":[{"embeddable":true,"href":"https:\/\/marfund.org\/es\/wp-json\/wp\/v2\/comments?post=356"}],"version-history":[{"count":14,"href":"https:\/\/marfund.org\/es\/wp-json\/wp\/v2\/pages\/356\/revisions"}],"predecessor-version":[{"id":6129,"href":"https:\/\/marfund.org\/es\/wp-json\/wp\/v2\/pages\/356\/revisions\/6129"}],"wp:attachment":[{"href":"https:\/\/marfund.org\/es\/wp-json\/wp\/v2\/media?parent=356"}],"curies":[{"name":"wp","href":"https:\/\/api.w.org\/{rel}","templated":true}]}}