{"id":3502,"date":"2020-10-23T20:10:31","date_gmt":"2020-10-24T02:10:31","guid":{"rendered":"https:\/\/marfund.org\/es\/?page_id=3502"},"modified":"2022-02-15T09:57:09","modified_gmt":"2022-02-15T15:57:09","slug":"marfish","status":"publish","type":"page","link":"https:\/\/marfund.org\/es\/marfish\/","title":{"rendered":"Proyecto MAR Fish: Conocimiento, monitoreo y protecci\u00f3n de las agregaciones reproductivas de peces del Arrecife Mesoamericano"},"content":{"rendered":"<div class=\"wpb-content-wrapper\"><p>[vc_row][vc_column][vc_empty_space][vc_single_image image=\u00bb4164&#8243; img_size=\u00bbfull\u00bb alignment=\u00bbcenter\u00bb][vc_column_text]<\/p>\n<h4><strong>Introducci\u00f3n<\/strong><\/h4>\n<p>La iniciativa MAR Fish es la red m\u00e1s reciente y m\u00e1s grande de monitoreo coordinado de agregaciones reproductivas de peces (ARP) en la regi\u00f3n del Sistema Arrecifal Mesoamericano (SAM).\u00a0 Este proyecto es posible gracias al generoso financiamiento del Fondo Franc\u00e9s para el Medio Ambiente Mundial (FFEM en franc\u00e9s), de Fundaci\u00f3n Summit, de Fundaci\u00f3n Marisla y de Oceans 5. Las actividades del proyecto son implementadas gracias al esfuerzo colectivo de las organizaciones socias de los cuatro pa\u00edses del SAM.[\/vc_column_text][\/vc_column][\/vc_row][vc_row][vc_column][vc_tta_accordion color=\u00bbblue\u00bb active_section=\u00bb99&#8243; css_animation=\u00bbnone\u00bb collapsible_all=\u00bbtrue\u00bb][vc_tta_section title=\u00bbOrganizaciones participantes\u00bb tab_id=\u00bbParticipatingOrg\u00bb][vc_column_text]El Proyecto MAR Fish es coordinado por Fondo SAM, un fondo ambiental, privado y regional. La implementaci\u00f3n del proyecto es llevada a cabo con la participaci\u00f3n de los siguientes ocho socios centrales:<\/p>\n<ul>\n<li>Comunidad y Biodiversidad, COBI<\/li>\n<li>Coral Reef Alliance, CORAL<\/li>\n<li>Iniciativa Arrecifes Saludables, HRI (en ingl\u00e9s)<\/li>\n<li>Fundaci\u00f3n para el Ecodesarrollo y la Conservaci\u00f3n, FUNDAECO<\/li>\n<li>Southern Environmental Association, SEA<\/li>\n<li>Toledo Institute for Development and Environment, TIDE<\/li>\n<li>Rotary Internacional<\/li>\n<li>Fondo de Defensa Ambiental, EDF (en ingl\u00e9s)<\/li>\n<\/ul>\n<p>[\/vc_column_text][\/vc_tta_section][vc_tta_section title=\u00bb\u00bfQu\u00e9 son las agregaciones reproductivas de peces?\u00bb tab_id=\u00bbAgregacionReproductivas\u00bb][vc_column_text]\u200bLas agregaciones reproductivas de peces son reuniones temporales de peces con fines de reproducci\u00f3n, estas agregaciones son cr\u00edticas para la supervivencia de la especie y extremadamente vulnerables a la pesca. Las ARP generalmente representan gran parte de la producci\u00f3n anual de larvas de la especie que desova ah\u00ed. Hace falta informaci\u00f3n peri\u00f3dica sobre la salud de las ARP, lo cual es cr\u00edtico para su protecci\u00f3n,\u00a0no existe un plan cohesivo multinacional para su monitoreo y manejo, ni\u00a0tampoco un conocimiento generalizado de su importancia.<\/p>\n<p>Se definieron siete sitios centinela para la red de ARP del Proyecto MAR Fish. Dos sitios adicionales, uno en Belice y uno en Honduras, fueron seleccionados por cada pa\u00eds para ser incluidos en la red de monitoreo de ARP. El monitoreo de ARP contribuir\u00e1 a la comprensi\u00f3n de la conectividad y de la salud del ecosistema del SAM para la restauraci\u00f3n de poblaciones de peces; y proporcionar\u00e1 informaci\u00f3n sobre el impacto del cambio clim\u00e1tico en los sitios de agregaciones de desove, en beneficio de las pesquer\u00edas y de las comunidades que dependen de ellas.[\/vc_column_text][\/vc_tta_section][vc_tta_section title=\u00bbAgregaciones reproductivas de peces de la red de sitios centinela\u00bb tab_id=\u00bbSitiosCentinela\u00bb][vc_column_text]Un total de nueve sitios fueron seleccionados para monitoreo, cinco de los cuales son patrocinados por FFEM, dos por la Fundaci\u00f3n Summit y dos por COBI.<\/p>\n<table class=\"alignleft\" style=\"width: 500px;\" border=\"1\">\n<tbody>\n<tr>\n<td width=\"310\"><strong>\u200bSitio centinela ARP<\/strong><\/td>\n<td width=\"127\"><strong>Pa\u00eds<\/strong><\/td>\n<\/tr>\n<tr>\n<td width=\"310\">Niche Habin (Punta Allen)<\/td>\n<td width=\"127\">M\u00e9xico<\/td>\n<\/tr>\n<tr>\n<td width=\"310\">El Faro (Punta Herrero)<\/td>\n<td width=\"127\">M\u00e9xico<\/td>\n<\/tr>\n<tr>\n<td width=\"310\">Gladden Spit<\/td>\n<td width=\"127\">Belice<\/td>\n<\/tr>\n<tr>\n<td width=\"310\">Emily (Caye Glory)<\/td>\n<td width=\"127\">Belice<\/td>\n<\/tr>\n<tr>\n<td width=\"310\">Cayman Crown<\/td>\n<td width=\"127\">Belice<\/td>\n<\/tr>\n<tr>\n<td width=\"310\">Cayman Crown<\/td>\n<td width=\"127\">Guatemala<\/td>\n<\/tr>\n<tr>\n<td width=\"310\">Western Bank (Texas \u2013 West End)<\/td>\n<td width=\"127\">Honduras<\/td>\n<\/tr>\n<tr>\n<td width=\"310\">Cordelia Banks<\/td>\n<td width=\"127\">Honduras<\/td>\n<\/tr>\n<tr>\n<td width=\"310\">Power Point (Lawson Rock-Sandy Bay)<\/td>\n<td width=\"127\">Honduras<\/td>\n<\/tr>\n<\/tbody>\n<\/table>\n<p>[\/vc_column_text][vc_empty_space][vc_column_text]<img loading=\"lazy\" class=\"aligncenter size-full wp-image-4054\" src=\"https:\/\/marfund.org\/es\/wp-content\/uploads\/2021\/08\/mapa_mar_fish_spanish.jpg\" alt=\"\" width=\"583\" height=\"900\" srcset=\"https:\/\/marfund.org\/es\/wp-content\/uploads\/2021\/08\/mapa_mar_fish_spanish.jpg 583w, https:\/\/marfund.org\/es\/wp-content\/uploads\/2021\/08\/mapa_mar_fish_spanish-194x300.jpg 194w\" sizes=\"(max-width: 583px) 100vw, 583px\" \/>[\/vc_column_text][\/vc_tta_section][vc_tta_section title=\u00bbObjetivos\u00bb tab_id=\u00bbObjetivos\u00bb][vc_column_text]<strong>Objetivo general<br \/>\n<\/strong><\/p>\n<p>El objetivo general de este proyecto de tres a\u00f1os es promover la recuperaci\u00f3n de las pesquer\u00edas por medio del fortalecimiento de la protecci\u00f3n de las ARPs de peces comerciales, como \u00e1reas cr\u00edticas para el ciclo de vida de las especies, a trav\u00e9s de mejorar el conocimiento y la comprensi\u00f3n de las agregaciones en la regi\u00f3n.<\/p>\n<p><strong>Objetivos espec\u00edficos<\/strong><\/p>\n<p><span lang=\"EN-US\"><span class=\"gmail_default\">\u200b<\/span>El proyecto tiene dos objetivos espec\u00edficos<\/span>:<\/p>\n<ol>\n<li>Obtener reconocimiento legal y manejar adecuadamente Corona Caim\u00e1n en Guatemala y Belice.<\/li>\n<li>Promover el monitoreo participativo de una red de sitios centinela de agregaciones reproductivas de peces en los cuatro pa\u00edses del arrecife Mesoamericano.<\/li>\n<\/ol>\n<p>[\/vc_column_text][\/vc_tta_section][vc_tta_section title=\u00bbEstructura del proyecto\u00bb tab_id=\u00bbEstructuraProyecto\u00bb][vc_column_text]El proyecto tiene cuatro componentes con actividades espec\u00edficas que son desarrolladas por los miembros socios a trav\u00e9s de acuerdos firmados con Fondo SAM.<\/p>\n<ul>\n<li>COMPONENTE 1: El arrecife Corona Caim\u00e1n es legalmente reconocido y manejado en Belice y Guatemala.<\/li>\n<li>COMPONENTE 2: Red de observaci\u00f3n de sitios centinela.<\/li>\n<li>COMPONENTE 3:\u00a0 Fomentando la aceptaci\u00f3n social y apoyo para la protecci\u00f3n de las agregaciones reproductivas.<\/li>\n<li>COMPONENTE 4:\u00a0 Administraci\u00f3n del proyecto.<\/li>\n<\/ul>\n<p>[\/vc_column_text][\/vc_tta_section][vc_tta_section title=\u00bbTaller inicial de planificaci\u00f3n\u00bb tab_id=\u00bbTallerInicial\u00bb][vc_column_text]<\/p>\n<p style=\"padding-left: 40px;\"><a href=\"https:\/\/marfund.org\/en\/wp-content\/uploads\/2021\/01\/Regional-Planning-Meeting-MINUTES-April2019.docx\" target=\"_blank\" rel=\"noopener noreferrer\"><img loading=\"lazy\" class=\"alignright wp-image-429 size-full\" src=\"https:\/\/marfund.org\/en\/wp-content\/uploads\/2020\/12\/word.png\" alt=\"\" width=\"24\" height=\"24\" \/><\/a><b>\u2022 Agenda, lista de participantes y minuta.<\/b><\/p>\n<p style=\"padding-left: 40px;\"><a href=\"https:\/\/marfund.org\/en\/wp-content\/uploads\/2021\/01\/PPT-MJ-presentacion-proyecto-MAR-FISH-2019a.pdf\" target=\"_blank\" rel=\"noopener noreferrer\"><img loading=\"lazy\" class=\"alignright wp-image-429 size-full\" src=\"https:\/\/marfund.org\/en\/wp-content\/uploads\/2020\/12\/pdf.png\" alt=\"\" width=\"24\" height=\"24\" \/><\/a><b>\u2022 Presentaci\u00f3n PowerPoint<\/b><\/p>\n<p style=\"padding-left: 40px;\"><b>\u2022 Fotos del taller<\/b><\/p>\n<p>[\/vc_column_text][vc_row_inner][vc_column_inner width=\u00bb1\/6&#8243;][\/vc_column_inner][vc_column_inner width=\u00bb2\/3&#8243;][vc_images_carousel images=\u00bb4055,4056,4057,4058,4059,4060,4061,4062,4063,4064,4065&#8243; img_size=\u00bblarge\u00bb speed=\u00bb2000&#8243;][\/vc_column_inner][vc_column_inner width=\u00bb1\/6&#8243;][\/vc_column_inner][\/vc_row_inner][\/vc_tta_section][vc_tta_section title=\u00bbTaller regional para validar el protocolo y estrategia com\u00fan\u00bb tab_id=\u00bbTallerRegional\u00bb][vc_column_text]<\/p>\n<p style=\"padding-left: 40px;\"><a href=\"https:\/\/marfund.org\/en\/wp-content\/uploads\/2020\/12\/Workshop_Agenda_MARFish_FSA-Monitoring_ENG.pdf\" target=\"_blank\" rel=\"noopener noreferrer\"><img loading=\"lazy\" class=\"alignright wp-image-429 size-full\" src=\"https:\/\/marfund.org\/en\/wp-content\/uploads\/2020\/12\/pdf.png\" alt=\"\" width=\"24\" height=\"24\" \/><\/a><b>\u2022 Agenda del taller<\/b><\/p>\n<p style=\"padding-left: 40px;\"><a href=\"https:\/\/marfund.org\/en\/wp-content\/uploads\/2020\/12\/Participants_List_MARFish_FSA-Monitoring_ENG.pdf\" target=\"_blank\" rel=\"noopener noreferrer\"><img loading=\"lazy\" class=\"alignright wp-image-429 size-full\" src=\"https:\/\/marfund.org\/en\/wp-content\/uploads\/2020\/12\/pdf.png\" alt=\"\" width=\"24\" height=\"24\" \/><\/a><b>\u2022 Lista de participantes<\/b><\/p>\n<p style=\"padding-left: 40px;\"><a href=\"https:\/\/marfund.org\/en\/wp-content\/uploads\/2021\/01\/MARFish_FSA-Monitoring_ENG.pdf\" target=\"_blank\" rel=\"noopener noreferrer\"><img loading=\"lazy\" class=\"alignright wp-image-429 size-full\" src=\"https:\/\/marfund.org\/en\/wp-content\/uploads\/2020\/12\/pdf.png\" alt=\"\" width=\"24\" height=\"24\" \/><\/a><b>\u2022 Reporte &#8211; Monitoreo de agregaciones reproductivas de peces en la red MAR Fish<\/b><\/p>\n<p style=\"padding-left: 40px;\"><a href=\"https:\/\/bit.ly\/3tPtkwS\" target=\"_blank\" rel=\"noopener noreferrer\"><img loading=\"lazy\" class=\"alignright wp-image-429 size-full\" src=\"https:\/\/marfund.org\/en\/wp-content\/uploads\/2017\/06\/download_file-24.png\" alt=\"\" width=\"24\" height=\"24\" \/><\/a><b>\u2022 Presentaciones PowerPoint<\/b><\/p>\n<p style=\"padding-left: 40px;\"><b>\u2022 Fotos del taller<\/b><\/p>\n<p>[\/vc_column_text][vc_row_inner][vc_column_inner width=\u00bb1\/6&#8243;][\/vc_column_inner][vc_column_inner width=\u00bb2\/3&#8243;][vc_images_carousel images=\u00bb4066,4067,4068,4069,4070,4071,4072,4073&#8243; img_size=\u00bblarge\u00bb speed=\u00bb2000&#8243;][\/vc_column_inner][vc_column_inner width=\u00bb1\/6&#8243;][\/vc_column_inner][\/vc_row_inner][\/vc_tta_section][vc_tta_section title=\u00bbDocumentos del proyecto\u00bb tab_id=\u00bbProyectDocs\u00bb][vc_column_text]<\/p>\n<h3><strong>\u00a0<\/strong><\/h3>\n<p><strong>I Documentos administrativos<\/strong><\/p>\n<p style=\"padding-left: 50px;\"><a href=\"https:\/\/marfund.org\/en\/wp-content\/uploads\/2021\/01\/MAR-Fish-Action-Plan-Final-03dic2019_b.docx\" target=\"_blank\" rel=\"noopener noreferrer\"><img loading=\"lazy\" class=\"alignright wp-image-429 size-full\" src=\"https:\/\/marfund.org\/en\/wp-content\/uploads\/2020\/12\/word.png\" alt=\"\" width=\"24\" height=\"24\" \/><\/a>Plan de acci\u00f3n<\/p>\n<p style=\"padding-left: 50px;\"><a href=\"https:\/\/marfund.org\/en\/wp-content\/uploads\/2021\/01\/NEP-Mar-Fish-English-11122018.doc\" target=\"_blank\" rel=\"noopener noreferrer\"><img loading=\"lazy\" class=\"alignright wp-image-429 size-full\" src=\"https:\/\/marfund.org\/en\/wp-content\/uploads\/2020\/12\/word.png\" alt=\"\" width=\"24\" height=\"24\" \/><\/a>Nota de compromiso del proyecto<\/p>\n<p style=\"padding-left: 50px;\"><a href=\"https:\/\/marfund.org\/en\/wp-content\/uploads\/2021\/01\/Project-Implementation-Manual-MAR-Fish-Project-version-1.doc\" target=\"_blank\" rel=\"noopener noreferrer\"><img loading=\"lazy\" class=\"alignright wp-image-429 size-full\" src=\"https:\/\/marfund.org\/en\/wp-content\/uploads\/2020\/12\/word.png\" alt=\"\" width=\"24\" height=\"24\" \/><\/a>Manual de implementaci\u00f3n del proyecto (PIM en ingl\u00e9s)<\/p>\n<p>[\/vc_column_text][vc_empty_space][vc_column_text]<strong>II Entregables del proyecto<\/strong><\/p>\n<p style=\"padding-left: 50px;\"><a href=\"https:\/\/fondosam.org\/nopublic\/library-marfund\/Fishing_for_the_future\/MAR%20Fish\/Project_Deliverables\/Diagnostico_Cayman_Crown\/Caracterizacion%20uso%20comercial%20Corona%20Caiman%20Junio%202020.pdf\" target=\"_blank\" rel=\"noopener\"><img loading=\"lazy\" class=\"alignright wp-image-429 size-full\" src=\"https:\/\/marfund.org\/en\/wp-content\/uploads\/2020\/12\/pdf.png\" alt=\"\" width=\"24\" height=\"24\" \/><\/a>Caracterizaci\u00f3n del uso de los recursos del arrecife Corona Caim\u00e1n mediante informaci\u00f3n basada en comunidades usuarias del Golfo de Honduras<\/p>\n<p style=\"padding-left: 50px;\"><a href=\"https:\/\/fondosam.org\/nopublic\/library-marfund\/Fishing_for_the_future\/MAR%20Fish\/Project_Deliverables\/Taller_Regional\/\" target=\"_blank\" rel=\"noopener\"><img loading=\"lazy\" class=\"alignright wp-image-429 size-full\" src=\"https:\/\/marfund.org\/en\/wp-content\/uploads\/2017\/06\/download_file-24.png\" alt=\"\" width=\"24\" height=\"24\" \/><\/a>Monitoreo de agregaciones reproductivas de peces en la red MAR Fish<\/p>\n<p style=\"padding-left: 50px;\"><a href=\"https:\/\/fondosam.org\/nopublic\/library-marfund\/Fishing_for_the_future\/MAR%20Fish\/Project_Deliverables\/Reporte_de_Estado\/SAM%20ARP%20Reporte%20Estatus%20ESP.pdf\" target=\"_blank\" rel=\"noopener\"><img loading=\"lazy\" class=\"alignright wp-image-429 size-full\" src=\"https:\/\/marfund.org\/en\/wp-content\/uploads\/2020\/12\/pdf.png\" alt=\"\" width=\"24\" height=\"24\" \/><\/a>Informe de estado sobre las agregaciones reproductivas de peces en el Arrecife Mesoamericano 2020<\/p>\n<p style=\"padding-left: 50px;\"><a href=\"https:\/\/marfund.org\/es\/wp-content\/uploads\/2021\/09\/Politicas-agregaciones-de-peces_web_210921-FN.pdf\" target=\"_blank\" rel=\"noopener noreferrer\"><img loading=\"lazy\" class=\"alignright wp-image-429 size-full\" src=\"https:\/\/marfund.org\/en\/wp-content\/uploads\/2020\/12\/pdf.png\" alt=\"\" width=\"24\" height=\"24\" \/><\/a>Recomendaciones de pol\u00edtica: Agregaciones reproductivas de peces<\/p>\n<p>[\/vc_column_text][\/vc_tta_section][\/vc_tta_accordion][\/vc_column][\/vc_row][vc_row][vc_column][vc_empty_space][vc_custom_heading text=\u00bbWebinar: Estudios gen\u00e9ticos y oceanogr\u00e1ficos en agregaciones reproductivas de peces del Sistema Arrecifal Mesoamericano\u00bb font_container=\u00bbtag:h2|text_align:center\u00bb google_fonts=\u00bbfont_family:Roboto%20Slab%3A100%2C300%2Cregular%2C700|font_style:700%20bold%20regular%3A700%3Anormal\u00bb][\/vc_column][\/vc_row][vc_row][vc_column][vc_empty_space][vc_tta_accordion color=\u00bbsandy-brown\u00bb active_section=\u00bb99&#8243; css_animation=\u00bbnone\u00bb collapsible_all=\u00bbtrue\u00bb][vc_tta_section title=\u00bb1. Invitaci\u00f3n\u00bb tab_id=\u00bbInvitacionWebinar\u00bb][vc_column_text]<img loading=\"lazy\" class=\"wp-image-4494 size-full aligncenter\" src=\"https:\/\/marfund.org\/es\/wp-content\/uploads\/2022\/01\/1-Invitacion-AgendaEspanol-webinar.jpg\" alt=\"\" width=\"940\" height=\"788\" \/>[\/vc_column_text][\/vc_tta_section][vc_tta_section title=\u00bb2. Agenda\u00bb tab_id=\u00bbAgendaWebinar\u00bb][vc_column_text]<img loading=\"lazy\" class=\"size-full wp-image-4492 aligncenter\" src=\"https:\/\/marfund.org\/es\/wp-content\/uploads\/2022\/01\/2-AgendaEspanol-webinar.jpg\" alt=\"\" width=\"940\" height=\"788\" \/>[\/vc_column_text][\/vc_tta_section][vc_tta_section title=\u00bb3. Presentaciones\u00bb tab_id=\u00bbPresentacionesWebinar\u00bb][vc_column_text]<\/p>\n<p style=\"padding-left: 40px;\"><a href=\"https:\/\/marfund.org\/en\/wp-content\/uploads\/2022\/01\/3.1-MAR-Fund_-MAR-Fish.pdf\" target=\"_blank\" rel=\"noopener noreferrer\"><img loading=\"lazy\" class=\"alignright wp-image-429 size-full\" src=\"https:\/\/marfund.org\/en\/wp-content\/uploads\/2020\/12\/pdf.png\" alt=\"\" width=\"24\" height=\"24\" \/><\/a><b>3.1 Proyecto MAR Fish, por Ana Silvia Mart\u00ednez, MAR Fund<\/b><\/p>\n<p style=\"padding-left: 40px;\"><a href=\"https:\/\/marfund.org\/en\/wp-content\/uploads\/2022\/01\/3.2-TecNM_Blanquizal.pdf\" target=\"_blank\" rel=\"noopener noreferrer\"><img loading=\"lazy\" class=\"alignright wp-image-429 size-full\" src=\"https:\/\/marfund.org\/en\/wp-content\/uploads\/2020\/12\/pdf.png\" alt=\"\" width=\"24\" height=\"24\" \/><\/a><b>3.2 Blanquizal, historia y caracter\u00edsticas, por Alejandro Medina, TecNM\/Chetumal<\/b><\/p>\n<p style=\"padding-left: 40px;\"><a href=\"https:\/\/marfund.org\/en\/wp-content\/uploads\/2022\/01\/3.3-ECOSUR_Estudios-geneticos.pdf\" target=\"_blank\" rel=\"noopener noreferrer\"><img loading=\"lazy\" class=\"alignright wp-image-429 size-full\" src=\"https:\/\/marfund.org\/en\/wp-content\/uploads\/2020\/12\/pdf.png\" alt=\"\" width=\"24\" height=\"24\" \/><\/a><b>3.3 Aplicaci\u00f3n del C\u00f3digo de Barras de la Vida ADN para identificar estadios tempranos de vida de peces en el SAM, por Lourdes V\u00e1squez, ECOSUR<\/b><\/p>\n<p style=\"padding-left: 40px;\"><a href=\"https:\/\/marfund.org\/en\/wp-content\/uploads\/2022\/01\/3.4-COBI_Mintoreo-Ambiental.pdf\" target=\"_blank\" rel=\"noopener noreferrer\"><img loading=\"lazy\" class=\"alignright wp-image-429 size-full\" src=\"https:\/\/marfund.org\/en\/wp-content\/uploads\/2020\/12\/pdf.png\" alt=\"\" width=\"24\" height=\"24\" \/><\/a><b>3.4 Aplicaci\u00f3n y usos de DNA ambiental, por Jacobo Caamal, COBI<\/b><\/p>\n<p style=\"padding-left: 40px;\"><a href=\"https:\/\/marfund.org\/en\/wp-content\/uploads\/2022\/01\/3.5-ECOSUR_Estudios-oceanograficos.pdf\" target=\"_blank\" rel=\"noopener noreferrer\"><img loading=\"lazy\" class=\"alignright wp-image-429 size-full\" src=\"https:\/\/marfund.org\/en\/wp-content\/uploads\/2020\/12\/pdf.png\" alt=\"\" width=\"24\" height=\"24\" \/><\/a><b>3.5 Estudios oceanogr\u00e1ficos en la agregaci\u00f3n de Blanquizal, por Laura Carrillo, ECOSUR<\/b><\/p>\n<p style=\"padding-left: 40px;\"><a href=\"https:\/\/www.youtube.com\/watch?v=8_dqrBqfdCs\" target=\"_blank\" rel=\"noopener noreferrer\"><img loading=\"lazy\" class=\"alignright wp-image-429 size-full\" src=\"https:\/\/marfund.org\/en\/wp-content\/uploads\/2022\/01\/youtube-icon.png\" alt=\"\" width=\"24\" height=\"24\" \/><\/a><b>3.6 Entrevista a pescador don Mencho, por Eloy Sosa, ECOSUR <\/b><\/p>\n<p>[\/vc_column_text][vc_empty_space][\/vc_tta_section][vc_tta_section title=\u00bb4. Webinar: Estudios gen\u00e9ticos y oceanogr\u00e1ficos en agregaciones reproductivas de peces del SAM\u00bb tab_id=\u00bbWebinarRecording\u00bb][vc_column_text]<\/p>\n<p style=\"padding-left: 40px;\"><a href=\"https:\/\/marfund.org\/es\/wp-content\/uploads\/2022\/02\/4.1-Audio-Webinar-Estudios-geneticos-y-oceanograficos.mp3\" target=\"_blank\" rel=\"noopener noreferrer\"><img loading=\"lazy\" class=\"alignright wp-image-429 size-full\" src=\"https:\/\/marfund.org\/en\/wp-content\/uploads\/2022\/02\/audio.png\" alt=\"\" width=\"24\" height=\"24\" \/><\/a><b>4.1 Audio Webinar &#8211; Estudios gen\u00e9ticos y oceanogr\u00e1ficos en agregaciones reproductivas de peces del SAM<\/b><\/p>\n<p>[\/vc_column_text][vc_column_text]<\/p>\n<p style=\"padding-left: 40px;\"><a href=\"https:\/\/www.youtube.com\/watch?v=R40FFDlLN4I\" target=\"_blank\" rel=\"noopener noreferrer\"><img loading=\"lazy\" class=\"alignright wp-image-429 size-full\" src=\"https:\/\/marfund.org\/en\/wp-content\/uploads\/2022\/01\/youtube-icon.png\" alt=\"\" width=\"24\" height=\"24\" \/><\/a><b>V\u00eddeo Webinar &#8211; Estudios gen\u00e9ticos y oceanogr\u00e1ficos en agregaciones reproductivas de peces del SAM<\/b><\/p>\n<p>[\/vc_column_text][\/vc_tta_section][\/vc_tta_accordion][\/vc_column][\/vc_row]<\/p>\n<\/div>","protected":false},"excerpt":{"rendered":"<p>[vc_row][vc_column][vc_empty_space][vc_single_image image=\u00bb4164&#8243; img_size=\u00bbfull\u00bb alignment=\u00bbcenter\u00bb][vc_column_text] Introducci\u00f3n La iniciativa MAR Fish es la red m\u00e1s reciente y m\u00e1s grande de monitoreo coordinado de agregaciones reproductivas de peces (ARP) en la regi\u00f3n del Sistema Arrecifal Mesoamericano (SAM).\u00a0 Este proyecto es posible gracias al generoso financiamiento del Fondo Franc\u00e9s para el Medio Ambiente Mundial (FFEM en franc\u00e9s), de Fundaci\u00f3n [&hellip;]<\/p>\n","protected":false},"author":1,"featured_media":0,"parent":0,"menu_order":0,"comment_status":"closed","ping_status":"closed","template":"template_events_fullwidth.php","meta":[],"_links":{"self":[{"href":"https:\/\/marfund.org\/es\/wp-json\/wp\/v2\/pages\/3502"}],"collection":[{"href":"https:\/\/marfund.org\/es\/wp-json\/wp\/v2\/pages"}],"about":[{"href":"https:\/\/marfund.org\/es\/wp-json\/wp\/v2\/types\/page"}],"author":[{"embeddable":true,"href":"https:\/\/marfund.org\/es\/wp-json\/wp\/v2\/users\/1"}],"replies":[{"embeddable":true,"href":"https:\/\/marfund.org\/es\/wp-json\/wp\/v2\/comments?post=3502"}],"version-history":[{"count":22,"href":"https:\/\/marfund.org\/es\/wp-json\/wp\/v2\/pages\/3502\/revisions"}],"predecessor-version":[{"id":4402,"href":"https:\/\/marfund.org\/es\/wp-json\/wp\/v2\/pages\/3502\/revisions\/4402"}],"wp:attachment":[{"href":"https:\/\/marfund.org\/es\/wp-json\/wp\/v2\/media?parent=3502"}],"curies":[{"name":"wp","href":"https:\/\/api.w.org\/{rel}","templated":true}]}}