{"id":346,"date":"2017-06-28T09:26:17","date_gmt":"2017-06-28T15:26:17","guid":{"rendered":"https:\/\/marfund.org\/es\/?page_id=346"},"modified":"2026-03-12T16:18:41","modified_gmt":"2026-03-12T22:18:41","slug":"miembros-fundadores","status":"publish","type":"page","link":"https:\/\/marfund.org\/es\/miembros-fundadores\/","title":{"rendered":"Miembros Fundadores"},"content":{"rendered":"<div class=\"wpb-content-wrapper\"><p>[vc_row][vc_column][vc_single_image image=\u00bb510&#8243; img_size=\u00bbfull\u00bb alignment=\u00bbcenter\u00bb][vc_column_text]<\/p>\n<p style=\"text-align: justify;\">Dado su rol como instituci\u00f3n regional que coordina y recauda fondos, MAR Fund se apoya de una manera especial en los miembros fundadores de cada pa\u00eds, para que sean \u00e9stos los que brinden la supervisi\u00f3n, el monitoreo y la evaluaci\u00f3n a las entidades\/beneficiarias. Los fondos nacionales existentes, con muy pocas excepciones, cuentan con las habilidades y la capacidad para llevar a cabo dichas funciones adecuadamente.<\/p>\n<p>[\/vc_column_text][\/vc_column][\/vc_row][vc_row][vc_column width=\u00bb1\/12&#8243;][vc_column_text][\/vc_column_text][\/vc_column][vc_column width=\u00bb3\/12&#8243;][vc_column_text]<a href=\"https:\/\/fmcn.org\/es\" target=\"_blank\" rel=\"noopener\"><img loading=\"lazy\" class=\"aligncenter size-full wp-image-3629\" src=\"https:\/\/marfund.org\/es\/wp-content\/uploads\/2021\/03\/fmcn-logo.png\" alt=\"\" width=\"223\" height=\"100\" \/><\/a>[\/vc_column_text][\/vc_column][vc_column width=\u00bb7\/12&#8243;][vc_column_text]<strong>Fondo Mexicano para la Conservaci\u00f3n de la Naturaleza, A.C. (FMCN) &#8211; M\u00e9xico <\/strong><\/p>\n<p style=\"text-align: justify;\">Es una organizaci\u00f3n independiente, sin fines de lucro fundada en 1994. Tiene 20 a\u00f1os de experiencia financiando y supervisando proyectos de conservaci\u00f3n. Durante los \u00faltimos 20 a\u00f1os el FMCN ha apoyado m\u00e1s de 1,000 proyectos por un monto total de m\u00e1s de 60 millones de d\u00f3lares. FMCN recauda fondos principalmente de organizaciones internacionales y fundaciones privadas. La misi\u00f3n del FMCN es apoyar financieramente y fortalecer los esfuerzos de conservaci\u00f3n y uso sostenible de la biodiversidad en M\u00e9xico. Su visi\u00f3n es que M\u00e9xico revertir\u00e1 el proceso de deterioro de sus ecosistemas y la sociedad mexicana valorar\u00e1 su biodiversidad. FMCN garantiza a sus donantes y socios, el uso eficaz y transparente de los recursos..<\/p>\n<p>[\/vc_column_text][\/vc_column][vc_column width=\u00bb1\/12&#8243;][\/vc_column][\/vc_row][vc_row][vc_column width=\u00bb1\/12&#8243;][vc_column_text][\/vc_column_text][\/vc_column][vc_column width=\u00bb3\/12&#8243;][vc_column_text]<a href=\"https:\/\/www.pactbelize.org\/\" target=\"_blank\" rel=\"noopener noreferrer\"><img loading=\"lazy\" class=\"alignnone wp-image-350 size-full\" src=\"https:\/\/marfund.org\/es\/wp-content\/uploads\/2017\/06\/pact-logo.png\" alt=\"\" width=\"223\" height=\"100\" \/><\/a>[\/vc_column_text][\/vc_column][vc_column width=\u00bb7\/12&#8243;][vc_column_text]<strong>Protected Areas Conservation (PACT) \u2013 Belice<\/strong><\/p>\n<p style=\"text-align: justify;\">Aunque es un pa\u00eds peque\u00f1o por su geograf\u00eda y poblaci\u00f3n, Belice es inmensamente bendecida con maravillas naturales. Reconociendo la importancia de su patrimonio nacional, Belice empez\u00f3 a establecer su sistema de \u00e1reas protegidas en la d\u00e9cada de 1960. PACT proporciona fondos para apoyar la conservaci\u00f3n y promover la gesti\u00f3n ambientalmente racional de los recursos naturales y culturales de Belice para fomentar el desarrollo sostenible. PACT otorga financiamiento para proyectos y becas de capacitaci\u00f3n para el manejo de \u00e1reas protegidas, la conservaci\u00f3n, la promoci\u00f3n y el desarrollo, la educaci\u00f3n y sensibilizaci\u00f3n ambiental, y desarrollo de las comunidades alrededor de las \u00e1reas protegidas. Desde su creaci\u00f3n en 1996, PACT ha invertido m\u00e1s de $ 16.5 millones de d\u00f3lares en las \u00e1reas protegidas de Belice.<\/p>\n<p>[\/vc_column_text][\/vc_column][vc_column width=\u00bb1\/12&#8243;][\/vc_column][\/vc_row][vc_row][vc_column width=\u00bb1\/12&#8243;][vc_column_text][\/vc_column_text][\/vc_column][vc_column width=\u00bb3\/12&#8243;][vc_column_text]<a href=\"http:\/\/www.fcg.org.gt\/\" target=\"_blank\" rel=\"noopener noreferrer\"><img loading=\"lazy\" class=\"alignnone size-full wp-image-347\" src=\"https:\/\/marfund.org\/es\/wp-content\/uploads\/2017\/06\/fcg-logo.png\" alt=\"\" width=\"223\" height=\"100\" \/><\/a>[\/vc_column_text][\/vc_column][vc_column width=\u00bb7\/12&#8243;][vc_column_text]<strong>Fundaci\u00f3n para la Conservaci\u00f3n de los Recursos Naturales y de Ambiente en Guatemala (FCG)<\/strong><\/p>\n<p style=\"text-align: justify;\">Se estableci\u00f3 en el a\u00f1o 2000 y ha manejado cerca de US$ 4 millones por medio de su variada estructura de peque\u00f1as donaciones, subcuentas y microcr\u00e9ditos para apoyar las iniciativas relacionadas con las leyes y pol\u00edticas ambientales, las \u00e1reas protegidas y el uso sostenible de los recursos naturales, entre otros. Tambi\u00e9n administra los US$24 millones del Tropical Forest Conservation Fund, producto de un canje de deuda por naturaleza con los Estados Unidos. Los seis miembros del personal, consultores temporales y evaluadores externos de de FCG administran, monitorean y eval\u00faan proyectos de conformidad con su objetivo general de promover la conservaci\u00f3n de la biodiversidad, uso sostenible de los recursos naturales, gesti\u00f3n ambiental y adaptaci\u00f3n y mitigaci\u00f3n al cambio clim\u00e1tico.<\/p>\n<p>[\/vc_column_text][\/vc_column][vc_column width=\u00bb1\/12&#8243;][\/vc_column][\/vc_row][vc_row][vc_column width=\u00bb1\/12&#8243;][vc_column_text][\/vc_column_text][\/vc_column][vc_column width=\u00bb3\/12&#8243;][vc_column_text]<img loading=\"lazy\" class=\"alignnone size-full wp-image-349\" src=\"https:\/\/marfund.org\/es\/wp-content\/uploads\/2017\/06\/fundacion-biosfera-logo.png\" alt=\"\" width=\"223\" height=\"100\" \/>[\/vc_column_text][\/vc_column][vc_column width=\u00bb7\/12&#8243;][vc_column_text]<strong>Fundaci\u00f3n Biosfera (FB) \u2013 Honduras<\/strong><\/p>\n<p style=\"text-align: justify;\">Este fondo se estableci\u00f3 en el a\u00f1o 2002 y es un fondo ambiental constituido en Honduras. A la fecha ha administrado cinco proyectos locales financiados por MAR Fund y uno financiado por WWF en la Costa Caribe de Honduras; adicionalmente, apoya actividades del MAR Fund otorgando apoyo t\u00e9cnico y monitoreando los proyectos financiados por KfW a trav\u00e9s MAR Fund en Roat\u00e1n y Utila como parte del Proyecto Conservaci\u00f3n de Recursos Marinos en Centroam\u00e9rica. Se han hecho esfuerzos para establecer v\u00ednculos institucionales con organizaciones e instituciones locales, tanto p\u00fablicas como privadas para ampliar el impacto de las actividades de conservaci\u00f3n y protecci\u00f3n de las \u00e1reas protegidas de la Regi\u00f3n Atl\u00e1ntica de Honduras.<\/p>\n<p>[\/vc_column_text][\/vc_column][vc_column width=\u00bb1\/12&#8243;][\/vc_column][\/vc_row]<\/p>\n<\/div>","protected":false},"excerpt":{"rendered":"<p>[vc_row][vc_column][vc_single_image image=\u00bb510&#8243; img_size=\u00bbfull\u00bb alignment=\u00bbcenter\u00bb][vc_column_text] Dado su rol como instituci\u00f3n regional que coordina y recauda fondos, MAR Fund se apoya de una manera especial en los miembros fundadores de cada pa\u00eds, para que sean \u00e9stos los que brinden la supervisi\u00f3n, el monitoreo y la evaluaci\u00f3n a las entidades\/beneficiarias. Los fondos nacionales existentes, con muy pocas excepciones, [&hellip;]<\/p>\n","protected":false},"author":1,"featured_media":0,"parent":0,"menu_order":0,"comment_status":"closed","ping_status":"closed","template":"template_events_fullwidth.php","meta":[],"_links":{"self":[{"href":"https:\/\/marfund.org\/es\/wp-json\/wp\/v2\/pages\/346"}],"collection":[{"href":"https:\/\/marfund.org\/es\/wp-json\/wp\/v2\/pages"}],"about":[{"href":"https:\/\/marfund.org\/es\/wp-json\/wp\/v2\/types\/page"}],"author":[{"embeddable":true,"href":"https:\/\/marfund.org\/es\/wp-json\/wp\/v2\/users\/1"}],"replies":[{"embeddable":true,"href":"https:\/\/marfund.org\/es\/wp-json\/wp\/v2\/comments?post=346"}],"version-history":[{"count":14,"href":"https:\/\/marfund.org\/es\/wp-json\/wp\/v2\/pages\/346\/revisions"}],"predecessor-version":[{"id":6598,"href":"https:\/\/marfund.org\/es\/wp-json\/wp\/v2\/pages\/346\/revisions\/6598"}],"wp:attachment":[{"href":"https:\/\/marfund.org\/es\/wp-json\/wp\/v2\/media?parent=346"}],"curies":[{"name":"wp","href":"https:\/\/api.w.org\/{rel}","templated":true}]}}