{"id":320,"date":"2017-06-15T14:18:16","date_gmt":"2017-06-15T20:18:16","guid":{"rendered":"https:\/\/marfund.org\/es\/?page_id=320"},"modified":"2019-02-26T10:25:11","modified_gmt":"2019-02-26T16:25:11","slug":"arrecife-mesoamericano","status":"publish","type":"page","link":"https:\/\/marfund.org\/es\/arrecife-mesoamericano\/","title":{"rendered":"Arrecife Mesoamericano"},"content":{"rendered":"<div class=\"wpb-content-wrapper\"><p>[vc_row][vc_column][vc_column_text]<\/p>\n<p style=\"text-align: justify;\">El Arrecife Mesoamericano es un sistema de ecosistemas marinos interconectados e interactuantes que se extiende a trav\u00e9s de las aguas territoriales de Belice, Guatemala, Honduras y M\u00e9xico. Como segundo sistema de arrecifes m\u00e1s grande del mundo, este ecosistema es la columna vertebral de la ecorregi\u00f3n mesoamericana y es de importancia fundamental para la salud ecol\u00f3gica y econ\u00f3mica de toda la zona del Atl\u00e1ntico Sur.<\/p>\n<p style=\"text-align: justify;\">Adem\u00e1s de ser una fuente de innumerables recursos marinos y servicios ecol\u00f3gicos, el Arrecife Mesoamericano tambi\u00e9n es el sistema de soporte de vida para la regi\u00f3n. En pocas palabras, la falta de salud y desarrollo en el Arrecife Mesoamericano provocar\u00eda la falta de salud y desarrollo para la regi\u00f3n y sus millones de habitantes.<\/p>\n<p><img loading=\"lazy\" class=\"size-full wp-image-321 aligncenter\" src=\"https:\/\/marfund.org\/es\/wp-content\/uploads\/2017\/06\/full-marfund-map.png\" alt=\"\" width=\"915\" height=\"655\" srcset=\"https:\/\/marfund.org\/es\/wp-content\/uploads\/2017\/06\/full-marfund-map.png 915w, https:\/\/marfund.org\/es\/wp-content\/uploads\/2017\/06\/full-marfund-map-300x215.png 300w, https:\/\/marfund.org\/es\/wp-content\/uploads\/2017\/06\/full-marfund-map-768x550.png 768w\" sizes=\"(max-width: 915px) 100vw, 915px\" \/>[\/vc_column_text][vc_column_text]<\/p>\n<h4>\u00bfPor qu\u00e9 el SAM es crucial para el ecosistema mundial?<\/h4>\n<p style=\"text-align: justify;\">No importa en d\u00f3nde usted vive, su vida depende de los oc\u00e9anos. Arrecifes tales como el Sistema Arrecifal Mesoamericano constituyen la columna vertebral de la biodiversidad y los sistemas ecol\u00f3gicos que sustentan los oc\u00e9anos, y estos servicios son el soporte para toda la vida en la tierra. El Arrecife Mesoamericano es un vivero, una biblioteca gen\u00e9tica, protector de la tierra, productor de arena y proveedor de bienestar econ\u00f3mico y salud humana, tanto para la regi\u00f3n del SAM como para el mundo. La conservaci\u00f3n del SAM conserva nuestro propio sistema de soporte de vida. La prosperidad ecol\u00f3gica y econ\u00f3mica es para todos. \u00a1\u00danase a nosotros!.<\/p>\n<h4>\u00bfCu\u00e1les son los servicios ambientales que presta?<\/h4>\n<p style=\"text-align: justify;\">Para la mayor\u00eda de personas, el Arrecife Mesoamericano es un lugar de belleza est\u00e9tica y relajaci\u00f3n que atrae a turistas provenientes de todo el planeta. Sin embargo, la contribuci\u00f3n econ\u00f3mica es solamente el comienzo de los bienes y servicios de valor incalculable que el SAM provee a la regi\u00f3n y al mundo. Adem\u00e1s de proteger miles de kil\u00f3metros de costas contra las fuerzas destructivas de las corrientes, las tormentas y las olas, el SAM desarrolla la masa terrestre y produce en las playas una arena fin\u00edsima que los usuarios pueden disfrutar. El SAM es el vivero y lugar de crianza y alimentaci\u00f3n para una asombrosa diversidad de organismos; es una biblioteca gen\u00e9tica y un libro de historia que contiene informaci\u00f3n ecol\u00f3gica trascendental del pasado que es crucial para las decisiones que se toman la actualidad. La vida que el SAM sustenta tambi\u00e9n sostiene la vida econ\u00f3mica de toda la regi\u00f3n de los cuatro pa\u00edses. A escala mundial, el SAM es un fijador masivo de nitr\u00f3geno, un sumidero de di\u00f3xido de carbono y un desintoxicante del agua y el aire. Su arquitectura de carbonato de calcio es la columna vertebral para la diversidad de vida en la regi\u00f3n y el mundo.<\/p>\n<p>[\/vc_column_text][\/vc_column][\/vc_row]<\/p>\n<\/div>","protected":false},"excerpt":{"rendered":"<p>[vc_row][vc_column][vc_column_text] El Arrecife Mesoamericano es un sistema de ecosistemas marinos interconectados e interactuantes que se extiende a trav\u00e9s de las aguas territoriales de Belice, Guatemala, Honduras y M\u00e9xico. Como segundo sistema de arrecifes m\u00e1s grande del mundo, este ecosistema es la columna vertebral de la ecorregi\u00f3n mesoamericana y es de importancia fundamental para la salud [&hellip;]<\/p>\n","protected":false},"author":1,"featured_media":0,"parent":0,"menu_order":0,"comment_status":"closed","ping_status":"closed","template":"template_events_fullwidth.php","meta":[],"_links":{"self":[{"href":"https:\/\/marfund.org\/es\/wp-json\/wp\/v2\/pages\/320"}],"collection":[{"href":"https:\/\/marfund.org\/es\/wp-json\/wp\/v2\/pages"}],"about":[{"href":"https:\/\/marfund.org\/es\/wp-json\/wp\/v2\/types\/page"}],"author":[{"embeddable":true,"href":"https:\/\/marfund.org\/es\/wp-json\/wp\/v2\/users\/1"}],"replies":[{"embeddable":true,"href":"https:\/\/marfund.org\/es\/wp-json\/wp\/v2\/comments?post=320"}],"version-history":[{"count":7,"href":"https:\/\/marfund.org\/es\/wp-json\/wp\/v2\/pages\/320\/revisions"}],"predecessor-version":[{"id":2181,"href":"https:\/\/marfund.org\/es\/wp-json\/wp\/v2\/pages\/320\/revisions\/2181"}],"wp:attachment":[{"href":"https:\/\/marfund.org\/es\/wp-json\/wp\/v2\/media?parent=320"}],"curies":[{"name":"wp","href":"https:\/\/api.w.org\/{rel}","templated":true}]}}