{"id":308,"date":"2017-06-14T12:15:31","date_gmt":"2017-06-14T18:15:31","guid":{"rendered":"https:\/\/marfund.org\/es\/?page_id=308"},"modified":"2024-06-24T15:56:31","modified_gmt":"2024-06-24T21:56:31","slug":"que-es-fondo-sam","status":"publish","type":"page","link":"https:\/\/marfund.org\/es\/que-es-fondo-sam\/","title":{"rendered":"\u00bfQu\u00e9 es MAR Fund?"},"content":{"rendered":"<div class=\"wpb-content-wrapper\"><p>[vc_row][vc_column][vc_single_image image=\u00bb509&#8243; img_size=\u00bbfull\u00bb alignment=\u00bbcenter\u00bb][vc_column_text]<\/p>\n<p style=\"text-align: justify;\">A principios del 2004, al reconocer la necesidad de un fondo regional y de una instituci\u00f3n coordinadora, representantes de los fondos de conservaci\u00f3n en cada pa\u00eds de la legi\u00f3n SAM (Belice, Guatemala, Honduras y M\u00e9xico) iniciaron el Fondo para el Sistema Arrecifal Mesoamericano (MAR Fund, por sus siglas en ingl\u00e9s).<\/p>\n<p style=\"text-align: justify;\">MAR Fund es un fondo privado con una Junta Directiva integrada por donantes, expertos, la Comisi\u00f3n Centroamericana de Ambiente y Desarrollo (CCAD) y los fondos ambientales de cada uno de los pa\u00edses que componen el Arrecife Mesoamericano PACT (Belice), Fundaci\u00f3n para la Conservaci\u00f3n de los Recursos Naturales y Ambiente en Guatemala (FCG), Fundaci\u00f3n Biosfera (Honduras) y el Fondo Mexicano para la Conservaci\u00f3n de la Naturaleza (M\u00e9xico).<\/p>\n<p style=\"text-align: justify;\">La misi\u00f3n de MAR Fund es impulsar\u00a0 financiamiento y alianzas regionales para la conservaci\u00f3n, restauraci\u00f3n y uso sostenible del Arrecife Mesoamericano.<\/p>\n<p style=\"text-align: justify;\">Para llevar esto a cabo, el MAR Fund opera como un organismo ecoregional de planeaci\u00f3n y coordinaci\u00f3n que prioriza proyectos y distribuye fondos. MAR Fund espera ser reconocida y respetada como un fondo confiable y transparente que es capaz de sostener y financiar alianzas transnacionales, pol\u00edticas y pr\u00e1cticas efectivas orientadas a la conservaci\u00f3n del arrecife mesoamericano y a promover la salud y el bienestar de los habitantes de la regi\u00f3n.<\/p>\n<p>MAR Fund desarrolla sus actividades a trav\u00e9s de cinco programas:<\/p>\n<ol>\n<li>Salvando nuestras \u00e1reas protegidas: Un legado de cuidados. Establecimiento y protecci\u00f3n de una red interconectada de \u00e1reas protegidas marinas y costeras prioritarias en la regi\u00f3n.<\/li>\n<li>Pesca para el futuro: Pesquer\u00edas sostenibles para un arrecife pr\u00f3spero. Participaci\u00f3n comunitaria en el co-manejo de sus pesquer\u00edas, establecimiento de zonas de restauraci\u00f3n pesquera y monitoreo y protecci\u00f3n de zonas de agregaci\u00f3n de desove de peces.<\/li>\n<li>Cambio Clim\u00e1tico: La necesidad es ahora. Apoyando adaptaci\u00f3n al cambio clim\u00e1tico y sus impactos en el arrecife.<\/li>\n<li>Fondo Marino de Belice: Mejorando la conservaci\u00f3n marina en Belice con la participaci\u00f3n de actores clave locales, para un beneficio regional m\u00e1s Amplio.<\/li>\n<li>Agua limpia para el arrecife. Mejorando el tratamiento de aguas servidas y el manejo de desechos s\u00f3lidos para una ecorregi\u00f3n y su poblaci\u00f3n m\u00e1s saludables.<\/li>\n<\/ol>\n<p>[\/vc_column_text][vc_btn title=\u00bbPara obtener m\u00e1s informaci\u00f3n, tenemos a su disposici\u00f3n nuestro prospecto informativo\u00bb color=\u00bbviolet\u00bb size=\u00bblg\u00bb i_icon_fontawesome=\u00bbfa fa-file-pdf-o\u00bb css_animation=\u00bbbounceIn\u00bb add_icon=\u00bbtrue\u00bb link=\u00bburl:https%3A%2F%2Fmarfund.org%2Fes%2Fwp-content%2Fuploads%2F2017%2F08%2FMAR-FundProspectus-spanish.pdf|title:Descargar|target:%20_blank|\u00bb][\/vc_column][\/vc_row]<\/p>\n<\/div>","protected":false},"excerpt":{"rendered":"<p>[vc_row][vc_column][vc_single_image image=\u00bb509&#8243; img_size=\u00bbfull\u00bb alignment=\u00bbcenter\u00bb][vc_column_text] A principios del 2004, al reconocer la necesidad de un fondo regional y de una instituci\u00f3n coordinadora, representantes de los fondos de conservaci\u00f3n en cada pa\u00eds de la legi\u00f3n SAM (Belice, Guatemala, Honduras y M\u00e9xico) iniciaron el Fondo para el Sistema Arrecifal Mesoamericano (MAR Fund, por sus siglas en ingl\u00e9s). MAR [&hellip;]<\/p>\n","protected":false},"author":1,"featured_media":0,"parent":0,"menu_order":0,"comment_status":"closed","ping_status":"closed","template":"template_events_fullwidth.php","meta":[],"_links":{"self":[{"href":"https:\/\/marfund.org\/es\/wp-json\/wp\/v2\/pages\/308"}],"collection":[{"href":"https:\/\/marfund.org\/es\/wp-json\/wp\/v2\/pages"}],"about":[{"href":"https:\/\/marfund.org\/es\/wp-json\/wp\/v2\/types\/page"}],"author":[{"embeddable":true,"href":"https:\/\/marfund.org\/es\/wp-json\/wp\/v2\/users\/1"}],"replies":[{"embeddable":true,"href":"https:\/\/marfund.org\/es\/wp-json\/wp\/v2\/comments?post=308"}],"version-history":[{"count":22,"href":"https:\/\/marfund.org\/es\/wp-json\/wp\/v2\/pages\/308\/revisions"}],"predecessor-version":[{"id":6117,"href":"https:\/\/marfund.org\/es\/wp-json\/wp\/v2\/pages\/308\/revisions\/6117"}],"wp:attachment":[{"href":"https:\/\/marfund.org\/es\/wp-json\/wp\/v2\/media?parent=308"}],"curies":[{"name":"wp","href":"https:\/\/api.w.org\/{rel}","templated":true}]}}