{"id":2657,"date":"2019-11-22T12:12:15","date_gmt":"2019-11-22T18:12:15","guid":{"rendered":"https:\/\/marfund.org\/es\/?page_id=2657"},"modified":"2022-07-21T14:43:47","modified_gmt":"2022-07-21T20:43:47","slug":"manglares","status":"publish","type":"page","link":"https:\/\/marfund.org\/es\/manglares\/","title":{"rendered":"Manglares"},"content":{"rendered":"<div class=\"wpb-content-wrapper\"><p>[vc_row][vc_column][vc_single_image image=\u00bb2658&#8243; img_size=\u00bbfull\u00bb alignment=\u00bbcenter\u00bb][vc_single_image image=\u00bb410&#8243; img_size=\u00bbfull\u00bb][\/vc_column][\/vc_row][vc_row][vc_column width=\u00bb1\/12&#8243;][\/vc_column][vc_column width=\u00bb10\/12&#8243;][vc_empty_space][vc_custom_heading text=\u00bbIntroducci\u00f3n\u00bb font_container=\u00bbtag:h1|font_size:34|text_align:center\u00bb google_fonts=\u00bbfont_family:Roboto%3A100%2C100italic%2C300%2C300italic%2Cregular%2Citalic%2C500%2C500italic%2C700%2C700italic%2C900%2C900italic|font_style:900%20bold%20regular%3A900%3Anormal\u00bb][vc_column_text]Los manglares son un ecosistema de vital importancia en los tr\u00f3picos a lo largo de su distribuci\u00f3n. Los servicios ecosist\u00e9micos que brindan benefician tanto la salud e integridad del arrecife y las costas, como la seguridad de sus habitantes. Este ecosistema se encuentra amenazado en el Arrecife Mesoamericano, de ah\u00ed la importancia de contar con una estrategia regional que contribuya a su manejo, conservaci\u00f3n y restauraci\u00f3n.<\/p>\n<p>En septiembre de 2019, gracias al apoyo de la Embajada de Alemania en Guatemala y al proyecto \u201cManejo integrado de la cuenca al arrecife de la Ecorregi\u00f3n del Arrecife Mesoamericano (MAR2R)\u201d (CCAD \/ WWF \/ GEF), bajo la coordinaci\u00f3n del Fondo SAM y el Instituto Smithsonian, se realiz\u00f3 un taller en la Ciudad de Guatemala para desarrollar una estrategia regional para la conservaci\u00f3n y restauraci\u00f3n de manglares en el Arrecife Mesoamericano.[\/vc_column_text][\/vc_column][vc_column width=\u00bb1\/12&#8243;][\/vc_column][\/vc_row][vc_row][vc_column][vc_separator][vc_empty_space][vc_custom_heading text=\u00bbTaller Estrategia Regional de Manglares SAM\u00bb font_container=\u00bbtag:h1|font_size:34|text_align:center\u00bb google_fonts=\u00bbfont_family:Roboto%3A100%2C100italic%2C300%2C300italic%2Cregular%2Citalic%2C500%2C500italic%2C700%2C700italic%2C900%2C900italic|font_style:900%20bold%20regular%3A900%3Anormal\u00bb][\/vc_column][\/vc_row][vc_row][vc_column width=\u00bb1\/12&#8243;][vc_column_text][\/vc_column_text][\/vc_column][vc_column width=\u00bb5\/6&#8243;][vc_tta_accordion color=\u00bbpurple\u00bb active_section=\u00bb21&#8243; collapsible_all=\u00bbtrue\u00bb][vc_tta_section title=\u00bb1. Agenda\u00bb tab_id=\u00bbManglaresAgenda\u00bb][vc_column_text]<strong>Agenda del taller (espa\u00f1ol)<\/strong><\/p>\n<p style=\"text-align: justify;\"><a style=\"color: #ff0000;\" href=\"https:\/\/marfund.org\/en\/wp-content\/uploads\/2019\/11\/Agenda_del_taller_espa\u00f1ol.pdf\" target=\"_blank\" rel=\"noopener noreferrer\"><i  style=\"color:#dd3333; font-size:28px;\" class=\"fa fa-file-pdf-o \"><\/i><\/a><\/p>\n<p>[\/vc_column_text][\/vc_tta_section][vc_tta_section title=\u00bb2. Lista de Participantes\u00bb tab_id=\u00bbManglaresListaParticipantes\u00bb][vc_column_text]<strong>Lista de participantes (espa\u00f1ol)<\/strong><\/p>\n<p style=\"text-align: justify;\"><a style=\"color: #ff0000;\" href=\"https:\/\/marfund.org\/en\/wp-content\/uploads\/2019\/11\/Listado_de_participantes_final.pdf\" target=\"_blank\" rel=\"noopener noreferrer\"><i  style=\"color:#dd3333; font-size:28px;\" class=\"fa fa-file-pdf-o \"><\/i><\/a><\/p>\n<p>[\/vc_column_text][\/vc_tta_section][vc_tta_section title=\u00bb3. Minuta\u00bb tab_id=\u00bbManglaresMInuta\u00bb][vc_column_text]<strong>Memoria Taller Regional Manglares<\/strong><\/p>\n<p style=\"text-align: justify;\"><a style=\"color: #ff0000;\" href=\"https:\/\/marfund.org\/es\/wp-content\/uploads\/2019\/12\/Memoria-Taller-Regional-Manglares.pdf\" target=\"_blank\" rel=\"noopener noreferrer\"><i  style=\"color:#dd3333; font-size:28px;\" class=\"fa fa-file-pdf-o \"><\/i><\/a><\/p>\n<p>[\/vc_column_text][\/vc_tta_section][vc_tta_section title=\u00bb4. Presentaciones\u00bb tab_id=\u00bbManglaresPresentaciones\u00bb][vc_column_text]<strong>Anexo 2 &#8211; Metodolog\u00eda del Taller Olga Centeno<\/strong><\/p>\n<p style=\"text-align: justify;\"><a style=\"color: #ff0000;\" href=\"https:\/\/marfund.org\/en\/wp-content\/uploads\/2019\/11\/Anexo-2-Metodologia-del-Taller-Olga-Centeno.pdf\" target=\"_blank\" rel=\"noopener noreferrer\"><i  style=\"color:#dd3333; font-size:28px;\" class=\"fa fa-file-pdf-o \"><\/i><\/a><\/p>\n<hr \/>\n<p><strong>Anexo 3 &#8211; Situaci\u00f3n de los manglares en el SAM Steve Canty<\/strong><\/p>\n<p style=\"text-align: justify;\"><a style=\"color: #ff0000;\" href=\"https:\/\/marfund.org\/en\/wp-content\/uploads\/2019\/11\/Anexo-3-Situacion-de-los-manglares-en-el-SAM-Steve-Canty.pdf\" target=\"_blank\" rel=\"noopener noreferrer\"><i  style=\"color:#dd3333; font-size:28px;\" class=\"fa fa-file-pdf-o \"><\/i><\/a><\/p>\n<hr \/>\n<p><strong>Anexo 4 &#8211; Adaptaci\u00f3n al CC y vulnerabilidad en el SAM Nestor Windevoxhel<\/strong><\/p>\n<p style=\"text-align: justify;\"><a style=\"color: #ff0000;\" href=\"https:\/\/marfund.org\/en\/wp-content\/uploads\/2019\/11\/Anexo-4-Adaptaci\u00f3n-al-CC-y-vulnerabilidad-en-el-SAM-Nestor-Windevoxhel.pdf\" target=\"_blank\" rel=\"noopener noreferrer\"><i  style=\"color:#dd3333; font-size:28px;\" class=\"fa fa-file-pdf-o \"><\/i><\/a><\/p>\n<hr \/>\n<p><strong>Anexo 5 &#8211; Bienes y Servicios de los Manglares Miguel Cifuentes<\/strong><\/p>\n<p style=\"text-align: justify;\"><a style=\"color: #ff0000;\" href=\"https:\/\/marfund.org\/en\/wp-content\/uploads\/2019\/11\/Anexo-5-Bienes-y-Servicios-de-los-Manglares-Miguel-Cifuentes.pdf\" target=\"_blank\" rel=\"noopener noreferrer\"><i  style=\"color:#dd3333; font-size:28px;\" class=\"fa fa-file-pdf-o \"><\/i><\/a><\/p>\n<hr \/>\n<p><strong>Anexo 6 &#8211; Situaci\u00f3n cuencas hidrogr\u00e1ficas en el SAM Sonia Solis<\/strong><\/p>\n<p style=\"text-align: justify;\"><a style=\"color: #ff0000;\" href=\"https:\/\/marfund.org\/en\/wp-content\/uploads\/2019\/11\/Anexo-6-Situacion-cuencas-hidrograficas-en-el-SAM-Sonia-Solis.pdf\" target=\"_blank\" rel=\"noopener noreferrer\"><i  style=\"color:#dd3333; font-size:28px;\" class=\"fa fa-file-pdf-o \"><\/i><\/a><\/p>\n<hr \/>\n<p><strong>Anexo 7 &#8211; Iniciativa Carbono Azul Miguel Cifuentes<\/strong><\/p>\n<p style=\"text-align: justify;\"><a style=\"color: #ff0000;\" href=\"https:\/\/marfund.org\/en\/wp-content\/uploads\/2019\/11\/Anexo-7-Iniciativa-Carbono-Azul-Miguel-Cifuentes.pdf\" target=\"_blank\" rel=\"noopener noreferrer\"><i  style=\"color:#dd3333; font-size:28px;\" class=\"fa fa-file-pdf-o \"><\/i><\/a><\/p>\n<hr \/>\n<p><strong>Anexo 8 &#8211; Restauraci\u00f3n de Manglares Claudia Teutli<\/strong><\/p>\n<p style=\"text-align: justify;\"><a style=\"color: #ff0000;\" href=\"https:\/\/marfund.org\/en\/wp-content\/uploads\/2019\/11\/Anexo-8-Restauracion-de-Manglares-Claudia-Teutli.pdf\" target=\"_blank\" rel=\"noopener noreferrer\"><i  style=\"color:#dd3333; font-size:28px;\" class=\"fa fa-file-pdf-o \"><\/i><\/a><\/p>\n<hr \/>\n<p><strong>Anexo 9 &#8211; Fortalecimiento de la efectividad del manejo y resiliencia Christian Alba<\/strong><\/p>\n<p style=\"text-align: justify;\"><a style=\"color: #ff0000;\" href=\"https:\/\/marfund.org\/en\/wp-content\/uploads\/2019\/11\/Anexo-9-Fortalecimiento-de-la-efectividad-del-manejo-y-resiliencia-Christian-Alba.pdf\" target=\"_blank\" rel=\"noopener noreferrer\"><i  style=\"color:#dd3333; font-size:28px;\" class=\"fa fa-file-pdf-o \"><\/i><\/a><\/p>\n<p>[\/vc_column_text][\/vc_tta_section][vc_tta_section title=\u00bb5. Tabla de Proyectos\u00bb tab_id=\u00bbTablaProyectos\u00bb][vc_column_text]<strong>Tabla de proyectos<\/strong><\/p>\n<p style=\"text-align: justify;\"><a style=\"color: #ff0000;\" href=\"https:\/\/marfund.org\/en\/wp-content\/uploads\/2020\/02\/Results-survey_c-mangroves-manglares.pdf\" target=\"_blank\" rel=\"noopener noreferrer\"><i  style=\"color:#dd3333; font-size:28px;\" class=\"fa fa-file-pdf-o\"><\/i><\/a><\/p>\n<p>[\/vc_column_text][\/vc_tta_section][vc_tta_section title=\u00bb6. Nota del evento\u00bb tab_id=\u00bbManglaresNotaEvento\u00bb][vc_column_text]<strong>Los manglares del Arrecife Mesoamericano contar\u00e1n con una estrategia regional de manejo sostenible<\/strong><\/p>\n<p style=\"text-align: justify;\"><a style=\"color: #ff0000;\" href=\"https:\/\/marfund.org\/en\/estrategia-regional-sostenible-mangles\/\" target=\"_blank\" rel=\"noopener noreferrer\"><i  style=\"color:#dd3333; font-size:28px;\" class=\"fa fa-external-link-square \"><\/i><\/a><\/p>\n<p>[\/vc_column_text][\/vc_tta_section][vc_tta_section title=\u00bb7. Fotos\u00bb tab_id=\u00bbManglaresFotos\u00bb][vc_column_text]<strong>Galer\u00eda de fotos de los talleres<\/strong><\/p>\n<p style=\"text-align: justify;\"><a style=\"color: #ff0000;\" href=\"https:\/\/www.dropbox.com\/sh\/xew4381hbvzvt2a\/AAC5SjMlLyu4Pl5LdcB7zQrLa?dl=0\" target=\"_blank\" rel=\"noopener noreferrer\"><i  style=\"color:#dd3333; font-size:28px;\" class=\"fa fa-external-link-square \"><\/i><\/a><\/p>\n<p>[\/vc_column_text][\/vc_tta_section][vc_tta_section title=\u00bb8. Noticias\u00bb tab_id=\u00bbManglaresNoticias\u00bb][vc_column_text]<strong>Narcotr\u00e1fico, miner\u00eda y monocultivo amenazan el ecosistema manglar del Caribe guatemalteco<\/strong><\/p>\n<p style=\"text-align: justify;\"><a style=\"color: #ff0000;\" href=\"https:\/\/marfund.org\/es\/narcotrafico-mineria-monocultivo\/\" rel=\"noopener noreferrer\"><i  style=\"color:#dd3333; font-size:28px;\" class=\"fa fa-external-link-square \"><\/i><\/a><\/p>\n<p>[\/vc_column_text][vc_column_text]<strong>Bi\u00f3logo marino brit\u00e1nico alerta sobre amenazas a manglares<\/strong><\/p>\n<p style=\"text-align: justify;\"><a style=\"color: #ff0000;\" href=\"https:\/\/marfund.org\/en\/biologo-alerta-sobre-amenazas-a-manglares\/\" rel=\"noopener noreferrer\"><i  style=\"color:#dd3333; font-size:28px;\" class=\"fa fa-external-link-square \"><\/i><\/a><\/p>\n<p>[\/vc_column_text][vc_column_text]<strong>Crear\u00e1n plan para proteger manglares<\/strong><\/p>\n<p style=\"text-align: justify;\"><a style=\"color: #ff0000;\" href=\"https:\/\/dca.gob.gt\/noticias-guatemala-diario-centro-america\/crearan-plan-para-proteger-manglares\/\" target=\"_blank\" rel=\"noopener noreferrer\"><i  style=\"color:#dd3333; font-size:28px;\" class=\"fa fa-external-link-square \"><\/i><\/a><\/p>\n<p>[\/vc_column_text][vc_column_text]<strong>Desarrollar\u00e1n estrategia para la conservaci\u00f3n y restauraci\u00f3n del mangle en el arrecife mesoamericano<\/strong><\/p>\n<p style=\"text-align: justify;\"><a style=\"color: #ff0000;\" href=\"https:\/\/marfund.org\/es\/estrategias-conservacion-restauracion-mangle\/\" target=\"_blank\" rel=\"noopener noreferrer\"><i  style=\"color:#dd3333; font-size:28px;\" class=\"fa fa-external-link-square \"><\/i><\/a><\/p>\n<p>[\/vc_column_text][vc_column_text]<strong>Apuntan a una estrategia regional para la conservaci\u00f3n de manglares<\/strong><\/p>\n<p style=\"text-align: justify;\"><a style=\"color: #ff0000;\" href=\"https:\/\/dca.gob.gt\/noticias-guatemala-diario-centro-america\/apuntan-a-una-estrategia-regional-para-la-conservacion-de-manglares\/\" target=\"_blank\" rel=\"noopener noreferrer\"><i  style=\"color:#dd3333; font-size:28px;\" class=\"fa fa-external-link-square \"><\/i><\/a><\/p>\n<p>[\/vc_column_text][vc_column_text]<strong>\u00danete a la Red Mesoamericana de Manglares y Pastos Marinos<\/strong><\/p>\n<p style=\"text-align: justify;\"><a style=\"color: #ff0000;\" href=\"https:\/\/marfund.org\/es\/unete-a-la-red-mesoamericana-manglares-pastos-marinos\/\" rel=\"noopener noreferrer\"><i  style=\"color:#dd3333; font-size:28px;\" class=\"fa fa-external-link-square \"><\/i><\/a><\/p>\n<p>[\/vc_column_text][\/vc_tta_section][vc_tta_section title=\u00bb9. V\u00eddeos\u00bb tab_id=\u00bbManglaresVideos\u00bb][vc_column_text]<strong>Taller Desarrollo de una Estrategia para la Conservaci\u00f3n y Restauraci\u00f3n de Manglares en el Arrecife Mesoamericano<\/strong><\/p>\n<p style=\"text-align: justify;\"><a style=\"color: #ff0000;\" href=\"https:\/\/www.youtube.com\/watch?v=8YHTQLTcOhU\" target=\"_blank\" rel=\"noopener noreferrer\"><i  style=\"color:#dd3333; font-size:28px;\" class=\"fa fa-youtube-square\"><\/i><\/a><\/p>\n<p><strong>Manglares en el Arrecife Mesoamericano<\/strong><\/p>\n<p style=\"text-align: justify;\"><a style=\"color: #ff0000;\" href=\"https:\/\/www.youtube.com\/watch?v=RTbpKIklfXU\" target=\"_blank\" rel=\"noopener noreferrer\"><i  style=\"color:#dd3333; font-size:28px;\" class=\"fa fa-youtube-square\"><\/i><\/a><\/p>\n<p>[\/vc_column_text][\/vc_tta_section][vc_tta_section title=\u00bb10. Estrategia Regional de Manejo, Conservaci\u00f3n, Restauraci\u00f3n y Monitoreo de Manglares en el Arrecife Mesoamericano 2020-2025&#8243; tab_id=\u00bbEstrategiaRegional\u00bb][vc_column_text]<strong>Para descargar en formato PDF &#8211; clic abajo<\/strong><\/p>\n<p style=\"text-align: justify;\"><a style=\"color: #ff0000;\" href=\"https:\/\/repository.si.edu\/handle\/10088\/107486\" target=\"_blank\" rel=\"noopener noreferrer\"><i  style=\"color:#dd3333; font-size:28px;\" class=\"fa fa-file-pdf-o \"><\/i><\/a><\/p>\n<hr \/>\n<p>[\/vc_column_text][\/vc_tta_section][\/vc_tta_accordion][\/vc_column][vc_column width=\u00bb1\/12&#8243;][\/vc_column][\/vc_row][vc_row][vc_column][vc_empty_space][vc_separator][vc_empty_space][vc_custom_heading text=\u00bbManual para la restauraci\u00f3n de manglares en el<br \/>\nSAM y el Gran Caribe\u00bb font_container=\u00bbtag:h1|font_size:32|text_align:center\u00bb google_fonts=\u00bbfont_family:Roboto%3A100%2C100italic%2C300%2C300italic%2Cregular%2Citalic%2C500%2C500italic%2C700%2C700italic%2C900%2C900italic|font_style:900%20bold%20regular%3A900%3Anormal\u00bb][\/vc_column][\/vc_row][vc_row][vc_column width=\u00bb1\/12&#8243;][\/vc_column][vc_column width=\u00bb10\/12&#8243;][vc_empty_space][vc_column_text]Para contribuir con la implementaci\u00f3n de la \u201cEstrategia Regional de Manejo, Conservaci\u00f3n, Restauraci\u00f3n y Monitoreo de Manglares en el Arrecife Mesoamericano 2020-2025\u201d, as\u00ed como de la \u201cEstrategia Regional y Plan de Acci\u00f3n para la Valoraci\u00f3n, Protecci\u00f3n y\/o Restauraci\u00f3n de H\u00e1bitats Marinos Clave en el Gran Caribe 2021\u20132030\u201d de la Convenci\u00f3n de Cartagena, el Proyecto \u201cManejo Integrado de la Cuenca al Arrecife de la Ecorregi\u00f3n del Arrecife Mesoamericano\u201d (MAR2R\/CCAD\/WWF-GEF), PNUMA-Convenci\u00f3n de Cartagena y MAR Fund unieron esfuerzos, bajo el Acuerdo de Cooperaci\u00f3n firmado entre las tres instituciones, para facilitar la elaboraci\u00f3n del \u201c<em>Manual para la Restauraci\u00f3n Ecol\u00f3gica de Manglares del SAM y el Gran Caribe<\/em>\u201d.<\/p>\n<p>El evento virtual de lanzamiento del manual se realiz\u00f3 el d\u00eda mi\u00e9rcoles 1 de diciembre 2021, con la asistencia de 159 personas entre panelistas y participantes.[\/vc_column_text][\/vc_column][vc_column width=\u00bb1\/12&#8243;][\/vc_column][\/vc_row][vc_row][vc_column width=\u00bb1\/12&#8243;][vc_column_text][\/vc_column_text][\/vc_column][vc_column width=\u00bb5\/6&#8243;][vc_tta_accordion color=\u00bbsandy-brown\u00bb active_section=\u00bb21&#8243; collapsible_all=\u00bbtrue\u00bb][vc_tta_section title=\u00bb1. Agenda\u00bb tab_id=\u00bbAgendaManual\u00bb][vc_empty_space][vc_column_text]<img loading=\"lazy\" class=\"aligncenter size-full wp-image-4353\" src=\"https:\/\/marfund.org\/es\/wp-content\/uploads\/2021\/12\/AgendaEspanol_Nov25.jpg\" alt=\"\" width=\"1080\" height=\"1080\" srcset=\"https:\/\/marfund.org\/es\/wp-content\/uploads\/2021\/12\/AgendaEspanol_Nov25.jpg 1080w, https:\/\/marfund.org\/es\/wp-content\/uploads\/2021\/12\/AgendaEspanol_Nov25-150x150.jpg 150w, https:\/\/marfund.org\/es\/wp-content\/uploads\/2021\/12\/AgendaEspanol_Nov25-300x300.jpg 300w, https:\/\/marfund.org\/es\/wp-content\/uploads\/2021\/12\/AgendaEspanol_Nov25-768x768.jpg 768w, https:\/\/marfund.org\/es\/wp-content\/uploads\/2021\/12\/AgendaEspanol_Nov25-1024x1024.jpg 1024w\" sizes=\"(max-width: 1080px) 100vw, 1080px\" \/>[\/vc_column_text][vc_empty_space][\/vc_tta_section][vc_tta_section title=\u00bb2. Presentaciones\u00bb tab_id=\u00bbPresentacionesManual\u00bb][vc_column_text]<strong>2.1 Los manglares en el SAM y el Gran Caribe<\/strong><\/p>\n<p style=\"text-align: justify;\"><a style=\"color: #ff0000;\" href=\"https:\/\/marfund.org\/es\/wp-content\/uploads\/2021\/12\/1_Los-Manglares-del-SAM-y-el-GC.pdf\" target=\"_blank\" rel=\"noopener noreferrer\"><i  style=\"color:#dd3333; font-size:28px;\" class=\"fa fa-file-pdf-o \"><\/i><\/a><\/p>\n<hr \/>\n<p><strong>2.2 Alcance del manual<\/strong><\/p>\n<p style=\"text-align: justify;\"><a style=\"color: #ff0000;\" href=\"https:\/\/marfund.org\/es\/wp-content\/uploads\/2021\/12\/2_Alcance-Manual.pdf\" target=\"_blank\" rel=\"noopener noreferrer\"><i  style=\"color:#dd3333; font-size:28px;\" class=\"fa fa-file-pdf-o \"><\/i><\/a><\/p>\n<hr \/>\n<p><strong>2.3 S\u00edntesis del contenido del manual y su uso<\/strong><\/p>\n<p style=\"text-align: justify;\"><a style=\"color: #ff0000;\" href=\"https:\/\/marfund.org\/es\/wp-content\/uploads\/2021\/12\/3_Contenido-del-manual.pdf\" target=\"_blank\" rel=\"noopener noreferrer\"><i  style=\"color:#dd3333; font-size:28px;\" class=\"fa fa-file-pdf-o \"><\/i><\/a><\/p>\n<p>[\/vc_column_text][\/vc_tta_section][vc_tta_section title=\u00bb3. Lista de Participantes\u00bb tab_id=\u00bbListaParticipantesManual\u00bb][vc_column_text]<strong>Lista de participantes<\/strong><\/p>\n<p style=\"text-align: justify;\"><a style=\"color: #ff0000;\" href=\"https:\/\/marfund.org\/es\/wp-content\/uploads\/2021\/12\/Lista-asistencia-integrada.pdf\" target=\"_blank\" rel=\"noopener noreferrer\"><i  style=\"color:#dd3333; font-size:28px;\" class=\"fa fa-file-pdf-o \"><\/i><\/a><\/p>\n<p>[\/vc_column_text][\/vc_tta_section][vc_tta_section title=\u00bb4. V\u00eddeo del evento\u00bb tab_id=\u00bbVideosDelEvento\u00bb][vc_video link=\u00bbhttps:\/\/youtu.be\/kj7NePdcudM\u00bb align=\u00bbcenter\u00bb][\/vc_tta_section][vc_tta_section title=\u00bb5. Manual\u00bb tab_id=\u00bbManual\u00bb][vc_column_text]<strong>Manual para la Restauraci\u00f3n Ecol\u00f3gica de Manglares del Sistema Arrecifal Mesoamericano y el Gran Caribe<\/strong><\/p>\n<p style=\"text-align: justify;\"><a style=\"color: #ff0000;\" href=\"https:\/\/marfund.org\/es\/wp-content\/uploads\/2021\/12\/Manual-Restauracion-de-Manglar.pdf\" target=\"_blank\" rel=\"noopener noreferrer\"><i  style=\"color:#dd3333; font-size:28px;\" class=\"fa fa-file-pdf-o \"><\/i><\/a><\/p>\n<p>[\/vc_column_text][\/vc_tta_section][\/vc_tta_accordion][\/vc_column][vc_column width=\u00bb1\/12&#8243;][\/vc_column][\/vc_row][vc_row][vc_column][vc_empty_space][vc_separator][vc_empty_space][vc_custom_heading text=\u00bbMapeo de manglares en la ecorregi\u00f3n del<br \/>\nArrecife Mesoamericano (SAM),<br \/>\na una resoluci\u00f3n espacial de 10 metros con<br \/>\nGoogle Earth Engine\u00bb font_container=\u00bbtag:h1|font_size:32|text_align:center\u00bb google_fonts=\u00bbfont_family:Roboto%3A100%2C100italic%2C300%2C300italic%2Cregular%2Citalic%2C500%2C500italic%2C700%2C700italic%2C900%2C900italic|font_style:900%20bold%20regular%3A900%3Anormal\u00bb][\/vc_column][\/vc_row][vc_row][vc_column width=\u00bb1\/12&#8243;][\/vc_column][vc_column width=\u00bb10\/12&#8243;][vc_empty_space][vc_column_text]Estudio realizado por Jordan R. Cissell, Departamento de Geograf\u00eda, Universidad Samford y Steven W.J. Canty, Museo Nacional de Historia Natural, Paisajes Marinos y Terrestres, Instituto Smithsonian.<\/p>\n<p>Nos complace compartir con ustedes el informe final de este estudio financiado por el proyecto \u201cManejo integrado de la cuenca al arrecife de la Ecorregi\u00f3n del Arrecife Mesoamericano (MAR2R)\u201d (CCAD \/ WWF \/ GEF). Es la primera vez que se mapean los ecosistemas de manglar de los cuatro pa\u00edses del SAM utilizando una metodolog\u00eda estandarizada y con una alta resoluci\u00f3n espacial. El estudio proporciona: 1) descripci\u00f3n muy detallada y precisa de los ecosistemas de manglar en el SAM para el 2020 y 2) una l\u00ednea de base consistente para monitorear los cambios futuros en los ecosistemas de manglares de la regi\u00f3n.[\/vc_column_text][\/vc_column][vc_column width=\u00bb1\/12&#8243;][\/vc_column][\/vc_row][vc_row][vc_column width=\u00bb1\/12&#8243;][vc_column_text][\/vc_column_text][\/vc_column][vc_column width=\u00bb5\/6&#8243;][vc_tta_accordion color=\u00bbsky\u00bb active_section=\u00bb21&#8243; collapsible_all=\u00bbtrue\u00bb][vc_tta_section title=\u00bb1. Reporte final\u00bb tab_id=\u00bbReporteFinal\u00bb][vc_column_text]<strong>Reporte final<\/strong><\/p>\n<p style=\"text-align: justify;\"><a style=\"color: #ff0000;\" href=\"https:\/\/marfund.org\/es\/wp-content\/uploads\/2022\/07\/Cissell_Canty_Report_MAR_Mangrove_Mapping_logos_new.pdf\" target=\"_blank\" rel=\"noopener noreferrer\"><i  style=\"color:#dd3333; font-size:28px;\" class=\"fa fa-file-pdf-o \"><\/i><\/a><\/p>\n<p>[\/vc_column_text][\/vc_tta_section][vc_tta_section title=\u00bb2. Shapefiles y archivos KMZ\u00bb tab_id=\u00bbArchivosKMZ\u00bb][vc_column_text]<strong>Shapefiles y archivo KMZ<\/strong><\/p>\n<p style=\"text-align: justify;\"><a style=\"color: #ff0000;\" href=\"https:\/\/smithsonian.figshare.com\/articles\/online_resource\/Mangrove_maps_of_the_Mesoamerican_reef_region\/19391447\" target=\"_blank\" rel=\"noopener noreferrer\"><i  style=\"color:#dd3333; font-size:28px;\" class=\"fa fa-link\"><\/i><\/a><\/p>\n<p>[\/vc_column_text][\/vc_tta_section][\/vc_tta_accordion][\/vc_column][vc_column width=\u00bb1\/12&#8243;][\/vc_column][\/vc_row][vc_row][vc_column][vc_empty_space][vc_separator][\/vc_column][\/vc_row]<\/p>\n<\/div>","protected":false},"excerpt":{"rendered":"<p>[vc_row][vc_column][vc_single_image image=\u00bb2658&#8243; img_size=\u00bbfull\u00bb alignment=\u00bbcenter\u00bb][vc_single_image image=\u00bb410&#8243; img_size=\u00bbfull\u00bb][\/vc_column][\/vc_row][vc_row][vc_column width=\u00bb1\/12&#8243;][\/vc_column][vc_column width=\u00bb10\/12&#8243;][vc_empty_space][vc_custom_heading text=\u00bbIntroducci\u00f3n\u00bb font_container=\u00bbtag:h1|font_size:34|text_align:center\u00bb google_fonts=\u00bbfont_family:Roboto%3A100%2C100italic%2C300%2C300italic%2Cregular%2Citalic%2C500%2C500italic%2C700%2C700italic%2C900%2C900italic|font_style:900%20bold%20regular%3A900%3Anormal\u00bb][vc_column_text]Los manglares son un ecosistema de vital importancia en los tr\u00f3picos a lo largo de su distribuci\u00f3n. Los servicios ecosist\u00e9micos que brindan benefician tanto la salud e integridad del arrecife y las costas, como la seguridad de sus habitantes. Este ecosistema se encuentra amenazado en [&hellip;]<\/p>\n","protected":false},"author":1,"featured_media":0,"parent":0,"menu_order":0,"comment_status":"closed","ping_status":"closed","template":"template_events_fullwidth.php","meta":[],"_links":{"self":[{"href":"https:\/\/marfund.org\/es\/wp-json\/wp\/v2\/pages\/2657"}],"collection":[{"href":"https:\/\/marfund.org\/es\/wp-json\/wp\/v2\/pages"}],"about":[{"href":"https:\/\/marfund.org\/es\/wp-json\/wp\/v2\/types\/page"}],"author":[{"embeddable":true,"href":"https:\/\/marfund.org\/es\/wp-json\/wp\/v2\/users\/1"}],"replies":[{"embeddable":true,"href":"https:\/\/marfund.org\/es\/wp-json\/wp\/v2\/comments?post=2657"}],"version-history":[{"count":38,"href":"https:\/\/marfund.org\/es\/wp-json\/wp\/v2\/pages\/2657\/revisions"}],"predecessor-version":[{"id":4683,"href":"https:\/\/marfund.org\/es\/wp-json\/wp\/v2\/pages\/2657\/revisions\/4683"}],"wp:attachment":[{"href":"https:\/\/marfund.org\/es\/wp-json\/wp\/v2\/media?parent=2657"}],"curies":[{"name":"wp","href":"https:\/\/api.w.org\/{rel}","templated":true}]}}