{"id":2330,"date":"2019-06-10T14:27:50","date_gmt":"2019-06-10T20:27:50","guid":{"rendered":"https:\/\/marfund.org\/es\/?page_id=2330"},"modified":"2026-04-16T15:21:22","modified_gmt":"2026-04-16T21:21:22","slug":"el-equipo","status":"publish","type":"page","link":"https:\/\/marfund.org\/es\/el-equipo\/","title":{"rendered":"El Equipo MAR Fund"},"content":{"rendered":"<div class=\"wpb-content-wrapper\"><p>[vc_row][vc_column][vc_single_image image=\u00bb525&#8243; img_size=\u00bbfull\u00bb alignment=\u00bbcenter\u00bb][vc_column_text]<\/p>\n<p style=\"text-align: justify;\">Contar con las personas adecuadas en el lugar de trabajo, es la clave para el \u00e9xito. Para nosotros en MAR Fund, el contar de personas apasionadas por lo que realizan, es un est\u00e1ndar que hemos establecido para nosotros mismos. Nuestro equipo de trabajo es un maravilloso complemento a los valores fundamentales de MAR Fund quienes est\u00e1n motivados y combinan excelencia en sus respectivos campos con enfoque y tenacidad.<\/p>\n<p>[\/vc_column_text][\/vc_column][\/vc_row][vc_row][vc_column width=\u00bb1\/4&#8243;][vc_column_text][\/vc_column_text][\/vc_column][vc_column width=\u00bb3\/4&#8243;][vc_column_text]<\/p>\n<article id=\"post-99\" class=\"people-list post-99 ctc_person type-ctc_person status-publish has-post-thumbnail hentry ctc_person_group-leadership-staff\">\n<header class=\"iva-people-entry-header\">\n<div class=\"iva-people-image\">\n<div class=\"hoverimg\">\n<figure><img loading=\"lazy\" class=\"imgborder\" style=\"display: block; visibility: visible; opacity: 1;\" src=\"https:\/\/marfund.org\/en\/wp-content\/uploads\/2025\/11\/maria-jose-gonzalez-150x150.jpg\" alt=\"\" width=\"150\" height=\"150\" \/><\/figure>\n<div class=\"hover_type\"><\/div>\n<\/div>\n<\/div>\n<div class=\"iva-people-details\">\n<p><strong>Mar\u00eda Jos\u00e9 Gonz\u00e1lez<\/strong><br \/>\nDirectora Ejecutiva<\/div>\n<\/header>\n<\/article>\n<p>[\/vc_column_text][vc_column_text]<\/p>\n<article id=\"post-99\" class=\"people-list post-99 ctc_person type-ctc_person status-publish has-post-thumbnail hentry ctc_person_group-leadership-staff\">\n<header class=\"iva-people-entry-header\">\n<div class=\"iva-people-image\">\n<div class=\"hoverimg\">\n<figure><img loading=\"lazy\" class=\"imgborder\" style=\"display: block; visibility: visible; opacity: 1;\" src=\"https:\/\/marfund.org\/en\/wp-content\/uploads\/2025\/11\/carlos-rodriguez-2025-150x150.jpg\" alt=\"\" width=\"150\" height=\"150\" \/><\/figure>\n<div class=\"hover_type\"><\/div>\n<\/div>\n<\/div>\n<div class=\"iva-people-details\">\n<p><strong>Carlos Rodr\u00edguez<\/strong><br \/>\nAsesor Estrat\u00e9gico<\/div>\n<\/header>\n<\/article>\n<p>[\/vc_column_text][vc_column_text]<\/p>\n<article id=\"post-99\" class=\"people-list post-99 ctc_person type-ctc_person status-publish has-post-thumbnail hentry ctc_person_group-leadership-staff\">\n<header class=\"iva-people-entry-header\">\n<div class=\"iva-people-image\">\n<div class=\"hoverimg\">\n<figure><img loading=\"lazy\" class=\"imgborder\" style=\"display: block; visibility: visible; opacity: 1;\" src=\"https:\/\/marfund.org\/en\/wp-content\/uploads\/2025\/11\/lluvia-soto-2025-150x150.jpg\" alt=\"\" width=\"150\" height=\"150\" \/><\/figure>\n<div class=\"hover_type\"><\/div>\n<\/div>\n<\/div>\n<div class=\"iva-people-details\">\n<p><strong>Lluvia Soto<\/strong><br \/>\nAsistente Direcci\u00f3n Ejecutiva<\/div>\n<\/header>\n<\/article>\n<p>[\/vc_column_text][vc_column_text]<\/p>\n<article id=\"post-99\" class=\"people-list post-99 ctc_person type-ctc_person status-publish has-post-thumbnail hentry ctc_person_group-leadership-staff\">\n<header class=\"iva-people-entry-header\">\n<div class=\"iva-people-image\">\n<div class=\"hoverimg\">\n<figure><img loading=\"lazy\" class=\"imgborder\" style=\"display: block; visibility: visible; opacity: 1;\" src=\"https:\/\/marfund.org\/en\/wp-content\/uploads\/2025\/11\/liz-herrera-2025-150x150.jpg\" alt=\"\" width=\"150\" height=\"150\" \/><\/figure>\n<div class=\"hover_type\"><\/div>\n<\/div>\n<\/div>\n<div class=\"iva-people-details\">\n<p><strong>Liz Herrera<\/strong><br \/>\nOficial de Comunicaci\u00f3n<\/div>\n<\/header>\n<\/article>\n<p>[\/vc_column_text][vc_column_text]<\/p>\n<article id=\"post-99\" class=\"people-list post-99 ctc_person type-ctc_person status-publish has-post-thumbnail hentry ctc_person_group-leadership-staff\">\n<header class=\"iva-people-entry-header\">\n<div class=\"iva-people-image\">\n<div class=\"hoverimg\">\n<figure><img loading=\"lazy\" class=\"imgborder\" style=\"display: block; visibility: visible; opacity: 1;\" src=\"https:\/\/marfund.org\/en\/wp-content\/uploads\/2025\/11\/judith-morales-2025-150x150.jpg\" alt=\"\" width=\"150\" height=\"150\" \/><\/figure>\n<div class=\"hover_type\"><\/div>\n<\/div>\n<\/div>\n<div class=\"iva-people-details\">\n<p><strong>Judith Morales<\/strong><br \/>\nDirectora T\u00e9cnica<\/div>\n<\/header>\n<\/article>\n<p>[\/vc_column_text][vc_column_text]<\/p>\n<article id=\"post-99\" class=\"people-list post-99 ctc_person type-ctc_person status-publish has-post-thumbnail hentry ctc_person_group-leadership-staff\">\n<header class=\"iva-people-entry-header\">\n<div class=\"iva-people-image\">\n<div class=\"hoverimg\">\n<figure><img loading=\"lazy\" class=\"imgborder\" style=\"display: block; visibility: visible; opacity: 1;\" src=\"https:\/\/marfund.org\/en\/wp-content\/uploads\/2025\/11\/ana-beatriz-rivas-2025-150x150.jpg\" alt=\"\" width=\"150\" height=\"150\" \/><\/figure>\n<div class=\"hover_type\"><\/div>\n<\/div>\n<\/div>\n<div class=\"iva-people-details\">\n<p><strong>Ana Beatriz Rivas<\/strong><br \/>\nCoordinadora del Proyecto de Conservaci\u00f3n de<br \/>\nRecursos Mar\u00edtimos en Centroam\u00e9rica III<\/div>\n<\/header>\n<\/article>\n<p>[\/vc_column_text][vc_column_text]<\/p>\n<article id=\"post-99\" class=\"people-list post-99 ctc_person type-ctc_person status-publish has-post-thumbnail hentry ctc_person_group-leadership-staff\">\n<header class=\"iva-people-entry-header\">\n<div class=\"iva-people-image\">\n<div class=\"hoverimg\">\n<figure><img loading=\"lazy\" class=\"imgborder\" style=\"display: block; visibility: visible; opacity: 1;\" src=\"https:\/\/marfund.org\/en\/wp-content\/uploads\/2025\/11\/ximena-flamenco-2025-150x150.jpg\" alt=\"\" width=\"150\" height=\"150\" \/><\/figure>\n<div class=\"hover_type\"><\/div>\n<\/div>\n<\/div>\n<div class=\"iva-people-details\">\n<p><strong>Ximena Flamenco<\/strong><br \/>\nOficial de Proyectos<\/div>\n<\/header>\n<\/article>\n<p>[\/vc_column_text][vc_column_text]<\/p>\n<article id=\"post-99\" class=\"people-list post-99 ctc_person type-ctc_person status-publish has-post-thumbnail hentry ctc_person_group-leadership-staff\">\n<header class=\"iva-people-entry-header\">\n<div class=\"iva-people-image\">\n<div class=\"hoverimg\">\n<figure><img loading=\"lazy\" class=\"imgborder\" style=\"display: block; visibility: visible; opacity: 1;\" src=\"https:\/\/marfund.org\/en\/wp-content\/uploads\/2025\/11\/olga-centeno-2025-150x150.jpg\" alt=\"\" width=\"150\" height=\"150\" \/><\/figure>\n<div class=\"hover_type\"><\/div>\n<\/div>\n<\/div>\n<div class=\"iva-people-details\">\n<p><strong>Olga Centeno<\/strong><br \/>\nOficial de Proyectos<\/div>\n<\/header>\n<\/article>\n<p>[\/vc_column_text][vc_column_text]<\/p>\n<article id=\"post-99\" class=\"people-list post-99 ctc_person type-ctc_person status-publish has-post-thumbnail hentry ctc_person_group-leadership-staff\">\n<header class=\"iva-people-entry-header\">\n<div class=\"iva-people-image\">\n<div class=\"hoverimg\">\n<figure><img loading=\"lazy\" class=\"imgborder\" style=\"display: block; visibility: visible; opacity: 1;\" src=\"https:\/\/marfund.org\/en\/wp-content\/uploads\/2025\/11\/amy-jones-2025-150x150.jpg\" alt=\"\" width=\"150\" height=\"150\" \/><\/figure>\n<div class=\"hover_type\"><\/div>\n<\/div>\n<\/div>\n<div class=\"iva-people-details\">\n<p><strong>Amy Jones<\/strong><br \/>\nCoordinadora MAR+Invest y MARTAF<\/div>\n<\/header>\n<\/article>\n<p>[\/vc_column_text][vc_column_text]<\/p>\n<article id=\"post-99\" class=\"people-list post-99 ctc_person type-ctc_person status-publish has-post-thumbnail hentry ctc_person_group-leadership-staff\">\n<header class=\"iva-people-entry-header\">\n<div class=\"iva-people-image\">\n<div class=\"hoverimg\">\n<figure><img loading=\"lazy\" class=\"imgborder\" style=\"display: block; visibility: visible; opacity: 1;\" src=\"https:\/\/marfund.org\/en\/wp-content\/uploads\/2025\/11\/concepcion-perez-2025-150x150.jpg\" alt=\"\" width=\"150\" height=\"150\" \/><\/figure>\n<div class=\"hover_type\"><\/div>\n<\/div>\n<\/div>\n<div class=\"iva-people-details\">\n<p><strong>Concepci\u00f3n P\u00e9rez<\/strong><br \/>\nOficial de Proyectos<\/div>\n<\/header>\n<\/article>\n<p>[\/vc_column_text][vc_column_text]<\/p>\n<article id=\"post-99\" class=\"people-list post-99 ctc_person type-ctc_person status-publish has-post-thumbnail hentry ctc_person_group-leadership-staff\">\n<header class=\"iva-people-entry-header\">\n<div class=\"iva-people-image\">\n<div class=\"hoverimg\">\n<figure><img loading=\"lazy\" class=\"imgborder\" style=\"display: block; visibility: visible; opacity: 1;\" src=\"https:\/\/marfund.org\/en\/wp-content\/uploads\/2025\/11\/mariana-borja-2025-150x150.jpg\" alt=\"\" width=\"150\" height=\"150\" \/><\/figure>\n<div class=\"hover_type\"><\/div>\n<\/div>\n<\/div>\n<div class=\"iva-people-details\">\n<p><strong>Mariana Borja<\/strong><br \/>\nOficial de proyectos especiales y mujeres del SAM<\/div>\n<\/header>\n<\/article>\n<p>[\/vc_column_text][vc_column_text]<\/p>\n<article id=\"post-99\" class=\"people-list post-99 ctc_person type-ctc_person status-publish has-post-thumbnail hentry ctc_person_group-leadership-staff\">\n<header class=\"iva-people-entry-header\">\n<div class=\"iva-people-image\">\n<div class=\"hoverimg\">\n<figure><img loading=\"lazy\" class=\"imgborder\" style=\"display: block; visibility: visible; opacity: 1;\" src=\"https:\/\/marfund.org\/en\/wp-content\/uploads\/2025\/11\/elisa-blanca-2025-150x150.jpg\" alt=\"\" width=\"150\" height=\"150\" \/><\/figure>\n<div class=\"hover_type\"><\/div>\n<\/div>\n<\/div>\n<div class=\"iva-people-details\">\n<p><strong>Elisa Blanda<\/strong><br \/>\nOficial Programa de Peque\u00f1as Donaciones<\/div>\n<\/header>\n<\/article>\n<p>[\/vc_column_text][vc_column_text]<\/p>\n<article id=\"post-99\" class=\"people-list post-99 ctc_person type-ctc_person status-publish has-post-thumbnail hentry ctc_person_group-leadership-staff\">\n<header class=\"iva-people-entry-header\">\n<div class=\"iva-people-image\">\n<div class=\"hoverimg\">\n<figure><img loading=\"lazy\" class=\"imgborder\" style=\"display: block; visibility: visible; opacity: 1;\" src=\"https:\/\/marfund.org\/en\/wp-content\/uploads\/2025\/11\/maria-jose-hernandez-2025-150x150.jpg\" alt=\"\" width=\"150\" height=\"150\" \/><\/figure>\n<div class=\"hover_type\"><\/div>\n<\/div>\n<\/div>\n<div class=\"iva-people-details\">\n<p><strong>Mar\u00eda Jos\u00e9 Hern\u00e1ndez<\/strong><br \/>\nPunto Focal en M\u00e9xico<br \/>\nProyecto de Conservaci\u00f3n de Recursos Mar\u00edtimos en Centroam\u00e9rica III<\/div>\n<\/header>\n<\/article>\n<p>[\/vc_column_text][vc_column_text]<\/p>\n<article id=\"post-99\" class=\"people-list post-99 ctc_person type-ctc_person status-publish has-post-thumbnail hentry ctc_person_group-leadership-staff\">\n<header class=\"iva-people-entry-header\">\n<div class=\"iva-people-image\">\n<div class=\"hoverimg\">\n<figure><img loading=\"lazy\" class=\"imgborder\" style=\"display: block; visibility: visible; opacity: 1;\" src=\"https:\/\/marfund.org\/en\/wp-content\/uploads\/2025\/11\/daniela-sansur-2025-150x150.jpg\" alt=\"\" width=\"150\" height=\"150\" \/><\/figure>\n<div class=\"hover_type\"><\/div>\n<\/div>\n<\/div>\n<div class=\"iva-people-details\">\n<p><strong>Daniela Sansur<\/strong><br \/>\nPunto Focal en Honduras<br \/>\nProyecto de Conservaci\u00f3n de Recursos Mar\u00edtimos en Centroam\u00e9rica III<\/div>\n<\/header>\n<\/article>\n<p>[\/vc_column_text][vc_column_text]<\/p>\n<article id=\"post-99\" class=\"people-list post-99 ctc_person type-ctc_person status-publish has-post-thumbnail hentry ctc_person_group-leadership-staff\">\n<header class=\"iva-people-entry-header\">\n<div class=\"iva-people-image\">\n<div class=\"hoverimg\">\n<figure><img loading=\"lazy\" class=\"imgborder\" style=\"display: block; visibility: visible; opacity: 1;\" src=\"https:\/\/marfund.org\/en\/wp-content\/uploads\/2025\/11\/eliceo-cobb-2025-150x150.jpg\" alt=\"\" width=\"150\" height=\"150\" \/><\/figure>\n<div class=\"hover_type\"><\/div>\n<\/div>\n<\/div>\n<div class=\"iva-people-details\">\n<p><strong>Eliceo Cobb<\/strong><br \/>\nPunto Focal en Belice<br \/>\nProyecto de Conservaci\u00f3n de Recursos Mar\u00edtimos en Centroam\u00e9rica III<\/div>\n<\/header>\n<\/article>\n<p>[\/vc_column_text][vc_column_text]<\/p>\n<article id=\"post-99\" class=\"people-list post-99 ctc_person type-ctc_person status-publish has-post-thumbnail hentry ctc_person_group-leadership-staff\">\n<header class=\"iva-people-entry-header\">\n<div class=\"iva-people-image\">\n<div class=\"hoverimg\">\n<figure><img loading=\"lazy\" class=\"imgborder\" style=\"display: block; visibility: visible; opacity: 1;\" src=\"https:\/\/marfund.org\/en\/wp-content\/uploads\/2025\/11\/frely-galvez-2025-150x150.jpg\" alt=\"\" width=\"150\" height=\"150\" \/><\/figure>\n<div class=\"hover_type\"><\/div>\n<\/div>\n<\/div>\n<div class=\"iva-people-details\">\n<p><strong>Frily G\u00e1lvez<\/strong><br \/>\nPunto Focal en Guatemala<br \/>\nProyecto de Conservaci\u00f3n de Recursos Mar\u00edtimos en Centroam\u00e9rica III<\/div>\n<\/header>\n<\/article>\n<p>[\/vc_column_text][vc_column_text]<\/p>\n<article id=\"post-99\" class=\"people-list post-99 ctc_person type-ctc_person status-publish has-post-thumbnail hentry ctc_person_group-leadership-staff\">\n<header class=\"iva-people-entry-header\">\n<div class=\"iva-people-image\">\n<div class=\"hoverimg\">\n<figure><img loading=\"lazy\" class=\"imgborder\" style=\"display: block; visibility: visible; opacity: 1;\" src=\"https:\/\/marfund.org\/en\/wp-content\/uploads\/2025\/11\/karla-zaldana-2025-150x150.jpg\" alt=\"\" width=\"150\" height=\"150\" \/><\/figure>\n<div class=\"hover_type\"><\/div>\n<\/div>\n<\/div>\n<div class=\"iva-people-details\">\n<p><strong>Karla Zalda\u00f1a<\/strong><br \/>\nAsistente T\u00e9cnica Sistema de Gesti\u00f3n Ambiental y Social (ESMS) y<br \/>\nPeque\u00f1as Donaciones<\/div>\n<\/header>\n<\/article>\n<p>[\/vc_column_text][vc_column_text]<\/p>\n<article id=\"post-99\" class=\"people-list post-99 ctc_person type-ctc_person status-publish has-post-thumbnail hentry ctc_person_group-leadership-staff\">\n<header class=\"iva-people-entry-header\">\n<div class=\"iva-people-image\">\n<div class=\"hoverimg\">\n<figure><img loading=\"lazy\" class=\"imgborder\" style=\"display: block; visibility: visible; opacity: 1;\" src=\"https:\/\/marfund.org\/en\/wp-content\/uploads\/2025\/11\/patricia-cabrera-2025-150x150.jpg\" alt=\"\" width=\"150\" height=\"150\" \/><\/figure>\n<div class=\"hover_type\"><\/div>\n<\/div>\n<\/div>\n<div class=\"iva-people-details\">\n<p><strong>Patricia Cabrera<\/strong><br \/>\nDirectora Administrativa-Financiera<\/div>\n<\/header>\n<\/article>\n<p>[\/vc_column_text][vc_column_text]<\/p>\n<article id=\"post-99\" class=\"people-list post-99 ctc_person type-ctc_person status-publish has-post-thumbnail hentry ctc_person_group-leadership-staff\">\n<header class=\"iva-people-entry-header\">\n<div class=\"iva-people-image\">\n<div class=\"hoverimg\">\n<figure><img loading=\"lazy\" class=\"imgborder\" style=\"display: block; visibility: visible; opacity: 1;\" src=\"https:\/\/marfund.org\/en\/wp-content\/uploads\/2025\/11\/damaris-eguizabal-2025-150x150.jpg\" alt=\"\" width=\"150\" height=\"150\" \/><\/figure>\n<div class=\"hover_type\"><\/div>\n<\/div>\n<\/div>\n<div class=\"iva-people-details\">\n<p><strong>D\u00e1maris Eguizabal<\/strong><br \/>\nAsistente Administrativa<\/div>\n<\/header>\n<\/article>\n<p>[\/vc_column_text][vc_column_text]<\/p>\n<article id=\"post-99\" class=\"people-list post-99 ctc_person type-ctc_person status-publish has-post-thumbnail hentry ctc_person_group-leadership-staff\">\n<header class=\"iva-people-entry-header\">\n<div class=\"iva-people-image\">\n<div class=\"hoverimg\">\n<figure><img loading=\"lazy\" class=\"imgborder\" style=\"display: block; visibility: visible; opacity: 1;\" src=\"https:\/\/marfund.org\/en\/wp-content\/uploads\/2025\/11\/lilian-boteo-2025-150x150.jpg\" alt=\"\" width=\"150\" height=\"150\" \/><\/figure>\n<div class=\"hover_type\"><\/div>\n<\/div>\n<\/div>\n<div class=\"iva-people-details\">\n<p><strong>Lilian Boteo<\/strong><br \/>\nAsistente Administrativa-Financiera<\/div>\n<\/header>\n<\/article>\n<p>[\/vc_column_text][vc_column_text]<\/p>\n<article id=\"post-99\" class=\"people-list post-99 ctc_person type-ctc_person status-publish has-post-thumbnail hentry ctc_person_group-leadership-staff\">\n<header class=\"iva-people-entry-header\">\n<div class=\"iva-people-image\">\n<div class=\"hoverimg\">\n<figure><img loading=\"lazy\" class=\"imgborder\" style=\"display: block; visibility: visible; opacity: 1;\" src=\"https:\/\/marfund.org\/en\/wp-content\/uploads\/2024\/06\/cristina-monzon-2024-150x150.jpg\" alt=\"\" width=\"150\" height=\"150\" \/><\/figure>\n<div class=\"hover_type\"><\/div>\n<\/div>\n<\/div>\n<div class=\"iva-people-details\">\n<p><strong>Cristina Monz\u00f3n<\/strong><br \/>\nAsistente Contable<\/div>\n<\/header>\n<\/article>\n<p>[\/vc_column_text][vc_column_text]<\/p>\n<article id=\"post-99\" class=\"people-list post-99 ctc_person type-ctc_person status-publish has-post-thumbnail hentry ctc_person_group-leadership-staff\">\n<header class=\"iva-people-entry-header\">\n<div class=\"iva-people-image\">\n<div class=\"hoverimg\">\n<figure><img loading=\"lazy\" class=\"imgborder\" style=\"display: block; visibility: visible; opacity: 1;\" src=\"https:\/\/marfund.org\/en\/wp-content\/uploads\/2025\/11\/matilde-tox-2025-150x150.jpg\" alt=\"\" width=\"150\" height=\"150\" \/><\/figure>\n<div class=\"hover_type\"><\/div>\n<\/div>\n<\/div>\n<div class=\"iva-people-details\">\n<p><strong>Matilde Tox<\/strong><br \/>\nAsistente Contable<\/div>\n<\/header>\n<\/article>\n<p>[\/vc_column_text][vc_column_text]<\/p>\n<article id=\"post-99\" class=\"people-list post-99 ctc_person type-ctc_person status-publish has-post-thumbnail hentry ctc_person_group-leadership-staff\">\n<header class=\"iva-people-entry-header\">\n<div class=\"iva-people-image\">\n<div class=\"hoverimg\">\n<figure><img loading=\"lazy\" class=\"wp-image-3415 size-medium alignleft\" src=\"https:\/\/marfund.org\/en\/wp-content\/uploads\/2025\/11\/ximena-yanez-2025-150x150.jpg\" alt=\"\" width=\"150\" height=\"150\" \/><\/figure>\n<div class=\"hover_type\"><\/div>\n<\/div>\n<\/div>\n<div class=\"iva-people-details\">\n<p><strong>Ximena Ya\u00f1ez<\/strong><br \/>\nAsistente Financiera<\/div>\n<\/header>\n<\/article>\n<p>[\/vc_column_text][vc_column_text]<\/p>\n<article id=\"post-99\" class=\"people-list post-99 ctc_person type-ctc_person status-publish has-post-thumbnail hentry ctc_person_group-leadership-staff\">\n<header class=\"iva-people-entry-header\">\n<div class=\"iva-people-image\">\n<div class=\"hoverimg\">\n<figure><img loading=\"lazy\" class=\"imgborder\" style=\"display: block; visibility: visible; opacity: 1;\" src=\"https:\/\/marfund.org\/en\/wp-content\/uploads\/2025\/11\/edgar-chali-2025-150x150.jpg\" alt=\"\" width=\"150\" height=\"150\" \/><\/figure>\n<div class=\"hover_type\"><\/div>\n<\/div>\n<\/div>\n<div class=\"iva-people-details\">\n<p><strong>Edgar Chal\u00ed<\/strong><br \/>\nAuxiliar Administrativo<\/div>\n<\/header>\n<\/article>\n<p>[\/vc_column_text][vc_column_text]<\/p>\n<article id=\"post-99\" class=\"people-list post-99 ctc_person type-ctc_person status-publish has-post-thumbnail hentry ctc_person_group-leadership-staff\">\n<header class=\"iva-people-entry-header\">\n<div class=\"iva-people-image\">\n<div class=\"hoverimg\">\n<figure><img loading=\"lazy\" class=\"imgborder\" style=\"display: block; visibility: visible; opacity: 1;\" src=\"https:\/\/marfund.org\/en\/wp-content\/uploads\/2019\/06\/Claudia-Ruiz-150x150.jpg\" alt=\"\" width=\"150\" height=\"150\" \/><\/figure>\n<div class=\"hover_type\"><\/div>\n<\/div>\n<\/div>\n<div class=\"iva-people-details\">\n<p><strong>Claudia Ruiz<\/strong><br \/>\nCoordinadora de Iniciativa Rescate de Arrecifes<\/div>\n<\/header>\n<\/article>\n<p>[\/vc_column_text][vc_column_text]<\/p>\n<article id=\"post-99\" class=\"people-list post-99 ctc_person type-ctc_person status-publish has-post-thumbnail hentry ctc_person_group-leadership-staff\">\n<header class=\"iva-people-entry-header\">\n<div class=\"iva-people-image\">\n<div class=\"hoverimg\">\n<figure><img loading=\"lazy\" class=\"imgborder\" style=\"display: block; visibility: visible; opacity: 1;\" src=\"https:\/\/marfund.org\/en\/wp-content\/uploads\/2025\/11\/claudia-ocana-2025-150x150.jpg\" alt=\"\" width=\"150\" height=\"150\" \/><\/figure>\n<div class=\"hover_type\"><\/div>\n<\/div>\n<\/div>\n<div class=\"iva-people-details\">\n<p><strong>Claudia Oca\u00f1a<\/strong><br \/>\nAsistente Administrativa Iniciativa Rescate de Arrecifes<\/div>\n<\/header>\n<\/article>\n<p>[\/vc_column_text][vc_column_text]<\/p>\n<article id=\"post-99\" class=\"people-list post-99 ctc_person type-ctc_person status-publish has-post-thumbnail hentry ctc_person_group-leadership-staff\">\n<header class=\"iva-people-entry-header\">\n<div class=\"iva-people-image\">\n<div class=\"hoverimg\">\n<figure><img loading=\"lazy\" class=\"imgborder\" style=\"display: block; visibility: visible; opacity: 1;\" src=\"https:\/\/marfund.org\/en\/wp-content\/uploads\/2025\/11\/andre-herrera-2025-150x150.jpg\" alt=\"\" width=\"150\" height=\"150\" \/><\/figure>\n<div class=\"hover_type\"><\/div>\n<\/div>\n<\/div>\n<div class=\"iva-people-details\">\n<p><strong>Andr\u00e9 Herrera<\/strong><br \/>\nAsistente T\u00e9cnico Iniciativa Rescate de Arrecifes<\/div>\n<\/header>\n<\/article>\n<p>[\/vc_column_text][vc_column_text]<\/p>\n<article id=\"post-99\" class=\"people-list post-99 ctc_person type-ctc_person status-publish has-post-thumbnail hentry ctc_person_group-leadership-staff\">\n<header class=\"iva-people-entry-header\">\n<div class=\"iva-people-image\">\n<div class=\"hoverimg\">\n<figure><img loading=\"lazy\" class=\"imgborder\" style=\"display: block; visibility: visible; opacity: 1;\" src=\"https:\/\/marfund.org\/en\/wp-content\/uploads\/2025\/11\/maria-jose-avila-2025-150x150.jpg\" alt=\"\" width=\"150\" height=\"150\" \/><\/figure>\n<div class=\"hover_type\"><\/div>\n<\/div>\n<\/div>\n<div class=\"iva-people-details\">\n<p><strong>Mar\u00eda Jos\u00e9 \u00c1vila<\/strong><br \/>\nAsistente T\u00e9cnico Iniciativa Rescate de Arrecifes<\/div>\n<\/header>\n<\/article>\n<p>[\/vc_column_text][vc_column_text]<\/p>\n<article id=\"post-99\" class=\"people-list post-99 ctc_person type-ctc_person status-publish has-post-thumbnail hentry ctc_person_group-leadership-staff\">\n<header class=\"iva-people-entry-header\">\n<div class=\"iva-people-image\">\n<div class=\"hoverimg\">\n<figure><img loading=\"lazy\" class=\"imgborder\" style=\"display: block; visibility: visible; opacity: 1;\" src=\"https:\/\/marfund.org\/en\/wp-content\/uploads\/2025\/11\/cinthia-landa-2025-150x150.jpg\" alt=\"\" width=\"150\" height=\"150\" \/><\/figure>\n<div class=\"hover_type\"><\/div>\n<\/div>\n<\/div>\n<div class=\"iva-people-details\">\n<p><strong>Cintia Landa<\/strong><br \/>\nPunto Focal en M\u00e9xico (FMCN)<\/div>\n<\/header>\n<\/article>\n<p>[\/vc_column_text][\/vc_column][\/vc_row]<\/p>\n<\/div>","protected":false},"excerpt":{"rendered":"<p>[vc_row][vc_column][vc_single_image image=\u00bb525&#8243; img_size=\u00bbfull\u00bb alignment=\u00bbcenter\u00bb][vc_column_text] Contar con las personas adecuadas en el lugar de trabajo, es la clave para el \u00e9xito. Para nosotros en MAR Fund, el contar de personas apasionadas por lo que realizan, es un est\u00e1ndar que hemos establecido para nosotros mismos. Nuestro equipo de trabajo es un maravilloso complemento a los valores fundamentales [&hellip;]<\/p>\n","protected":false},"author":1,"featured_media":0,"parent":0,"menu_order":0,"comment_status":"closed","ping_status":"closed","template":"template_events_fullwidth.php","meta":[],"_links":{"self":[{"href":"https:\/\/marfund.org\/es\/wp-json\/wp\/v2\/pages\/2330"}],"collection":[{"href":"https:\/\/marfund.org\/es\/wp-json\/wp\/v2\/pages"}],"about":[{"href":"https:\/\/marfund.org\/es\/wp-json\/wp\/v2\/types\/page"}],"author":[{"embeddable":true,"href":"https:\/\/marfund.org\/es\/wp-json\/wp\/v2\/users\/1"}],"replies":[{"embeddable":true,"href":"https:\/\/marfund.org\/es\/wp-json\/wp\/v2\/comments?post=2330"}],"version-history":[{"count":55,"href":"https:\/\/marfund.org\/es\/wp-json\/wp\/v2\/pages\/2330\/revisions"}],"predecessor-version":[{"id":10295,"href":"https:\/\/marfund.org\/es\/wp-json\/wp\/v2\/pages\/2330\/revisions\/10295"}],"wp:attachment":[{"href":"https:\/\/marfund.org\/es\/wp-json\/wp\/v2\/media?parent=2330"}],"curies":[{"name":"wp","href":"https:\/\/api.w.org\/{rel}","templated":true}]}}