{"id":1519,"date":"2017-09-05T10:26:41","date_gmt":"2017-09-05T16:26:41","guid":{"rendered":"https:\/\/marfund.org\/es\/?page_id=1519"},"modified":"2019-12-19T15:11:45","modified_gmt":"2019-12-19T21:11:45","slug":"noticias-sam","status":"publish","type":"page","link":"https:\/\/marfund.org\/es\/noticias-sam\/","title":{"rendered":"Noticias SAM"},"content":{"rendered":"<div class=\"wpb-content-wrapper\"><p>[vc_row][vc_column][vc_single_image image=\u00bb2750&#8243; img_size=\u00bbfull\u00bb alignment=\u00bbcenter\u00bb][vc_empty_space][vc_single_image image=\u00bb410&#8243; img_size=\u00bbfull\u00bb][\/vc_column][\/vc_row][vc_row][vc_column width=\u00bb1\/12&#8243;][vc_column_text][\/vc_column_text][\/vc_column][vc_column width=\u00bb3\/12&#8243;][vc_column_text]<a href=\"https:\/\/marfund.org\/es\/batalla-arrecife-amatique\/\" rel=\"noopener\"><img loading=\"lazy\" class=\"aligncenter wp-image-2652 size-full\" src=\"https:\/\/marfund.org\/es\/wp-content\/uploads\/2019\/12\/Jacinto-Bolom-No-Ficcion-Oswaldo-Hernandez-800x600.jpg\" alt=\"\" width=\"800\" height=\"600\" \/><\/a>[\/vc_column_text][\/vc_column][vc_column width=\u00bb7\/12&#8243;][vc_column_text]<\/p>\n<h2><strong>La batalla por el arrecife de Amatique<\/strong><\/h2>\n<p><strong><em>Reportaje \u201cLa Batalla por el Arrecife de Amatique\u201d<\/em><\/strong><br \/>\n<strong><em>Oswaldo J. Hern\u00e1ndez<\/em><\/strong><br \/>\n<strong><em>No-Ficci\u00f3n<\/em><\/strong><\/p>\n<p style=\"text-align: justify;\">El Atl\u00e1ntico de Guatemala ha llegado a su l\u00edmite. Dos barcos camaroneros m\u00e1s y el ecosistema marino que sostiene el arrecife de Foudara, en las costas de Livingston, Izabal, podr\u00eda verse colapsado. Los pescadores de toda el \u00e1rea luchan ante la escasez, cada vez m\u00e1s cr\u00edtica, de buscar peces en la Bah\u00eda de Amatique.<\/p>\n<p><em>\u201cEste reportaje fue producido con el apoyo de la Earth Journalism Network de Internews y el Fondo para el Sistema Arrecifal Mesoamericano (MAR Fund, en ingl\u00e9s)\u201d.<\/em>[\/vc_column_text][vc_btn title=\u00bbVer reportaje completo\u00bb color=\u00bbblue\u00bb i_icon_fontawesome=\u00bbfa fa-newspaper-o\u00bb add_icon=\u00bbtrue\u00bb link=\u00bburl:https%3A%2F%2Fmarfund.org%2Fes%2Fbatalla-arrecife-amatique|||\u00bb][\/vc_column][vc_column width=\u00bb1\/12&#8243;][\/vc_column][\/vc_row][vc_row][vc_column][vc_empty_space][vc_separator][vc_empty_space][\/vc_column][\/vc_row][vc_row][vc_column width=\u00bb1\/12&#8243;][vc_column_text][\/vc_column_text][\/vc_column][vc_column width=\u00bb3\/12&#8243;][vc_column_text]<a href=\"https:\/\/dca.gob.gt\/noticias-guatemala-diario-centro-america\/apuntan-a-una-estrategia-regional-para-la-conservacion-de-manglares\/\" target=\"_blank\" rel=\"noopener\"><img loading=\"lazy\" class=\"aligncenter wp-image-2652 size-full\" src=\"https:\/\/marfund.org\/en\/wp-content\/uploads\/2019\/11\/MANGLARES.jpg\" alt=\"\" width=\"800\" height=\"445\" \/><\/a>[\/vc_column_text][\/vc_column][vc_column width=\u00bb7\/12&#8243;][vc_column_text]<\/p>\n<h2><strong>Apuntan a una estrategia regional para la conservaci\u00f3n de manglares<\/strong><\/h2>\n<p style=\"text-align: justify;\">Los pa\u00edses de la regi\u00f3n del Sistema Arrecifal Mesoamericano (SAM) han efectuado, en diferente medida, acciones para conservar sus ecosistemas de manglares a trav\u00e9s de la legislaci\u00f3n o normativas, fortalecimiento de las acciones de gobierno y declaraci\u00f3n de \u00e1reas protegidas. A pesar de los esfuerzos, a\u00fan persiste la p\u00e9rdida de cobertura manglar.<\/p>\n<p>Por ello, actores clave en el resguardo de esta especie, provenientes de M\u00e9xico, Belice, Guatemala y Honduras participaron en un taller desarrollado en el pa\u00eds, denominado Desarrollo de una Estrategia Regional de Conservaci\u00f3n y Restauraci\u00f3n de Manglares en el Arrecife Mesoamericano, con el cual se identificaron prioridades de conservaci\u00f3n, restauraci\u00f3n y uso sostenible de los manglares que se ubican en las \u00e1reas del SAM.<\/p>\n<p>Source:<br \/>\nPatricia Gonz\u00e1lez<br \/>\nDiario de Centroam\u00e9rica[\/vc_column_text][vc_btn title=\u00bbLink\u00bb color=\u00bbblue\u00bb i_icon_fontawesome=\u00bbfa fa-newspaper-o\u00bb add_icon=\u00bbtrue\u00bb link=\u00bburl:https%3A%2F%2Fdca.gob.gt%2Fnoticias-guatemala-diario-centro-america%2Fapuntan-a-una-estrategia-regional-para-la-conservacion-de-manglares%2F||target:%20_blank|\u00bb][\/vc_column][vc_column width=\u00bb1\/12&#8243;][\/vc_column][\/vc_row][vc_row][vc_column][vc_empty_space][vc_separator][vc_empty_space][\/vc_column][\/vc_row][vc_row][vc_column width=\u00bb1\/12&#8243;][vc_column_text][\/vc_column_text][\/vc_column][vc_column width=\u00bb3\/12&#8243;][vc_column_text]<a href=\"https:\/\/www.fund.bookingcares.com\/\" target=\"_blank\" rel=\"noopener\"><img loading=\"lazy\" class=\"aligncenter wp-image-1842 size-full\" src=\"http:\/\/marfund.org\/en\/wp-content\/uploads\/2018\/09\/Booking-Care-Fund.jpg\" alt=\"\" width=\"232\" height=\"300\" \/><\/a>[\/vc_column_text][\/vc_column][vc_column width=\u00bb7\/12&#8243;][vc_column_text]<\/p>\n<h2><strong>Dreaming of transforming the travel industry? Apply for a grant to support your project<\/strong><\/h2>\n<p>Do you have an idea for a project that could transform the travel industry? Then here\u2019s a grant opportunity from Booking.com that you won\u2019t want to miss out on! Apply now for a chance to turn your vision into reality.<\/p>\n<h3>The Booking Cares Fund<\/h3>\n<p>The <a href=\"https:\/\/www.fund.bookingcares.com\/\" target=\"_blank\" rel=\"noopener\">Booking Cares Fund<\/a> champions non-profit sustainable travel projects which present new and unexpected solutions to reimagine the industry. The Fund supports projects that strengthen local communities, preserve and promote local culture, help disperse tourism and protect natural resources.<\/p>\n<p>Projects can come from and take place all over the world, for example, representing universities, non-profits, research institutes and governments. Those that present bold, ambitious plans to truly transform the travel industry will be invited to Amsterdam to develop their project plan with the support of Booking.com and have the chance to receive funding to fuel their progress over the course of the following year.<\/p>\n<p>If you have a vision for the future of the industry, we encourage you to apply today. Applications are due by Sept. 16. More information on The Booking Cares Fund and the application process is available <a href=\"https:\/\/www.fund.bookingcares.com\/\" target=\"_blank\" rel=\"noopener\">here<\/a>.<\/p>\n<p><a href=\"https:\/\/www.fund.bookingcares.com\/\" target=\"_blank\" rel=\"noopener\">https:\/\/www.fund.bookingcares.com\/<\/a>[\/vc_column_text][\/vc_column][vc_column width=\u00bb1\/12&#8243;][\/vc_column][\/vc_row][vc_row][vc_column][vc_empty_space][vc_separator][vc_empty_space][\/vc_column][\/vc_row][vc_row][vc_column width=\u00bb1\/12&#8243;][vc_column_text][\/vc_column_text][\/vc_column][vc_column width=\u00bb3\/12&#8243;][vc_column_text]<a href=\"https:\/\/warnercnr.colostate.edu\/cpam\/seminar-tourism-protected-areas\/\" target=\"_blank\" rel=\"noopener\"><img loading=\"lazy\" class=\"aligncenter wp-image-1628\" src=\"http:\/\/marfund.org\/en\/wp-content\/uploads\/2018\/04\/Planning-and-Managing-Tourism-in-Protected-Areas_Brochure-2018_FINAL_001.jpg\" alt=\"\" width=\"200\" height=\"259\" \/><\/a>[\/vc_column_text][\/vc_column][vc_column width=\u00bb7\/12&#8243;][vc_column_text]<strong>Seminario M\u00f3vil de Turismo y AA.PP. en Colorado, EE.UU.<\/strong><\/p>\n<p>El Centro para el Manejo de \u00c1reas Protegidas de la Universidad Estatal de Colorado, junto con la Oficina de Programas Internacionales del Servicio Forestal de los Estados Unidos, est\u00e1 aceptando solicitudes en l\u00ednea para el VI Seminario M\u00f3vil Sobre el Turismo en \u00c1reas Protegidas (dado en ingl\u00e9s), a llevarse a cabo del 6 al 22 de septiembre de 2018 en Colorado, EE.UU. La fecha limite para postularse es el 11 de mayo de 2018.<\/p>\n<p>Favor de ver el folleto adjunto a este correo para mas informaci\u00f3n sobre las fechas de la convocatoria, costos, y como postularse o visita la pagina de web del seminario:<\/p>\n<p><a href=\"https:\/\/warnercnr.colostate.edu\/cpam\/seminar-tourism-protected-areas\/\" target=\"_blank\" rel=\"noopener\">https:\/\/warnercnr.colostate.edu\/cpam\/seminar-tourism-protected-areas\/<\/a>[\/vc_column_text][vc_btn title=\u00bbBrochure (idioma ingl\u00e9s)\u00bb color=\u00bbdanger\u00bb i_icon_fontawesome=\u00bbfa fa-file-pdf-o\u00bb add_icon=\u00bbtrue\u00bb link=\u00bburl:https%3A%2F%2Fwarnercnr.colostate.edu%2Fwp-content%2Fuploads%2Fsites%2F2%2F2017%2F12%2FPlanning-and-Managing-Tourism-in-Protected-Areas_Brochure-2018_FINAL.pdf||target:%20_blank|\u00bb][\/vc_column][vc_column width=\u00bb1\/12&#8243;][\/vc_column][\/vc_row][vc_row][vc_column][vc_empty_space][vc_separator][vc_empty_space][\/vc_column][\/vc_row][vc_row][vc_column width=\u00bb1\/12&#8243;][vc_column_text][\/vc_column_text][\/vc_column][vc_column width=\u00bb3\/12&#8243;][vc_column_text]<a href=\"http:\/\/marfund.org\/en\/wp-content\/uploads\/2018\/01\/MAR-Fund-Statement-on-Oil-Extraction-in-the-Mesoamerican-Reef-b.pdf\" target=\"_blank\" rel=\"noopener noreferrer\"><img loading=\"lazy\" class=\"aligncenter wp-image-1246 size-full\" src=\"http:\/\/marfund.org\/en\/wp-content\/uploads\/2018\/01\/oil-belize.jpg\" alt=\"\" width=\"640\" height=\"358\" \/><\/a>[\/vc_column_text][\/vc_column][vc_column width=\u00bb7\/12&#8243;][vc_column_text]<strong>Declaraci\u00f3n del Fondo SAM en la extracci\u00f3n de petr\u00f3leo en el Arrecife Mesoamericano<\/strong><\/p>\n<p style=\"text-align: justify;\">El Fondo SAM y el Fondo Marino de Belice (BMF, por sus siglas en ingl\u00e9s) se unen a la comunidad de conservacionistas y felicitan al Gobierno de Belice por su remarcada acci\u00f3n hacia la conservaci\u00f3n del Sistema Arrecifal de Belice.<\/p>\n<p>[\/vc_column_text][vc_btn title=\u00bbEnlace a la Declaraci\u00f3n (idioma ingl\u00e9s)\u00bb color=\u00bbblue\u00bb i_icon_fontawesome=\u00bbfa fa-file-pdf-o\u00bb add_icon=\u00bbtrue\u00bb link=\u00bburl:https%3A%2F%2Fmarfund.org%2Fes%2Fwp-content%2Fuploads%2F2018%2F01%2FMAR-Fund-Statement-on-Oil-Extraction-in-the-Mesoamerican-Reef-b.pdf||target:%20_blank|\u00bb][\/vc_column][vc_column width=\u00bb1\/12&#8243;][\/vc_column][\/vc_row][vc_row][vc_column][vc_empty_space][vc_separator][vc_empty_space][\/vc_column][\/vc_row][vc_row][vc_column width=\u00bb1\/12&#8243;][vc_column_text][\/vc_column_text][\/vc_column][vc_column width=\u00bb3\/12&#8243;][vc_column_text]<a href=\"https:\/\/www.bookingcares.com\/booking-cares-fund\/\" target=\"_blank\" rel=\"noopener noreferrer\"><img loading=\"lazy\" class=\"aligncenter wp-image-1246 size-full\" src=\"http:\/\/marfund.org\/en\/wp-content\/uploads\/2017\/09\/booking-cares-fund.jpg\" alt=\"\" width=\"640\" height=\"358\" \/><\/a>[\/vc_column_text][\/vc_column][vc_column width=\u00bb7\/12&#8243;][vc_column_text]<strong>Calling all changemakers in sustainable tourism<\/strong><\/p>\n<p style=\"text-align: justify;\">Booking.com recently launched the Booking Cares Fund, a program that champions changemakers in their search for new and unexpected solutions that reimagine the tourism and travel space. This fund will support projects that strengthen local communities, preserve and promote local culture, help disperse tourism, and protect natural resources.<\/p>\n<p>Source:<br \/>\nBooking.com[\/vc_column_text][vc_btn title=\u00bbLink\u00bb color=\u00bbblue\u00bb i_icon_fontawesome=\u00bbfa fa-newspaper-o\u00bb add_icon=\u00bbtrue\u00bb link=\u00bburl:https%3A%2F%2Fwww.bookingcares.com%2Fbooking-cares-fund%2F||target:%20_blank|\u00bb][\/vc_column][vc_column width=\u00bb1\/12&#8243;][\/vc_column][\/vc_row][vc_row][vc_column][vc_empty_space][vc_separator][vc_empty_space][\/vc_column][\/vc_row][vc_row][vc_column width=\u00bb1\/12&#8243;][vc_column_text][\/vc_column_text][\/vc_column][vc_column width=\u00bb3\/12&#8243;][vc_column_text]<a href=\"http:\/\/marfund.org\/en\/integrated-planning-ecosystems-coastal-belize\" rel=\"noopener noreferrer\"><img loading=\"lazy\" class=\"aligncenter wp-image-1246 size-full\" src=\"http:\/\/marfund.org\/en\/wp-content\/uploads\/2017\/09\/Integrated-planning-that-safeguards.jpg\" alt=\"\" width=\"640\" height=\"358\" \/><\/a>[\/vc_column_text][\/vc_column][vc_column width=\u00bb7\/12&#8243;][vc_column_text]<strong>Integrated planning that safeguards ecosystems and balances multiple objectives in coastal Belize<\/strong><\/p>\n<p style=\"text-align: justify;\">A growing number of nations aim to design coastal plans to reduce conflicts in space and safeguard ecosystems that provide important benefits to people and economies. Critics of coastal and ocean planning point to a complicated process with many actors, objectives, and uncertain outcomes. This paper explores one such decision-making process in Belize, which combines ecosystem service modeling, stakeholder participation, and spatial planning to design the country\u2019s first integrated coastal zone management plan, officially approved by the government in August 2016.<\/p>\n<p>[\/vc_column_text][vc_btn title=\u00bbLink\u00bb color=\u00bbblue\u00bb i_icon_fontawesome=\u00bbfa fa-newspaper-o\u00bb add_icon=\u00bbtrue\u00bb link=\u00bburl:https%3A%2F%2Fmarfund.org%2Fes%2Fintegrated-planning-ecosystems-coastal-belize%2F||target:%20_blank|\u00bb][\/vc_column][vc_column width=\u00bb1\/12&#8243;][\/vc_column][\/vc_row][vc_row][vc_column][vc_empty_space][vc_separator][vc_empty_space][\/vc_column][\/vc_row][vc_row][vc_column width=\u00bb1\/12&#8243;][vc_column_text][\/vc_column_text][\/vc_column][vc_column width=\u00bb3\/12&#8243;][vc_column_text]<a href=\"http:\/\/marfund.org\/en\/integrated-planning-ecosystems-coastal-belize\" rel=\"noopener noreferrer\"><img loading=\"lazy\" class=\"aligncenter wp-image-1533 size-full\" src=\"https:\/\/marfund.org\/es\/wp-content\/uploads\/2017\/09\/dia-mundial-medio-ambiente.jpg\" alt=\"\" width=\"450\" height=\"253\" srcset=\"https:\/\/marfund.org\/es\/wp-content\/uploads\/2017\/09\/dia-mundial-medio-ambiente.jpg 450w, https:\/\/marfund.org\/es\/wp-content\/uploads\/2017\/09\/dia-mundial-medio-ambiente-300x169.jpg 300w\" sizes=\"(max-width: 450px) 100vw, 450px\" \/><\/a>[\/vc_column_text][\/vc_column][vc_column width=\u00bb7\/12&#8243;][vc_column_text]<strong>Celebraci\u00f3n Estatal del D\u00eda Mundial de Medio Ambiente en el estado de Quintana Roo, M\u00e9xico. Playa del Carmen 5 de Junio de 2017<\/strong><\/p>\n<p style=\"text-align: justify;\">Festival Multidisciplinario de la Vida en la Tierra<br \/>\nEncuentro de productores locales, Simposio Acad\u00e9mico, Laboratorios del Gusto, Educaci\u00f3n Ambiental, Expo de productos sustentables, arte y mucho m\u00e1s.<\/p>\n<p>Organizado por RAZONATURA AC, la Direcci\u00f3n de Ecolog\u00eda de Solidaridad y la Secretar\u00eda de Medio Ambiente del Gobierno de Quintana Roo.<\/p>\n<p>Muchas gracias a todas las comunidades, proyectos e instituciones que participaron aportando contenidos y diversidad al Festival.<\/p>\n<p>Un reconocimiento especial para Cecilia VIcente, Ximena Arvizu, Diego Valencia y al Proyecto SlowFood\/SlowFish Caribe a trav\u00e9s de la Uni\u00f3n Europea.<br \/>\n.[\/vc_column_text][vc_btn title=\u00bbLink\u00bb color=\u00bbblue\u00bb i_icon_fontawesome=\u00bbfa fa-newspaper-o\u00bb add_icon=\u00bbtrue\u00bb link=\u00bburl:https%3A%2F%2Fwww.youtube.com%2Fwatch%3Fv%3D3yU9OQAh8vo||target:%20_blank|\u00bb][\/vc_column][vc_column width=\u00bb1\/12&#8243;][\/vc_column][\/vc_row]<\/p>\n<\/div>","protected":false},"excerpt":{"rendered":"<p>[vc_row][vc_column][vc_single_image image=\u00bb2750&#8243; img_size=\u00bbfull\u00bb alignment=\u00bbcenter\u00bb][vc_empty_space][vc_single_image image=\u00bb410&#8243; img_size=\u00bbfull\u00bb][\/vc_column][\/vc_row][vc_row][vc_column width=\u00bb1\/12&#8243;][vc_column_text][\/vc_column_text][\/vc_column][vc_column width=\u00bb3\/12&#8243;][vc_column_text][\/vc_column_text][\/vc_column][vc_column width=\u00bb7\/12&#8243;][vc_column_text] La batalla por el arrecife de Amatique Reportaje \u201cLa Batalla por el Arrecife de Amatique\u201d Oswaldo J. Hern\u00e1ndez No-Ficci\u00f3n El Atl\u00e1ntico de Guatemala ha llegado a su l\u00edmite. Dos barcos camaroneros m\u00e1s y el ecosistema marino que sostiene el arrecife de Foudara, en las costas de [&hellip;]<\/p>\n","protected":false},"author":1,"featured_media":0,"parent":0,"menu_order":0,"comment_status":"closed","ping_status":"closed","template":"template_events_fullwidth.php","meta":[],"_links":{"self":[{"href":"https:\/\/marfund.org\/es\/wp-json\/wp\/v2\/pages\/1519"}],"collection":[{"href":"https:\/\/marfund.org\/es\/wp-json\/wp\/v2\/pages"}],"about":[{"href":"https:\/\/marfund.org\/es\/wp-json\/wp\/v2\/types\/page"}],"author":[{"embeddable":true,"href":"https:\/\/marfund.org\/es\/wp-json\/wp\/v2\/users\/1"}],"replies":[{"embeddable":true,"href":"https:\/\/marfund.org\/es\/wp-json\/wp\/v2\/comments?post=1519"}],"version-history":[{"count":18,"href":"https:\/\/marfund.org\/es\/wp-json\/wp\/v2\/pages\/1519\/revisions"}],"predecessor-version":[{"id":2752,"href":"https:\/\/marfund.org\/es\/wp-json\/wp\/v2\/pages\/1519\/revisions\/2752"}],"wp:attachment":[{"href":"https:\/\/marfund.org\/es\/wp-json\/wp\/v2\/media?parent=1519"}],"curies":[{"name":"wp","href":"https:\/\/api.w.org\/{rel}","templated":true}]}}