{"id":1225,"date":"2017-08-22T16:38:37","date_gmt":"2017-08-22T22:38:37","guid":{"rendered":"https:\/\/marfund.org\/es\/?page_id=1225"},"modified":"2024-06-24T16:23:35","modified_gmt":"2024-06-24T22:23:35","slug":"zonas-recuperacion-pesquera","status":"publish","type":"page","link":"https:\/\/marfund.org\/es\/zonas-recuperacion-pesquera\/","title":{"rendered":"Zonas de Recuperaci\u00f3n Pesquera"},"content":{"rendered":"<div class=\"wpb-content-wrapper\"><p>[vc_row][vc_column][vc_single_image image=\u00bb551&#8243; img_size=\u00bbfull\u00bb alignment=\u00bbcenter\u00bb][vc_column_text]<strong>Introducci\u00f3n<\/strong><\/p>\n<p style=\"text-align: justify;\">Este programa busca trabajar de cerca con las comunidades pesqueras que dependen de la regi\u00f3n del SAM para su sustento. Su principal desaf\u00edo es empoderar a los pescadores para que tomen el control de su futuro y se involucren en el manejo pesquero sostenible, como una prioridad inmediata de conservaci\u00f3n en el SAM. Este programa tiene como prop\u00f3sito mantener estas pesquer\u00edas para que sean econ\u00f3mica y ecol\u00f3gicamente viables.<\/p>\n<p style=\"text-align: justify;\"><strong>Objetivo <\/strong><\/p>\n<p style=\"text-align: justify;\">El objetivo de este programa es apoyar el dise\u00f1o, establecimiento, gesti\u00f3n y seguimiento de mecanismos de co-manejo de los recursos pesqueros por grupos organizados de pescadores. Adem\u00e1s, apoyar\u00e1 proyectos productivos comunitarios alternos que puedan reducir la presi\u00f3n sobre la pesca.<\/p>\n<p>[\/vc_column_text][\/vc_column][\/vc_row][vc_row][vc_column][vc_single_image image=\u00bb410&#8243; img_size=\u00bbfull\u00bb][vc_custom_heading text=\u00bbPrograma Piloto\u00bb font_container=\u00bbtag:h2|text_align:center\u00bb google_fonts=\u00bbfont_family:Roboto%3A100%2C100italic%2C300%2C300italic%2Cregular%2Citalic%2C500%2C500italic%2C700%2C700italic%2C900%2C900italic|font_style:400%20regular%3A400%3Anormal\u00bb][\/vc_column][\/vc_row][vc_row][vc_column width=\u00bb1\/12&#8243;][vc_column_text][\/vc_column_text][\/vc_column][vc_column width=\u00bb5\/6&#8243;][vc_tta_accordion color=\u00bbpurple\u00bb active_section=\u00bb21&#8243; collapsible_all=\u00bbtrue\u00bb][vc_tta_section title=\u00bb1. Establecimiento de un acuerdo de manejo conjunto\u00bb tab_id=\u00bb1603921630360-9728e30e-6902&#8243;][vc_column_text]<\/p>\n<p style=\"text-align: justify;\"><strong>1. Establecimiento de un acuerdo de manejo conjunto entre los pescadores y el administrador del Refugio de Vida Silvestre Cuero y Salado en Honduras.<\/strong><\/p>\n<p style=\"text-align: justify;\">Este es el primer proyecto en Honduras que involucra directamente a los pescadores para colaborar con un Administrador de \u00c1rea Protegida en el manejo de los recursos pesqueros. Las tres comunidades de pescadores del Refugio de Vida Silvestre Cuero y Salado se organizaron para crear la entidad que los representar\u00e1, la Asociaci\u00f3n de Pescadores La Rosita Cuero y Salado (APROCUS). La asociaci\u00f3n y la administraci\u00f3n del refugio desarrollaron el borrador de un acuerdo para el manejo conjunto de un territorio de pesca que incluir\u00e1 zonas de veda. Este acuerdo permitir\u00e1 a la APROCUS dise\u00f1ar y desarrollar el plan de manejo para el territorio de pesca y monitorear las zonas de veda conjuntamente con la Fundaci\u00f3n Cuero y Salado (FUCSA), administradora del refugio.<\/p>\n<p style=\"text-align: justify;\">APROCUS, FUCSA, el Instituto de Conservaci\u00f3n Forestal (ICF) y la Secretar\u00eda de Alimentaci\u00f3n y Ganader\u00eda (SAG), firmaron un convenio de co-manejo pesquero que incluye tres \u00e1reas de co-manejo y cuatro zonas de no-pesca (tambi\u00e9n llamados refugios pesqueros, reservas marinas y\/o sitios de recuperaci\u00f3n pesquera).<\/p>\n<p style=\"text-align: justify;\">Conjuntamente con asistencia t\u00e9cnica, APROCUS identific\u00f3 e implement\u00f3 un programa de capacitaci\u00f3n que incluy\u00f3 los siguientes temas: educaci\u00f3n ambiental, actividades econ\u00f3micas alternativas, t\u00e9cnicas de conservaci\u00f3n y protecci\u00f3n de recursos naturales y regulaciones pesqueras.<\/p>\n<p style=\"text-align: justify;\">FUCSA ha otorgado a APROCUS la administraci\u00f3n de un campamento ecol\u00f3gico, y tambi\u00e9n est\u00e1 apoyando la implementaci\u00f3n del plan de acci\u00f3n desarrollado.<\/p>\n<p style=\"text-align: justify;\">La superficie total de las zonas de no-pesca es de 314 Has, representando el 17% del \u00e1rea de co-manejo.<\/p>\n<p style=\"text-align: justify;\">Con el financiamiento del proyecto PROCORREDOR, el plan de acci\u00f3n desarrollado durante el proyecto de co-manejo con el apoyo de MAR Fund ha iniciado su implementaci\u00f3n. Dos centros de acopio pesquero han sido construidos, uno en la comunidad de La Rosita y el otro en la comunidad de Salado Barra. Ambas comunidades son parte de APROCUS.<\/p>\n<p style=\"text-align: justify;\">Del 26 al 28 de septiembre de 2012, APROCUS asisti\u00f3 al taller \u201cPlanificaci\u00f3n para la Conservaci\u00f3n del Refugio de Vida Silvestre Barras de Cuero y Salado \u2018 en La Ceiba, Honduras. Durante el taller, utilizando la metodolog\u00eda Miradi, las autoridades y los pescadores identificaron las principales amenazas del refugio y las posibles soluciones a las mismas.<\/p>\n<p style=\"text-align: justify;\">Mariela Ochoa (consultora), Ana Paz (FUCSA), Cristian P\u00e9rez (Proyecto de Gobernanza Marina de RECOTURH) y los pescadores de APROCUS sostuvieron una reuni\u00f3n durante el taller. Como resultado de esta reuni\u00f3n, fueron identificados los temas espec\u00edficos de capacitaci\u00f3n para APROCUS: liderazgo, pr\u00e1cticas de turismo sostenible, comercializaci\u00f3n de mariscos, y gesti\u00f3n de centros de acopio.<\/p>\n<p>[\/vc_column_text][\/vc_tta_section][vc_tta_section title=\u00bb2. Monitoreo del ecosistema de las reservas de la comunidad\u00bb tab_id=\u00bb1603921630389-fe9f8189-112f\u00bb][vc_column_text]<\/p>\n<p style=\"text-align: justify;\"><strong>2. Monitoreo del ecosistema de las reservas de la comunidad marina del Parque Nacional Arrecife de Puerto Morelos, Quintana Roo, M\u00e9xico: Los pescadores y las autoridades trabajan en colaboraci\u00f3n para el manejo conjunto y el uso sostenible del arrecife.<\/strong><\/p>\n<p style=\"text-align: justify;\">La Cooperativa Puerto Morelos de Quintana Roo, M\u00e9xico, estableci\u00f3 un equipo t\u00e9cnico que llev\u00f3 a cabo dos ejercicios completos de monitoreo. Este equipo hizo una selecci\u00f3n de 13 sitios estrat\u00e9gicos de monitoreo en el \u00e1rea protegida, y dentro de estos sitios estableci\u00f3 transectos para medir diferentes indicadores de salud de los arrecifes.<\/p>\n<p style=\"text-align: justify;\">Con ayuda de la ONG mexicana Comunidad y Biodiversidad (COBI), la cooperativa desarroll\u00f3 la l\u00ednea base de la situaci\u00f3n del arrecife, y en adelante podr\u00e1 medir los cambios a largo plazo y los procesos de restauraci\u00f3n a trav\u00e9s de un plan de monitoreo dentro y fuera de las reservas marinas comunitarias designadas.<\/p>\n<p style=\"text-align: justify;\">Como parte de la Fase II, se desarroll\u00f3 un taller para evaluar las t\u00e9cnicas de monitoreo utilizadas para medir el registro de peces, corales, invertebrados clave, complejidad de fondo, y los datos de tipo de sustrato durante la Fase I por la Cooperativa de Puerto Morelos. La Comisi\u00f3n Nacional de \u00c1reas Naturales Protegidas (CONANP), el Centro Ecol\u00f3gico Akumal, y COBI llevaron a cabo el taller.<\/p>\n<p style=\"text-align: justify;\">Despu\u00e9s del taller, los pescadores completaron ocho ejercicios m\u00e1s de monitoreo, que incluyeron la recopilaci\u00f3n de datos en 65 transectos. El personal de la CONANP y COBI verificaron la mejora en la calidad de los datos. Las autoridades est\u00e1n considerando incluir a algunos de los pescadores capacitados como parte de su personal de control y vigilancia.<\/p>\n<p style=\"text-align: justify;\">Con base al an\u00e1lisis de datos, la Cooperativa de Pescadores de Puerto Morelos present\u00f3 una propuesta al CONANP para modificar el Plan de Manejo. Su recomendaci\u00f3n fue ampliar una ya existente reserva marina (zona de no-pesca) y a\u00f1adir un nuevo sitio de pesca. La propuesta fue aceptada.<\/p>\n<p style=\"text-align: justify;\">CONAPESCA, la Administraci\u00f3n de Pesca, ampli\u00f3 sus actividades de patrullaje para incluir las zonas de no-pesca.<\/p>\n<p style=\"text-align: justify;\">El \u00e1rea de las zonas de no-pesca declarada es 3,527 Has, cubriendo el 39% del \u00e1rea de co-manejo.<\/p>\n<p>[\/vc_column_text][\/vc_tta_section][vc_tta_section title=\u00bb3. Punta de Manabique &#8211; Proyecto de co-manejo pesquero\u00bb tab_id=\u00bb1603921630427-03f2a96c-c5c7&#8243;][vc_column_text]<\/p>\n<p style=\"text-align: justify;\"><strong>3. Proyecto de co-manejo pesquero en el Refugio de Vida Silvestre Punta de Manabique, Guatemala.<\/strong><\/p>\n<p style=\"text-align: justify;\">A finales del a\u00f1o 2010 se obtuvo fondos nuevamente de Fundaci\u00f3n AVINA para la implementaci\u00f3n de un tercer proyecto piloto de co-manejo pesquero en la regi\u00f3n.<\/p>\n<p style=\"text-align: justify;\">Se dio entonces la oportunidad de apoyar a las comunidades de La Graciosa y Laguna Santa Isabel, ubicadas dentro de la Bah\u00eda La Graciosa, que forma parte del Refugio de Vida Silvestre Punta de Manabique. Ambas comunidades est\u00e1n preocupadas por la disminuci\u00f3n del recurso pesquero en el \u00e1rea, debido a que cada d\u00eda es m\u00e1s dif\u00edcil obtener pescado para el consumo familiar. Adem\u00e1s, la falta de recursos para que las autoridades puedan realizar actividades de control y vigilancia en la zona, da pauta a hechos il\u00edcitos en la extracci\u00f3n de los recursos pesqueros, como la aplicaci\u00f3n de pr\u00e1cticas y artes de pesca prohibidos.<\/p>\n<p style=\"text-align: justify;\">Autoridades y pescadores han mantenido varias reuniones para discutir la problem\u00e1tica y posibles soluciones a la misma.<\/p>\n<p style=\"text-align: justify;\">Los pescadores han propuesto no solo la zona de co-manejo, sino tambi\u00e9n tres zonas de no-pesca. La propuesta de ubicaci\u00f3n de las zonas de no-pesca fue decidida en base a su conocimiento emp\u00edrico, mismo que fue reforzado con el sondeo realizado con un sonar, por medio del cual pudieron darse cuenta que las poblaciones de peces no son abundantes en la Bah\u00eda.<\/p>\n<p style=\"text-align: justify;\">La meta ahora es encontrar la figura legal m\u00e1s pr\u00e1ctica para el \u00e1rea. Las autoridades est\u00e1n deliberando sobre el tema.<\/p>\n<p style=\"text-align: justify;\">Despu\u00e9s de analizar la situaci\u00f3n, la asistencia t\u00e9cnica y jur\u00eddica acordaron que la herramienta legal a utilizar deb\u00eda ser un convenio de co-manejo. Durante las negociaciones, Punta Gruesa, una tercera comunidad pesquera parte de La Graciosa, y la Asociaci\u00f3n de Pescadores de Manj\u00faa de Puerto Barrios, que pescan dentro de la bah\u00eda, se unieron a la iniciativa.<\/p>\n<p style=\"text-align: justify;\">El convenio de co-manejo formal fue preparado conjuntamente por los consultores y las comunidades de pescadores y presentado a las autoridades en diciembre de 2011. El \u00e1rea total propuesta para zonas de no-pesca es de 345 ha.<\/p>\n<p style=\"text-align: justify;\">CONAP respondi\u00f3 a mediados de abril de 2012 con un nuevo convenio de co-manejo, sin enfocarse directamente en la propuesta de los pescadores. Los pescadores, con la asistencia t\u00e9cnica y jur\u00eddica, revisaron el nuevo la propuesta de convenio y formularon recomendaciones para dirigir la propuesta a la zona de co-manejo y los sitios de recuperaci\u00f3n pesquera. Esto fue discutido en una reuni\u00f3n que tuvo lugar entre el CONAP y los pescadores en mayo de 2012.<\/p>\n<p style=\"text-align: justify;\">El acuerdo revisado fue enviado al CONAP para su aprobaci\u00f3n. El 10 de julio de 2012, el primer convenio de co-manejo fue firmado entre las autoridades y la sociedad civil en Guatemala.<\/p>\n<p style=\"text-align: justify;\">El 18 de septiembre de 2012, la primera reuni\u00f3n entre autoridades y los pescadores (ahora como co-administradores) para la implementaci\u00f3n del convenio se llev\u00f3 a cabo en Puerto Barrios, Izabal, Guatemala.<\/p>\n<p style=\"text-align: justify;\">Comunidades vecinas de pescadores est\u00e1n muy interesados \u200b\u200ben la iniciativa de co-manejo y quieren aprender m\u00e1s sobre los beneficios que este tipo de acci\u00f3n puede traer.<\/p>\n<p>[\/vc_column_text][\/vc_tta_section][\/vc_tta_accordion][\/vc_column][vc_column width=\u00bb1\/12&#8243;][\/vc_column][\/vc_row][vc_row][vc_column][vc_empty_space][vc_separator][\/vc_column][\/vc_row][vc_row][vc_column][vc_empty_space][vc_custom_heading text=\u00bbWebinars sobre monitoreo de zonas de recuperaci\u00f3n pesquera (ZRP)\u00bb font_container=\u00bbtag:h2|text_align:center\u00bb google_fonts=\u00bbfont_family:Roboto%3A100%2C100italic%2C300%2C300italic%2Cregular%2Citalic%2C500%2C500italic%2C700%2C700italic%2C900%2C900italic|font_style:400%20regular%3A400%3Anormal\u00bb][\/vc_column][\/vc_row][vc_row][vc_column width=\u00bb1\/12&#8243;][vc_column_text][\/vc_column_text][\/vc_column][vc_column width=\u00bb5\/6&#8243;][vc_column_text]Como iniciativa de la Red de Pesca Sostenible del SAM, MAR Fund y la ONG mexicana Comunidad y Biodiversidad (COBI), organizaron conjuntamente dos webinars sobre el monitoreo de las zonas de recuperaci\u00f3n pesquera.<\/p>\n<p>El primer webinar se llev\u00f3 a cabo el 1 de octubre de 2020 y abord\u00f3 el monitoreo de censo visual. Luego de la presentaci\u00f3n de COBI, el Consejo Nacional de \u00c1reas Protegidas (CONAP) de Guatemala hizo una presentaci\u00f3n sobre su experiencia en la realizaci\u00f3n de este tipo de monitoreos y los resultados alcanzados. El segundo webinar se realiz\u00f3 el 8 de octubre de 2020 y abord\u00f3 el monitoreo en los desembarques de peces. COBI tambi\u00e9n fue apoyado por las presentaciones de <em>Coral Reef Alliance<\/em> (CORAL) y FUNDAECO, quienes compartieron sus enfoques para monitorear en los desembarques de peces y sus logros al hacerlo en Honduras y Guatemala, respectivamente.<\/p>\n<p>M\u00e1s de 30 personas de los cuatro pa\u00edses de la regi\u00f3n asistieron a cada uno de los webinars y se elabor\u00f3 una lista de correo con el objetivo de utilizarla como plataforma de discusi\u00f3n sobre temas de pesca sostenible, incluyendo herramientas importantes como las zonas de recuperaci\u00f3n pesquera.[\/vc_column_text][vc_tta_accordion color=\u00bbpurple\u00bb active_section=\u00bb21&#8243; collapsible_all=\u00bbtrue\u00bb][vc_tta_section title=\u00bb1. Listado de participantes\u00bb tab_id=\u00bbListadoParticipantes\u00bb][vc_column_text]<\/p>\n<p style=\"padding-left: 40px;\"><a href=\"https:\/\/marfund.org\/en\/wp-content\/uploads\/2020\/10\/Participant-List-1-Oct.pdf\" target=\"_blank\" rel=\"noopener noreferrer\"><img loading=\"lazy\" class=\"alignright wp-image-429 size-full\" src=\"https:\/\/marfund.org\/en\/wp-content\/uploads\/2017\/06\/download_file-24.png\" alt=\"\" width=\"24\" height=\"24\" \/><\/a>Lista de participantes \u2013 Oct 1<\/p>\n<p style=\"padding-left: 40px;\"><a href=\"https:\/\/marfund.org\/en\/wp-content\/uploads\/2020\/10\/Participant-List-8-Oct.pdf\" target=\"_blank\" rel=\"noopener noreferrer\"><img loading=\"lazy\" class=\"alignright wp-image-429 size-full\" src=\"https:\/\/marfund.org\/en\/wp-content\/uploads\/2017\/06\/download_file-24.png\" alt=\"\" width=\"24\" height=\"24\" \/><\/a>Lista de participantes \u2013 Oct 8<\/p>\n<p>[\/vc_column_text][\/vc_tta_section][vc_tta_section title=\u00bb2. Presentaciones\u00bb tab_id=\u00bbPresentaciones\u00bb][vc_column_text]<\/p>\n<p style=\"padding-left: 0px; font-style: italic; font-weight: bold;\">COBI M\u00c9XICO<\/p>\n<p style=\"padding-left: 40px;\"><a href=\"https:\/\/marfund.org\/en\/wp-content\/uploads\/2020\/10\/Submarine-monitoring_ENG_COBI_webinar1.pdf\" target=\"_blank\" rel=\"noopener noreferrer\"><img loading=\"lazy\" class=\"alignright wp-image-429 size-full\" src=\"https:\/\/marfund.org\/en\/wp-content\/uploads\/2017\/06\/download_file-24.png\" alt=\"\" width=\"24\" height=\"24\" \/><\/a>Submarine monitoring<\/p>\n<p style=\"padding-left: 40px;\"><a href=\"https:\/\/marfund.org\/en\/wp-content\/uploads\/2020\/10\/Fishery_monitoring_ENG_webinar2.pdf\" target=\"_blank\" rel=\"noopener noreferrer\"><img loading=\"lazy\" class=\"alignright wp-image-429 size-full\" src=\"https:\/\/marfund.org\/en\/wp-content\/uploads\/2017\/06\/download_file-24.png\" alt=\"\" width=\"24\" height=\"24\" \/><\/a>Fishery monitoring<\/p>\n<p style=\"padding-left: 0px; font-style: italic; font-weight: bold;\">CONAP GUATEMALA<\/p>\n<p style=\"padding-left: 40px;\"><a href=\"https:\/\/marfund.org\/en\/wp-content\/uploads\/2020\/10\/PRESENTACI%C3%93N-TALLER-PESQUERIAS-SAM_CONAP_Guate.pdf\" target=\"_blank\" rel=\"noopener noreferrer\"><img loading=\"lazy\" class=\"alignright wp-image-429 size-full\" src=\"https:\/\/marfund.org\/en\/wp-content\/uploads\/2017\/06\/download_file-24.png\" alt=\"\" width=\"24\" height=\"24\" \/><\/a>Taller Pesquer\u00edas \u2013 SAM CONAP Guatemala<\/p>\n<p style=\"padding-left: 0px; font-style: italic; font-weight: bold;\">FUNDAECO GUATEMALA<\/p>\n<p style=\"padding-left: 40px;\"><a href=\"https:\/\/marfund.org\/en\/wp-content\/uploads\/2020\/10\/Monitoreo-de-pesquerias-en-el-AUMRS_Guate.pdf\" target=\"_blank\" rel=\"noopener noreferrer\"><img loading=\"lazy\" class=\"alignright wp-image-429 size-full\" src=\"https:\/\/marfund.org\/en\/wp-content\/uploads\/2017\/06\/download_file-24.png\" alt=\"\" width=\"24\" height=\"24\" \/><\/a>Monitoreo de pesquerias en el AUMRS Guatemala<\/p>\n<p style=\"padding-left: 0px; font-style: italic; font-weight: bold;\">CORAL HONDURAS<\/p>\n<p style=\"padding-left: 40px;\"><a href=\"https:\/\/marfund.org\/en\/wp-content\/uploads\/2020\/10\/Monitoreos-pesqueros-CORAL-Red-de-Pesca-SAM.pdf\" target=\"_blank\" rel=\"noopener noreferrer\"><img loading=\"lazy\" class=\"alignright wp-image-429 size-full\" src=\"https:\/\/marfund.org\/en\/wp-content\/uploads\/2017\/06\/download_file-24.png\" alt=\"\" width=\"24\" height=\"24\" \/><\/a>Monitoreos pesqueros CORAL Red de Pesca SAM<\/p>\n<p>[\/vc_column_text][\/vc_tta_section][vc_tta_section title=\u00bb3. Documentos adicionales\u00bb tab_id=\u00bbDocumentosAdicionales\u00bb][vc_column_text]<\/p>\n<p style=\"padding-left: 0px; font-style: italic; font-weight: bold;\">CONAP GUATEMALA<\/p>\n<p style=\"padding-left: 40px;\"><a href=\"https:\/\/marfund.org\/en\/wp-content\/uploads\/2020\/10\/Metodologia-para-levantamiento-de-linea-base-ZRP_CONAP_Guate.pdf\" target=\"_blank\" rel=\"noopener noreferrer\"><img loading=\"lazy\" class=\"alignright wp-image-429 size-full\" src=\"https:\/\/marfund.org\/en\/wp-content\/uploads\/2017\/06\/download_file-24.png\" alt=\"\" width=\"24\" height=\"24\" \/><\/a>Metodolog\u00eda para levantamiento de l\u00ednea base ZRP \u2013 CONAP Guatemala<\/p>\n<p style=\"padding-left: 40px;\"><a href=\"https:\/\/marfund.org\/en\/wp-content\/uploads\/2020\/10\/Monitoreo-del-recurso-pesquero-en-levantamiento-de-l%C3%ADnea-base-complemento-%E2%80%93-CONAP-Guatemala.pdf\" target=\"_blank\" rel=\"noopener noreferrer\"><img loading=\"lazy\" class=\"alignright wp-image-429 size-full\" src=\"https:\/\/marfund.org\/en\/wp-content\/uploads\/2017\/06\/download_file-24.png\" alt=\"\" width=\"24\" height=\"24\" \/><\/a>Monitoreo del recurso pesquero en levantamiento de l\u00ednea base complemento \u2013 CONAP Guatemala<\/p>\n<p style=\"padding-left: 0px; font-style: italic; font-weight: bold;\">CORAL HONDURAS<\/p>\n<p style=\"padding-left: 40px;\"><a href=\"https:\/\/marfund.org\/en\/wp-content\/uploads\/2020\/10\/Metodologia-para-levantamiento-de-linea-base-ZRP_CONAP_Guate.pdf\" target=\"_blank\" rel=\"noopener noreferrer\"><img loading=\"lazy\" class=\"alignright wp-image-429 size-full\" src=\"https:\/\/marfund.org\/en\/wp-content\/uploads\/2017\/06\/download_file-24.png\" alt=\"\" width=\"24\" height=\"24\" \/><\/a>Diagn\u00f3stico Socioecon\u00f3mico \u2013 CORAL \u2013 Tela \u2013 Honduras<\/p>\n<p style=\"padding-left: 40px;\"><a href=\"https:\/\/marfund.org\/en\/wp-content\/uploads\/2020\/10\/Plan-de-Manejo-Pesquero-CORAL-Tela-Honduras.pdf\" target=\"_blank\" rel=\"noopener noreferrer\"><img loading=\"lazy\" class=\"alignright wp-image-429 size-full\" src=\"https:\/\/marfund.org\/en\/wp-content\/uploads\/2017\/06\/download_file-24.png\" alt=\"\" width=\"24\" height=\"24\" \/><\/a>Plan de Manejo Pesquero \u2013 CORAL \u2013 Tela \u2013 Honduras<\/p>\n<p style=\"padding-left: 40px;\"><a href=\"https:\/\/marfund.org\/en\/wp-content\/uploads\/2020\/10\/Protocolo-de-Monitoreos-Pesqueros-CORAL-Honduras.pdf\" target=\"_blank\" rel=\"noopener noreferrer\"><img loading=\"lazy\" class=\"alignright wp-image-429 size-full\" src=\"https:\/\/marfund.org\/en\/wp-content\/uploads\/2017\/06\/download_file-24.png\" alt=\"\" width=\"24\" height=\"24\" \/><\/a>Protocolo de Monitoreos Pesqueros \u2013 CORAL \u2013 Honduras<\/p>\n<p>[\/vc_column_text][\/vc_tta_section][\/vc_tta_accordion][\/vc_column][vc_column width=\u00bb1\/12&#8243;][\/vc_column][\/vc_row]<\/p>\n<\/div>","protected":false},"excerpt":{"rendered":"<p>[vc_row][vc_column][vc_single_image image=\u00bb551&#8243; img_size=\u00bbfull\u00bb alignment=\u00bbcenter\u00bb][vc_column_text]Introducci\u00f3n Este programa busca trabajar de cerca con las comunidades pesqueras que dependen de la regi\u00f3n del SAM para su sustento. Su principal desaf\u00edo es empoderar a los pescadores para que tomen el control de su futuro y se involucren en el manejo pesquero sostenible, como una prioridad inmediata de conservaci\u00f3n en [&hellip;]<\/p>\n","protected":false},"author":1,"featured_media":0,"parent":0,"menu_order":0,"comment_status":"closed","ping_status":"closed","template":"template_events_fullwidth.php","meta":[],"_links":{"self":[{"href":"https:\/\/marfund.org\/es\/wp-json\/wp\/v2\/pages\/1225"}],"collection":[{"href":"https:\/\/marfund.org\/es\/wp-json\/wp\/v2\/pages"}],"about":[{"href":"https:\/\/marfund.org\/es\/wp-json\/wp\/v2\/types\/page"}],"author":[{"embeddable":true,"href":"https:\/\/marfund.org\/es\/wp-json\/wp\/v2\/users\/1"}],"replies":[{"embeddable":true,"href":"https:\/\/marfund.org\/es\/wp-json\/wp\/v2\/comments?post=1225"}],"version-history":[{"count":11,"href":"https:\/\/marfund.org\/es\/wp-json\/wp\/v2\/pages\/1225\/revisions"}],"predecessor-version":[{"id":6144,"href":"https:\/\/marfund.org\/es\/wp-json\/wp\/v2\/pages\/1225\/revisions\/6144"}],"wp:attachment":[{"href":"https:\/\/marfund.org\/es\/wp-json\/wp\/v2\/media?parent=1225"}],"curies":[{"name":"wp","href":"https:\/\/api.w.org\/{rel}","templated":true}]}}