{"id":1091,"date":"2017-07-24T22:09:46","date_gmt":"2017-07-25T04:09:46","guid":{"rendered":"https:\/\/marfund.org\/es\/?page_id=1091"},"modified":"2024-06-24T16:01:32","modified_gmt":"2024-06-24T22:01:32","slug":"programas-clave-fondo-sam","status":"publish","type":"page","link":"https:\/\/marfund.org\/es\/programas-clave-fondo-sam\/","title":{"rendered":"Programas Clave MAR Fund"},"content":{"rendered":"<div class=\"wpb-content-wrapper\"><p>[vc_row][vc_column][vc_single_image image=\u00bb1155&#8243; img_size=\u00bbfull\u00bb alignment=\u00bbcenter\u00bb][\/vc_column][\/vc_row][vc_row][vc_column][vc_separator border_width=\u00bb5&#8243;][vc_custom_heading text=\u00bbProgramas Clave MAR Fund\u00bb font_container=\u00bbtag:h2|font_size:35|text_align:center\u00bb google_fonts=\u00bbfont_family:Roboto%20Slab%3A100%2C300%2Cregular%2C700|font_style:700%20bold%20regular%3A700%3Anormal\u00bb][vc_single_image image=\u00bb410&#8243; img_size=\u00bbfull\u00bb alignment=\u00bbcenter\u00bb css_animation=\u00bbbounceIn\u00bb][\/vc_column][\/vc_row][vc_row][vc_column width=\u00bb1\/6&#8243;][\/vc_column][vc_column width=\u00bb2\/3&#8243;][vc_tta_accordion color=\u00bbblue\u00bb active_section=\u00bb10&#8243;][vc_tta_section title=\u00bbSalvando nuestros santuarios\u00bb tab_id=\u00bb1500954519576-0bea864a-3e45&#8243;][vc_column_text]<\/p>\n<p style=\"text-align: left;\"><strong>Salvando nuestros santuarios: <\/strong><br \/>\n<strong>Un legado que debemos cuidar<\/strong><\/p>\n<p style=\"text-align: justify;\">Los Santuarios Protegidos Marinos son un medio universalmente respaldado para asegurar la salud de ecosistemas como el sistema SAM. La regi\u00f3n ha identificado sesenta y tres de esos santuarios. Cada santuario marino es cr\u00edtico a su manera para preservar h\u00e1bitats espec\u00edficos, especies y formaciones de coral, permiti\u00e9ndoles prosperar a trav\u00e9s del uso controlado y el acceso al \u00e1rea protegida. La salvaguardia de estos preciosos santuarios requiere contratar a oficiales para que garanticen su estado protegido, comprar equipo para mitigar las amenazas biof\u00edsicas, realizar investigaciones, cuidar la salud del santuario y monitorear y evaluar su salud.<\/p>\n<p style=\"text-align: justify;\">Las partes interesadas de la regi\u00f3n y MAR Fund identificaron las AMP que se enumeran a continuaci\u00f3n como \u00e1reas de alta prioridad con las necesidades m\u00e1s urgentes:<\/p>\n<p>[\/vc_column_text][vc_column_text]<img loading=\"lazy\" class=\"aligncenter size-full wp-image-1095\" src=\"https:\/\/marfund.org\/es\/wp-content\/uploads\/2017\/07\/texto-sanctuary.jpg\" alt=\"\" width=\"584\" height=\"362\" srcset=\"https:\/\/marfund.org\/es\/wp-content\/uploads\/2017\/07\/texto-sanctuary.jpg 584w, https:\/\/marfund.org\/es\/wp-content\/uploads\/2017\/07\/texto-sanctuary-300x186.jpg 300w\" sizes=\"(max-width: 584px) 100vw, 584px\" \/>[\/vc_column_text][vc_column_text][\/vc_column_text][\/vc_tta_section][vc_tta_section title=\u00bbPesca para el futuro\u00bb tab_id=\u00bb1500954519707-fcd612a2-397d\u00bb][vc_column_text]<\/p>\n<p style=\"text-align: left;\"><strong>Pesca para el futuro: <\/strong><br \/>\n<strong>Pesca sostenible para un arrecife floreciente<\/strong><\/p>\n<p style=\"text-align: justify;\">En estrecha colaboraci\u00f3n con sus asociados, MAR Fund ha determinado que la ordenaci\u00f3n pesquera sostenible es una prioridad de conservaci\u00f3n inmediata y urgente para el SAM. La biodiversidad y la cantidad de las poblaciones de peces son fundamentales para la salud ecol\u00f3gica de toda la ecorregi\u00f3n arrecifal. Mantener estas pesquer\u00edas de manera que sea econ\u00f3micamente y ecol\u00f3gicamente viable es el objetivo de la iniciativa comunitaria de pesquer\u00edas de MAR Fund.<\/p>\n<ul style=\"text-align: left;\">\n<li>Participaci\u00f3n de la comunidad en la ordenaci\u00f3n de las pesquer\u00edas: Muchas comunidades que viven a lo largo de la costa de la regi\u00f3n del Arrecife Mesoamericano dependen de las poblaciones de peces cercanas como fuente primaria de alimento y para su sustento. Adem\u00e1s, abundantes poblaciones de peces son un componente clave en un arrecife saludable. Al alentar la participaci\u00f3n de la comunidad en la gesti\u00f3n de estas poblaciones de peces, la poblaci\u00f3n local est\u00e1 facultada para tomar el control de su futuro y se les da una oportunidad \u00fanica de aprender sobre la gesti\u00f3n pesquera.<\/li>\n<\/ul>\n<ul>\n<li style=\"text-align: left;\">Actividades Productivas para Mejores Est\u00e1ndares de Vida. Otra forma de reducir el impacto en la pesca es reduciendo el esfuerzo pesquero. Promover y apoyar otras actividades productivas viables en la regi\u00f3n es otra forma de lograr este objetivo y generar mayores ingresos y mejores condiciones de vida para las comunidades locales.<\/li>\n<\/ul>\n<p>[\/vc_column_text][\/vc_tta_section][vc_tta_section title=\u00bbCambio Clim\u00e1tico\u00bb tab_id=\u00bb1500955445595-1e74ec7e-8d5a\u00bb][vc_column_text]<strong>Cambio Clim\u00e1tico:<\/strong><br \/>\n<strong>La necesidad es ahora<\/strong><\/p>\n<p style=\"text-align: justify;\">El cambio clim\u00e1tico es probablemente la mayor amenaza para la Regi\u00f3n del Arrecife Mesoamericano. El objetivo de este programa es desarrollar proyectos de carbono que puedan reducir las emisiones de carbono y financiar actividades de conservaci\u00f3n. Dos cuestiones clave son la supervisi\u00f3n de los efectos del cambio clim\u00e1tico en los arrecifes y otros ecosistemas costeros y marinos y la adaptaci\u00f3n efectiva al cambio clim\u00e1tico a medida que se desarrollan sus impactos. Este \u00faltimo requerir\u00e1 una planificaci\u00f3n a largo plazo, indicadores uniformes uniformes de los efectos del cambio clim\u00e1tico, una adecuada gesti\u00f3n de las zonas costeras y una coordinaci\u00f3n eficaz entre los cuatro pa\u00edses de la regi\u00f3n.<\/p>\n<p>[\/vc_column_text][\/vc_tta_section][\/vc_tta_accordion][\/vc_column][vc_column width=\u00bb1\/6&#8243;][\/vc_column][\/vc_row][vc_row][vc_column][vc_separator border_width=\u00bb5&#8243;][\/vc_column][\/vc_row]<\/p>\n<\/div>","protected":false},"excerpt":{"rendered":"<p>[vc_row][vc_column][vc_single_image image=\u00bb1155&#8243; img_size=\u00bbfull\u00bb alignment=\u00bbcenter\u00bb][\/vc_column][\/vc_row][vc_row][vc_column][vc_separator border_width=\u00bb5&#8243;][vc_custom_heading text=\u00bbProgramas Clave MAR Fund\u00bb font_container=\u00bbtag:h2|font_size:35|text_align:center\u00bb google_fonts=\u00bbfont_family:Roboto%20Slab%3A100%2C300%2Cregular%2C700|font_style:700%20bold%20regular%3A700%3Anormal\u00bb][vc_single_image image=\u00bb410&#8243; img_size=\u00bbfull\u00bb alignment=\u00bbcenter\u00bb css_animation=\u00bbbounceIn\u00bb][\/vc_column][\/vc_row][vc_row][vc_column width=\u00bb1\/6&#8243;][\/vc_column][vc_column width=\u00bb2\/3&#8243;][vc_tta_accordion color=\u00bbblue\u00bb active_section=\u00bb10&#8243;][vc_tta_section title=\u00bbSalvando nuestros santuarios\u00bb tab_id=\u00bb1500954519576-0bea864a-3e45&#8243;][vc_column_text] Salvando nuestros santuarios: Un legado que debemos cuidar Los Santuarios Protegidos Marinos son un medio universalmente respaldado para asegurar la salud de ecosistemas como el sistema SAM. La regi\u00f3n ha identificado sesenta [&hellip;]<\/p>\n","protected":false},"author":1,"featured_media":0,"parent":0,"menu_order":0,"comment_status":"closed","ping_status":"closed","template":"template_events_fullwidth.php","meta":[],"_links":{"self":[{"href":"https:\/\/marfund.org\/es\/wp-json\/wp\/v2\/pages\/1091"}],"collection":[{"href":"https:\/\/marfund.org\/es\/wp-json\/wp\/v2\/pages"}],"about":[{"href":"https:\/\/marfund.org\/es\/wp-json\/wp\/v2\/types\/page"}],"author":[{"embeddable":true,"href":"https:\/\/marfund.org\/es\/wp-json\/wp\/v2\/users\/1"}],"replies":[{"embeddable":true,"href":"https:\/\/marfund.org\/es\/wp-json\/wp\/v2\/comments?post=1091"}],"version-history":[{"count":13,"href":"https:\/\/marfund.org\/es\/wp-json\/wp\/v2\/pages\/1091\/revisions"}],"predecessor-version":[{"id":6121,"href":"https:\/\/marfund.org\/es\/wp-json\/wp\/v2\/pages\/1091\/revisions\/6121"}],"wp:attachment":[{"href":"https:\/\/marfund.org\/es\/wp-json\/wp\/v2\/media?parent=1091"}],"curies":[{"name":"wp","href":"https:\/\/api.w.org\/{rel}","templated":true}]}}