{"id":1085,"date":"2017-07-24T21:25:56","date_gmt":"2017-07-25T03:25:56","guid":{"rendered":"https:\/\/marfund.org\/es\/?page_id=1085"},"modified":"2024-06-24T16:20:22","modified_gmt":"2024-06-24T22:20:22","slug":"razones-para-apoyar","status":"publish","type":"page","link":"https:\/\/marfund.org\/es\/razones-para-apoyar\/","title":{"rendered":"Razones para apoyar"},"content":{"rendered":"<div class=\"wpb-content-wrapper\"><p>[vc_row][vc_column][vc_single_image image=\u00bb1157&#8243; img_size=\u00bbfull\u00bb alignment=\u00bbcenter\u00bb][\/vc_column][\/vc_row][vc_row][vc_column][vc_separator border_width=\u00bb5&#8243;][\/vc_column][\/vc_row][vc_row][vc_column width=\u00bb1\/6&#8243;][\/vc_column][vc_column width=\u00bb2\/3&#8243;][vc_single_image image=\u00bb461&#8243; img_size=\u00bbfull\u00bb alignment=\u00bbcenter\u00bb][vc_column_text]<\/p>\n<h2>Razones para apoyar<\/h2>\n<p style=\"text-align: justify;\">Al sumergirse en el Arrecife Mesoamericano, vibrante de color y diversidad, se es testigo de las fuerzas m\u00e1s vitales de la naturaleza en todo su esplendor; se tiene la experiencia \u00fanica de asomarse a una ventana desde donde se observa el origen mismo de la vida. Aqu\u00ed se tiene ante s\u00ed el sustento, la fuerza generadora, la fuente, el arco\u00edris pulsante de nuestros oc\u00e9anos plenos de vida: observarlos es un privilegio; salvarlos es una necesidad. No debe negarse a las generaciones futuras la experiencia de este bello, abundante y vital sistema arrecifal.<\/p>\n<p style=\"text-align: justify;\">El Sistema Arrecifal Mesoamericano es el m\u00e1s extenso del Atl\u00e1ntico. Cubre m\u00e1s de 1000 kil\u00f3metros y trasciende las fronteras de M\u00e9xico, Belice, Guatemala y Honduras. Esta naturaleza transnacional presenta una oportunidad audaz y sin precedentes para la conservaci\u00f3n de este patrimonio crucial para todo el mundo: un solo conjunto de prioridades estrat\u00e9gicas para manejar un solo sistema ecol\u00f3gico; un plan estrat\u00e9gico que coloca a la gente y a la biodiversidad en primer lugar y todo lo dem\u00e1s en un lugar secundario.<\/p>\n<p style=\"text-align: justify;\">Tras haberse comprometido a un esfuerzo sin precedentes para lograr la conservaci\u00f3n marina, estos cuatro pa\u00edses se han unido, reconociendo la urgencia de tomar medidas con el fin de establecer un sistema arrecifal prol\u00edfico, sin fronteras. Para alcanzar esta meta fundamental, los fondos ambientales de cada uno de los cuatro pa\u00edses han establecido a MAR Fund, que se dedica a la planificaci\u00f3n y la implementaci\u00f3n, en forma cooperativa, de un osado y singular conjunto de prioridades para toda la ecorregi\u00f3n del Arrecife Mesoamericano.<\/p>\n<p style=\"text-align: justify;\">MAR Fund est\u00e1 dise\u00f1ado en una forma muy especial, con el fin de atraer y distribuir financiamiento a una escala que pueda abordar las prioridades a nivel regional, permitiendo que se desarrollen y financien soluciones que se encuentran m\u00e1s all\u00e1 del mandato o la capacidad de los gobiernos locales y las organizaciones no gubernamentales.<\/p>\n<p style=\"text-align: justify;\">Esta iniciativa, sin embargo, solamente podr\u00e1 tener \u00e9xito si se cuenta con l\u00edderes bien informados y dedicados de la comunidad filantr\u00f3pica a nivel mundial que reconozcan la necesidad y la sabidur\u00eda de esta soluci\u00f3n transnacional para esta ecorregi\u00f3n. Con el funcionamiento de MAR Fund, los financistas podr\u00e1n invertir con confianza en programas dise\u00f1ados, implementados y monitoreados cuidadosamente, que son totalmente transparentes y que rinden debida cuenta de los gastos y procuran el impacto m\u00e1ximo de los fondos.<\/p>\n<p style=\"text-align: justify;\">\u00c9ste es el plan adecuado, para el lugar apropiado, a la debida escala y con las personas id\u00f3neas trabajando en equipo y representa una inusual y poderosa convergencia de oportunidades. El momento para invertir en el Sistema Arrecifal Mesoamericano es ahora, para que las generaciones futuras puedan gozar de este tesoro ecol\u00f3gico y se puedan beneficiar con \u00e9l. Necesitamos socios que compartan esta visi\u00f3n de un arrecife pr\u00f2spero que se conserve como un ecotesoro para las futuras generaciones.<\/p>\n<p>[\/vc_column_text][\/vc_column][vc_column width=\u00bb1\/6&#8243;][\/vc_column][\/vc_row][vc_row][vc_column][vc_separator border_width=\u00bb5&#8243;][\/vc_column][\/vc_row]<\/p>\n<\/div>","protected":false},"excerpt":{"rendered":"<p>[vc_row][vc_column][vc_single_image image=\u00bb1157&#8243; img_size=\u00bbfull\u00bb alignment=\u00bbcenter\u00bb][\/vc_column][\/vc_row][vc_row][vc_column][vc_separator border_width=\u00bb5&#8243;][\/vc_column][\/vc_row][vc_row][vc_column width=\u00bb1\/6&#8243;][\/vc_column][vc_column width=\u00bb2\/3&#8243;][vc_single_image image=\u00bb461&#8243; img_size=\u00bbfull\u00bb alignment=\u00bbcenter\u00bb][vc_column_text] Razones para apoyar Al sumergirse en el Arrecife Mesoamericano, vibrante de color y diversidad, se es testigo de las fuerzas m\u00e1s vitales de la naturaleza en todo su esplendor; se tiene la experiencia \u00fanica de asomarse a una ventana desde donde se observa el origen [&hellip;]<\/p>\n","protected":false},"author":1,"featured_media":0,"parent":0,"menu_order":0,"comment_status":"closed","ping_status":"closed","template":"template_events_fullwidth.php","meta":[],"_links":{"self":[{"href":"https:\/\/marfund.org\/es\/wp-json\/wp\/v2\/pages\/1085"}],"collection":[{"href":"https:\/\/marfund.org\/es\/wp-json\/wp\/v2\/pages"}],"about":[{"href":"https:\/\/marfund.org\/es\/wp-json\/wp\/v2\/types\/page"}],"author":[{"embeddable":true,"href":"https:\/\/marfund.org\/es\/wp-json\/wp\/v2\/users\/1"}],"replies":[{"embeddable":true,"href":"https:\/\/marfund.org\/es\/wp-json\/wp\/v2\/comments?post=1085"}],"version-history":[{"count":10,"href":"https:\/\/marfund.org\/es\/wp-json\/wp\/v2\/pages\/1085\/revisions"}],"predecessor-version":[{"id":6139,"href":"https:\/\/marfund.org\/es\/wp-json\/wp\/v2\/pages\/1085\/revisions\/6139"}],"wp:attachment":[{"href":"https:\/\/marfund.org\/es\/wp-json\/wp\/v2\/media?parent=1085"}],"curies":[{"name":"wp","href":"https:\/\/api.w.org\/{rel}","templated":true}]}}