{"id":1072,"date":"2017-07-24T16:56:42","date_gmt":"2017-07-24T22:56:42","guid":{"rendered":"https:\/\/marfund.org\/es\/?page_id=1072"},"modified":"2017-08-22T16:00:39","modified_gmt":"2017-08-22T22:00:39","slug":"global-giving","status":"publish","type":"page","link":"https:\/\/marfund.org\/es\/global-giving\/","title":{"rendered":"Global Giving"},"content":{"rendered":"<div class=\"wpb-content-wrapper\"><p>[vc_row][vc_column][vc_single_image image=\u00bb1075&#8243; img_size=\u00bbfull\u00bb alignment=\u00bbcenter\u00bb][\/vc_column][\/vc_row][vc_row][vc_column][vc_separator border_width=\u00bb5&#8243;][\/vc_column][\/vc_row][vc_row][vc_column width=\u00bb1\/6&#8243;][\/vc_column][vc_column width=\u00bb2\/3&#8243;][vc_single_image image=\u00bb1456&#8243; img_size=\u00bbfull\u00bb alignment=\u00bbcenter\u00bb][vc_single_image image=\u00bb461&#8243; img_size=\u00bbfull\u00bb alignment=\u00bbcenter\u00bb][vc_custom_heading text=\u00bbProyecto \u201cControl del Pez Le\u00f3n en el Arrecife Mesoamericano\u201d\u00bb font_container=\u00bbtag:h2|text_align:center\u00bb google_fonts=\u00bbfont_family:Roboto%20Slab%3A100%2C300%2Cregular%2C700|font_style:700%20bold%20regular%3A700%3Anormal\u00bb][vc_text_separator title=\u00bbLink a www.globalgiving.org\u00bb][vc_column_text]<\/p>\n<h2>Resumen<\/h2>\n<p class=\"text_fontSizeLarge\">El pez le\u00f3n ex\u00f3tico ha invadido el Arrecife Mesoamericano, y se ha convertido en una seria amenaza para el ecosistema marino. Con su ayuda podremos recaudar fondos para actividades de control del pez le\u00f3n como campa\u00f1as de comunicaci\u00f3n, talleres de capacitaci\u00f3n sobre m\u00e9todos de captura y manejo y actividades de campo para controlar esta especie. Los fondos se utilizar\u00e1n para apoyar a las organizaciones de pescadores, las ONG y las autoridades de los cuatro pa\u00edses del MAR que participan en iniciativas de control del pez le\u00f3n.<\/p>\n<p>[\/vc_column_text][vc_btn title=\u00bbDonar Ahora\u00bb color=\u00bbwarning\u00bb size=\u00bblg\u00bb i_icon_fontawesome=\u00bbfa fa-credit-card\u00bb add_icon=\u00bbtrue\u00bb link=\u00bburl:https%3A%2F%2Fwww.globalgiving.org%2Fprojects%2Fcontrol-of-invasive-lionfish-in-the-mar-reef%2F||target:%20_blank|\u00bb][\/vc_column][vc_column width=\u00bb1\/6&#8243;][\/vc_column][\/vc_row][vc_row][vc_column][vc_separator color=\u00bbsandy_brown\u00bb style=\u00bbshadow\u00bb border_width=\u00bb10&#8243;][\/vc_column][\/vc_row][vc_row][vc_column width=\u00bb1\/6&#8243;][\/vc_column][vc_column width=\u00bb2\/3&#8243;][vc_custom_heading text=\u00bbProyecto \u201cEmpoderamiento de las Comunidades Pesqueras en el SAM\u00bb font_container=\u00bbtag:h2|text_align:center\u00bb google_fonts=\u00bbfont_family:Roboto%20Slab%3A100%2C300%2Cregular%2C700|font_style:700%20bold%20regular%3A700%3Anormal\u00bb][vc_text_separator title=\u00bbLink a www.globalgiving.org\u00bb][vc_column_text]<\/p>\n<h2>Resumen<\/h2>\n<p class=\"text_fontSizeLarge\">Este proyecto proveer\u00e1 financiamiento a al menos 5 comunidades pesqueras a lo largo de la costa del Arrecife Mesoamericano con el fin de fomentar la participaci\u00f3n comunitaria en la gesti\u00f3n de las poblaciones de peces locales.<\/p>\n<p>[\/vc_column_text][vc_btn title=\u00bbDonar Ahora\u00bb color=\u00bbwarning\u00bb size=\u00bblg\u00bb i_icon_fontawesome=\u00bbfa fa-credit-card\u00bb add_icon=\u00bbtrue\u00bb link=\u00bburl:https%3A%2F%2Fwww.globalgiving.org%2Fprojects%2Fmesoamerican-reef-conservation%2F||target:%20_blank|\u00bb][\/vc_column][vc_column width=\u00bb1\/6&#8243;][\/vc_column][\/vc_row]<\/p>\n<\/div>","protected":false},"excerpt":{"rendered":"<p>[vc_row][vc_column][vc_single_image image=\u00bb1075&#8243; img_size=\u00bbfull\u00bb alignment=\u00bbcenter\u00bb][\/vc_column][\/vc_row][vc_row][vc_column][vc_separator border_width=\u00bb5&#8243;][\/vc_column][\/vc_row][vc_row][vc_column width=\u00bb1\/6&#8243;][\/vc_column][vc_column width=\u00bb2\/3&#8243;][vc_single_image image=\u00bb1456&#8243; img_size=\u00bbfull\u00bb alignment=\u00bbcenter\u00bb][vc_single_image image=\u00bb461&#8243; img_size=\u00bbfull\u00bb alignment=\u00bbcenter\u00bb][vc_custom_heading text=\u00bbProyecto \u201cControl del Pez Le\u00f3n en el Arrecife Mesoamericano\u201d\u00bb font_container=\u00bbtag:h2|text_align:center\u00bb google_fonts=\u00bbfont_family:Roboto%20Slab%3A100%2C300%2Cregular%2C700|font_style:700%20bold%20regular%3A700%3Anormal\u00bb][vc_text_separator title=\u00bbLink a www.globalgiving.org\u00bb][vc_column_text] Resumen El pez le\u00f3n ex\u00f3tico ha invadido el Arrecife Mesoamericano, y se ha convertido en una seria amenaza para el ecosistema marino. Con su ayuda podremos recaudar fondos [&hellip;]<\/p>\n","protected":false},"author":1,"featured_media":0,"parent":0,"menu_order":0,"comment_status":"closed","ping_status":"closed","template":"template_events_fullwidth.php","meta":[],"_links":{"self":[{"href":"https:\/\/marfund.org\/es\/wp-json\/wp\/v2\/pages\/1072"}],"collection":[{"href":"https:\/\/marfund.org\/es\/wp-json\/wp\/v2\/pages"}],"about":[{"href":"https:\/\/marfund.org\/es\/wp-json\/wp\/v2\/types\/page"}],"author":[{"embeddable":true,"href":"https:\/\/marfund.org\/es\/wp-json\/wp\/v2\/users\/1"}],"replies":[{"embeddable":true,"href":"https:\/\/marfund.org\/es\/wp-json\/wp\/v2\/comments?post=1072"}],"version-history":[{"count":9,"href":"https:\/\/marfund.org\/es\/wp-json\/wp\/v2\/pages\/1072\/revisions"}],"predecessor-version":[{"id":1457,"href":"https:\/\/marfund.org\/es\/wp-json\/wp\/v2\/pages\/1072\/revisions\/1457"}],"wp:attachment":[{"href":"https:\/\/marfund.org\/es\/wp-json\/wp\/v2\/media?parent=1072"}],"curies":[{"name":"wp","href":"https:\/\/api.w.org\/{rel}","templated":true}]}}