{"id":1001,"date":"2017-07-24T12:05:22","date_gmt":"2017-07-24T18:05:22","guid":{"rendered":"https:\/\/marfund.org\/es\/?page_id=1001"},"modified":"2022-07-07T16:30:51","modified_gmt":"2022-07-07T22:30:51","slug":"done-ahora","status":"publish","type":"page","link":"https:\/\/marfund.org\/es\/done-ahora\/","title":{"rendered":"Oportunidad de donar"},"content":{"rendered":"<div class=\"wpb-content-wrapper\"><p>[vc_row][vc_column][vc_single_image image=\u00bb1004&#8243; img_size=\u00bbfull\u00bb alignment=\u00bbcenter\u00bb][vc_custom_heading text=\u00bbDone Ahora\u00bb font_container=\u00bbtag:h2|font_size:35|text_align:center\u00bb google_fonts=\u00bbfont_family:Roboto%20Slab%3A100%2C300%2Cregular%2C700|font_style:700%20bold%20regular%3A700%3Anormal\u00bb][\/vc_column][\/vc_row][vc_row][vc_column][vc_separator border_width=\u00bb5&#8243;][\/vc_column][\/vc_row][vc_row][vc_column width=\u00bb1\/6&#8243;][\/vc_column][vc_column width=\u00bb2\/3&#8243;][vc_single_image image=\u00bb4643&#8243; img_size=\u00bbfull\u00bb alignment=\u00bbcenter\u00bb][vc_single_image image=\u00bb461&#8243; img_size=\u00bbfull\u00bb alignment=\u00bbcenter\u00bb][vc_text_separator title=\u00bbPaypal y Tarjeta de Cr\u00e9dito\u00bb][vc_column_text]<\/p>\n<p style=\"text-align: justify;\"><a href=\"https:\/\/www.paypal.com\/cgi-bin\/webscr?cmd=_donations&amp;business=mjgonzalez%40marfund%2eorg&amp;item_name=Marfund_donation&amp;no_note=1&amp;currency_code=USD&amp;lc=US&amp;bn=PP%2dBuyNowBF&amp;charset=UTF%2d8\" target=\"_blank\" rel=\"noopener\"><img loading=\"lazy\" class=\"wp-image-1010 size-full alignright\" src=\"https:\/\/marfund.org\/es\/wp-content\/uploads\/2017\/07\/paypal-payments-300.png\" alt=\"\" width=\"300\" height=\"102\" \/><\/a>Su contribuci\u00f3n al Fondo SAM ser\u00e1 un apoyo importante para la conservaci\u00f3n de una de las regiones m\u00e1s espectaculares y diversas del mundo.<\/p>\n<p style=\"text-align: justify;\">Si quiere apoyar la conservaci\u00f3n y uso sostenible de los recursos naturales en la ecoregi\u00f3n del Sistema Arrecifal Mesoamericano, le invitamos a completar el siguiente registro. Para pago con Paypal <a href=\"https:\/\/www.paypal.com\/cgi-bin\/webscr?cmd=_donations&amp;business=mjgonzalez%40marfund%2eorg&amp;item_name=Marfund_donation&amp;no_note=1&amp;currency_code=USD&amp;lc=US&amp;bn=PP%2dBuyNowBF&amp;charset=UTF%2d8\" target=\"_blank\" rel=\"noopener\"><strong>Clic aqu\u00ed<\/strong><\/a><\/p>\n<p>[\/vc_column_text][vc_text_separator title=\u00bbChecks\u00bb][vc_column_text]<\/p>\n<p style=\"text-align: justify;\"><img loading=\"lazy\" class=\"alignleft wp-image-1009 size-medium\" src=\"https:\/\/marfund.org\/es\/wp-content\/uploads\/2017\/08\/done-con-cheque.jpg\" alt=\"\" width=\"300\" height=\"83\" \/>Si lo prefiere puede enviar su cheque a nombre de MESOAMERICAN REEF FUND, dirigido a Mar\u00eda Jos\u00e9 Gonz\u00e1lez a la siguiente direcci\u00f3n:<\/p>\n<p>[\/vc_column_text][vc_column_text]<\/p>\n<h3 style=\"text-align: center; padding-left: 300px;\"><strong>Po Box 526150<\/strong><\/h3>\n<h3 style=\"text-align: center; padding-left: 300px;\"><strong>Miami, Fl 33152-6150<\/strong><\/h3>\n<p>[\/vc_column_text][\/vc_column][vc_column width=\u00bb1\/6&#8243;][\/vc_column][\/vc_row][vc_row][vc_column][vc_separator border_width=\u00bb5&#8243;][\/vc_column][\/vc_row][vc_row][vc_column width=\u00bb1\/6&#8243;][\/vc_column][vc_column width=\u00bb2\/3&#8243;][vc_single_image image=\u00bb1452&#8243; img_size=\u00bbfull\u00bb alignment=\u00bbcenter\u00bb][vc_single_image image=\u00bb461&#8243; img_size=\u00bbfull\u00bb alignment=\u00bbcenter\u00bb][vc_column_text]<\/p>\n<p style=\"text-align: justify;\"><a href=\"http:\/\/www.healthyreefs.org\/cms\/donate\/\" target=\"_blank\" rel=\"noopener\"><img loading=\"lazy\" class=\"wp-image-1010 size-full alignright\" src=\"https:\/\/marfund.org\/es\/wp-content\/uploads\/2017\/07\/paypal-payments-300.png\" alt=\"\" width=\"300\" height=\"102\" \/><\/a>Su contribuci\u00f3n a la Iniciativa Arrecifes Saludables para Gente Saludable ayudar\u00e1 a este esfuerzo conjunto de evaluaci\u00f3n de la salud del arrecife a trav\u00e9s del Reporte producido cada dos a\u00f1os, y catalizar as\u00ed acciones de gesti\u00f3n de recursos naturales a trav\u00e9s de los informes de avances (Eco-auditorias). Visite por favor el siguiente v\u00ednculo para obtener m\u00e1s informaci\u00f3n.<\/p>\n<p style=\"text-align: justify;\">Si quiere apoyar la conservaci\u00f3n y uso sostenible de los recursos naturales en la ecoregi\u00f3n del Sistema Arrecifal Mesoamericano, le invitamos a completar el siguiente registro con PayPal. <a href=\"http:\/\/www.healthyreefs.org\/cms\/donate\/\" target=\"_blank\" rel=\"noopener\"><strong>Clic aqu\u00ed<\/strong><\/a><\/p>\n<p>[\/vc_column_text][\/vc_column][vc_column width=\u00bb1\/6&#8243;][\/vc_column][\/vc_row]<\/p>\n<\/div>","protected":false},"excerpt":{"rendered":"<p>[vc_row][vc_column][vc_single_image image=\u00bb1004&#8243; img_size=\u00bbfull\u00bb alignment=\u00bbcenter\u00bb][vc_custom_heading text=\u00bbDone Ahora\u00bb font_container=\u00bbtag:h2|font_size:35|text_align:center\u00bb google_fonts=\u00bbfont_family:Roboto%20Slab%3A100%2C300%2Cregular%2C700|font_style:700%20bold%20regular%3A700%3Anormal\u00bb][\/vc_column][\/vc_row][vc_row][vc_column][vc_separator border_width=\u00bb5&#8243;][\/vc_column][\/vc_row][vc_row][vc_column width=\u00bb1\/6&#8243;][\/vc_column][vc_column width=\u00bb2\/3&#8243;][vc_single_image image=\u00bb4643&#8243; img_size=\u00bbfull\u00bb alignment=\u00bbcenter\u00bb][vc_single_image image=\u00bb461&#8243; img_size=\u00bbfull\u00bb alignment=\u00bbcenter\u00bb][vc_text_separator title=\u00bbPaypal y Tarjeta de Cr\u00e9dito\u00bb][vc_column_text] Su contribuci\u00f3n al Fondo SAM ser\u00e1 un apoyo importante para la conservaci\u00f3n de una de las regiones m\u00e1s espectaculares y diversas del mundo. Si quiere apoyar la conservaci\u00f3n y uso sostenible de los [&hellip;]<\/p>\n","protected":false},"author":1,"featured_media":0,"parent":0,"menu_order":0,"comment_status":"closed","ping_status":"closed","template":"template_events_fullwidth.php","meta":[],"_links":{"self":[{"href":"https:\/\/marfund.org\/es\/wp-json\/wp\/v2\/pages\/1001"}],"collection":[{"href":"https:\/\/marfund.org\/es\/wp-json\/wp\/v2\/pages"}],"about":[{"href":"https:\/\/marfund.org\/es\/wp-json\/wp\/v2\/types\/page"}],"author":[{"embeddable":true,"href":"https:\/\/marfund.org\/es\/wp-json\/wp\/v2\/users\/1"}],"replies":[{"embeddable":true,"href":"https:\/\/marfund.org\/es\/wp-json\/wp\/v2\/comments?post=1001"}],"version-history":[{"count":11,"href":"https:\/\/marfund.org\/es\/wp-json\/wp\/v2\/pages\/1001\/revisions"}],"predecessor-version":[{"id":4647,"href":"https:\/\/marfund.org\/es\/wp-json\/wp\/v2\/pages\/1001\/revisions\/4647"}],"wp:attachment":[{"href":"https:\/\/marfund.org\/es\/wp-json\/wp\/v2\/media?parent=1001"}],"curies":[{"name":"wp","href":"https:\/\/api.w.org\/{rel}","templated":true}]}}