{"id":911,"date":"2017-07-22T11:09:59","date_gmt":"2017-07-22T17:09:59","guid":{"rendered":"https:\/\/marfund.org\/en\/?page_id=911"},"modified":"2017-07-22T11:26:34","modified_gmt":"2017-07-22T17:26:34","slug":"marea-documents","status":"publish","type":"page","link":"https:\/\/marfund.org\/en\/marea-documents\/","title":{"rendered":"MAREA Documents"},"content":{"rendered":"<div class=\"wpb-content-wrapper\"><p>[vc_row][vc_column][vc_single_image image=&#8221;913&#8243; img_size=&#8221;full&#8221; alignment=&#8221;center&#8221;][\/vc_column][\/vc_row][vc_row][vc_column][vc_single_image image=&#8221;410&#8243; img_size=&#8221;full&#8221;][\/vc_column][\/vc_row][vc_row][vc_column width=&#8221;1\/12&#8243;][vc_column_text][\/vc_column_text][\/vc_column][vc_column width=&#8221;5\/6&#8243;][vc_tta_accordion color=&#8221;orange&#8221; active_section=&#8221;1&#8243; collapsible_all=&#8221;true&#8221;][vc_tta_section title=&#8221;Documents Section 1&#8243; tab_id=&#8221;DocumentsMarea1&#8243;][vc_column_text]<strong>2012 Fish Stock Assessment Report<\/strong><\/p>\n<p style=\"text-align: justify;\"><a style=\"color: #ff0000;\" href=\"http:\/\/ingles.marfund.org\/wp-content\/uploads\/2015\/02\/1.pdf\" target=\"_blank\" rel=\"noopener noreferrer\"><i  style=\"color:#dd3333; font-size:28px;\" class=\"fa fa-file-pdf-o \"><\/i><\/a><\/p>\n<p>[\/vc_column_text][vc_column_text]<strong>Agenda Pesca- Ambiente Guatemala 22.08.13<\/strong><\/p>\n<p style=\"text-align: justify;\"><a style=\"color: #ff0000;\" href=\"http:\/\/ingles.marfund.org\/wp-content\/uploads\/2015\/02\/2.pdf\" target=\"_blank\" rel=\"noopener noreferrer\"><i  style=\"color:#dd3333; font-size:28px;\" class=\"fa fa-file-pdf-o \"><\/i><\/a><\/p>\n<p>[\/vc_column_text][vc_column_text]<strong>An analysis of the data collected between years 2009 to 2012 of the Fisheries Assessment Study<\/strong><\/p>\n<p style=\"text-align: justify;\"><a style=\"color: #ff0000;\" href=\"http:\/\/ingles.marfund.org\/wp-content\/uploads\/2015\/02\/3.pdf\" target=\"_blank\" rel=\"noopener noreferrer\"><i  style=\"color:#dd3333; font-size:28px;\" class=\"fa fa-file-pdf-o \"><\/i><\/a><\/p>\n<p>[\/vc_column_text][vc_column_text]<strong>An\u00e1lisis de Vulnerabilidad al Cambio Clim\u00e1tico<\/strong><\/p>\n<p style=\"text-align: justify;\"><a style=\"color: #ff0000;\" href=\"http:\/\/ingles.marfund.org\/wp-content\/uploads\/2015\/02\/4.pdf\" target=\"_blank\" rel=\"noopener noreferrer\"><i  style=\"color:#dd3333; font-size:28px;\" class=\"fa fa-file-pdf-o \"><\/i><\/a><\/p>\n<p>[\/vc_column_text][vc_column_text]<strong>Estrategia Regional de Investigaci\u00f3n Marino \u2013 Costera Mayo 13<\/strong><\/p>\n<p style=\"text-align: justify;\"><a style=\"color: #ff0000;\" href=\"http:\/\/ingles.marfund.org\/wp-content\/uploads\/2015\/02\/5.pdf\" target=\"_blank\" rel=\"noopener noreferrer\"><i  style=\"color:#dd3333; font-size:28px;\" class=\"fa fa-file-pdf-o \"><\/i><\/a><\/p>\n<p>[\/vc_column_text][vc_column_text]<strong>Estrategias Adaptaci\u00f3n para Zona Marino Costeras frente a los impactos del Cambio Clim\u00e1tico<\/strong><\/p>\n<p style=\"text-align: justify;\"><a style=\"color: #ff0000;\" href=\"http:\/\/ingles.marfund.org\/wp-content\/uploads\/2015\/02\/6.pdf\" target=\"_blank\" rel=\"noopener noreferrer\"><i  style=\"color:#dd3333; font-size:28px;\" class=\"fa fa-file-pdf-o \"><\/i><\/a><\/p>\n<p>[\/vc_column_text][vc_column_text]<strong>Informe base Agenda Pesca Ambiente Guatemala <\/strong><\/p>\n<p style=\"text-align: justify;\"><a style=\"color: #ff0000;\" href=\"http:\/\/ingles.marfund.org\/wp-content\/uploads\/2015\/02\/7.pdf\" target=\"_blank\" rel=\"noopener noreferrer\"><i  style=\"color:#dd3333; font-size:28px;\" class=\"fa fa-file-pdf-o \"><\/i><\/a><\/p>\n<p>[\/vc_column_text][vc_column_text]<strong>Lineamientos para la Estrategia de Investigaci\u00f3n Marino Costera Guatemala<\/strong><\/p>\n<p style=\"text-align: justify;\"><a style=\"color: #ff0000;\" href=\"http:\/\/ingles.marfund.org\/wp-content\/uploads\/2015\/02\/8.pdf\" target=\"_blank\" rel=\"noopener noreferrer\"><i  style=\"color:#dd3333; font-size:28px;\" class=\"fa fa-file-pdf-o \"><\/i><\/a><\/p>\n<p>[\/vc_column_text][vc_column_text]<strong>PHMR Climate Change Adaptation Plan<\/strong><\/p>\n<p style=\"text-align: justify;\"><a style=\"color: #ff0000;\" href=\"http:\/\/ingles.marfund.org\/wp-content\/uploads\/2015\/02\/9.pdf\" target=\"_blank\" rel=\"noopener noreferrer\"><i  style=\"color:#dd3333; font-size:28px;\" class=\"fa fa-file-pdf-o \"><\/i><\/a><\/p>\n<p>[\/vc_column_text][vc_column_text]<strong>Plan de Adaptaci\u00f3n al Cambio Clim\u00e1tico Caribe Guatemala <\/strong><\/p>\n<p style=\"text-align: justify;\"><a style=\"color: #ff0000;\" href=\"http:\/\/ingles.marfund.org\/wp-content\/uploads\/2015\/02\/10.pdf\" target=\"_blank\" rel=\"noopener noreferrer\"><i  style=\"color:#dd3333; font-size:28px;\" class=\"fa fa-file-pdf-o \"><\/i><\/a><\/p>\n<p>[\/vc_column_text][vc_column_text]<\/p>\n<hr \/>\n<p>[\/vc_column_text][\/vc_tta_section][vc_tta_section title=&#8221;Documents Section 2&#8243; tab_id=&#8221;1500743991327-7cee9d3c-8a34&#8243;][vc_column_text]<strong>Plan de Adaptacion al Cambio Clim\u00e1tico Punta Manabique Guatemala<\/strong><\/p>\n<p style=\"text-align: justify;\"><a style=\"color: #ff0000;\" href=\"http:\/\/ingles.marfund.org\/wp-content\/uploads\/2015\/02\/11.pdf\" target=\"_blank\" rel=\"noopener noreferrer\"><i  style=\"color:#dd3333; font-size:28px;\" class=\"fa fa-file-pdf-o \"><\/i><\/a><\/p>\n<p>[\/vc_column_text][vc_column_text]<strong>Plan de Adaptaci\u00f3n al Cambio Clim\u00e1tico R\u00edo Sarst\u00fan Guatemala<\/strong><\/p>\n<p style=\"text-align: justify;\"><a style=\"color: #ff0000;\" href=\"http:\/\/ingles.marfund.org\/wp-content\/uploads\/2015\/02\/12.pdf\" target=\"_blank\" rel=\"noopener noreferrer\"><i  style=\"color:#dd3333; font-size:28px;\" class=\"fa fa-file-pdf-o \"><\/i><\/a><\/p>\n<p>[\/vc_column_text][vc_column_text]<strong>Revision of Managed Access and NTZ Report and Agreement (January 2013) <\/strong><\/p>\n<p style=\"text-align: justify;\"><a style=\"color: #ff0000;\" href=\"http:\/\/ingles.marfund.org\/wp-content\/uploads\/2015\/02\/13.pdf\" target=\"_blank\" rel=\"noopener noreferrer\"><i  style=\"color:#dd3333; font-size:28px;\" class=\"fa fa-file-pdf-o \"><\/i><\/a><\/p>\n<p>[\/vc_column_text][vc_column_text]<strong>Sustainable Seafood Campaign Strategy<\/strong><\/p>\n<p style=\"text-align: justify;\"><a style=\"color: #ff0000;\" href=\"http:\/\/ingles.marfund.org\/wp-content\/uploads\/2015\/02\/14.docx\" target=\"_blank\" rel=\"noopener noreferrer\"><i  style=\"color:#dd3333; font-size:28px;\" class=\"fa fa-file-word-o\"><\/i><\/a><\/p>\n<p>[\/vc_column_text][vc_column_text]<strong>An analysis of the data collected between years 2009 to 2012 of the Fisheries Assessment Study <\/strong><\/p>\n<p style=\"text-align: justify;\"><a style=\"color: #ff0000;\" href=\"http:\/\/www.marfund.org\/wp-content\/uploads\/2015\/05\/An-analysis-of-the-data-collected-between-years-2009-to-2012-of-the-Fisheries-Assessment-Study.pdf\" target=\"_blank\" rel=\"noopener noreferrer\"><i  style=\"color:#dd3333; font-size:28px;\" class=\"fa fa-file-pdf-o \"><\/i><\/a><\/p>\n<p>[\/vc_column_text][vc_column_text]<strong>Agenda Pesca- Ambiente Guatemala 22.08.13 <\/strong><\/p>\n<p style=\"text-align: justify;\"><a style=\"color: #ff0000;\" href=\"http:\/\/www.marfund.org\/wp-content\/uploads\/2015\/05\/Agenda-Pesca-Ambiente-Guatemala-22.08.13.pdf\" target=\"_blank\" rel=\"noopener noreferrer\"><i  style=\"color:#dd3333; font-size:28px;\" class=\"fa fa-file-pdf-o \"><\/i><\/a><\/p>\n<p>[\/vc_column_text][vc_column_text]<\/p>\n<hr \/>\n<p>[\/vc_column_text][\/vc_tta_section][\/vc_tta_accordion][\/vc_column][vc_column width=&#8221;1\/12&#8243;][\/vc_column][\/vc_row]<\/p>\n<\/div>","protected":false},"excerpt":{"rendered":"<p>[vc_row][vc_column][vc_single_image image=&#8221;913&#8243; img_size=&#8221;full&#8221; alignment=&#8221;center&#8221;][\/vc_column][\/vc_row][vc_row][vc_column][vc_single_image image=&#8221;410&#8243; img_size=&#8221;full&#8221;][\/vc_column][\/vc_row][vc_row][vc_column width=&#8221;1\/12&#8243;][vc_column_text][\/vc_column_text][\/vc_column][vc_column width=&#8221;5\/6&#8243;][vc_tta_accordion color=&#8221;orange&#8221; active_section=&#8221;1&#8243; collapsible_all=&#8221;true&#8221;][vc_tta_section title=&#8221;Documents Section 1&#8243; tab_id=&#8221;DocumentsMarea1&#8243;][vc_column_text]2012 Fish Stock Assessment Report [\/vc_column_text][vc_column_text]Agenda Pesca- Ambiente Guatemala 22.08.13 [\/vc_column_text][vc_column_text]An analysis of the data collected between years 2009 to 2012 of the Fisheries Assessment Study [\/vc_column_text][vc_column_text]An\u00e1lisis de Vulnerabilidad al Cambio Clim\u00e1tico [\/vc_column_text][vc_column_text]Estrategia Regional de Investigaci\u00f3n Marino \u2013 Costera Mayo 13 [&hellip;]<\/p>\n","protected":false},"author":1,"featured_media":0,"parent":0,"menu_order":0,"comment_status":"closed","ping_status":"closed","template":"template_events_fullwidth.php","meta":[],"_links":{"self":[{"href":"https:\/\/marfund.org\/en\/wp-json\/wp\/v2\/pages\/911"}],"collection":[{"href":"https:\/\/marfund.org\/en\/wp-json\/wp\/v2\/pages"}],"about":[{"href":"https:\/\/marfund.org\/en\/wp-json\/wp\/v2\/types\/page"}],"author":[{"embeddable":true,"href":"https:\/\/marfund.org\/en\/wp-json\/wp\/v2\/users\/1"}],"replies":[{"embeddable":true,"href":"https:\/\/marfund.org\/en\/wp-json\/wp\/v2\/comments?post=911"}],"version-history":[{"count":4,"href":"https:\/\/marfund.org\/en\/wp-json\/wp\/v2\/pages\/911\/revisions"}],"predecessor-version":[{"id":914,"href":"https:\/\/marfund.org\/en\/wp-json\/wp\/v2\/pages\/911\/revisions\/914"}],"wp:attachment":[{"href":"https:\/\/marfund.org\/en\/wp-json\/wp\/v2\/media?parent=911"}],"curies":[{"name":"wp","href":"https:\/\/api.w.org\/{rel}","templated":true}]}}