{"id":7047,"date":"2025-01-13T13:22:49","date_gmt":"2025-01-13T19:22:49","guid":{"rendered":"https:\/\/marfund.org\/en\/?page_id=7047"},"modified":"2025-03-06T16:38:28","modified_gmt":"2025-03-06T22:38:28","slug":"mar-fund-events-2022","status":"publish","type":"page","link":"https:\/\/marfund.org\/en\/mar-fund-events-2022\/","title":{"rendered":"Webinars 2022"},"content":{"rendered":"<div class=\"wpb-content-wrapper\"><p>[vc_row][vc_column][vc_single_image image=&#8221;5428&#8243; img_size=&#8221;full&#8221; alignment=&#8221;center&#8221;][vc_empty_space][vc_separator][vc_empty_space height=&#8221;12px&#8221;][\/vc_column][\/vc_row][vc_row][vc_column][vc_row_inner][vc_column_inner width=&#8221;1\/12&#8243;][\/vc_column_inner][vc_column_inner width=&#8221;10\/12&#8243;][vc_column_text]<span style=\"font-size: 16pt; color: #666699;\">The views expressed in MAR Fund&#8217;s webinar series are the sole responsibility of the speaker(s) and do not necessarily represent the opinion or position of MAR Fund.<\/span>[\/vc_column_text][\/vc_column_inner][vc_column_inner width=&#8221;1\/12&#8243;][\/vc_column_inner][\/vc_row_inner][vc_empty_space][vc_separator border_width=&#8221;5&#8243;][vc_empty_space][\/vc_column][\/vc_row][vc_row][vc_column][vc_empty_space][vc_custom_heading text=&#8221;December 2022&#8243; font_container=&#8221;tag:h1|font_size:35|text_align:left|color:%2346c4dd&#8221; google_fonts=&#8221;font_family:Roboto%20Slab%3A100%2C300%2Cregular%2C700|font_style:400%20regular%3A400%3Anormal&#8221; css_animation=&#8221;bounceIn&#8221;][vc_separator][vc_empty_space][\/vc_column][\/vc_row][vc_row][vc_column][vc_empty_space][vc_column_text]<\/p>\n<h2 style=\"text-align: left;\">Safeguarding Belize&#8217;s Manatee Population through Research and Education<\/h2>\n<p>[\/vc_column_text][vc_empty_space][\/vc_column][\/vc_row][vc_row][vc_column width=&#8221;1\/3&#8243;][vc_column_text][\/vc_column_text][vc_single_image image=&#8221;5419&#8243; img_size=&#8221;full&#8221; alignment=&#8221;center&#8221;][\/vc_column][vc_column width=&#8221;2\/3&#8243;][vc_empty_space][vc_column_text]<\/p>\n<h2><strong>Materials<\/strong><\/h2>\n<p>[\/vc_column_text][vc_tta_accordion color=&#8221;juicy-pink&#8221; active_section=&#8221;99&#8243; collapsible_all=&#8221;true&#8221;][vc_tta_section i_type=&#8221;entypo&#8221; i_icon_entypo=&#8221;entypo-icon entypo-icon-video&#8221; add_icon=&#8221;true&#8221; title=&#8221;Recording&#8221; tab_id=&#8221;1674671734672-c6ec9cda-86cc&#8221;][vc_video link=&#8221;https:\/\/youtu.be\/U7aQ5LqLKmA&#8221; align=&#8221;right&#8221;][\/vc_tta_section][vc_tta_section i_type=&#8221;entypo&#8221; i_icon_entypo=&#8221;entypo-icon entypo-icon-vcard&#8221; add_icon=&#8221;true&#8221; title=&#8221;Presentation&#8221; tab_id=&#8221;1674671735232-186fbaf9-8527&#8243;][vc_column_text]<\/p>\n<p style=\"padding-left: 40px;\"><a href=\"https:\/\/marfund.org\/en\/wp-content\/uploads\/2022\/12\/Belize-Manatee-Research-Comprehensive-Analysis-Final-Presentation.pdf\" target=\"_blank\" rel=\"noopener noreferrer\"><img loading=\"lazy\" class=\"alignright wp-image-429 size-full\" src=\"https:\/\/marfund.org\/es\/wp-content\/uploads\/2021\/03\/pdf-download-file.png\" alt=\"\" width=\"24\" height=\"24\" \/><\/a>Efforts to Safeguard the Antillean Manatees of Belize<\/p>\n<p>[\/vc_column_text][\/vc_tta_section][\/vc_tta_accordion][\/vc_column][\/vc_row][vc_row][vc_column][vc_empty_space][vc_empty_space][vc_custom_heading text=&#8221;November 2022&#8243; font_container=&#8221;tag:h1|font_size:35|text_align:left|color:%2346c4dd&#8221; google_fonts=&#8221;font_family:Roboto%20Slab%3A100%2C300%2Cregular%2C700|font_style:400%20regular%3A400%3Anormal&#8221; css_animation=&#8221;bounceIn&#8221;][vc_separator][vc_empty_space][\/vc_column][\/vc_row][vc_row][vc_column][vc_empty_space][vc_column_text]<\/p>\n<h2 style=\"text-align: left;\">Assessing Agro-pesticides Bioaccumulation in Belize&#8217;s Marine Species: Implication for the MAR<\/h2>\n<p>[\/vc_column_text][vc_empty_space][\/vc_column][\/vc_row][vc_row][vc_column width=&#8221;1\/3&#8243;][vc_column_text][\/vc_column_text][vc_single_image image=&#8221;5374&#8243; img_size=&#8221;full&#8221; alignment=&#8221;center&#8221;][\/vc_column][vc_column width=&#8221;2\/3&#8243;][vc_empty_space][vc_column_text]<\/p>\n<h2><strong>Materials<\/strong><\/h2>\n<p>[\/vc_column_text][vc_tta_accordion color=&#8221;juicy-pink&#8221; active_section=&#8221;99&#8243; collapsible_all=&#8221;true&#8221;][vc_tta_section i_type=&#8221;entypo&#8221; i_icon_entypo=&#8221;entypo-icon entypo-icon-video&#8221; add_icon=&#8221;true&#8221; title=&#8221;Recording&#8221; tab_id=&#8221;1670880802514-4caf760b-68ab&#8221;][vc_video link=&#8221;https:\/\/youtu.be\/DkU9tAuJKoQ&#8221; align=&#8221;right&#8221;][\/vc_tta_section][vc_tta_section i_type=&#8221;entypo&#8221; i_icon_entypo=&#8221;entypo-icon entypo-icon-vcard&#8221; add_icon=&#8221;true&#8221; title=&#8221;Presentation&#8221; tab_id=&#8221;1670880802765-7f9c7165-37f4&#8243;][vc_column_text]<\/p>\n<p style=\"padding-left: 40px;\"><a href=\"https:\/\/marfund.org\/es\/wp-content\/uploads\/2022\/11\/PPT_WWF-Bioaccumulation-Study-in-marine-ecosystems-and-Nutrient-loads-in-surface-river-waters.pdf\" target=\"_blank\" rel=\"noopener noreferrer\"><img loading=\"lazy\" class=\"alignright wp-image-429 size-full\" src=\"https:\/\/marfund.org\/es\/wp-content\/uploads\/2021\/03\/pdf-download-file.png\" alt=\"\" width=\"24\" height=\"24\" \/><\/a>Monitoring of Agrochemicals within the Mesoamerican Reef (MAR)<\/p>\n<p>[\/vc_column_text][\/vc_tta_section][\/vc_tta_accordion][\/vc_column][\/vc_row][vc_row][vc_column][vc_empty_space][vc_empty_space][vc_custom_heading text=&#8221;October 2022&#8243; font_container=&#8221;tag:h1|font_size:35|text_align:left|color:%2346c4dd&#8221; google_fonts=&#8221;font_family:Roboto%20Slab%3A100%2C300%2Cregular%2C700|font_style:400%20regular%3A400%3Anormal&#8221; css_animation=&#8221;bounceIn&#8221;][vc_separator][vc_empty_space][\/vc_column][\/vc_row][vc_row][vc_column][vc_empty_space][vc_column_text]<\/p>\n<h2 style=\"text-align: left;\">Environmental awareness campaign: &#8220;The aquifer that unites us, from the watershed to the reef, an ecosystem vision&#8221;<\/h2>\n<p>[\/vc_column_text][vc_empty_space][\/vc_column][\/vc_row][vc_row][vc_column width=&#8221;1\/3&#8243;][vc_column_text][\/vc_column_text][vc_single_image image=&#8221;5507&#8243; img_size=&#8221;full&#8221; alignment=&#8221;center&#8221;][\/vc_column][vc_column width=&#8221;2\/3&#8243;][vc_empty_space][vc_column_text]<\/p>\n<h2><strong>Materials<\/strong><\/h2>\n<p>[\/vc_column_text][vc_tta_accordion color=&#8221;juicy-pink&#8221; active_section=&#8221;99&#8243; collapsible_all=&#8221;true&#8221;][vc_tta_section i_type=&#8221;entypo&#8221; i_icon_entypo=&#8221;entypo-icon entypo-icon-video&#8221; add_icon=&#8221;true&#8221; title=&#8221;Recording&#8221; tab_id=&#8221;1668268310888-14134cf1-d86a&#8221;][vc_video link=&#8221;https:\/\/youtu.be\/6zX7qjDWNCk&#8221; align=&#8221;right&#8221;][\/vc_tta_section][vc_tta_section i_type=&#8221;entypo&#8221; i_icon_entypo=&#8221;entypo-icon entypo-icon-vcard&#8221; add_icon=&#8221;true&#8221; title=&#8221;Presentation&#8221; tab_id=&#8221;1668268310601-548a0580-9bb1&#8243;][vc_column_text]<\/p>\n<p style=\"padding-left: 40px;\"><a href=\"https:\/\/marfund.org\/es\/wp-content\/uploads\/2022\/11\/Presentacion_Campana-de-educacion-ambiental_-_El-acuifero-que-nos-une-de-la-cuenca-al-arrecife-una-vision-ecosistemica_.pdf\" target=\"_blank\" rel=\"noopener noreferrer\"><img loading=\"lazy\" class=\"alignright wp-image-429 size-full\" src=\"https:\/\/marfund.org\/es\/wp-content\/uploads\/2021\/03\/pdf-download-file.png\" alt=\"\" width=\"24\" height=\"24\" \/><\/a>El acu\u00edfero que nos une &#8211; De la cuenca al arrecife, una visi\u00f3n ecosist\u00e9mica<\/p>\n<p>[\/vc_column_text][\/vc_tta_section][vc_tta_section i_icon_fontawesome=&#8221;fas fa-podcast&#8221; add_icon=&#8221;true&#8221; title=&#8221;Audio Spot&#8221; tab_id=&#8221;AudioSpotAcuifero&#8221;][vc_column_text]Spot &#8211; El acu\u00edfero K\u00e1rstico<\/p>\n<!--[if lt IE 9]><script>document.createElement('audio');<\/script><![endif]-->\n<audio class=\"wp-audio-shortcode\" id=\"audio-7047-1\" preload=\"none\" style=\"width: 100%;\" controls=\"controls\"><source type=\"audio\/mpeg\" src=\"https:\/\/marfund.org\/es\/wp-content\/uploads\/2022\/11\/Spot_El-acuifero-karstico.mp3?_=1\" \/><a href=\"https:\/\/marfund.org\/es\/wp-content\/uploads\/2022\/11\/Spot_El-acuifero-karstico.mp3\">https:\/\/marfund.org\/es\/wp-content\/uploads\/2022\/11\/Spot_El-acuifero-karstico.mp3<\/a><\/audio>\n<p>[\/vc_column_text][\/vc_tta_section][\/vc_tta_accordion][\/vc_column][\/vc_row][vc_row][vc_column][vc_empty_space][vc_separator][vc_empty_space][vc_column_text]<\/p>\n<h2 style=\"text-align: left;\">Im\u00e1genes y poes\u00eda como herramientas para acercar el p\u00fablico al disfrute, conocimiento y cuidado de su entorno<\/h2>\n<p>[\/vc_column_text][vc_empty_space][\/vc_column][\/vc_row][vc_row][vc_column width=&#8221;1\/3&#8243;][vc_column_text][\/vc_column_text][vc_single_image image=&#8221;5306&#8243; img_size=&#8221;full&#8221; alignment=&#8221;center&#8221;][\/vc_column][vc_column width=&#8221;2\/3&#8243;][vc_empty_space][vc_column_text]<\/p>\n<h2><strong>Materials<\/strong><\/h2>\n<p>[\/vc_column_text][vc_tta_accordion color=&#8221;juicy-pink&#8221; active_section=&#8221;99&#8243; collapsible_all=&#8221;true&#8221;][vc_tta_section i_type=&#8221;entypo&#8221; i_icon_entypo=&#8221;entypo-icon entypo-icon-video&#8221; add_icon=&#8221;true&#8221; title=&#8221;Recording&#8221; tab_id=&#8221;GrabacionEspanol&#8221;][vc_video link=&#8221;https:\/\/youtu.be\/jvgT7W1dgbo&#8221; align=&#8221;right&#8221;][\/vc_tta_section][vc_tta_section i_type=&#8221;entypo&#8221; i_icon_entypo=&#8221;entypo-icon entypo-icon-video&#8221; add_icon=&#8221;true&#8221; title=&#8221;La Ballena cantante de \u00f3pera por Denisse Pohls&#8221; tab_id=&#8221;PoesiaDenissePohls&#8221;][vc_video link=&#8221;https:\/\/www.youtube.com\/watch?v=Ye_tr5g0N18&#8243; align=&#8221;right&#8221;][\/vc_tta_section][vc_tta_section i_icon_fontawesome=&#8221;fas fa-highlighter&#8221; add_icon=&#8221;true&#8221; title=&#8221;Juegos, adivinanzas y hojas para colorear&#8221; tab_id=&#8221;MaterialesLibro&#8221;][vc_column_text]<\/p>\n<p style=\"padding-left: 40px;\"><a href=\"https:\/\/marfund.org\/es\/wp-content\/uploads\/2022\/10\/Hojas-para-Colorear-DenissePohls.pdf\" target=\"_blank\" rel=\"noopener noreferrer\"><img loading=\"lazy\" class=\"alignright wp-image-429 size-full\" src=\"https:\/\/marfund.org\/es\/wp-content\/uploads\/2021\/03\/pdf-download-file.png\" alt=\"\" width=\"24\" height=\"24\" \/><\/a>Hojas para colorear por Denisse Pohls<\/p>\n<p>[\/vc_column_text][\/vc_tta_section][vc_tta_section i_icon_fontawesome=&#8221;fas fa-book-reader&#8221; add_icon=&#8221;true&#8221; title=&#8221;Gu\u00edas y Manuales&#8221; tab_id=&#8221;GuiasYManuales&#8221;][vc_column_text]<\/p>\n<p style=\"padding-left: 40px;\"><a href=\"https:\/\/marfund.org\/es\/wp-content\/uploads\/2022\/10\/Catalogo-de-Identificacion-de-Tiburones-Toro-del-Caribe.pdf\" target=\"_blank\" rel=\"noopener noreferrer\"><img loading=\"lazy\" class=\"alignright wp-image-429 size-full\" src=\"https:\/\/marfund.org\/es\/wp-content\/uploads\/2021\/03\/pdf-download-file.png\" alt=\"\" width=\"24\" height=\"24\" \/><\/a>Gu\u00eda de Tiburones Toro del Caribe Mexicano<\/p>\n<p>[\/vc_column_text][vc_column_text]<\/p>\n<p style=\"padding-left: 40px;\"><a href=\"https:\/\/marfund.org\/es\/wp-content\/uploads\/2022\/10\/Guia-de-Especies-Amenazas_Buenas-Practicas-Arrecife-Mesoamericano_ASK.pdf\" target=\"_blank\" rel=\"noopener noreferrer\"><img loading=\"lazy\" class=\"alignright wp-image-429 size-full\" src=\"https:\/\/marfund.org\/es\/wp-content\/uploads\/2021\/03\/pdf-download-file.png\" alt=\"\" width=\"24\" height=\"24\" \/><\/a>Gu\u00eda de Especies Amenazas &#8211; Buenas Pr\u00e1cticas Arrecife Mesoamericano<\/p>\n<p>[\/vc_column_text][vc_column_text]<\/p>\n<p style=\"padding-left: 40px;\"><a href=\"https:\/\/marfund.org\/es\/wp-content\/uploads\/2022\/10\/Manual-de-Buenas-Practicas-Para-el-Buceo-con-Tiburon-Toro.pdf\" target=\"_blank\" rel=\"noopener noreferrer\"><img loading=\"lazy\" class=\"alignright wp-image-429 size-full\" src=\"https:\/\/marfund.org\/es\/wp-content\/uploads\/2021\/03\/pdf-download-file.png\" alt=\"\" width=\"24\" height=\"24\" \/><\/a>Manual de Buenas Pr\u00e1cticas para el buceo con Tibur\u00f3n Toro<\/p>\n<p>[\/vc_column_text][\/vc_tta_section][\/vc_tta_accordion][\/vc_column][\/vc_row][vc_row][vc_column][vc_empty_space][\/vc_column][\/vc_row][vc_row][vc_column][vc_empty_space][vc_custom_heading text=&#8221;August 2022&#8243; font_container=&#8221;tag:h1|font_size:35|text_align:left|color:%2346c4dd&#8221; google_fonts=&#8221;font_family:Roboto%20Slab%3A100%2C300%2Cregular%2C700|font_style:400%20regular%3A400%3Anormal&#8221; css_animation=&#8221;bounceIn&#8221;][vc_separator][vc_empty_space][\/vc_column][\/vc_row][vc_row][vc_column][vc_empty_space][vc_column_text]<\/p>\n<h2 style=\"text-align: left;\">Lionfish Control in Belize: The Potential for Regional Replication<\/h2>\n<p>[\/vc_column_text][vc_empty_space][\/vc_column][\/vc_row][vc_row][vc_column width=&#8221;1\/3&#8243;][vc_column_text][\/vc_column_text][vc_single_image image=&#8221;5238&#8243; img_size=&#8221;full&#8221; alignment=&#8221;center&#8221;][\/vc_column][vc_column width=&#8221;2\/3&#8243;][vc_empty_space][vc_column_text]<\/p>\n<h2><strong>Materials<\/strong><\/h2>\n<p>[\/vc_column_text][vc_tta_accordion color=&#8221;juicy-pink&#8221; active_section=&#8221;99&#8243; collapsible_all=&#8221;true&#8221;][vc_tta_section i_type=&#8221;entypo&#8221; i_icon_entypo=&#8221;entypo-icon entypo-icon-vcard&#8221; add_icon=&#8221;true&#8221; title=&#8221;Presentation&#8221; tab_id=&#8221;1668268142277-177f4215-de54&#8243;][vc_column_text]<\/p>\n<p style=\"padding-left: 40px;\"><a href=\"https:\/\/marfund.org\/en\/wp-content\/uploads\/2022\/09\/Presentantion-MAR-webinar-BV-Lionfish-Control-in-Belize-The-Potential-for-Regional-Replication.pdf\" target=\"_blank\" rel=\"noopener noreferrer\"><img loading=\"lazy\" class=\"alignright wp-image-429 size-full\" src=\"https:\/\/marfund.org\/es\/wp-content\/uploads\/2021\/03\/pdf-download-file.png\" alt=\"\" width=\"24\" height=\"24\" \/><\/a>Lionfish Control in Belize: The Potential for Regional Replication<\/p>\n<p>[\/vc_column_text][\/vc_tta_section][vc_tta_section i_type=&#8221;entypo&#8221; i_icon_entypo=&#8221;entypo-icon entypo-icon-video&#8221; add_icon=&#8221;true&#8221; title=&#8221;Recording&#8221; tab_id=&#8221;1668268142480-86c60fc2-a97e&#8221;][vc_video link=&#8221;https:\/\/youtu.be\/LN9ES7yCy2g&#8221; align=&#8221;right&#8221;][\/vc_tta_section][vc_tta_section i_icon_fontawesome=&#8221;far fa-file-audio&#8221; add_icon=&#8221;true&#8221; title=&#8221;Web conference audio MP3&#8243; tab_id=&#8221;1668268142659-16b6d6fa-9d22&#8243;][vc_column_text]Web conference audio MP3<\/p>\n<audio class=\"wp-audio-shortcode\" id=\"audio-7047-2\" preload=\"none\" style=\"width: 100%;\" controls=\"controls\"><source type=\"audio\/mpeg\" src=\"https:\/\/marfund.org\/en\/wp-content\/uploads\/2022\/09\/lion-fish-control-18082022-english-mp3.mp3?_=2\" \/><a href=\"https:\/\/marfund.org\/en\/wp-content\/uploads\/2022\/09\/lion-fish-control-18082022-english-mp3.mp3\">https:\/\/marfund.org\/en\/wp-content\/uploads\/2022\/09\/lion-fish-control-18082022-english-mp3.mp3<\/a><\/audio>\n<p>[\/vc_column_text][\/vc_tta_section][\/vc_tta_accordion][\/vc_column][\/vc_row][vc_row][vc_column][vc_empty_space][vc_separator border_width=&#8221;5&#8243;][vc_row_inner][vc_column_inner width=&#8221;1\/3&#8243;][vc_btn title=&#8221;Webinars 2025&#8243; style=&#8221;classic&#8221; color=&#8221;violet&#8221; align=&#8221;center&#8221; i_icon_fontawesome=&#8221;fab fa-youtube&#8221; add_icon=&#8221;true&#8221; link=&#8221;url:https%3A%2F%2Fmarfund.org%2Fen%2Fmar-fund-events%2F&#8221;][\/vc_column_inner][vc_column_inner width=&#8221;1\/3&#8243;][vc_btn title=&#8221;Webinars 2024&#8243; style=&#8221;classic&#8221; color=&#8221;violet&#8221; align=&#8221;center&#8221; i_icon_fontawesome=&#8221;fab fa-youtube&#8221; add_icon=&#8221;true&#8221; link=&#8221;url:https%3A%2F%2Fmarfund.org%2Fen%2Fmar-fund-events-2024%2F&#8221;][\/vc_column_inner][vc_column_inner width=&#8221;1\/3&#8243;][vc_btn title=&#8221;Webinars 2023&#8243; style=&#8221;classic&#8221; color=&#8221;violet&#8221; align=&#8221;center&#8221; i_icon_fontawesome=&#8221;fab fa-youtube&#8221; add_icon=&#8221;true&#8221; link=&#8221;url:https%3A%2F%2Fmarfund.org%2Fen%2Fmar-fund-events-2023%2F&#8221;][\/vc_column_inner][\/vc_row_inner][vc_empty_space][\/vc_column][\/vc_row]<\/p>\n<\/div>","protected":false},"excerpt":{"rendered":"<p>[vc_row][vc_column][vc_single_image image=&#8221;5428&#8243; img_size=&#8221;full&#8221; alignment=&#8221;center&#8221;][vc_empty_space][vc_separator][vc_empty_space height=&#8221;12px&#8221;][\/vc_column][\/vc_row][vc_row][vc_column][vc_row_inner][vc_column_inner width=&#8221;1\/12&#8243;][\/vc_column_inner][vc_column_inner width=&#8221;10\/12&#8243;][vc_column_text]The views expressed in MAR Fund&#8217;s webinar series are the sole responsibility of the speaker(s) and do not necessarily represent the opinion or position of MAR Fund.[\/vc_column_text][\/vc_column_inner][vc_column_inner width=&#8221;1\/12&#8243;][\/vc_column_inner][\/vc_row_inner][vc_empty_space][vc_separator border_width=&#8221;5&#8243;][vc_empty_space][\/vc_column][\/vc_row][vc_row][vc_column][vc_empty_space][vc_custom_heading text=&#8221;December 2022&#8243; font_container=&#8221;tag:h1|font_size:35|text_align:left|color:%2346c4dd&#8221; google_fonts=&#8221;font_family:Roboto%20Slab%3A100%2C300%2Cregular%2C700|font_style:400%20regular%3A400%3Anormal&#8221; css_animation=&#8221;bounceIn&#8221;][vc_separator][vc_empty_space][\/vc_column][\/vc_row][vc_row][vc_column][vc_empty_space][vc_column_text] Safeguarding Belize&#8217;s Manatee Population through Research and Education [\/vc_column_text][vc_empty_space][\/vc_column][\/vc_row][vc_row][vc_column width=&#8221;1\/3&#8243;][vc_column_text][\/vc_column_text][vc_single_image image=&#8221;5419&#8243; img_size=&#8221;full&#8221; alignment=&#8221;center&#8221;][\/vc_column][vc_column width=&#8221;2\/3&#8243;][vc_empty_space][vc_column_text] Materials [&hellip;]<\/p>\n","protected":false},"author":1,"featured_media":0,"parent":0,"menu_order":0,"comment_status":"closed","ping_status":"closed","template":"template_events_fullwidth.php","meta":[],"_links":{"self":[{"href":"https:\/\/marfund.org\/en\/wp-json\/wp\/v2\/pages\/7047"}],"collection":[{"href":"https:\/\/marfund.org\/en\/wp-json\/wp\/v2\/pages"}],"about":[{"href":"https:\/\/marfund.org\/en\/wp-json\/wp\/v2\/types\/page"}],"author":[{"embeddable":true,"href":"https:\/\/marfund.org\/en\/wp-json\/wp\/v2\/users\/1"}],"replies":[{"embeddable":true,"href":"https:\/\/marfund.org\/en\/wp-json\/wp\/v2\/comments?post=7047"}],"version-history":[{"count":7,"href":"https:\/\/marfund.org\/en\/wp-json\/wp\/v2\/pages\/7047\/revisions"}],"predecessor-version":[{"id":7162,"href":"https:\/\/marfund.org\/en\/wp-json\/wp\/v2\/pages\/7047\/revisions\/7162"}],"wp:attachment":[{"href":"https:\/\/marfund.org\/en\/wp-json\/wp\/v2\/media?parent=7047"}],"curies":[{"name":"wp","href":"https:\/\/api.w.org\/{rel}","templated":true}]}}