{"id":450,"date":"2017-07-03T17:06:12","date_gmt":"2017-07-03T23:06:12","guid":{"rendered":"https:\/\/marfund.org\/en\/?page_id=450"},"modified":"2017-08-08T08:10:21","modified_gmt":"2017-08-08T14:10:21","slug":"german-cooperation-visit-project","status":"publish","type":"page","link":"https:\/\/marfund.org\/en\/german-cooperation-visit-project\/","title":{"rendered":"German Cooperation and Journalist Delegation Visit Project \u2018Conservation of Marine Resources in Central America\u2019"},"content":{"rendered":"<div class=\"wpb-content-wrapper\"><p>[vc_row][vc_column][vc_single_image image=&#8221;1227&#8243; img_size=&#8221;full&#8221; alignment=&#8221;center&#8221;][vc_single_image image=&#8221;410&#8243; img_size=&#8221;full&#8221;][vc_column_text]<strong>German Cooperation and Journalist Delegation Visit<br \/>\nProject \u2018Conservation of Marine Resources in Central America\u2019<br \/>\n<\/strong><\/p>\n<p style=\"text-align: justify;\">By initiative of the German Embassy in Guatemala, a field trip was organized on July 27-28 to visit two of the protected areas supported by the German Cooperation through KfW, via the Project \u201cConservation of Marine Resources in Central America\u201d. The participants traveled to Port Honduras Marine Reserve, in Belize, and Rio Sarstun Multiple Use Area, in Guatemala.<\/p>\n<p>[\/vc_column_text][vc_separator][vc_column_text]<strong>The following people were part of the delegation:<\/strong><\/p>\n<ol>\n<li>Ambassador Harald Klein, German Embassy in Guatemala<\/li>\n<li>Ambassador Alexis Rosado, Belize Embassy in Guatemala<\/li>\n<li>Thomas Cieslik, Chief of Cooperation of the German Embassy in Guatemala<\/li>\n<li>Luis Verde, First Secretary of the Belize Embassy in Guatemala<\/li>\n<li>Lydia Andler , Director of KfW Regional Agency for El Salvador, Guatemala, Honduras, BCIE and SICA<\/li>\n<li>Rigoberto Quintana, Senior Fisheries Officer of the Fisheries Department in Belize<\/li>\n<li>Elder Figueroa, Executive Secretary of the National Council of Protected Areas \u2013 CONAP in Guatemala<\/li>\n<li>Iv\u00e1n Cabrera, Northeastern Regional Director of the National Council of Protected Areas \u2013 CONAP in Guatemala<\/li>\n<li>Darrel Audinette, Vice President Representative of the Board of Directors of the MAR Fund and Associate Director \u2013 Grants of PACT in Belize<\/li>\n<li>Yvonne Ram\u00edrez, Secretary of the Board of Directors of the MAR Fund and Executive Director of FCG in Guatemala<\/li>\n<li>Marco Cerezo, National Member of the Board of Directors of the MAR Fund and Executive Director of FUNDAECO in Guatemala<\/li>\n<li>Celia Mahung, Director of TIDE in Belize<\/li>\n<li>Joe Villafranco, Project Administrator of TIDE in Belize<\/li>\n<li>Silja Ram\u00edrez, FUNDAECO Coasts Coordinator<\/li>\n<li>Mar\u00eda Jos\u00e9 Gonz\u00e1lez, Executive Director of the MAR Fund<\/li>\n<li>Claudio Gonz\u00e1lez, Technical Coordinator of the MAR Fund<\/li>\n<li>Enrique Escalante, Focal Point of the MAR Fund for the Project in Puerto Barrios<\/li>\n<\/ol>\n<p>[\/vc_column_text][vc_column_text]<strong>Journalists:<\/strong><\/p>\n<ol start=\"18\">\n<li>Andrea Polanco, Channel 5 &#8211; Belize<\/li>\n<li>Will Maheia, PGTV &#8211; Belize<\/li>\n<li>Patrick Jones, PGTV &#8211; Belize<\/li>\n<li>Ligia Mar\u00eda Herrera Orellana, Guatevisi\u00f3n &#8211; Guatemala<\/li>\n<li>H\u00e9ctor Manuel Xutuc Castillo, Guatevisi\u00f3n &#8211; Guatemala<\/li>\n<li>Jessica Cristina Gramajo Argueta, Prensa Libre &#8211; Guatemala<\/li>\n<li>Oscar Estuardo Paredes, Prensa Libre &#8211; Guatemala<\/li>\n<li>Evelyn Boche, El Peri\u00f3dico &#8211; Guatemala<\/li>\n<li>Jos\u00e9 Luis Pos, El Peri\u00f3dico &#8211; Guatemala<\/li>\n<li>Byron Mazariegos, Contrapoder &#8211; Guatemala<\/li>\n<li>David Asturias, Contrapoder &#8211; Canal Antigua in Guatemala<\/li>\n<\/ol>\n<p>[\/vc_column_text][vc_column_text]<\/p>\n<p style=\"text-align: justify;\">The participants were audience to the presentations made by the project implementers and were also able to observe concrete outcomes. For example, during their visit to Abalone Caye, the ranger station for Port Honduras Marine Reserve, they saw the infrastructure that has been supported by the project as well as the erosion control around the caye. This last activity has been successfully carried out with the construction of a rock wall. As a measure to consolidate reclaimed soil, TIDE planted mangrove trees that are already doing their work. The visitors learned about the protected area\u2019s control and surveillance strategy, also strengthened and improved with project support.<\/p>\n<p style=\"text-align: justify;\">In Guatemala, the delegation visited some of the beautiful touristic sites of Rio Sarst\u00fan that will be supported with the construction of infrastructure such as docks and guard houses. Participants were also able to attend the inauguration of the restaurant of the Barra Sarstun Fishers Committee, supported by the project as an economic alternative to this group. \u00a0This fishing group has declared a fish replenishment site within the protected area to recover fish stocks and restore mangroves.<\/p>\n<p>[\/vc_column_text][vc_single_image image=&#8221;410&#8243; img_size=&#8221;full&#8221;][vc_row_inner][vc_column_inner width=&#8221;1\/6&#8243;][\/vc_column_inner][vc_column_inner width=&#8221;2\/3&#8243;][vc_custom_heading text=&#8221;In the News&#8221; google_fonts=&#8221;font_family:Roboto%20Slab%3A100%2C300%2Cregular%2C700|font_style:400%20regular%3A400%3Anormal&#8221;][vc_column_text]<strong>Channel 5, Belize<\/strong><\/p>\n<p>Click Link : <a href=\"http:\/\/edition.channel5belize.com\/archives\/150338\" target=\"_blank\" rel=\"noopener\">http:\/\/edition.channel5belize.com\/archives\/150338<\/a>[\/vc_column_text][vc_column_text]<strong>Evelyn Boche, elPeri\u00f3dico, Guatemala<\/strong><\/p>\n<p>Click Link : <a href=\"https:\/\/elperiodico.com.gt\/nacion\/2017\/08\/05\/los-pescadores-que-aprendieron-a-conservar-para-vivir\/\" target=\"_blank\" rel=\"noopener\">Los pescadores que aprendieron a conservar para vivir<\/a>[\/vc_column_text][vc_column_text]<strong>Amandala Newspaper, Belize<\/strong><\/p>\n<p>Click download:<\/p>\n<p style=\"text-align: justify;\"><a style=\"color: #ff0000;\" href=\"https:\/\/marfund.org\/en\/wp-content\/uploads\/2017\/08\/Amandala-Newspaper-Belize-July-28-2017-.pdf\" target=\"_blank\" rel=\"noopener noreferrer\"><i  style=\"color:#dd3333; font-size:28px;\" class=\"fa fa-file-pdf-o \"><\/i><\/a><\/p>\n<p>[\/vc_column_text][\/vc_column_inner][vc_column_inner width=&#8221;1\/6&#8243;][\/vc_column_inner][\/vc_row_inner][vc_single_image image=&#8221;410&#8243; img_size=&#8221;full&#8221;][vc_custom_heading text=&#8221;Gallery Photos<br \/>\nGerman Cooperation and Journalist Delegation Visit<br \/>\nProject \u2018Conservation of Marine Resources in Central America\u2019<br \/>\n&#8221; font_container=&#8221;tag:h2|text_align:center&#8221; google_fonts=&#8221;font_family:Roboto%20Slab%3A100%2C300%2Cregular%2C700|font_style:400%20regular%3A400%3Anormal&#8221; css_animation=&#8221;bounceIn&#8221;][vc_row_inner][vc_column_inner width=&#8221;1\/6&#8243;][\/vc_column_inner][vc_column_inner width=&#8221;2\/3&#8243;][vc_gallery type=&#8221;flexslider_slide&#8221; interval=&#8221;3&#8243; images=&#8221;1230,1231,1232,1233,1234,1235,1236,1237,1238,1239,1240,1241,1243,1244,1245,1246,1247,1248&#8243; img_size=&#8221;full&#8221; css_animation=&#8221;bounceIn&#8221;][\/vc_column_inner][vc_column_inner width=&#8221;1\/6&#8243;][\/vc_column_inner][\/vc_row_inner][\/vc_column][\/vc_row]<\/p>\n<\/div>","protected":false},"excerpt":{"rendered":"<p>[vc_row][vc_column][vc_single_image image=&#8221;1227&#8243; img_size=&#8221;full&#8221; alignment=&#8221;center&#8221;][vc_single_image image=&#8221;410&#8243; img_size=&#8221;full&#8221;][vc_column_text]German Cooperation and Journalist Delegation Visit Project \u2018Conservation of Marine Resources in Central America\u2019 By initiative of the German Embassy in Guatemala, a field trip was organized on July 27-28 to visit two of the protected areas supported by the German Cooperation through KfW, via the Project \u201cConservation of Marine [&hellip;]<\/p>\n","protected":false},"author":1,"featured_media":0,"parent":0,"menu_order":0,"comment_status":"closed","ping_status":"closed","template":"template_events_fullwidth.php","meta":[],"_links":{"self":[{"href":"https:\/\/marfund.org\/en\/wp-json\/wp\/v2\/pages\/450"}],"collection":[{"href":"https:\/\/marfund.org\/en\/wp-json\/wp\/v2\/pages"}],"about":[{"href":"https:\/\/marfund.org\/en\/wp-json\/wp\/v2\/types\/page"}],"author":[{"embeddable":true,"href":"https:\/\/marfund.org\/en\/wp-json\/wp\/v2\/users\/1"}],"replies":[{"embeddable":true,"href":"https:\/\/marfund.org\/en\/wp-json\/wp\/v2\/comments?post=450"}],"version-history":[{"count":17,"href":"https:\/\/marfund.org\/en\/wp-json\/wp\/v2\/pages\/450\/revisions"}],"predecessor-version":[{"id":1269,"href":"https:\/\/marfund.org\/en\/wp-json\/wp\/v2\/pages\/450\/revisions\/1269"}],"wp:attachment":[{"href":"https:\/\/marfund.org\/en\/wp-json\/wp\/v2\/media?parent=450"}],"curies":[{"name":"wp","href":"https:\/\/api.w.org\/{rel}","templated":true}]}}