{"id":4071,"date":"2021-07-07T14:33:25","date_gmt":"2021-07-07T20:33:25","guid":{"rendered":"https:\/\/marfund.org\/en\/?page_id=4071"},"modified":"2021-07-08T09:19:10","modified_gmt":"2021-07-08T15:19:10","slug":"gagga-programmes-final","status":"publish","type":"page","link":"https:\/\/marfund.org\/en\/gagga-programmes-final\/","title":{"rendered":"Global Alliance for Green and Gender Action (GAGGA)"},"content":{"rendered":"<div class=\"wpb-content-wrapper\"><p>[vc_row][vc_column][vc_single_image image=&#8221;969&#8243; img_size=&#8221;full&#8221; alignment=&#8221;center&#8221;][vc_column_text]<strong>Global Alliance for Green and Gender Action (GAGGA)<\/strong><\/p>\n<p><strong>Small Grants for Central America<\/strong><\/p>\n<p><strong>Summary<\/strong><\/p>\n<p>GAGGA is an initiative led by the Central American Women\u2019s Fund (FCAM) with the participation of Both ENDS and Mama Cash as partners. The purpose of GAGGA is to strengthen and unify the capabilities of grassroots groups to advocate for women\u2019s rights to water, food security and a clean, healthy and safe environment.<\/p>\n<p>The GAGGA initiative focuses on providing flexible financial support so that grassroots groups and social movements for women\u2019s rights and environmental justice around the world can help the specific needs of women and their communities.<\/p>\n<p>The Mesoamerican Reef Fund (MAR Fund) submitted a project proposal within the framework of the GAGGA initiative to Both ENDS to be developed in Guatemala and Honduras. Fondo Tierra Viva (FTV) a Honduran NGO with extensive experience in capacity-building on advocacy for grassroots groups in Honduras also submitted a project to Both ENDS. The proposals were approved and MAR Fund signed a grant agreement with Both ENDS for both initiatives, with the responsibility of managing the funds for FTV.<\/p>\n<p>In November 2016, the Mesoamerica Reef Fund launched a request for proposals under the GAGGA scheme, and entitled it \u201cSupport and strengthening of women\u2019s groups in adaptation to climate change and environmental justice in the Mesoamerican Reef (Honduras and Guatemala)\u201d. The purpose of the call was to support projects of grassroots groups and non-governmental organizations in the priority coastal and marine protected areas of these two countries. Seven projects were approved, four from Guatemala and three from Honduras. All of them were implemented from March 2017 to February 2018.<\/p>\n<p>The projects focus on developing local actions for adaptation to climate change, and providing capacity building on strengthening the rights of women to access of environmental, social, cultural and economic goods and services.<\/p>\n<p>MAR Fund, through the GAGGA initiative, aims to contribute to the development and implementation of tools to strengthen climate change resilience strategies and to participate and influence decision-making at the community, municipal and national levels, in order to direct actions that lead to improve quality of life.[\/vc_column_text][\/vc_column][\/vc_row][vc_row][vc_column][vc_column_text]<\/p>\n<h3><strong>Beneficiaries: <\/strong><\/h3>\n<p>[\/vc_column_text][vc_tta_accordion color=&#8221;green&#8221; active_section=&#8221;99&#8243; css_animation=&#8221;bounceIn&#8221; collapsible_all=&#8221;true&#8221;][vc_tta_section title=&#8221;1. Asociaci\u00f3n para la agricultura y pesca artesanal (AGRIPESCA)&#8221; tab_id=&#8221;AsociacionAGRIPESCA&#8221;][vc_column_text]<\/p>\n<p style=\"padding-left: 40px;\"><a href=\"#\" target=\"_blank\" rel=\"noopener noreferrer\"><img loading=\"lazy\" class=\"alignright wp-image-429 size-full\" src=\"https:\/\/marfund.org\/en\/wp-content\/uploads\/2020\/12\/image.png\" alt=\"\" width=\"24\" height=\"24\" \/><\/a><b>Map<\/b><\/p>\n<p style=\"padding-left: 40px;\"><b>Project title: <\/b>Women dedicated to artisanal fishing improve and diversify their family economy<\/p>\n<p style=\"padding-left: 40px;\"><b>Duration of the Project: <\/b>10 months<\/p>\n<p style=\"padding-left: 40px;\"><b>Project documents<\/b><\/p>\n<p style=\"padding-left: 65px;\"><a href=\"https:\/\/marfund.org\/en\/wp-content\/uploads\/2020\/12\/Propuesta-Quetzalito_AGRIPESCA.pdf\" target=\"_blank\" rel=\"noopener noreferrer\"><img loading=\"lazy\" class=\"alignright wp-image-429 size-full\" src=\"https:\/\/marfund.org\/en\/wp-content\/uploads\/2020\/12\/pdf.png\" alt=\"\" width=\"24\" height=\"24\" \/><\/a>\u2022 Proposal<\/p>\n<p style=\"padding-left: 65px;\">\u2022 Reports<\/p>\n<p style=\"padding-left: 85px;\"><a href=\"https:\/\/marfund.org\/en\/wp-content\/uploads\/2020\/12\/Informe-T\u00e9cnico-Final-AGRIPESCA.pdf\" target=\"_blank\" rel=\"noopener noreferrer\"><img loading=\"lazy\" class=\"alignright wp-image-429 size-full\" src=\"https:\/\/marfund.org\/en\/wp-content\/uploads\/2020\/12\/pdf.png\" alt=\"\" width=\"24\" height=\"24\" \/><\/a>o Final Report<\/p>\n<p>[\/vc_column_text][\/vc_tta_section][vc_tta_section title=&#8221;2. Alianza de Derecho Ambiental y Agua (ADA2)&#8221; tab_id=&#8221;AlianzaADA2&#8243;][vc_column_text]<\/p>\n<p style=\"padding-left: 40px;\"><a href=\"#\" target=\"_blank\" rel=\"noopener noreferrer\"><img loading=\"lazy\" class=\"alignright wp-image-429 size-full\" src=\"https:\/\/marfund.org\/en\/wp-content\/uploads\/2020\/12\/image.png\" alt=\"\" width=\"24\" height=\"24\" \/><\/a><b>Map<\/b><\/p>\n<p style=\"padding-left: 40px;\"><b>Project title: <\/b>Creation of the Permanent Forum on Environmental Justice for the Caribbean coast of Guatemala<\/p>\n<p style=\"padding-left: 40px;\"><b>Duration of the Project: <\/b>8 months<\/p>\n<p style=\"padding-left: 40px;\"><b>Project documents<\/b><\/p>\n<p style=\"padding-left: 65px;\"><a href=\"https:\/\/marfund.org\/en\/wp-content\/uploads\/2020\/12\/Propuesta-de-Proyecto-FORO-DE-JUSTICIA-AMBIENTAL-ADA-GUATEMALA.pdf\" target=\"_blank\" rel=\"noopener noreferrer\"><img loading=\"lazy\" class=\"alignright wp-image-429 size-full\" src=\"https:\/\/marfund.org\/en\/wp-content\/uploads\/2020\/12\/pdf.png\" alt=\"\" width=\"24\" height=\"24\" \/><\/a>\u2022 Proposal<\/p>\n<p style=\"padding-left: 65px;\">\u2022 Reports<\/p>\n<p style=\"padding-left: 85px;\"><a href=\"https:\/\/marfund.org\/en\/wp-content\/uploads\/2020\/12\/INFORME-TECNICO-FINAL-ADA2-.pdf\" target=\"_blank\" rel=\"noopener noreferrer\"><img loading=\"lazy\" class=\"alignright wp-image-429 size-full\" src=\"https:\/\/marfund.org\/en\/wp-content\/uploads\/2020\/12\/pdf.png\" alt=\"\" width=\"24\" height=\"24\" \/><\/a>o Final Report<\/p>\n<p>[\/vc_column_text][\/vc_tta_section][vc_tta_section title=&#8221;3. Asociaci\u00f3n Ak\u2019Tenamit&#8221; tab_id=&#8221;AsociacionAkTenamit&#8221;][vc_column_text]<\/p>\n<p style=\"padding-left: 40px;\"><a href=\"#\" target=\"_blank\" rel=\"noopener noreferrer\"><img loading=\"lazy\" class=\"alignright wp-image-429 size-full\" src=\"https:\/\/marfund.org\/en\/wp-content\/uploads\/2020\/12\/image.png\" alt=\"\" width=\"24\" height=\"24\" \/><\/a><b>Map<\/b><\/p>\n<p style=\"padding-left: 40px;\"><b>Project title: <\/b>Strengthening the capacities of Q\u2019eqchi women and a group of leading gar\u00edfuna women as a strategy to promote the sustainable management of natural resources in the Sarstun River Multiple Use Zone<\/p>\n<p style=\"padding-left: 40px;\"><b>Duration of the Project: <\/b>10 months<\/p>\n<p style=\"padding-left: 40px;\"><b>Project documents<\/b><\/p>\n<p style=\"padding-left: 65px;\"><a href=\"https:\/\/marfund.org\/en\/wp-content\/uploads\/2020\/12\/Propuesta-Asociaci\u00f3n-Ak-Tenami-Version-Final.pdf\" target=\"_blank\" rel=\"noopener noreferrer\"><img loading=\"lazy\" class=\"alignright wp-image-429 size-full\" src=\"https:\/\/marfund.org\/en\/wp-content\/uploads\/2020\/12\/pdf.png\" alt=\"\" width=\"24\" height=\"24\" \/><\/a>\u2022 Proposal<\/p>\n<p style=\"padding-left: 65px;\">\u2022 Reports<\/p>\n<p style=\"padding-left: 85px;\"><a href=\"https:\/\/marfund.org\/en\/wp-content\/uploads\/2020\/12\/Informe-T\u00e9cnico-final-Ak-Tenamit.pdf\" target=\"_blank\" rel=\"noopener noreferrer\"><img loading=\"lazy\" class=\"alignright wp-image-429 size-full\" src=\"https:\/\/marfund.org\/en\/wp-content\/uploads\/2020\/12\/pdf.png\" alt=\"\" width=\"24\" height=\"24\" \/><\/a>o Final Report<\/p>\n<p style=\"padding-left: 85px;\"><a href=\"https:\/\/marfund.org\/en\/wp-content\/uploads\/2020\/12\/GUIA-METODOLOGICO-DIPLOMADO-AK-TENAMIT.pdf\" target=\"_blank\" rel=\"noopener noreferrer\"><img loading=\"lazy\" class=\"alignright wp-image-429 size-full\" src=\"https:\/\/marfund.org\/en\/wp-content\/uploads\/2020\/12\/pdf.png\" alt=\"\" width=\"24\" height=\"24\" \/><\/a>o Gu\u00eda metodol\u00f3gica de aprendizaje para fortalecer el eco desarrollo de las comunidades locales dentro de las \u00e1reas protegidas<\/p>\n<p>[\/vc_column_text][\/vc_tta_section][vc_tta_section title=&#8221;4. Asociaci\u00f3n Multicultural de Mujeres para el Desarrollo Integral y Sostenible (AMMUDIS)&#8221; tab_id=&#8221;AsociacionAMMUDIS&#8221;][vc_column_text]<\/p>\n<p style=\"padding-left: 40px;\"><a href=\"#\" target=\"_blank\" rel=\"noopener noreferrer\"><img loading=\"lazy\" class=\"alignright wp-image-429 size-full\" src=\"https:\/\/marfund.org\/en\/wp-content\/uploads\/2020\/12\/image.png\" alt=\"\" width=\"24\" height=\"24\" \/><\/a><b>Map<\/b><\/p>\n<p style=\"padding-left: 40px;\"><b>Project title: <\/b>Building coastal communities resilient to climate change with the participation of women from the Sarstun Region<\/p>\n<p style=\"padding-left: 40px;\"><b>Duration of the Project: <\/b>9 months<\/p>\n<p style=\"padding-left: 40px;\"><b>Project documents<\/b><\/p>\n<p style=\"padding-left: 65px;\"><a href=\"https:\/\/marfund.org\/en\/wp-content\/uploads\/2020\/12\/Propuesta-AMMUDIS.pdf\" target=\"_blank\" rel=\"noopener noreferrer\"><img loading=\"lazy\" class=\"alignright wp-image-429 size-full\" src=\"https:\/\/marfund.org\/en\/wp-content\/uploads\/2020\/12\/pdf.png\" alt=\"\" width=\"24\" height=\"24\" \/><\/a>\u2022 Proposal<\/p>\n<p style=\"padding-left: 65px;\">\u2022 Reports<\/p>\n<p style=\"padding-left: 85px;\"><a href=\"https:\/\/marfund.org\/en\/wp-content\/uploads\/2020\/12\/INFORME-TECNICO-FINAL_AMMUDIS.pdf\" target=\"_blank\" rel=\"noopener noreferrer\"><img loading=\"lazy\" class=\"alignright wp-image-429 size-full\" src=\"https:\/\/marfund.org\/en\/wp-content\/uploads\/2020\/12\/pdf.png\" alt=\"\" width=\"24\" height=\"24\" \/><\/a>o Final Report<\/p>\n<p style=\"padding-left: 85px;\"><a href=\"https:\/\/marfund.org\/en\/wp-content\/uploads\/2020\/12\/04-PLAN-DE-CAPACITACION-PROMOTORAS.pdf\" target=\"_blank\" rel=\"noopener noreferrer\"><img loading=\"lazy\" class=\"alignright wp-image-429 size-full\" src=\"https:\/\/marfund.org\/en\/wp-content\/uploads\/2020\/12\/pdf.png\" alt=\"\" width=\"24\" height=\"24\" \/><\/a>o Plan de Capacitaci\u00f3n Promotoras<\/p>\n<p>[\/vc_column_text][\/vc_tta_section][vc_tta_section title=&#8221;5. Cuerpos de Conservaci\u00f3n Omoa (CCO)&#8221; tab_id=&#8221;CuerposConservacionOmoa&#8221;][vc_column_text]<\/p>\n<p style=\"padding-left: 40px;\"><a href=\"#\" target=\"_blank\" rel=\"noopener noreferrer\"><img loading=\"lazy\" class=\"alignright wp-image-429 size-full\" src=\"https:\/\/marfund.org\/en\/wp-content\/uploads\/2020\/12\/image.png\" alt=\"\" width=\"24\" height=\"24\" \/><\/a><b>Map<\/b><\/p>\n<p style=\"padding-left: 40px;\"><b>Project title: <\/b>Making visible the role of women in advocacy processes, in the management and self-sustainability of community groups in defense of natural resources and the right to water<\/p>\n<p style=\"padding-left: 40px;\"><b>Duration of the Project: <\/b>10 months<\/p>\n<p style=\"padding-left: 40px;\"><b>Project documents<\/b><\/p>\n<p style=\"padding-left: 65px;\"><a href=\"https:\/\/marfund.org\/en\/wp-content\/uploads\/2020\/12\/Propuesta-CCO-Version-Final.pdf\" target=\"_blank\" rel=\"noopener noreferrer\"><img loading=\"lazy\" class=\"alignright wp-image-429 size-full\" src=\"https:\/\/marfund.org\/en\/wp-content\/uploads\/2020\/12\/pdf.png\" alt=\"\" width=\"24\" height=\"24\" \/><\/a>\u2022 Proposal<\/p>\n<p style=\"padding-left: 65px;\">\u2022 Reports<\/p>\n<p style=\"padding-left: 85px;\"><a href=\"https:\/\/marfund.org\/en\/wp-content\/uploads\/2020\/12\/Informe-T\u00e9cnico-Final_CCO.pdf\" target=\"_blank\" rel=\"noopener noreferrer\"><img loading=\"lazy\" class=\"alignright wp-image-429 size-full\" src=\"https:\/\/marfund.org\/en\/wp-content\/uploads\/2020\/12\/pdf.png\" alt=\"\" width=\"24\" height=\"24\" \/><\/a>o Final Report<\/p>\n<p>[\/vc_column_text][\/vc_tta_section][vc_tta_section title=&#8221;6. Organizaci\u00f3n de Desarrollo \u00c9tnico Comunitario (ODECO)&#8221; tab_id=&#8221;OrganizacionODECO&#8221;][vc_column_text]<\/p>\n<p style=\"padding-left: 40px;\"><a href=\"#\" target=\"_blank\" rel=\"noopener noreferrer\"><img loading=\"lazy\" class=\"alignright wp-image-429 size-full\" src=\"https:\/\/marfund.org\/en\/wp-content\/uploads\/2020\/12\/image.png\" alt=\"\" width=\"24\" height=\"24\" \/><\/a><b>Map<\/b><\/p>\n<p style=\"padding-left: 40px;\"><b>Project title: <\/b>Diploma on Leadership of Afro-Honduran Women for the defense of the Territory against climate change<\/p>\n<p style=\"padding-left: 40px;\"><b>Duration of the Project: <\/b>9 months<\/p>\n<p style=\"padding-left: 40px;\"><b>Project documents<\/b><\/p>\n<p style=\"padding-left: 65px;\"><a href=\"https:\/\/marfund.org\/en\/wp-content\/uploads\/2020\/12\/Propuesta-ODECO-Versi\u00f3n-Final.pdf\" target=\"_blank\" rel=\"noopener noreferrer\"><img loading=\"lazy\" class=\"alignright wp-image-429 size-full\" src=\"https:\/\/marfund.org\/en\/wp-content\/uploads\/2020\/12\/pdf.png\" alt=\"\" width=\"24\" height=\"24\" \/><\/a>\u2022 Proposal<\/p>\n<p style=\"padding-left: 65px;\">\u2022 Reports<\/p>\n<p style=\"padding-left: 85px;\"><a href=\"https:\/\/marfund.org\/en\/wp-content\/uploads\/2020\/12\/Informe-Final_ODECO.pdf\" target=\"_blank\" rel=\"noopener noreferrer\"><img loading=\"lazy\" class=\"alignright wp-image-429 size-full\" src=\"https:\/\/marfund.org\/en\/wp-content\/uploads\/2020\/12\/pdf.png\" alt=\"\" width=\"24\" height=\"24\" \/><\/a>o Final Report<\/p>\n<p>[\/vc_column_text][\/vc_tta_section][vc_tta_section title=&#8221;7. Medicusmundi&#8221; tab_id=&#8221;Medicusmundi&#8221;][vc_column_text]<\/p>\n<p style=\"padding-left: 40px;\"><a href=\"#\" target=\"_blank\" rel=\"noopener noreferrer\"><img loading=\"lazy\" class=\"alignright wp-image-429 size-full\" src=\"https:\/\/marfund.org\/en\/wp-content\/uploads\/2020\/12\/image.png\" alt=\"\" width=\"24\" height=\"24\" \/><\/a><b>Map<\/b><\/p>\n<p style=\"padding-left: 40px;\"><b>Project title: <\/b>Strengthening the leadership of women, with an emphasis on political advocacy, environmental justice and their rights<\/p>\n<p style=\"padding-left: 40px;\"><b>Duration of the Project: <\/b>9 months<\/p>\n<p style=\"padding-left: 40px;\"><b>Project documents<\/b><\/p>\n<p style=\"padding-left: 65px;\"><a href=\"https:\/\/marfund.org\/en\/wp-content\/uploads\/2020\/12\/Proyecto-Medicus-Mundi-Version-Final.pdf\" target=\"_blank\" rel=\"noopener noreferrer\"><img loading=\"lazy\" class=\"alignright wp-image-429 size-full\" src=\"https:\/\/marfund.org\/en\/wp-content\/uploads\/2020\/12\/pdf.png\" alt=\"\" width=\"24\" height=\"24\" \/><\/a>\u2022 Proposal<\/p>\n<p style=\"padding-left: 65px;\">\u2022 Reports<\/p>\n<p style=\"padding-left: 85px;\"><a href=\"https:\/\/marfund.org\/en\/wp-content\/uploads\/2020\/12\/Informe-final-Medicusmundi.pdf\" target=\"_blank\" rel=\"noopener noreferrer\"><img loading=\"lazy\" class=\"alignright wp-image-429 size-full\" src=\"https:\/\/marfund.org\/en\/wp-content\/uploads\/2020\/12\/pdf.png\" alt=\"\" width=\"24\" height=\"24\" \/><\/a>o Final Report<\/p>\n<p>[\/vc_column_text][\/vc_tta_section][\/vc_tta_accordion][\/vc_column][\/vc_row]<\/p>\n<\/div>","protected":false},"excerpt":{"rendered":"<p>[vc_row][vc_column][vc_single_image image=&#8221;969&#8243; img_size=&#8221;full&#8221; alignment=&#8221;center&#8221;][vc_column_text]Global Alliance for Green and Gender Action (GAGGA) Small Grants for Central America Summary GAGGA is an initiative led by the Central American Women\u2019s Fund (FCAM) with the participation of Both ENDS and Mama Cash as partners. The purpose of GAGGA is to strengthen and unify the capabilities of grassroots groups to [&hellip;]<\/p>\n","protected":false},"author":1,"featured_media":0,"parent":0,"menu_order":0,"comment_status":"closed","ping_status":"closed","template":"template_events_fullwidth.php","meta":[],"_links":{"self":[{"href":"https:\/\/marfund.org\/en\/wp-json\/wp\/v2\/pages\/4071"}],"collection":[{"href":"https:\/\/marfund.org\/en\/wp-json\/wp\/v2\/pages"}],"about":[{"href":"https:\/\/marfund.org\/en\/wp-json\/wp\/v2\/types\/page"}],"author":[{"embeddable":true,"href":"https:\/\/marfund.org\/en\/wp-json\/wp\/v2\/users\/1"}],"replies":[{"embeddable":true,"href":"https:\/\/marfund.org\/en\/wp-json\/wp\/v2\/comments?post=4071"}],"version-history":[{"count":7,"href":"https:\/\/marfund.org\/en\/wp-json\/wp\/v2\/pages\/4071\/revisions"}],"predecessor-version":[{"id":4079,"href":"https:\/\/marfund.org\/en\/wp-json\/wp\/v2\/pages\/4071\/revisions\/4079"}],"wp:attachment":[{"href":"https:\/\/marfund.org\/en\/wp-json\/wp\/v2\/media?parent=4071"}],"curies":[{"name":"wp","href":"https:\/\/api.w.org\/{rel}","templated":true}]}}