{"id":2672,"date":"2019-11-21T17:37:19","date_gmt":"2019-11-21T23:37:19","guid":{"rendered":"https:\/\/marfund.org\/en\/?page_id=2672"},"modified":"2022-07-21T14:43:56","modified_gmt":"2022-07-21T20:43:56","slug":"mangroves","status":"publish","type":"page","link":"https:\/\/marfund.org\/en\/mangroves\/","title":{"rendered":"Mangroves"},"content":{"rendered":"<div class=\"wpb-content-wrapper\"><p>[vc_row][vc_column][vc_single_image image=&#8221;2623&#8243; img_size=&#8221;full&#8221; alignment=&#8221;center&#8221;][vc_single_image image=&#8221;410&#8243; img_size=&#8221;full&#8221;][\/vc_column][\/vc_row][vc_row][vc_column width=&#8221;1\/12&#8243;][\/vc_column][vc_column width=&#8221;10\/12&#8243;][vc_empty_space][vc_custom_heading text=&#8221;Introduction&#8221; font_container=&#8221;tag:h1|font_size:34|text_align:center&#8221; google_fonts=&#8221;font_family:Roboto%3A100%2C100italic%2C300%2C300italic%2Cregular%2Citalic%2C500%2C500italic%2C700%2C700italic%2C900%2C900italic|font_style:900%20bold%20regular%3A900%3Anormal&#8221;][vc_column_text]Mangroves are an ecosystem of vital importance in the tropics throughout their distribution. The ecosystem services they provide benefit both the health and integrity of the reef and coasts, as well as the safety of its inhabitants. This ecosystem is threatened in the Mesoamerican Reef, hence the importance of having a regional strategy that contributes to its management, conservation and restoration.<\/p>\n<p>In September 2019, thanks to the support of the German Embassy in Guatemala and the project \u201cIntegrated ridge to reef management of the Mesoamerican Reef Ecoregion (MAR2R)\u201d (CCAD\/WWF\/GEF), under the coordination of the MAR Fund and the Smithsonian Institute, a workshop was held in Guatemala City to develop a regional strategy for the conservation and restoration of mangroves in the Mesoamerican Reef.[\/vc_column_text][\/vc_column][vc_column width=&#8221;1\/12&#8243;][\/vc_column][\/vc_row][vc_row][vc_column][vc_separator][vc_empty_space][vc_custom_heading text=&#8221;Workshop Regional Strategy for<br \/>\nMangroves in the MAR&#8221; font_container=&#8221;tag:h1|font_size:34|text_align:center&#8221; google_fonts=&#8221;font_family:Roboto%3A100%2C100italic%2C300%2C300italic%2Cregular%2Citalic%2C500%2C500italic%2C700%2C700italic%2C900%2C900italic|font_style:900%20bold%20regular%3A900%3Anormal&#8221;][vc_empty_space][\/vc_column][\/vc_row][vc_row][vc_column width=&#8221;1\/12&#8243;][vc_column_text][\/vc_column_text][\/vc_column][vc_column width=&#8221;5\/6&#8243;][vc_tta_accordion color=&#8221;purple&#8221; active_section=&#8221;21&#8243; collapsible_all=&#8221;true&#8221;][vc_tta_section title=&#8221;1. Agenda&#8221; tab_id=&#8221;AgendaMangrove&#8221;][vc_column_text]<strong>Workshop agenda (english)<\/strong><\/p>\n<p style=\"text-align: justify;\"><a style=\"color: #ff0000;\" href=\"https:\/\/marfund.org\/en\/wp-content\/uploads\/2019\/11\/Workshop-agenda.pdf\" target=\"_blank\" rel=\"noopener noreferrer\"><i  style=\"color:#dd3333; font-size:28px;\" class=\"fa fa-file-pdf-o \"><\/i><\/a><\/p>\n<p>[\/vc_column_text][\/vc_tta_section][vc_tta_section title=&#8221;2. Participants list&#8221; tab_id=&#8221;MangroveParticipantsList&#8221;][vc_column_text]<strong>Participants list (english)<\/strong><\/p>\n<p style=\"text-align: justify;\"><a style=\"color: #ff0000;\" href=\"https:\/\/marfund.org\/en\/wp-content\/uploads\/2019\/11\/Final-participants-list.pdf\" target=\"_blank\" rel=\"noopener noreferrer\"><i  style=\"color:#dd3333; font-size:28px;\" class=\"fa fa-file-pdf-o \"><\/i><\/a><\/p>\n<p>[\/vc_column_text][\/vc_tta_section][vc_tta_section title=&#8221;3. Minutes&#8221; tab_id=&#8221;MangroveMinute&#8221;][vc_column_text]<strong>Minutes of the Mangrove Regional Workshop<\/strong><\/p>\n<p style=\"text-align: justify;\"><a style=\"color: #ff0000;\" href=\"https:\/\/marfund.org\/es\/wp-content\/uploads\/2019\/12\/Minutes-of-the-Mangrove-Regional-Workshop.pdf\" target=\"_blank\" rel=\"noopener noreferrer\"><i  style=\"color:#dd3333; font-size:28px;\" class=\"fa fa-file-pdf-o \"><\/i><\/a><\/p>\n<p>[\/vc_column_text][\/vc_tta_section][vc_tta_section title=&#8221;4. Presentations&#8221; tab_id=&#8221;MangrovePresentations&#8221;][vc_column_text]<strong>Anexo 2 &#8211; Metodolog\u00eda del Taller Olga Centeno<\/strong><\/p>\n<p style=\"text-align: justify;\"><a style=\"color: #ff0000;\" href=\"https:\/\/marfund.org\/en\/wp-content\/uploads\/2019\/11\/Anexo-2-Metodologia-del-Taller-Olga-Centeno.pdf\" target=\"_blank\" rel=\"noopener noreferrer\"><i  style=\"color:#dd3333; font-size:28px;\" class=\"fa fa-file-pdf-o \"><\/i><\/a><\/p>\n<hr \/>\n<p><strong>Anexo 3 &#8211; Situaci\u00f3n de los manglares en el SAM Steve Canty<\/strong><\/p>\n<p style=\"text-align: justify;\"><a style=\"color: #ff0000;\" href=\"https:\/\/marfund.org\/en\/wp-content\/uploads\/2019\/11\/Anexo-3-Situacion-de-los-manglares-en-el-SAM-Steve-Canty.pdf\" target=\"_blank\" rel=\"noopener noreferrer\"><i  style=\"color:#dd3333; font-size:28px;\" class=\"fa fa-file-pdf-o \"><\/i><\/a><\/p>\n<hr \/>\n<p><strong>Anexo 4 &#8211; Adaptaci\u00f3n al CC y vulnerabilidad en el SAM Nestor Windevoxhel<\/strong><\/p>\n<p style=\"text-align: justify;\"><a style=\"color: #ff0000;\" href=\"https:\/\/marfund.org\/en\/wp-content\/uploads\/2019\/11\/Anexo-4-Adaptaci\u00f3n-al-CC-y-vulnerabilidad-en-el-SAM-Nestor-Windevoxhel.pdf\" target=\"_blank\" rel=\"noopener noreferrer\"><i  style=\"color:#dd3333; font-size:28px;\" class=\"fa fa-file-pdf-o \"><\/i><\/a><\/p>\n<hr \/>\n<p><strong>Anexo 5 &#8211; Bienes y Servicios de los Manglares Miguel Cifuentes<\/strong><\/p>\n<p style=\"text-align: justify;\"><a style=\"color: #ff0000;\" href=\"https:\/\/marfund.org\/en\/wp-content\/uploads\/2019\/11\/Anexo-5-Bienes-y-Servicios-de-los-Manglares-Miguel-Cifuentes.pdf\" target=\"_blank\" rel=\"noopener noreferrer\"><i  style=\"color:#dd3333; font-size:28px;\" class=\"fa fa-file-pdf-o \"><\/i><\/a><\/p>\n<hr \/>\n<p><strong>Anexo 6 &#8211; Situaci\u00f3n cuencas hidrogr\u00e1ficas en el SAM Sonia Solis<\/strong><\/p>\n<p style=\"text-align: justify;\"><a style=\"color: #ff0000;\" href=\"https:\/\/marfund.org\/en\/wp-content\/uploads\/2019\/11\/Anexo-6-Situacion-cuencas-hidrograficas-en-el-SAM-Sonia-Solis.pdf\" target=\"_blank\" rel=\"noopener noreferrer\"><i  style=\"color:#dd3333; font-size:28px;\" class=\"fa fa-file-pdf-o \"><\/i><\/a><\/p>\n<hr \/>\n<p><strong>Anexo 7 &#8211; Iniciativa Carbono Azul Miguel Cifuentes<\/strong><\/p>\n<p style=\"text-align: justify;\"><a style=\"color: #ff0000;\" href=\"https:\/\/marfund.org\/en\/wp-content\/uploads\/2019\/11\/Anexo-7-Iniciativa-Carbono-Azul-Miguel-Cifuentes.pdf\" target=\"_blank\" rel=\"noopener noreferrer\"><i  style=\"color:#dd3333; font-size:28px;\" class=\"fa fa-file-pdf-o \"><\/i><\/a><\/p>\n<hr \/>\n<p><strong>Anexo 8 &#8211; Restauraci\u00f3n de Manglares Claudia Teutli<\/strong><\/p>\n<p style=\"text-align: justify;\"><a style=\"color: #ff0000;\" href=\"https:\/\/marfund.org\/en\/wp-content\/uploads\/2019\/11\/Anexo-8-Restauracion-de-Manglares-Claudia-Teutli.pdf\" target=\"_blank\" rel=\"noopener noreferrer\"><i  style=\"color:#dd3333; font-size:28px;\" class=\"fa fa-file-pdf-o \"><\/i><\/a><\/p>\n<hr \/>\n<p><strong>Anexo 9 &#8211; Fortalecimiento de la efectividad del manejo y resiliencia Christian Alba<\/strong><\/p>\n<p style=\"text-align: justify;\"><a style=\"color: #ff0000;\" href=\"https:\/\/marfund.org\/en\/wp-content\/uploads\/2019\/11\/Anexo-9-Fortalecimiento-de-la-efectividad-del-manejo-y-resiliencia-Christian-Alba.pdf\" target=\"_blank\" rel=\"noopener noreferrer\"><i  style=\"color:#dd3333; font-size:28px;\" class=\"fa fa-file-pdf-o \"><\/i><\/a><\/p>\n<p>[\/vc_column_text][\/vc_tta_section][vc_tta_section title=&#8221;5. Table of Projects&#8221; tab_id=&#8221;TableProjects&#8221;][vc_column_text]<strong>Table of Projects<\/strong><\/p>\n<p style=\"text-align: justify;\"><a style=\"color: #ff0000;\" href=\"https:\/\/marfund.org\/en\/wp-content\/uploads\/2020\/02\/Results-survey_c-mangroves-manglares.pdf\" target=\"_blank\" rel=\"noopener noreferrer\"><i  style=\"color:#dd3333; font-size:28px;\" class=\"fa fa-file-pdf-o\"><\/i><\/a><\/p>\n<p>[\/vc_column_text][\/vc_tta_section][vc_tta_section title=&#8221;6. Event Note&#8221; tab_id=&#8221;MangrovesEventNote&#8221;][vc_column_text]<strong>A Regional Sustainable Management Strategy for Mangroves in the Mesoamerican Reef<\/strong><\/p>\n<p style=\"text-align: justify;\"><a style=\"color: #ff0000;\" href=\"https:\/\/marfund.org\/en\/regional-sustainable-management-strategy-mangroves\/\" target=\"_blank\" rel=\"noopener noreferrer\"><i  style=\"color:#dd3333; font-size:28px;\" class=\"fa fa-external-link-square \"><\/i><\/a><\/p>\n<p>[\/vc_column_text][\/vc_tta_section][vc_tta_section title=&#8221;7. Photos&#8221; tab_id=&#8221;MangrovePhotos&#8221;][vc_column_text]<strong>Workshop Photo Gallery<\/strong><\/p>\n<p style=\"text-align: justify;\"><a style=\"color: #ff0000;\" href=\"https:\/\/www.dropbox.com\/sh\/xew4381hbvzvt2a\/AAC5SjMlLyu4Pl5LdcB7zQrLa?dl=0\" target=\"_blank\" rel=\"noopener noreferrer\"><i  style=\"color:#dd3333; font-size:28px;\" class=\"fa fa-external-link-square \"><\/i><\/a><\/p>\n<p>[\/vc_column_text][\/vc_tta_section][vc_tta_section title=&#8221;8. News&#8221; tab_id=&#8221;MangroveNews&#8221;][vc_column_text]<strong>Drugs, mining, monoculture threaten Guatemala\u2019s mangrove ecosystems<\/strong><\/p>\n<p style=\"text-align: justify;\"><a style=\"color: #ff0000;\" href=\"https:\/\/marfund.org\/en\/drugs-mining-monoculture\/\" rel=\"noopener noreferrer\"><i  style=\"color:#dd3333; font-size:28px;\" class=\"fa fa-external-link-square \"><\/i><\/a><\/p>\n<p>[\/vc_column_text][vc_column_text]<strong>Bi\u00f3logo marino brit\u00e1nico alerta sobre amenazas a manglares<\/strong><\/p>\n<p style=\"text-align: justify;\"><a style=\"color: #ff0000;\" href=\"https:\/\/marfund.org\/en\/biologo-alerta-sobre-amenazas-a-manglares\/\" rel=\"noopener noreferrer\"><i  style=\"color:#dd3333; font-size:28px;\" class=\"fa fa-external-link-square \"><\/i><\/a><\/p>\n<p>[\/vc_column_text][vc_column_text]<strong>Crear\u00e1n plan para proteger manglares<\/strong><\/p>\n<p style=\"text-align: justify;\"><a style=\"color: #ff0000;\" href=\"https:\/\/dca.gob.gt\/noticias-guatemala-diario-centro-america\/crearan-plan-para-proteger-manglares\/\" target=\"_blank\" rel=\"noopener noreferrer\"><i  style=\"color:#dd3333; font-size:28px;\" class=\"fa fa-external-link-square \"><\/i><\/a><\/p>\n<p>[\/vc_column_text][vc_column_text]<strong>Desarrollar\u00e1n estrategia para la conservaci\u00f3n y restauraci\u00f3n del mangle en el arrecife mesoamericano<\/strong><\/p>\n<p style=\"text-align: justify;\"><a style=\"color: #ff0000;\" href=\"https:\/\/marfund.org\/en\/estrategias-conservacion-restauracion-mangle\/\" rel=\"noopener noreferrer\"><i  style=\"color:#dd3333; font-size:28px;\" class=\"fa fa-external-link-square \"><\/i><\/a><\/p>\n<p>[\/vc_column_text][vc_column_text]<strong>Apuntan a una estrategia regional para la conservaci\u00f3n de manglares<\/strong><\/p>\n<p style=\"text-align: justify;\"><a style=\"color: #ff0000;\" href=\"https:\/\/dca.gob.gt\/noticias-guatemala-diario-centro-america\/apuntan-a-una-estrategia-regional-para-la-conservacion-de-manglares\/\" target=\"_blank\" rel=\"noopener noreferrer\"><i  style=\"color:#dd3333; font-size:28px;\" class=\"fa fa-external-link-square \"><\/i><\/a><\/p>\n<p>[\/vc_column_text][vc_column_text]<strong>\u00danete a la Red Mesoamericana de Manglares y Pastos Marinos<\/strong><\/p>\n<p style=\"text-align: justify;\"><a style=\"color: #ff0000;\" href=\"https:\/\/marfund.org\/es\/unete-a-la-red-mesoamericana-manglares-pastos-marinos\/\" rel=\"noopener noreferrer\"><i  style=\"color:#dd3333; font-size:28px;\" class=\"fa fa-external-link-square \"><\/i><\/a><\/p>\n<p>[\/vc_column_text][\/vc_tta_section][vc_tta_section title=&#8221;9. Videos&#8221; tab_id=&#8221;MangrovesVideos&#8221;][vc_column_text]<strong>Workshop Development of a Strategy for the Conservation and Restoration of Mangroves in the Mesoamerican Reef<\/strong><\/p>\n<p style=\"text-align: justify;\"><a style=\"color: #ff0000;\" href=\"https:\/\/www.youtube.com\/watch?v=8YHTQLTcOhU\" target=\"_blank\" rel=\"noopener noreferrer\"><i  style=\"color:#dd3333; font-size:28px;\" class=\"fa fa-youtube-square\"><\/i><\/a><\/p>\n<p>[\/vc_column_text][vc_column_text]<strong>Mangroves in the Mesoamerican Reef<\/strong><\/p>\n<p style=\"text-align: justify;\"><a style=\"color: #ff0000;\" href=\"https:\/\/www.youtube.com\/watch?v=RTbpKIklfXU\" target=\"_blank\" rel=\"noopener noreferrer\"><i  style=\"color:#dd3333; font-size:28px;\" class=\"fa fa-youtube-square\"><\/i><\/a><\/p>\n<p>[\/vc_column_text][\/vc_tta_section][vc_tta_section title=&#8221;10. Regional Strategy for Mangrove Management, Conservation,<br \/>\nRestoration and Monitoring in the Mesoamerican Reef 2020-2025&#8243; tab_id=&#8221;RegionalStrategy&#8221;][vc_column_text]<strong>PDF Format &#8211; Click below<\/strong><\/p>\n<p style=\"text-align: justify;\"><a style=\"color: #ff0000;\" href=\"https:\/\/repository.si.edu\/handle\/10088\/107481\" target=\"_blank\" rel=\"noopener noreferrer\"><i  style=\"color:#dd3333; font-size:28px;\" class=\"fa fa-file-pdf-o \"><\/i><\/a><\/p>\n<hr \/>\n<p>[\/vc_column_text][\/vc_tta_section][\/vc_tta_accordion][\/vc_column][vc_column width=&#8221;1\/12&#8243;][\/vc_column][\/vc_row][vc_row][vc_column][vc_empty_space][vc_separator][vc_empty_space][vc_custom_heading text=&#8221;Manual for restoration of mangroves in the<br \/>\nMAR and Wider Caribbean&#8221; font_container=&#8221;tag:h1|font_size:32|text_align:center&#8221; google_fonts=&#8221;font_family:Roboto%3A100%2C100italic%2C300%2C300italic%2Cregular%2Citalic%2C500%2C500italic%2C700%2C700italic%2C900%2C900italic|font_style:900%20bold%20regular%3A900%3Anormal&#8221;][\/vc_column][\/vc_row][vc_row][vc_column width=&#8221;1\/12&#8243;][\/vc_column][vc_column width=&#8221;10\/12&#8243;][vc_empty_space][vc_column_text]To contribute to the implementation of the \u201cRegional Strategy for Mangrove Management, Conservation, Restoration and Monitoring in the Mesoamerican Reef 2020-2025\u201d, as well as the \u201cRegional Strategy and Action Plan for the Valuation, Protection and\/or Restoration of Key Marine Habitats in the Wider Caribbean 2021-2030\u201d of the Cartagena Convention, the \u201cIntegrated Reef to Ridge Management of the Mesoamerican Reef Ecoregion\u201d Project (MAR2R\/CCAD\/WWF-GEF), UNEP-Cartagena Convention and MAR Fund joined efforts under the Cooperation Agreement, signed between the three institutions, to facilitate the preparation of the \u201c<em>Manual for the Ecological Restoration of Mangroves in the MAR\u00a0 and the Wider Caribbean<\/em>\u201d.<\/p>\n<p>The virtual launch of the manual took place on Wednesday, December 1, 2021, with the participation of 159 people, including panelists and participants.[\/vc_column_text][\/vc_column][vc_column width=&#8221;1\/12&#8243;][\/vc_column][\/vc_row][vc_row][vc_column width=&#8221;1\/12&#8243;][vc_column_text][\/vc_column_text][\/vc_column][vc_column width=&#8221;5\/6&#8243;][vc_tta_accordion color=&#8221;sandy-brown&#8221; active_section=&#8221;21&#8243; collapsible_all=&#8221;true&#8221;][vc_tta_section title=&#8221;1. Agenda&#8221; tab_id=&#8221;AgendaManual&#8221;][vc_empty_space][vc_column_text]<img loading=\"lazy\" class=\"size-full wp-image-4461 aligncenter\" src=\"https:\/\/marfund.org\/en\/wp-content\/uploads\/2021\/12\/English-Agenda.jpg\" alt=\"\" width=\"1080\" height=\"1080\" srcset=\"https:\/\/marfund.org\/en\/wp-content\/uploads\/2021\/12\/English-Agenda.jpg 1080w, https:\/\/marfund.org\/en\/wp-content\/uploads\/2021\/12\/English-Agenda-300x300.jpg 300w, https:\/\/marfund.org\/en\/wp-content\/uploads\/2021\/12\/English-Agenda-1024x1024.jpg 1024w, https:\/\/marfund.org\/en\/wp-content\/uploads\/2021\/12\/English-Agenda-150x150.jpg 150w, https:\/\/marfund.org\/en\/wp-content\/uploads\/2021\/12\/English-Agenda-768x768.jpg 768w\" sizes=\"(max-width: 1080px) 100vw, 1080px\" \/>[\/vc_column_text][vc_empty_space][\/vc_tta_section][vc_tta_section title=&#8221;2. Presentations&#8221; tab_id=&#8221;PresentationsManual&#8221;][vc_column_text]<strong>2.1 Mangroves in the MAR and the Wider Caribbean<\/strong><\/p>\n<p style=\"text-align: justify;\"><a style=\"color: #ff0000;\" href=\"https:\/\/marfund.org\/en\/wp-content\/uploads\/2021\/12\/1_Los-Manglares-del-SAM-y-el-GC.pdf\" target=\"_blank\" rel=\"noopener noreferrer\"><i  style=\"color:#dd3333; font-size:28px;\" class=\"fa fa-file-pdf-o \"><\/i><\/a><\/p>\n<hr \/>\n<p><strong>2.2 Scope of the manual<\/strong><\/p>\n<p style=\"text-align: justify;\"><a style=\"color: #ff0000;\" href=\"https:\/\/marfund.org\/en\/wp-content\/uploads\/2021\/12\/2_Alcance-Manual.pdf\" target=\"_blank\" rel=\"noopener noreferrer\"><i  style=\"color:#dd3333; font-size:28px;\" class=\"fa fa-file-pdf-o \"><\/i><\/a><\/p>\n<hr \/>\n<p><strong>2.3 Synthesis of the content of the manual and its use<\/strong><\/p>\n<p style=\"text-align: justify;\"><a style=\"color: #ff0000;\" href=\"https:\/\/marfund.org\/en\/wp-content\/uploads\/2021\/12\/3_Contenido-del-manual.pdf\" target=\"_blank\" rel=\"noopener noreferrer\"><i  style=\"color:#dd3333; font-size:28px;\" class=\"fa fa-file-pdf-o \"><\/i><\/a><\/p>\n<p>[\/vc_column_text][\/vc_tta_section][vc_tta_section title=&#8221;3. Participants list&#8221; tab_id=&#8221;ParticipantsListManual&#8221;][vc_column_text]<strong>Participants list<\/strong><\/p>\n<p style=\"text-align: justify;\"><a style=\"color: #ff0000;\" href=\"https:\/\/marfund.org\/en\/wp-content\/uploads\/2021\/12\/Participant-list.pdf\" target=\"_blank\" rel=\"noopener noreferrer\"><i  style=\"color:#dd3333; font-size:28px;\" class=\"fa fa-file-pdf-o \"><\/i><\/a><\/p>\n<p>[\/vc_column_text][\/vc_tta_section][vc_tta_section title=&#8221;4. Event video&#8221; tab_id=&#8221;EventVideoManual&#8221;][vc_video link=&#8221;https:\/\/youtu.be\/kj7NePdcudM&#8221; align=&#8221;center&#8221;][\/vc_tta_section][vc_tta_section title=&#8221;5. Manual&#8221; tab_id=&#8221;ManualManual&#8221;][vc_column_text]<strong>Manual for restoration of mangroves in the MAR and Wider Caribbean<br \/>\n<\/strong><\/p>\n<p style=\"text-align: justify;\"><a style=\"color: #ff0000;\" href=\"https:\/\/marfund.org\/en\/wp-content\/uploads\/2022\/04\/Manual-Restoration-Mangroves-2022-Press.pdf\" target=\"_blank\" rel=\"noopener noreferrer\"><i  style=\"color:#dd3333; font-size:28px;\" class=\"fa fa-file-pdf-o \"><\/i><\/a><\/p>\n<p>[\/vc_column_text][\/vc_tta_section][\/vc_tta_accordion][\/vc_column][vc_column width=&#8221;1\/12&#8243;][\/vc_column][\/vc_row][vc_row][vc_column][vc_empty_space][vc_separator][vc_empty_space][vc_custom_heading text=&#8221;Mapping mangroves in the Mesoamerican Reef ecoregion (MAR),<br \/>\nat 10-meter spatial resolution using Google Earth Engine&#8221; font_container=&#8221;tag:h1|font_size:32|text_align:center&#8221; google_fonts=&#8221;font_family:Roboto%3A100%2C100italic%2C300%2C300italic%2Cregular%2Citalic%2C500%2C500italic%2C700%2C700italic%2C900%2C900italic|font_style:900%20bold%20regular%3A900%3Anormal&#8221;][\/vc_column][\/vc_row][vc_row][vc_column width=&#8221;1\/12&#8243;][\/vc_column][vc_column width=&#8221;10\/12&#8243;][vc_empty_space][vc_column_text]Study carried out by Jordan R. Cissell, Department of Geography, Samford University, and Steven W.J. Canty, National Museum of Natural History, Working Land and Seascapes, Smithsonian Institution.<\/p>\n<p>We are pleased to share with you the final report of the study supported by the project \u201cIntegrated ridge to reef management of the Mesoamerican Reef Ecoregion (MAR2R)\u201d (CCAD\/WWF\/GEF). It is the first time that the mangrove ecosystems of the four MAR countries have been mapped using a standardized methodology and with high spatial resolution. The study provides: 1) a very detailed and precise description of the mangrove ecosystems in the MAR for 2020 and 2) a consistent baseline to monitor future changes in the mangrove ecosystems of the region.[\/vc_column_text][\/vc_column][vc_column width=&#8221;1\/12&#8243;][\/vc_column][\/vc_row][vc_row][vc_column width=&#8221;1\/12&#8243;][vc_column_text][\/vc_column_text][\/vc_column][vc_column width=&#8221;5\/6&#8243;][vc_tta_accordion color=&#8221;sky&#8221; active_section=&#8221;21&#8243; collapsible_all=&#8221;true&#8221;][vc_tta_section title=&#8221;1. Final report&#8221; tab_id=&#8221;FinalReport&#8221;][vc_column_text]<strong>Final report<\/strong><\/p>\n<p style=\"text-align: justify;\"><a style=\"color: #ff0000;\" href=\"https:\/\/marfund.org\/es\/wp-content\/uploads\/2022\/07\/Cissell_Canty_Report_MAR_Mangrove_Mapping_logos_new.pdf\" target=\"_blank\" rel=\"noopener noreferrer\"><i  style=\"color:#dd3333; font-size:28px;\" class=\"fa fa-file-pdf-o \"><\/i><\/a><\/p>\n<p>[\/vc_column_text][\/vc_tta_section][vc_tta_section title=&#8221;2. Shapefiles and KMZ files&#8221; tab_id=&#8221;ShapefilesKMZ&#8221;][vc_column_text]<strong>Shapefiles and KMZ files<\/strong><\/p>\n<p style=\"text-align: justify;\"><a style=\"color: #ff0000;\" href=\"https:\/\/smithsonian.figshare.com\/articles\/online_resource\/Mangrove_maps_of_the_Mesoamerican_reef_region\/19391447\" target=\"_blank\" rel=\"noopener noreferrer\"><i  style=\"color:#dd3333; font-size:28px;\" class=\"fa fa-link\"><\/i><\/a><\/p>\n<p>[\/vc_column_text][\/vc_tta_section][\/vc_tta_accordion][\/vc_column][vc_column width=&#8221;1\/12&#8243;][\/vc_column][\/vc_row][vc_row][vc_column width=&#8221;1\/12&#8243;][\/vc_column][vc_column width=&#8221;10\/12&#8243;][vc_empty_space][\/vc_column][vc_column width=&#8221;1\/12&#8243;][\/vc_column][\/vc_row]<\/p>\n<\/div>","protected":false},"excerpt":{"rendered":"<p>[vc_row][vc_column][vc_single_image image=&#8221;2623&#8243; img_size=&#8221;full&#8221; alignment=&#8221;center&#8221;][vc_single_image image=&#8221;410&#8243; img_size=&#8221;full&#8221;][\/vc_column][\/vc_row][vc_row][vc_column width=&#8221;1\/12&#8243;][\/vc_column][vc_column width=&#8221;10\/12&#8243;][vc_empty_space][vc_custom_heading text=&#8221;Introduction&#8221; font_container=&#8221;tag:h1|font_size:34|text_align:center&#8221; google_fonts=&#8221;font_family:Roboto%3A100%2C100italic%2C300%2C300italic%2Cregular%2Citalic%2C500%2C500italic%2C700%2C700italic%2C900%2C900italic|font_style:900%20bold%20regular%3A900%3Anormal&#8221;][vc_column_text]Mangroves are an ecosystem of vital importance in the tropics throughout their distribution. The ecosystem services they provide benefit both the health and integrity of the reef and coasts, as well as the safety of its inhabitants. This ecosystem is threatened in the Mesoamerican Reef, [&hellip;]<\/p>\n","protected":false},"author":1,"featured_media":0,"parent":0,"menu_order":0,"comment_status":"closed","ping_status":"closed","template":"template_events_fullwidth.php","meta":[],"_links":{"self":[{"href":"https:\/\/marfund.org\/en\/wp-json\/wp\/v2\/pages\/2672"}],"collection":[{"href":"https:\/\/marfund.org\/en\/wp-json\/wp\/v2\/pages"}],"about":[{"href":"https:\/\/marfund.org\/en\/wp-json\/wp\/v2\/types\/page"}],"author":[{"embeddable":true,"href":"https:\/\/marfund.org\/en\/wp-json\/wp\/v2\/users\/1"}],"replies":[{"embeddable":true,"href":"https:\/\/marfund.org\/en\/wp-json\/wp\/v2\/comments?post=2672"}],"version-history":[{"count":50,"href":"https:\/\/marfund.org\/en\/wp-json\/wp\/v2\/pages\/2672\/revisions"}],"predecessor-version":[{"id":5031,"href":"https:\/\/marfund.org\/en\/wp-json\/wp\/v2\/pages\/2672\/revisions\/5031"}],"wp:attachment":[{"href":"https:\/\/marfund.org\/en\/wp-json\/wp\/v2\/media?parent=2672"}],"curies":[{"name":"wp","href":"https:\/\/api.w.org\/{rel}","templated":true}]}}