{"id":2316,"date":"2019-06-10T09:55:20","date_gmt":"2019-06-10T15:55:20","guid":{"rendered":"https:\/\/marfund.org\/en\/?page_id=2316"},"modified":"2025-11-11T20:38:19","modified_gmt":"2025-11-12T02:38:19","slug":"the-team","status":"publish","type":"page","link":"https:\/\/marfund.org\/en\/the-team\/","title":{"rendered":"The Team"},"content":{"rendered":"<div class=\"wpb-content-wrapper\"><p>[vc_row][vc_column][vc_single_image image=&#8221;525&#8243; img_size=&#8221;full&#8221; alignment=&#8221;center&#8221;][vc_column_text]<\/p>\n<p style=\"text-align: justify;\">Getting the right people in place is the key to the success. For us, employing people with a passion for the work that they do is a standard we have set for ourselves. Our team is a wonderful complement to the core values of MAR Fund who are motivated and combine excellence in their respective fields with focus and tenacity.<\/p>\n<p>[\/vc_column_text][\/vc_column][\/vc_row][vc_row][vc_column width=&#8221;1\/4&#8243;][vc_column_text][\/vc_column_text][\/vc_column][vc_column width=&#8221;3\/4&#8243;][vc_column_text]<\/p>\n<article id=\"post-99\" class=\"people-list post-99 ctc_person type-ctc_person status-publish has-post-thumbnail hentry ctc_person_group-leadership-staff\">\n<header class=\"iva-people-entry-header\">\n<div class=\"iva-people-image\">\n<div class=\"hoverimg\">\n<figure><img loading=\"lazy\" class=\"imgborder\" style=\"display: block; visibility: visible; opacity: 1;\" src=\"https:\/\/marfund.org\/en\/wp-content\/uploads\/2025\/11\/maria-jose-gonzalez-150x150.jpg\" alt=\"\" width=\"150\" height=\"150\" \/><\/figure>\n<div class=\"hover_type\"><\/div>\n<\/div>\n<\/div>\n<div class=\"iva-people-details\">\n<p><strong>Mar\u00eda Jos\u00e9 Gonz\u00e1lez<\/strong><br \/>\nExecutive Director<\/p>\n<\/div>\n<\/header>\n<\/article>\n<p>[\/vc_column_text][vc_column_text]<\/p>\n<article id=\"post-99\" class=\"people-list post-99 ctc_person type-ctc_person status-publish has-post-thumbnail hentry ctc_person_group-leadership-staff\">\n<header class=\"iva-people-entry-header\">\n<div class=\"iva-people-image\">\n<div class=\"hoverimg\">\n<figure><img loading=\"lazy\" class=\"imgborder\" style=\"display: block; visibility: visible; opacity: 1;\" src=\"https:\/\/marfund.org\/en\/wp-content\/uploads\/2025\/11\/carlos-rodriguez-2025-150x150.jpg\" alt=\"\" width=\"150\" height=\"150\" \/><\/figure>\n<div class=\"hover_type\"><\/div>\n<\/div>\n<\/div>\n<div class=\"iva-people-details\">\n<p><strong>Carlos Rodr\u00edguez<\/strong><br \/>\nStrategic Advisor<\/p>\n<\/div>\n<\/header>\n<\/article>\n<p>[\/vc_column_text][vc_column_text]<\/p>\n<article id=\"post-99\" class=\"people-list post-99 ctc_person type-ctc_person status-publish has-post-thumbnail hentry ctc_person_group-leadership-staff\">\n<header class=\"iva-people-entry-header\">\n<div class=\"iva-people-image\">\n<div class=\"hoverimg\">\n<figure><img loading=\"lazy\" class=\"imgborder\" style=\"display: block; visibility: visible; opacity: 1;\" src=\"https:\/\/marfund.org\/en\/wp-content\/uploads\/2025\/11\/lluvia-soto-2025-150x150.jpg\" alt=\"\" width=\"150\" height=\"150\" \/><\/figure>\n<div class=\"hover_type\"><\/div>\n<\/div>\n<\/div>\n<div class=\"iva-people-details\">\n<p><strong>Lluvia Soto<\/strong><br \/>\nAssistant to the executive director<\/p>\n<\/div>\n<\/header>\n<\/article>\n<p>[\/vc_column_text][vc_column_text]<\/p>\n<article id=\"post-99\" class=\"people-list post-99 ctc_person type-ctc_person status-publish has-post-thumbnail hentry ctc_person_group-leadership-staff\">\n<header class=\"iva-people-entry-header\">\n<div class=\"iva-people-image\">\n<div class=\"hoverimg\">\n<figure><img loading=\"lazy\" class=\"imgborder\" style=\"display: block; visibility: visible; opacity: 1;\" src=\"https:\/\/marfund.org\/en\/wp-content\/uploads\/2025\/11\/liz-herrera-2025-150x150.jpg\" alt=\"\" width=\"150\" height=\"150\" \/><\/figure>\n<div class=\"hover_type\"><\/div>\n<\/div>\n<\/div>\n<div class=\"iva-people-details\">\n<p><strong>Liz Herrera<\/strong><br \/>\nCommunications Officer<\/p>\n<\/div>\n<\/header>\n<\/article>\n<p>[\/vc_column_text][vc_column_text]<\/p>\n<article id=\"post-99\" class=\"people-list post-99 ctc_person type-ctc_person status-publish has-post-thumbnail hentry ctc_person_group-leadership-staff\">\n<header class=\"iva-people-entry-header\">\n<div class=\"iva-people-image\">\n<div class=\"hoverimg\">\n<figure><img loading=\"lazy\" class=\"imgborder\" style=\"display: block; visibility: visible; opacity: 1;\" src=\"https:\/\/marfund.org\/en\/wp-content\/uploads\/2025\/11\/judith-morales-2025-150x150.jpg\" alt=\"\" width=\"150\" height=\"150\" \/><\/figure>\n<div class=\"hover_type\"><\/div>\n<\/div>\n<\/div>\n<div class=\"iva-people-details\">\n<p><strong>Judith Morales<\/strong><br \/>\nTechnical Director<\/p>\n<\/div>\n<\/header>\n<\/article>\n<p>[\/vc_column_text][vc_column_text]<\/p>\n<article id=\"post-99\" class=\"people-list post-99 ctc_person type-ctc_person status-publish has-post-thumbnail hentry ctc_person_group-leadership-staff\">\n<header class=\"iva-people-entry-header\">\n<div class=\"iva-people-image\">\n<div class=\"hoverimg\">\n<figure><img loading=\"lazy\" class=\"imgborder\" style=\"display: block; visibility: visible; opacity: 1;\" src=\"https:\/\/marfund.org\/en\/wp-content\/uploads\/2025\/11\/ana-beatriz-rivas-2025-150x150.jpg\" alt=\"\" width=\"150\" height=\"150\" \/><\/figure>\n<div class=\"hover_type\"><\/div>\n<\/div>\n<\/div>\n<div class=\"iva-people-details\">\n<p><strong>Ana Beatriz Rivas<\/strong><br \/>\nCoordinator of the Protection of Maritime Resources In<br \/>\nCentral America III Project<\/p>\n<\/div>\n<\/header>\n<\/article>\n<p>[\/vc_column_text][vc_column_text]<\/p>\n<article id=\"post-99\" class=\"people-list post-99 ctc_person type-ctc_person status-publish has-post-thumbnail hentry ctc_person_group-leadership-staff\">\n<header class=\"iva-people-entry-header\">\n<div class=\"iva-people-image\">\n<div class=\"hoverimg\">\n<figure><img loading=\"lazy\" class=\"imgborder\" style=\"display: block; visibility: visible; opacity: 1;\" src=\"https:\/\/marfund.org\/en\/wp-content\/uploads\/2025\/11\/ximena-flamenco-2025-150x150.jpg\" alt=\"\" width=\"150\" height=\"150\" \/><\/figure>\n<div class=\"hover_type\"><\/div>\n<\/div>\n<\/div>\n<div class=\"iva-people-details\">\n<p><strong>Ximena Flamenco<\/strong><br \/>\nProject Officer<\/p>\n<\/div>\n<\/header>\n<\/article>\n<p>[\/vc_column_text][vc_column_text]<\/p>\n<article id=\"post-99\" class=\"people-list post-99 ctc_person type-ctc_person status-publish has-post-thumbnail hentry ctc_person_group-leadership-staff\">\n<header class=\"iva-people-entry-header\">\n<div class=\"iva-people-image\">\n<div class=\"hoverimg\">\n<figure><img loading=\"lazy\" class=\"imgborder\" style=\"display: block; visibility: visible; opacity: 1;\" src=\"https:\/\/marfund.org\/en\/wp-content\/uploads\/2025\/11\/olga-centeno-2025-150x150.jpg\" alt=\"\" width=\"150\" height=\"150\" \/><\/figure>\n<div class=\"hover_type\"><\/div>\n<\/div>\n<\/div>\n<div class=\"iva-people-details\">\n<p><strong>Olga Centeno<\/strong><br \/>\nProject Officer<\/p>\n<\/div>\n<\/header>\n<\/article>\n<p>[\/vc_column_text][vc_column_text]<\/p>\n<article id=\"post-99\" class=\"people-list post-99 ctc_person type-ctc_person status-publish has-post-thumbnail hentry ctc_person_group-leadership-staff\">\n<header class=\"iva-people-entry-header\">\n<div class=\"iva-people-image\">\n<div class=\"hoverimg\">\n<figure><img loading=\"lazy\" class=\"imgborder\" style=\"display: block; visibility: visible; opacity: 1;\" src=\"https:\/\/marfund.org\/en\/wp-content\/uploads\/2025\/11\/amy-jones-2025-150x150.jpg\" alt=\"\" width=\"150\" height=\"150\" \/><\/figure>\n<div class=\"hover_type\"><\/div>\n<\/div>\n<\/div>\n<div class=\"iva-people-details\">\n<p><strong>Amy Jones<\/strong><br \/>\nMAR+Invest and MARTAF Coordinator<\/p>\n<\/div>\n<\/header>\n<\/article>\n<p>[\/vc_column_text][vc_column_text]<\/p>\n<article id=\"post-99\" class=\"people-list post-99 ctc_person type-ctc_person status-publish has-post-thumbnail hentry ctc_person_group-leadership-staff\">\n<header class=\"iva-people-entry-header\">\n<div class=\"iva-people-image\">\n<div class=\"hoverimg\">\n<figure><img loading=\"lazy\" class=\"imgborder\" style=\"display: block; visibility: visible; opacity: 1;\" src=\"https:\/\/marfund.org\/en\/wp-content\/uploads\/2025\/11\/concepcion-perez-2025-150x150.jpg\" alt=\"\" width=\"150\" height=\"150\" \/><\/figure>\n<div class=\"hover_type\"><\/div>\n<\/div>\n<\/div>\n<div class=\"iva-people-details\">\n<p><strong>Concepci\u00f3n P\u00e9rez<\/strong><br \/>\nProject Officer<\/p>\n<\/div>\n<\/header>\n<\/article>\n<p>[\/vc_column_text][vc_column_text]<\/p>\n<article id=\"post-99\" class=\"people-list post-99 ctc_person type-ctc_person status-publish has-post-thumbnail hentry ctc_person_group-leadership-staff\">\n<header class=\"iva-people-entry-header\">\n<div class=\"iva-people-image\">\n<div class=\"hoverimg\">\n<figure><img loading=\"lazy\" class=\"imgborder\" style=\"display: block; visibility: visible; opacity: 1;\" src=\"https:\/\/marfund.org\/en\/wp-content\/uploads\/2025\/11\/roxy-chavez-2025-150x150.jpg\" alt=\"\" width=\"150\" height=\"150\" \/><\/figure>\n<div class=\"hover_type\"><\/div>\n<\/div>\n<\/div>\n<div class=\"iva-people-details\">\n<p><strong>Roxana Ch\u00e1vez<\/strong><br \/>\nCommunications Officer<br \/>\nMAR+Invest<\/p>\n<\/div>\n<\/header>\n<\/article>\n<p>[\/vc_column_text][vc_column_text]<\/p>\n<article id=\"post-99\" class=\"people-list post-99 ctc_person type-ctc_person status-publish has-post-thumbnail hentry ctc_person_group-leadership-staff\">\n<header class=\"iva-people-entry-header\">\n<div class=\"iva-people-image\">\n<div class=\"hoverimg\">\n<figure><img loading=\"lazy\" class=\"imgborder\" style=\"display: block; visibility: visible; opacity: 1;\" src=\"https:\/\/marfund.org\/en\/wp-content\/uploads\/2025\/11\/mariana-borja-2025-150x150.jpg\" alt=\"\" width=\"150\" height=\"150\" \/><\/figure>\n<div class=\"hover_type\"><\/div>\n<\/div>\n<\/div>\n<div class=\"iva-people-details\">\n<p><strong>Mariana Borja<\/strong><br \/>\nMAR Special Projects and Women&#8217;s Officer<\/p>\n<\/div>\n<\/header>\n<\/article>\n<p>[\/vc_column_text][vc_column_text]<\/p>\n<article id=\"post-99\" class=\"people-list post-99 ctc_person type-ctc_person status-publish has-post-thumbnail hentry ctc_person_group-leadership-staff\">\n<header class=\"iva-people-entry-header\">\n<div class=\"iva-people-image\">\n<div class=\"hoverimg\">\n<figure><img loading=\"lazy\" class=\"imgborder\" style=\"display: block; visibility: visible; opacity: 1;\" src=\"https:\/\/marfund.org\/en\/wp-content\/uploads\/2025\/11\/elisa-blanca-2025-150x150.jpg\" alt=\"\" width=\"150\" height=\"150\" \/><\/figure>\n<div class=\"hover_type\"><\/div>\n<\/div>\n<\/div>\n<div class=\"iva-people-details\">\n<p><strong>Elisa Blanda<\/strong><br \/>\nSmall Grants Program Officer<\/p>\n<\/div>\n<\/header>\n<\/article>\n<p>[\/vc_column_text][vc_column_text]<\/p>\n<article id=\"post-99\" class=\"people-list post-99 ctc_person type-ctc_person status-publish has-post-thumbnail hentry ctc_person_group-leadership-staff\">\n<header class=\"iva-people-entry-header\">\n<div class=\"iva-people-image\">\n<div class=\"hoverimg\">\n<figure><img loading=\"lazy\" class=\"imgborder\" style=\"display: block; visibility: visible; opacity: 1;\" src=\"https:\/\/marfund.org\/en\/wp-content\/uploads\/2025\/11\/maria-jose-hernandez-2025-150x150.jpg\" alt=\"\" width=\"150\" height=\"150\" \/><\/figure>\n<div class=\"hover_type\"><\/div>\n<\/div>\n<\/div>\n<div class=\"iva-people-details\">\n<p><strong>Mar\u00eda Jos\u00e9 Hern\u00e1ndez<\/strong><br \/>\nFocal Point in Mexico<br \/>\nProtection of Maritime Resources In Central America III Project<\/p>\n<\/div>\n<\/header>\n<\/article>\n<p>[\/vc_column_text][vc_column_text]<\/p>\n<article id=\"post-99\" class=\"people-list post-99 ctc_person type-ctc_person status-publish has-post-thumbnail hentry ctc_person_group-leadership-staff\">\n<header class=\"iva-people-entry-header\">\n<div class=\"iva-people-image\">\n<div class=\"hoverimg\">\n<figure><img loading=\"lazy\" class=\"imgborder\" style=\"display: block; visibility: visible; opacity: 1;\" src=\"https:\/\/marfund.org\/en\/wp-content\/uploads\/2025\/11\/daniela-sansur-2025-150x150.jpg\" alt=\"\" width=\"150\" height=\"150\" \/><\/figure>\n<div class=\"hover_type\"><\/div>\n<\/div>\n<\/div>\n<div class=\"iva-people-details\">\n<p><strong>Daniela Sansur<\/strong><br \/>\nFocal Point in Honduras<br \/>\nProtection of Maritime Resources In Central America III Project<\/p>\n<\/div>\n<\/header>\n<\/article>\n<p>[\/vc_column_text][vc_column_text]<\/p>\n<article id=\"post-99\" class=\"people-list post-99 ctc_person type-ctc_person status-publish has-post-thumbnail hentry ctc_person_group-leadership-staff\">\n<header class=\"iva-people-entry-header\">\n<div class=\"iva-people-image\">\n<div class=\"hoverimg\">\n<figure><img loading=\"lazy\" class=\"imgborder\" style=\"display: block; visibility: visible; opacity: 1;\" src=\"https:\/\/marfund.org\/en\/wp-content\/uploads\/2025\/11\/eliceo-cobb-2025-150x150.jpg\" alt=\"\" width=\"150\" height=\"150\" \/><\/figure>\n<div class=\"hover_type\"><\/div>\n<\/div>\n<\/div>\n<div class=\"iva-people-details\">\n<p><strong>Eliceo Cobb<\/strong><br \/>\nFocal Point in Belize<br \/>\nProtection of Maritime Resources In Central America III Project<\/p>\n<\/div>\n<\/header>\n<\/article>\n<p>[\/vc_column_text][vc_column_text]<\/p>\n<article id=\"post-99\" class=\"people-list post-99 ctc_person type-ctc_person status-publish has-post-thumbnail hentry ctc_person_group-leadership-staff\">\n<header class=\"iva-people-entry-header\">\n<div class=\"iva-people-image\">\n<div class=\"hoverimg\">\n<figure><img loading=\"lazy\" class=\"imgborder\" style=\"display: block; visibility: visible; opacity: 1;\" src=\"https:\/\/marfund.org\/en\/wp-content\/uploads\/2025\/11\/frely-galvez-2025-150x150.jpg\" alt=\"\" width=\"150\" height=\"150\" \/><\/figure>\n<div class=\"hover_type\"><\/div>\n<\/div>\n<\/div>\n<div class=\"iva-people-details\">\n<p><strong>Frily G\u00e1lvez<\/strong><br \/>\nFocal Point in Guatemala<br \/>\nProtection of Maritime Resources In Central America III Project<\/p>\n<\/div>\n<\/header>\n<\/article>\n<p>[\/vc_column_text][vc_column_text]<\/p>\n<article id=\"post-99\" class=\"people-list post-99 ctc_person type-ctc_person status-publish has-post-thumbnail hentry ctc_person_group-leadership-staff\">\n<header class=\"iva-people-entry-header\">\n<div class=\"iva-people-image\">\n<div class=\"hoverimg\">\n<figure><img loading=\"lazy\" class=\"imgborder\" style=\"display: block; visibility: visible; opacity: 1;\" src=\"https:\/\/marfund.org\/en\/wp-content\/uploads\/2025\/11\/karla-zaldana-2025-150x150.jpg\" alt=\"\" width=\"150\" height=\"150\" \/><\/figure>\n<div class=\"hover_type\"><\/div>\n<\/div>\n<\/div>\n<div class=\"iva-people-details\">\n<p><strong>Karla Zalda\u00f1a<\/strong><br \/>\nTechnical Assistant Environmental and<br \/>\nSocial Management System (ESMS) and Small Grants<\/p>\n<\/div>\n<\/header>\n<\/article>\n<p>[\/vc_column_text][vc_column_text]<\/p>\n<article id=\"post-99\" class=\"people-list post-99 ctc_person type-ctc_person status-publish has-post-thumbnail hentry ctc_person_group-leadership-staff\">\n<header class=\"iva-people-entry-header\">\n<div class=\"iva-people-image\">\n<div class=\"hoverimg\">\n<figure><img loading=\"lazy\" class=\"imgborder\" style=\"display: block; visibility: visible; opacity: 1;\" src=\"https:\/\/marfund.org\/en\/wp-content\/uploads\/2025\/11\/patricia-cabrera-2025-150x150.jpg\" alt=\"\" width=\"150\" height=\"150\" \/><\/figure>\n<div class=\"hover_type\"><\/div>\n<\/div>\n<\/div>\n<div class=\"iva-people-details\">\n<p><strong>Patricia Cabrera<\/strong><br \/>\nAdministrative-financial Director<\/p>\n<\/div>\n<\/header>\n<\/article>\n<p>[\/vc_column_text][vc_column_text]<\/p>\n<article id=\"post-99\" class=\"people-list post-99 ctc_person type-ctc_person status-publish has-post-thumbnail hentry ctc_person_group-leadership-staff\">\n<header class=\"iva-people-entry-header\">\n<div class=\"iva-people-image\">\n<div class=\"hoverimg\">\n<figure><img loading=\"lazy\" class=\"imgborder\" style=\"display: block; visibility: visible; opacity: 1;\" src=\"https:\/\/marfund.org\/en\/wp-content\/uploads\/2025\/11\/damaris-eguizabal-2025-150x150.jpg\" alt=\"\" width=\"150\" height=\"150\" \/><\/figure>\n<div class=\"hover_type\"><\/div>\n<\/div>\n<\/div>\n<div class=\"iva-people-details\">\n<p><strong>D\u00e1maris Eguizabal<\/strong><br \/>\nAdministrative Assistant<\/p>\n<\/div>\n<\/header>\n<\/article>\n<p>[\/vc_column_text][vc_column_text]<\/p>\n<article id=\"post-99\" class=\"people-list post-99 ctc_person type-ctc_person status-publish has-post-thumbnail hentry ctc_person_group-leadership-staff\">\n<header class=\"iva-people-entry-header\">\n<div class=\"iva-people-image\">\n<div class=\"hoverimg\">\n<figure><img loading=\"lazy\" class=\"imgborder\" style=\"display: block; visibility: visible; opacity: 1;\" src=\"https:\/\/marfund.org\/en\/wp-content\/uploads\/2025\/11\/lilian-boteo-2025-150x150.jpg\" alt=\"\" width=\"150\" height=\"150\" \/><\/figure>\n<div class=\"hover_type\"><\/div>\n<\/div>\n<\/div>\n<div class=\"iva-people-details\">\n<p><strong>Lilian Boteo<\/strong><br \/>\nAdministrative-financial Assistant<\/p>\n<\/div>\n<\/header>\n<\/article>\n<p>[\/vc_column_text][vc_column_text]<\/p>\n<article id=\"post-99\" class=\"people-list post-99 ctc_person type-ctc_person status-publish has-post-thumbnail hentry ctc_person_group-leadership-staff\">\n<header class=\"iva-people-entry-header\">\n<div class=\"iva-people-image\">\n<div class=\"hoverimg\">\n<figure><img loading=\"lazy\" class=\"imgborder\" style=\"display: block; visibility: visible; opacity: 1;\" src=\"https:\/\/marfund.org\/en\/wp-content\/uploads\/2024\/06\/cristina-monzon-2024-150x150.jpg\" alt=\"\" width=\"150\" height=\"150\" \/><\/figure>\n<div class=\"hover_type\"><\/div>\n<\/div>\n<\/div>\n<div class=\"iva-people-details\">\n<p><strong>Cristina Monz\u00f3n<\/strong><br \/>\nAccounting Assistant<\/p>\n<\/div>\n<\/header>\n<\/article>\n<p>[\/vc_column_text][vc_column_text]<\/p>\n<article id=\"post-99\" class=\"people-list post-99 ctc_person type-ctc_person status-publish has-post-thumbnail hentry ctc_person_group-leadership-staff\">\n<header class=\"iva-people-entry-header\">\n<div class=\"iva-people-image\">\n<div class=\"hoverimg\">\n<figure><img loading=\"lazy\" class=\"imgborder\" style=\"display: block; visibility: visible; opacity: 1;\" src=\"https:\/\/marfund.org\/en\/wp-content\/uploads\/2025\/11\/matilde-tox-2025-150x150.jpg\" alt=\"\" width=\"150\" height=\"150\" \/><\/figure>\n<div class=\"hover_type\"><\/div>\n<\/div>\n<\/div>\n<div class=\"iva-people-details\">\n<p><strong>Matilde Tox<\/strong><br \/>\nAccounting Assistant<\/p>\n<\/div>\n<\/header>\n<\/article>\n<p>[\/vc_column_text][vc_column_text]<\/p>\n<article id=\"post-99\" class=\"people-list post-99 ctc_person type-ctc_person status-publish has-post-thumbnail hentry ctc_person_group-leadership-staff\">\n<header class=\"iva-people-entry-header\">\n<div class=\"iva-people-image\">\n<div class=\"hoverimg\">\n<figure><img loading=\"lazy\" class=\"imgborder\" style=\"display: block; visibility: visible; opacity: 1;\" src=\"https:\/\/marfund.org\/en\/wp-content\/uploads\/2025\/11\/ximena-yanez-2025-150x150.jpg\" alt=\"\" width=\"150\" height=\"150\" \/><\/figure>\n<div class=\"hover_type\"><\/div>\n<\/div>\n<\/div>\n<div class=\"iva-people-details\">\n<p><strong>Ximena Ya\u00f1ez<\/strong><br \/>\nFinancial Officer<\/p>\n<\/div>\n<\/header>\n<\/article>\n<p>[\/vc_column_text][vc_column_text]<\/p>\n<article id=\"post-99\" class=\"people-list post-99 ctc_person type-ctc_person status-publish has-post-thumbnail hentry ctc_person_group-leadership-staff\">\n<header class=\"iva-people-entry-header\">\n<div class=\"iva-people-image\">\n<div class=\"hoverimg\">\n<figure><img loading=\"lazy\" class=\"imgborder\" style=\"display: block; visibility: visible; opacity: 1;\" src=\"https:\/\/marfund.org\/en\/wp-content\/uploads\/2025\/11\/edgar-chali-2025-150x150.jpg\" alt=\"\" width=\"150\" height=\"150\" \/><\/figure>\n<div class=\"hover_type\"><\/div>\n<\/div>\n<\/div>\n<div class=\"iva-people-details\">\n<p><strong>Edgar Chal\u00ed<\/strong><br \/>\nAdministrative Assistant<\/p>\n<\/div>\n<\/header>\n<\/article>\n<p>[\/vc_column_text][vc_column_text]<\/p>\n<article id=\"post-99\" class=\"people-list post-99 ctc_person type-ctc_person status-publish has-post-thumbnail hentry ctc_person_group-leadership-staff\">\n<header class=\"iva-people-entry-header\">\n<div class=\"iva-people-image\">\n<div class=\"hoverimg\">\n<figure><img loading=\"lazy\" class=\"imgborder\" style=\"display: block; visibility: visible; opacity: 1;\" src=\"https:\/\/marfund.org\/en\/wp-content\/uploads\/2019\/06\/Claudia-Ruiz-150x150.jpg\" alt=\"\" width=\"150\" height=\"150\" \/><\/figure>\n<div class=\"hover_type\"><\/div>\n<\/div>\n<\/div>\n<div class=\"iva-people-details\">\n<p><strong>Claudia Ruiz<\/strong><br \/>\nReef Rescue Initiative Coordinator<\/p>\n<\/div>\n<\/header>\n<\/article>\n<p>[\/vc_column_text][vc_column_text]<\/p>\n<article id=\"post-99\" class=\"people-list post-99 ctc_person type-ctc_person status-publish has-post-thumbnail hentry ctc_person_group-leadership-staff\">\n<header class=\"iva-people-entry-header\">\n<div class=\"iva-people-image\">\n<div class=\"hoverimg\">\n<figure><img loading=\"lazy\" class=\"imgborder\" style=\"display: block; visibility: visible; opacity: 1;\" src=\"https:\/\/marfund.org\/en\/wp-content\/uploads\/2025\/11\/claudia-ocana-2025-150x150.jpg\" alt=\"\" width=\"150\" height=\"150\" \/><\/figure>\n<div class=\"hover_type\"><\/div>\n<\/div>\n<\/div>\n<div class=\"iva-people-details\">\n<p><strong>Claudia Oca\u00f1a<\/strong><br \/>\nReef Rescue Initiative Administative-Financial Assistant<\/p>\n<\/div>\n<\/header>\n<\/article>\n<p>[\/vc_column_text][vc_column_text]<\/p>\n<article id=\"post-99\" class=\"people-list post-99 ctc_person type-ctc_person status-publish has-post-thumbnail hentry ctc_person_group-leadership-staff\">\n<header class=\"iva-people-entry-header\">\n<div class=\"iva-people-image\">\n<div class=\"hoverimg\">\n<figure><img loading=\"lazy\" class=\"imgborder\" style=\"display: block; visibility: visible; opacity: 1;\" src=\"https:\/\/marfund.org\/en\/wp-content\/uploads\/2025\/11\/andre-herrera-2025-150x150.jpg\" alt=\"\" width=\"150\" height=\"150\" \/><\/figure>\n<div class=\"hover_type\"><\/div>\n<\/div>\n<\/div>\n<div class=\"iva-people-details\">\n<p><strong>Andr\u00e9 Herrera<\/strong><br \/>\nReef Rescue Initiative Technical Assistant<\/p>\n<\/div>\n<\/header>\n<\/article>\n<p>[\/vc_column_text][vc_column_text]<\/p>\n<article id=\"post-99\" class=\"people-list post-99 ctc_person type-ctc_person status-publish has-post-thumbnail hentry ctc_person_group-leadership-staff\">\n<header class=\"iva-people-entry-header\">\n<div class=\"iva-people-image\">\n<div class=\"hoverimg\">\n<figure><img loading=\"lazy\" class=\"imgborder\" style=\"display: block; visibility: visible; opacity: 1;\" src=\"https:\/\/marfund.org\/en\/wp-content\/uploads\/2025\/11\/maria-jose-avila-2025-150x150.jpg\" alt=\"\" width=\"150\" height=\"150\" \/><\/figure>\n<div class=\"hover_type\"><\/div>\n<\/div>\n<\/div>\n<div class=\"iva-people-details\">\n<p><strong>Mar\u00eda Jos\u00e9 \u00c1vila<\/strong><br \/>\nReef Rescue Initiative Technical Assistant<\/p>\n<\/div>\n<\/header>\n<\/article>\n<p>[\/vc_column_text][vc_column_text][\/vc_column_text][vc_column_text]<\/p>\n<article id=\"post-99\" class=\"people-list post-99 ctc_person type-ctc_person status-publish has-post-thumbnail hentry ctc_person_group-leadership-staff\">\n<header class=\"iva-people-entry-header\">\n<div class=\"iva-people-image\">\n<div class=\"hoverimg\">\n<figure><img loading=\"lazy\" class=\"imgborder\" style=\"display: block; visibility: visible; opacity: 1;\" src=\"https:\/\/marfund.org\/en\/wp-content\/uploads\/2025\/11\/cinthia-landa-2025-150x150.jpg\" alt=\"\" width=\"150\" height=\"150\" \/><\/figure>\n<div class=\"hover_type\"><\/div>\n<\/div>\n<\/div>\n<div class=\"iva-people-details\">\n<p><strong>Cintia Landa<\/strong><br \/>\nFocal Point in Mexico (FMCN)<\/p>\n<\/div>\n<\/header>\n<\/article>\n<p>[\/vc_column_text][\/vc_column][\/vc_row]<\/p>\n<\/div>","protected":false},"excerpt":{"rendered":"<p>[vc_row][vc_column][vc_single_image image=&#8221;525&#8243; img_size=&#8221;full&#8221; alignment=&#8221;center&#8221;][vc_column_text] Getting the right people in place is the key to the success. For us, employing people with a passion for the work that they do is a standard we have set for ourselves. Our team is a wonderful complement to the core values of MAR Fund who are motivated and combine [&hellip;]<\/p>\n","protected":false},"author":1,"featured_media":0,"parent":0,"menu_order":0,"comment_status":"closed","ping_status":"closed","template":"template_events_fullwidth.php","meta":[],"_links":{"self":[{"href":"https:\/\/marfund.org\/en\/wp-json\/wp\/v2\/pages\/2316"}],"collection":[{"href":"https:\/\/marfund.org\/en\/wp-json\/wp\/v2\/pages"}],"about":[{"href":"https:\/\/marfund.org\/en\/wp-json\/wp\/v2\/types\/page"}],"author":[{"embeddable":true,"href":"https:\/\/marfund.org\/en\/wp-json\/wp\/v2\/users\/1"}],"replies":[{"embeddable":true,"href":"https:\/\/marfund.org\/en\/wp-json\/wp\/v2\/comments?post=2316"}],"version-history":[{"count":62,"href":"https:\/\/marfund.org\/en\/wp-json\/wp\/v2\/pages\/2316\/revisions"}],"predecessor-version":[{"id":7737,"href":"https:\/\/marfund.org\/en\/wp-json\/wp\/v2\/pages\/2316\/revisions\/7737"}],"wp:attachment":[{"href":"https:\/\/marfund.org\/en\/wp-json\/wp\/v2\/media?parent=2316"}],"curies":[{"name":"wp","href":"https:\/\/api.w.org\/{rel}","templated":true}]}}