{"id":1001,"date":"2017-07-24T12:05:22","date_gmt":"2017-07-24T18:05:22","guid":{"rendered":"https:\/\/marfund.org\/en\/?page_id=1001"},"modified":"2024-08-29T14:36:36","modified_gmt":"2024-08-29T20:36:36","slug":"donate-now","status":"publish","type":"page","link":"https:\/\/marfund.org\/en\/donate-now\/","title":{"rendered":"Giving Opportunities"},"content":{"rendered":"<div class=\"wpb-content-wrapper\"><p>[vc_row][vc_column][vc_single_image image=&#8221;1004&#8243; img_size=&#8221;full&#8221; alignment=&#8221;center&#8221;][vc_custom_heading text=&#8221;&#8221; font_container=&#8221;tag:h2|font_size:35|text_align:center&#8221; google_fonts=&#8221;font_family:Roboto%20Slab%3A100%2C300%2Cregular%2C700|font_style:700%20bold%20regular%3A700%3Anormal&#8221;][\/vc_column][\/vc_row][vc_row][vc_column][\/vc_column][\/vc_row][vc_row][vc_column width=&#8221;1\/6&#8243;][\/vc_column][vc_column width=&#8221;2\/3&#8243;][vc_separator border_width=&#8221;5&#8243;][vc_single_image image=&#8221;1847&#8243; img_size=&#8221;full&#8221; alignment=&#8221;center&#8221;][vc_single_image image=&#8221;461&#8243; img_size=&#8221;full&#8221; alignment=&#8221;center&#8221;][vc_text_separator title=&#8221;Paypal &amp; Credit Cards&#8221;][vc_column_text]<\/p>\n<p style=\"text-align: justify;\"><a href=\"https:\/\/www.paypal.com\/cgi-bin\/webscr?cmd=_donations&amp;business=mjgonzalez%40marfund%2eorg&amp;item_name=Marfund_donation&amp;no_note=1&amp;currency_code=USD&amp;lc=US&amp;bn=PP%2dBuyNowBF&amp;charset=UTF%2d8\" target=\"_blank\" rel=\"noopener\"><img loading=\"lazy\" class=\"wp-image-1010 size-full alignright\" src=\"https:\/\/marfund.org\/en\/wp-content\/uploads\/2017\/07\/paypal-payments-300.png\" alt=\"\" width=\"300\" height=\"102\" \/><\/a>Your contribution to the MAR Fund can go a long way to conserving one of the most pectacular and diverse regions on the globe. We invite you to make a donation. Help support and fund projects in the Mesoamerican Reef region.<\/p>\n<p style=\"text-align: justify;\">To make your contribution, we kindly request that you register with PayPal. <a href=\"https:\/\/www.paypal.com\/cgi-bin\/webscr?cmd=_donations&amp;business=mjgonzalez%40marfund%2eorg&amp;item_name=Marfund_donation&amp;no_note=1&amp;currency_code=USD&amp;lc=US&amp;bn=PP%2dBuyNowBF&amp;charset=UTF%2d8\" target=\"_blank\" rel=\"noopener\"><strong>Click here<\/strong><\/a><\/p>\n<p>[\/vc_column_text][vc_text_separator title=&#8221;Checks&#8221;][vc_column_text]<\/p>\n<p style=\"text-align: justify;\"><img loading=\"lazy\" class=\"alignleft wp-image-1009 size-medium\" src=\"https:\/\/marfund.org\/en\/wp-content\/uploads\/2017\/07\/donate-with-check-300x83.png\" alt=\"\" width=\"300\" height=\"83\" srcset=\"https:\/\/marfund.org\/en\/wp-content\/uploads\/2017\/07\/donate-with-check-300x83.png 300w, https:\/\/marfund.org\/en\/wp-content\/uploads\/2017\/07\/donate-with-check.png 500w\" sizes=\"(max-width: 300px) 100vw, 300px\" \/>If you want to donate through a check, please make the check out to the MESOAMERICAN REEF FUND, mailed to care of Mar\u00eda Jos\u00e9 Gonz\u00e1lez to the following address:<\/p>\n<p>[\/vc_column_text][vc_column_text]<\/p>\n<h3 style=\"text-align: center; padding-left: 300px;\"><strong>Po Box 526150<\/strong><\/h3>\n<h3 style=\"text-align: center; padding-left: 300px;\"><strong>Miami, Fl 33152-6150<\/strong><\/h3>\n<p>[\/vc_column_text][\/vc_column][vc_column width=&#8221;1\/6&#8243;][\/vc_column][\/vc_row][vc_row][vc_column][vc_separator border_width=&#8221;5&#8243;][\/vc_column][\/vc_row][vc_row][vc_column width=&#8221;1\/6&#8243;][\/vc_column][vc_column width=&#8221;2\/3&#8243;][vc_single_image image=&#8221;1000&#8243; img_size=&#8221;full&#8221; alignment=&#8221;center&#8221;][vc_single_image image=&#8221;461&#8243; img_size=&#8221;full&#8221; alignment=&#8221;center&#8221;][vc_column_text]<\/p>\n<p style=\"text-align: justify;\"><a href=\"http:\/\/www.healthyreefs.org\/cms\/donate\/\" target=\"_blank\" rel=\"noopener\"><img loading=\"lazy\" class=\"wp-image-1010 size-full alignright\" src=\"https:\/\/marfund.org\/en\/wp-content\/uploads\/2017\/07\/paypal-payments-300.png\" alt=\"\" width=\"300\" height=\"102\" \/><\/a>Your contribution to the Healthy Reefs Initiative will help support this collaborative effort to evaluate reef health through the production of biennial Report Cards, and catalyze stronger management actions through Eco-Audits. See www.healthyreefs.org for more information.<br \/>\nWe invite you to make a donation. Help support and fund projects in the Mesoamerican Reef region.<\/p>\n<p style=\"text-align: justify;\">To make your contribution, we kindly request that you register with PayPal. <a href=\"http:\/\/www.healthyreefs.org\/cms\/donate\/\" target=\"_blank\" rel=\"noopener\"><strong>Click here<\/strong><\/a><\/p>\n<p>[\/vc_column_text][\/vc_column][vc_column width=&#8221;1\/6&#8243;][\/vc_column][\/vc_row]<\/p>\n<\/div>","protected":false},"excerpt":{"rendered":"<p>[vc_row][vc_column][vc_single_image image=&#8221;1004&#8243; img_size=&#8221;full&#8221; alignment=&#8221;center&#8221;][vc_custom_heading text=&#8221;&#8221; font_container=&#8221;tag:h2|font_size:35|text_align:center&#8221; google_fonts=&#8221;font_family:Roboto%20Slab%3A100%2C300%2Cregular%2C700|font_style:700%20bold%20regular%3A700%3Anormal&#8221;][\/vc_column][\/vc_row][vc_row][vc_column][\/vc_column][\/vc_row][vc_row][vc_column width=&#8221;1\/6&#8243;][\/vc_column][vc_column width=&#8221;2\/3&#8243;][vc_separator border_width=&#8221;5&#8243;][vc_single_image image=&#8221;1847&#8243; img_size=&#8221;full&#8221; alignment=&#8221;center&#8221;][vc_single_image image=&#8221;461&#8243; img_size=&#8221;full&#8221; alignment=&#8221;center&#8221;][vc_text_separator title=&#8221;Paypal &amp; Credit Cards&#8221;][vc_column_text] Your contribution to the MAR Fund can go a long way to conserving one of the most pectacular and diverse regions on the globe. We invite you to make a donation. Help support and fund [&hellip;]<\/p>\n","protected":false},"author":1,"featured_media":0,"parent":0,"menu_order":0,"comment_status":"closed","ping_status":"closed","template":"template_events_fullwidth.php","meta":[],"_links":{"self":[{"href":"https:\/\/marfund.org\/en\/wp-json\/wp\/v2\/pages\/1001"}],"collection":[{"href":"https:\/\/marfund.org\/en\/wp-json\/wp\/v2\/pages"}],"about":[{"href":"https:\/\/marfund.org\/en\/wp-json\/wp\/v2\/types\/page"}],"author":[{"embeddable":true,"href":"https:\/\/marfund.org\/en\/wp-json\/wp\/v2\/users\/1"}],"replies":[{"embeddable":true,"href":"https:\/\/marfund.org\/en\/wp-json\/wp\/v2\/comments?post=1001"}],"version-history":[{"count":16,"href":"https:\/\/marfund.org\/en\/wp-json\/wp\/v2\/pages\/1001\/revisions"}],"predecessor-version":[{"id":6716,"href":"https:\/\/marfund.org\/en\/wp-json\/wp\/v2\/pages\/1001\/revisions\/6716"}],"wp:attachment":[{"href":"https:\/\/marfund.org\/en\/wp-json\/wp\/v2\/media?parent=1001"}],"curies":[{"name":"wp","href":"https:\/\/api.w.org\/{rel}","templated":true}]}}